{"id":36595,"date":"2023-09-28T13:27:12","date_gmt":"2023-09-28T18:27:12","guid":{"rendered":"https:\/\/colombiainteligente.org\/?page_id=36595"},"modified":"2023-09-29T13:04:58","modified_gmt":"2023-09-29T18:04:58","slug":"definiciones-2","status":"publish","type":"page","link":"https:\/\/colombiainteligente.org\/es_co\/definiciones-2\/","title":{"rendered":""},"content":{"rendered":"<p class=\"has-large-font-size\"><strong>Banco de informaci\u00f3n<\/strong><\/p>\n\n\n\n<p>El banco de informaci\u00f3n de Colombia Inteligente hace referencia a los diferentes estudios, documentos, escritos, que se han desarrollado por la agremiaci\u00f3n y sus participantes.<\/p>\n\n\n\n<p>Dentro del banco de informaci\u00f3n se encuentran tres tipos de informaci\u00f3n como son:<\/p>\n\n\n\n<ul class=\"wp-block-list\">\n<li><strong>Documentos<\/strong><\/li>\n<\/ul>\n\n\n\n<p>Se encuentran los diferentes documentos realizados en Colombia Inteligente como son los documentos de referenciamiento, lineamientos y estudios representan una trilog\u00eda esencial en el mundo de la investigaci\u00f3n y la gesti\u00f3n del conocimiento. Cada uno de estos documentos desempe\u00f1a un papel \u00fanico y fundamental en la comprensi\u00f3n, aplicaci\u00f3n y mejora de diversas tem\u00e1ticas, desde tecnolog\u00edas emergentes hasta estrategias de desarrollo.<\/p>\n\n\n\n<p>Estos tres tipos de documentos forman un ecosistema valioso que permite a investigadores, profesionales y tomadores de decisiones navegar y profundizar en diversas \u00e1reas de conocimiento. Al proporcionar informaci\u00f3n contextual, gu\u00edas pr\u00e1cticas y an\u00e1lisis avanzados, estos documentos enriquecen la comprensi\u00f3n y la capacidad de acci\u00f3n en un sector cada vez m\u00e1s complejo y din\u00e1mico.<\/p>\n\n\n\n<p>Los diferentes tipos de documentos de describen a continuaci\u00f3n.<\/p>\n\n\n\n<p><strong>Referenciamientos<\/strong><\/p>\n\n\n\n<p>Los documentos de referenciamientos cumplen un papel fundamental en la recopilaci\u00f3n y presentaci\u00f3n del conocimiento sobre una tem\u00e1tica espec\u00edfica. Estos documentos se caracterizan por su enfoque en la identificaci\u00f3n, definici\u00f3n y explicaci\u00f3n de tecnolog\u00edas, metodolog\u00edas, modelos o procesos relevantes para la materia en cuesti\u00f3n.<\/p>\n\n\n\n<p>Estos documentos realizan una labor de contextualizaci\u00f3n y educaci\u00f3n al proporcionar una explicaci\u00f3n detallada de las tecnolog\u00edas, metodolog\u00edas, modelos o procesos referenciados y ayuda a comprender en profundidad en qu\u00e9 consisten estos elementos y c\u00f3mo se aplican en el contexto de la tem\u00e1tica tratada.<\/p>\n\n\n\n<p>Adem\u00e1s de la explicaci\u00f3n, los documentos de referenciamientos tambi\u00e9n presentan los resultados de la b\u00fasqueda, lo que incluye informaci\u00f3n recopilada de fuentes internacionales. Esto permite tener a una visi\u00f3n global de las tendencias y avances en la materia, as\u00ed como a ejemplos y casos de estudio que ilustran la aplicaci\u00f3n pr\u00e1ctica de estas tecnolog\u00edas, modelos y metodolog\u00edas a nivel internacional.<\/p>\n\n\n\n<p>En el contexto espec\u00edfico de Colombia, estos documentos tambi\u00e9n destacan los avances y proyectos que se han desarrollado en el pa\u00eds en relaci\u00f3n con la tem\u00e1tica en cuesti\u00f3n. Esto ofrece a los lectores una visi\u00f3n completa que abarca tanto experiencias globales como locales.<\/p>\n\n\n\n<p><strong>Lineamientos<\/strong><\/p>\n\n\n\n<p>Los documentos de lineamientos son un tipo espec\u00edfico de documentos que se derivan de los referenciamientos como fuente de informaci\u00f3n en la cual se ha abordado una tem\u00e1tica particular en profundidad. Estos documentos tienen un prop\u00f3sito claro: resumir y extraer las lecciones aprendidas y las brechas identificadas a partir de casos de estudio y an\u00e1lisis en profundidad relacionados con el tema tratado.<\/p>\n\n\n\n<p>Los documentos de lineamientos recopilan y sintetizan la informaci\u00f3n esencial y los hallazgos clave de los documentos y estudios previos. Esto implica identificar patrones, tendencias y pr\u00e1cticas exitosas, as\u00ed como detectar las limitaciones y desaf\u00edos presentes en la tem\u00e1tica en cuesti\u00f3n.<\/p>\n\n\n\n<p>Adem\u00e1s, estos documentos van m\u00e1s all\u00e1 de la recopilaci\u00f3n de informaci\u00f3n al proponer una serie de acciones y lineamientos espec\u00edficos para abordar y superar las deficiencias identificadas. Estas recomendaciones pueden variar desde estrategias generales hasta pasos concretos que las organizaciones y empresas pueden seguir para mejorar la situaci\u00f3n o el desempe\u00f1o en el \u00e1mbito abordado.<\/p>\n\n\n\n<p><strong>Estudios<\/strong><\/p>\n\n\n\n<p>Documento desarrollados en forma estructurada con el fin de presentar informaci\u00f3n detallada y relevante sobre una tem\u00e1tica espec\u00edfica. Estos documentos se crean con el prop\u00f3sito de proporcionar una fuente confiable y completa de informaci\u00f3n que pueda ser consultada y utilizada por personas interesadas en entender, investigar o aprender sobre el tema en cuesti\u00f3n.<\/p>\n\n\n\n<p>En este tipo de documentos se aborda la tem\u00e1tica de manera exhaustiva, incluyendo datos, an\u00e1lisis, investigaciones, evidencia emp\u00edrica y teor\u00eda relevante. La informaci\u00f3n se organiza de manera l\u00f3gica y coherente, lo que facilita la comprensi\u00f3n y la b\u00fasqueda de informaci\u00f3n espec\u00edfica. Adem\u00e1s, se suelen citar fuentes y referencias para respaldar los puntos presentados y permitir a los lectores profundizar en el tema si as\u00ed lo desean.<\/p>\n\n\n\n<ul class=\"wp-block-list\">\n<li><strong>Siglas y acr\u00f3nimos<\/strong><\/li>\n<\/ul>\n\n\n\n<p>En esta p\u00e1gina se encuentra un compendio de las siglas<a href=\"#_ftn1\" id=\"_ftnref1\">[1]<\/a> y acr\u00f3nimos<a href=\"#_ftn2\" id=\"_ftnref2\">[2]<\/a>que se han desarrollado en los diferentes documentos en Colombia Inteligente como son los documentos de referenciamiento, lineamientos y estudios.<\/p>\n\n\n\n<ul class=\"wp-block-list\">\n<li><strong>Glosario<\/strong><\/li>\n<\/ul>\n\n\n\n<p>En esta p\u00e1gina se encuentra un compendio de las diferentes definiciones dadas por entidades, bien sea del sector el\u00e9ctrico, as\u00ed como diferentes organismos y empresas que se han referenciado en los diferentes documentos en Colombia Inteligente, dentro de los cuales se encuentran los documentos de referenciamiento, lineamientos y estudios.<\/p>\n\n\n\n<hr class=\"wp-block-separator has-alpha-channel-opacity\"\/>\n\n\n\n<p><a href=\"#_ftnref1\" id=\"_ftn1\">[1]<\/a> Sigla: 1. Abreviaci\u00f3n gr\u00e1fica formada por el conjunto de letras iniciales de una expresi\u00f3n compleja; p. ej., ONU por Organizaci\u00f3n de las Naciones Unidas, ovni por objeto volador no identificado, IPC por \u00edndice de precios al consumo. 2. Cada una de las letras de una sigla (\u2016 abreviaci\u00f3n formada por letras iniciales). P. ej., O, N y U son siglas en ONU. 3. Cualquier signo que sirve para ahorrar letras o espacio en la escritura.&nbsp;(RAE, 2023).<\/p>\n\n\n\n<p><a href=\"#_ftnref2\" id=\"_ftn2\">[2]<\/a> Acr\u00f3nimo: Sigla cuya configuraci\u00f3n permite su pronunciaci\u00f3n como una palabra; p. ej., ovni: objeto volador no identificado; TIC, tecnolog\u00edas de la informaci\u00f3n y la comunicaci\u00f3n. Vocablo formado por la uni\u00f3n de elementos de dos o m\u00e1s palabras, constituido por el principio de la primera y el final de la \u00faltima, p. ej., ofi(cina infor)m\u00e1tica, o, frecuentemente, por otras combinaciones, p. ej., so(und) n(avigation) a(nd) r(anging) (RAE, 2023).<\/p>\n<div style=\"text-align:center\" class=\"yasr-auto-insert-visitor\"><\/div>","protected":false},"excerpt":{"rendered":"<p>Banco de informaci\u00f3n El banco de informaci\u00f3n de Colombia Inteligente hace referencia a los diferentes estudios, documentos, escritos, que se han desarrollado por la agremiaci\u00f3n y sus participantes. Dentro del banco de informaci\u00f3n se encuentran tres tipos de informaci\u00f3n como son: Se encuentran los diferentes documentos realizados en Colombia Inteligente como son los documentos de [&hellip;]<\/p>","protected":false},"author":23,"featured_media":0,"parent":0,"menu_order":0,"comment_status":"closed","ping_status":"closed","template":"","meta":{"yasr_overall_rating":0,"yasr_post_is_review":"","yasr_auto_insert_disabled":"","yasr_review_type":"","footnotes":""},"class_list":["post-36595","page","type-page","status-publish","hentry"],"yasr_visitor_votes":{"number_of_votes":0,"sum_votes":0,"stars_attributes":{"read_only":false,"span_bottom":false}},"yoast_head":"<!-- This site is optimized with the Yoast SEO plugin v27.3 - https:\/\/yoast.com\/product\/yoast-seo-wordpress\/ -->\n<title>- Colombia Inteligente<\/title>\n<meta name=\"robots\" content=\"index, follow, max-snippet:-1, max-image-preview:large, max-video-preview:-1\" \/>\n<link rel=\"canonical\" href=\"https:\/\/colombiainteligente.org\/es_co\/definiciones-2\/\" \/>\n<meta property=\"og:locale\" content=\"es_ES\" \/>\n<meta property=\"og:type\" content=\"article\" \/>\n<meta property=\"og:title\" content=\"- Colombia Inteligente\" \/>\n<meta property=\"og:description\" content=\"Banco de informaci\u00f3n El banco de informaci\u00f3n de Colombia Inteligente hace referencia a los diferentes estudios, documentos, escritos, que se han desarrollado por la agremiaci\u00f3n y sus participantes. Dentro del banco de informaci\u00f3n se encuentran tres tipos de informaci\u00f3n como son: Se encuentran los diferentes documentos realizados en Colombia Inteligente como son los documentos de [&hellip;]\" \/>\n<meta property=\"og:url\" content=\"https:\/\/colombiainteligente.org\/es_co\/definiciones-2\/\" \/>\n<meta property=\"og:site_name\" content=\"Colombia Inteligente\" \/>\n<meta property=\"article:modified_time\" content=\"2023-09-29T18:04:58+00:00\" \/>\n<meta property=\"og:image\" content=\"https:\/\/colombiainteligente.org\/wp-content\/uploads\/2022\/07\/logo_v4.jpg\" \/>\n\t<meta property=\"og:image:width\" content=\"588\" \/>\n\t<meta property=\"og:image:height\" content=\"274\" \/>\n\t<meta property=\"og:image:type\" content=\"image\/jpeg\" \/>\n<meta name=\"twitter:card\" content=\"summary_large_image\" \/>\n<meta name=\"twitter:site\" content=\"@colombiaintelig\" \/>\n<meta name=\"twitter:label1\" content=\"Tiempo estimado de lectura\" \/>\n\t<meta name=\"twitter:data1\" content=\"4 minutes\" \/>\n<script type=\"application\/ld+json\" class=\"yoast-schema-graph\">{\"@context\":\"https:\\\/\\\/schema.org\",\"@graph\":[{\"@type\":\"WebPage\",\"@id\":\"https:\\\/\\\/colombiainteligente.org\\\/definiciones-2\\\/\",\"url\":\"https:\\\/\\\/colombiainteligente.org\\\/definiciones-2\\\/\",\"name\":\"- Colombia Inteligente\",\"isPartOf\":{\"@id\":\"https:\\\/\\\/colombiainteligente.org\\\/#website\"},\"datePublished\":\"2023-09-28T18:27:12+00:00\",\"dateModified\":\"2023-09-29T18:04:58+00:00\",\"inLanguage\":\"es-CO\",\"potentialAction\":[{\"@type\":\"ReadAction\",\"target\":[\"https:\\\/\\\/colombiainteligente.org\\\/definiciones-2\\\/\"]}]},{\"@type\":\"WebSite\",\"@id\":\"https:\\\/\\\/colombiainteligente.org\\\/#website\",\"url\":\"https:\\\/\\\/colombiainteligente.org\\\/\",\"name\":\"Colombia Inteligente\",\"description\":\"Alianza estrat\u00e9gica, conformada por empresas y entidades, para la inserci\u00f3n integral y eficiente de las redes inteligentes a la infraestructura del sector el\u00e9ctrico colombiano\",\"publisher\":{\"@id\":\"https:\\\/\\\/colombiainteligente.org\\\/#organization\"},\"potentialAction\":[{\"@type\":\"SearchAction\",\"target\":{\"@type\":\"EntryPoint\",\"urlTemplate\":\"https:\\\/\\\/colombiainteligente.org\\\/?s={search_term_string}\"},\"query-input\":{\"@type\":\"PropertyValueSpecification\",\"valueRequired\":true,\"valueName\":\"search_term_string\"}}],\"inLanguage\":\"es-CO\"},{\"@type\":\"Organization\",\"@id\":\"https:\\\/\\\/colombiainteligente.org\\\/#organization\",\"name\":\"Colombia Inteligente\",\"url\":\"https:\\\/\\\/colombiainteligente.org\\\/\",\"logo\":{\"@type\":\"ImageObject\",\"inLanguage\":\"es-CO\",\"@id\":\"https:\\\/\\\/colombiainteligente.org\\\/#\\\/schema\\\/logo\\\/image\\\/\",\"url\":\"https:\\\/\\\/colombiainteligente.org\\\/wp-content\\\/uploads\\\/2022\\\/07\\\/Image.png\",\"contentUrl\":\"https:\\\/\\\/colombiainteligente.org\\\/wp-content\\\/uploads\\\/2022\\\/07\\\/Image.png\",\"width\":588,\"height\":274,\"caption\":\"Colombia Inteligente\"},\"image\":{\"@id\":\"https:\\\/\\\/colombiainteligente.org\\\/#\\\/schema\\\/logo\\\/image\\\/\"},\"sameAs\":[\"https:\\\/\\\/x.com\\\/colombiaintelig\",\"https:\\\/\\\/www.linkedin.com\\\/company\\\/colombiainteligente\\\/\"]}]}<\/script>\n<!-- \/ Yoast SEO plugin. -->","yoast_head_json":{"title":"- Colombia Inteligente","robots":{"index":"index","follow":"follow","max-snippet":"max-snippet:-1","max-image-preview":"max-image-preview:large","max-video-preview":"max-video-preview:-1"},"canonical":"https:\/\/colombiainteligente.org\/es_co\/definiciones-2\/","og_locale":"es_ES","og_type":"article","og_title":"- Colombia Inteligente","og_description":"Banco de informaci\u00f3n El banco de informaci\u00f3n de Colombia Inteligente hace referencia a los diferentes estudios, documentos, escritos, que se han desarrollado por la agremiaci\u00f3n y sus participantes. Dentro del banco de informaci\u00f3n se encuentran tres tipos de informaci\u00f3n como son: Se encuentran los diferentes documentos realizados en Colombia Inteligente como son los documentos de [&hellip;]","og_url":"https:\/\/colombiainteligente.org\/es_co\/definiciones-2\/","og_site_name":"Colombia Inteligente","article_modified_time":"2023-09-29T18:04:58+00:00","og_image":[{"width":588,"height":274,"url":"https:\/\/colombiainteligente.org\/wp-content\/uploads\/2022\/07\/logo_v4.jpg","type":"image\/jpeg"}],"twitter_card":"summary_large_image","twitter_site":"@colombiaintelig","twitter_misc":{"Tiempo estimado de lectura":"4 minutes"},"schema":{"@context":"https:\/\/schema.org","@graph":[{"@type":"WebPage","@id":"https:\/\/colombiainteligente.org\/definiciones-2\/","url":"https:\/\/colombiainteligente.org\/definiciones-2\/","name":"- Colombia Inteligente","isPartOf":{"@id":"https:\/\/colombiainteligente.org\/#website"},"datePublished":"2023-09-28T18:27:12+00:00","dateModified":"2023-09-29T18:04:58+00:00","inLanguage":"es-CO","potentialAction":[{"@type":"ReadAction","target":["https:\/\/colombiainteligente.org\/definiciones-2\/"]}]},{"@type":"WebSite","@id":"https:\/\/colombiainteligente.org\/#website","url":"https:\/\/colombiainteligente.org\/","name":"Colombia Inteligente","description":"Alianza estrat\u00e9gica, conformada por empresas y entidades, para la inserci\u00f3n integral y eficiente de las redes inteligentes a la infraestructura del sector el\u00e9ctrico colombiano","publisher":{"@id":"https:\/\/colombiainteligente.org\/#organization"},"potentialAction":[{"@type":"SearchAction","target":{"@type":"EntryPoint","urlTemplate":"https:\/\/colombiainteligente.org\/?s={search_term_string}"},"query-input":{"@type":"PropertyValueSpecification","valueRequired":true,"valueName":"search_term_string"}}],"inLanguage":"es-CO"},{"@type":"Organization","@id":"https:\/\/colombiainteligente.org\/#organization","name":"Colombia Inteligente","url":"https:\/\/colombiainteligente.org\/","logo":{"@type":"ImageObject","inLanguage":"es-CO","@id":"https:\/\/colombiainteligente.org\/#\/schema\/logo\/image\/","url":"https:\/\/colombiainteligente.org\/wp-content\/uploads\/2022\/07\/Image.png","contentUrl":"https:\/\/colombiainteligente.org\/wp-content\/uploads\/2022\/07\/Image.png","width":588,"height":274,"caption":"Colombia Inteligente"},"image":{"@id":"https:\/\/colombiainteligente.org\/#\/schema\/logo\/image\/"},"sameAs":["https:\/\/x.com\/colombiaintelig","https:\/\/www.linkedin.com\/company\/colombiainteligente\/"]}]}},"_links":{"self":[{"href":"https:\/\/colombiainteligente.org\/es_co\/wp-json\/wp\/v2\/pages\/36595","targetHints":{"allow":["GET"]}}],"collection":[{"href":"https:\/\/colombiainteligente.org\/es_co\/wp-json\/wp\/v2\/pages"}],"about":[{"href":"https:\/\/colombiainteligente.org\/es_co\/wp-json\/wp\/v2\/types\/page"}],"author":[{"embeddable":true,"href":"https:\/\/colombiainteligente.org\/es_co\/wp-json\/wp\/v2\/users\/23"}],"replies":[{"embeddable":true,"href":"https:\/\/colombiainteligente.org\/es_co\/wp-json\/wp\/v2\/comments?post=36595"}],"version-history":[{"count":4,"href":"https:\/\/colombiainteligente.org\/es_co\/wp-json\/wp\/v2\/pages\/36595\/revisions"}],"predecessor-version":[{"id":36601,"href":"https:\/\/colombiainteligente.org\/es_co\/wp-json\/wp\/v2\/pages\/36595\/revisions\/36601"}],"wp:attachment":[{"href":"https:\/\/colombiainteligente.org\/es_co\/wp-json\/wp\/v2\/media?parent=36595"}],"curies":[{"name":"wp","href":"https:\/\/api.w.org\/{rel}","templated":true}]}}