{"id":1465,"date":"2022-09-13T13:58:21","date_gmt":"2022-09-13T18:58:21","guid":{"rendered":"https:\/\/www.colombiainteligente.org\/producto\/csirt\/"},"modified":"2023-01-13T15:21:10","modified_gmt":"2023-01-13T20:21:10","slug":"csirt","status":"publish","type":"product","link":"https:\/\/colombiainteligente.org\/es_co\/product\/csirt\/","title":{"rendered":"CSIRT"},"content":{"rendered":"<p>Mantener seguros los activos, f\u00edsicos o digitales, en el actual entorno inform\u00e1tico es un verdadero desaf\u00edo, que se vuelve m\u00e1s complejo con incremento acelerado de productos digitales y herramientas sofisticadas para la intrusi\u00f3n en sistemas asociados al sector el\u00e9ctrico. En la actualidad, no existe una \u00fanica soluci\u00f3n para proteger los sistemas y los datos; en cambio, se requiere una estrategia de seguridad de varias capas. Una de las capas que muchas regiones, pa\u00edses y organizaciones est\u00e1n incluyendo en su estrategia, es la creaci\u00f3n de un equipo de respuesta a incidentes de seguridad inform\u00e1tica, generalmente llamado CSIRT (DOE, 2014).<br \/>\nLos motivadores que impulsan el establecimiento de los CSIRT incluyen:<br \/>\n\u2022 Aumento del n\u00famero de incidentes de seguridad inform\u00e1tica.<br \/>\n\u2022 Aumento en el n\u00famero y tipo de organizaciones afectadas por incidentes de seguridad inform\u00e1tica.<br \/>\n\u2022 Conciencia m\u00e1s centrada por parte de las organizaciones en la necesidad de pol\u00edticas y pr\u00e1cticas de seguridad como parte de sus estrategias generales de gesti\u00f3n de riesgos.<br \/>\n\u2022 Nuevas leyes y regulaciones que afectan la forma en que se requiere que las organizaciones protejan los activos de informaci\u00f3n.<br \/>\n\u2022 La confirmaci\u00f3n de que los administradores de redes y sistemas por s\u00ed solos no pueden proteger los sistemas y activos de la organizaci\u00f3n.<br \/>\nCon este contexto, el presente documento tiene como objetivo realizar un referenciamiento para identificar caracter\u00edsticas funcionales de un CSIRT aplicado al sector el\u00e9ctrico en Colombia y lecciones aprendidas.<br \/>\nPara conseguirlo, se ha estructurado este documento de la siguiente manera:<br \/>\n1. GENERALIDADES DE UN CSIRT: Descripci\u00f3n de las caracter\u00edsticas de un CSIRT (servicios, estructura, autoridad, agentes de inter\u00e9s, proceso de reporte y atenci\u00f3n de incidentes).<br \/>\n2. EXPERIENCIAS INTERNACIONALES: Descripci\u00f3n del funcionamiento de las redes de CSIRT operacionales en el mundo e identificaci\u00f3n de mejores pr\u00e1cticas de los CSIRT aplicados al sector<br \/>\nenerg\u00e9tico, operacionales.<br \/>\n3. CONTEXTO NACIONAL: Estado actual de la normativa y funcionamiento, sectores, casos de estudio, entre otros aspectos en el pa\u00eds.<br \/>\n4. LINEAMIENTOS ESTRAT\u00c9GICOS: Dise\u00f1o conceptual de lineamientos de pol\u00edtica y estructura para el CSIRT del sector el\u00e9ctrico.<br \/>\nFinalmente, se presentan algunas definiciones en torno a los CSIRT tomados de la bibliograf\u00eda consultada durante la elaboraci\u00f3n del documento.<br \/>\nAbril de 2018<\/p>\n<div style=\"text-align:center\" class=\"yasr-auto-insert-visitor\"><\/div>","protected":false},"excerpt":{"rendered":"<p>Referenciamiento: equipo de respuesta a incidentes de seguridad inform\u00e1tica del sector el\u00e9ctrico<\/p>","protected":false},"featured_media":1544,"comment_status":"open","ping_status":"closed","template":"","meta":{"yasr_overall_rating":0,"yasr_post_is_review":"","yasr_auto_insert_disabled":"","yasr_review_type":""},"product_cat":[29,32],"product_tag":[25],"class_list":["post-1465","product","type-product","status-publish","has-post-thumbnail","hentry","product_cat-eficiencia-operacional-y-convergencia-tecnologica","product_cat-tic-y-ciberseguridad","product_tag-aplicaciones-focales"],"yasr_visitor_votes":{"number_of_votes":0,"sum_votes":0,"stars_attributes":{"read_only":false,"span_bottom":false}},"yoast_head":"<!-- This site is optimized with the Yoast SEO plugin v27.3 - https:\/\/yoast.com\/product\/yoast-seo-wordpress\/ -->\n<title>CSIRT - Colombia Inteligente<\/title>\n<meta name=\"robots\" content=\"index, follow, max-snippet:-1, max-image-preview:large, max-video-preview:-1\" \/>\n<link rel=\"canonical\" href=\"https:\/\/colombiainteligente.org\/es_co\/product\/csirt\/\" \/>\n<meta property=\"og:locale\" content=\"es_ES\" \/>\n<meta property=\"og:type\" content=\"article\" \/>\n<meta property=\"og:title\" content=\"CSIRT - Colombia Inteligente\" \/>\n<meta property=\"og:description\" content=\"Referenciamiento: equipo de respuesta a incidentes de seguridad inform\u00e1tica del sector el\u00e9ctrico\" \/>\n<meta property=\"og:url\" content=\"https:\/\/colombiainteligente.org\/es_co\/product\/csirt\/\" \/>\n<meta property=\"og:site_name\" content=\"Colombia Inteligente\" \/>\n<meta property=\"article:modified_time\" content=\"2023-01-13T20:21:10+00:00\" \/>\n<meta property=\"og:image\" content=\"https:\/\/colombiainteligente.org\/wp-content\/uploads\/2022\/09\/CSIRT.jpg\" \/>\n\t<meta property=\"og:image:width\" content=\"730\" \/>\n\t<meta property=\"og:image:height\" content=\"944\" \/>\n\t<meta property=\"og:image:type\" content=\"image\/jpeg\" \/>\n<meta name=\"twitter:card\" content=\"summary_large_image\" \/>\n<meta name=\"twitter:site\" content=\"@colombiaintelig\" \/>\n<meta name=\"twitter:label1\" content=\"Tiempo estimado de lectura\" \/>\n\t<meta name=\"twitter:data1\" content=\"2 minutes\" \/>\n<script type=\"application\/ld+json\" class=\"yoast-schema-graph\">{\"@context\":\"https:\\\/\\\/schema.org\",\"@graph\":[{\"@type\":\"WebPage\",\"@id\":\"https:\\\/\\\/colombiainteligente.org\\\/producto\\\/csirt\\\/\",\"url\":\"https:\\\/\\\/colombiainteligente.org\\\/producto\\\/csirt\\\/\",\"name\":\"CSIRT - Colombia Inteligente\",\"isPartOf\":{\"@id\":\"https:\\\/\\\/colombiainteligente.org\\\/#website\"},\"primaryImageOfPage\":{\"@id\":\"https:\\\/\\\/colombiainteligente.org\\\/producto\\\/csirt\\\/#primaryimage\"},\"image\":{\"@id\":\"https:\\\/\\\/colombiainteligente.org\\\/producto\\\/csirt\\\/#primaryimage\"},\"thumbnailUrl\":\"https:\\\/\\\/colombiainteligente.org\\\/wp-content\\\/uploads\\\/2022\\\/09\\\/CSIRT.jpg\",\"datePublished\":\"2022-09-13T18:58:21+00:00\",\"dateModified\":\"2023-01-13T20:21:10+00:00\",\"breadcrumb\":{\"@id\":\"https:\\\/\\\/colombiainteligente.org\\\/producto\\\/csirt\\\/#breadcrumb\"},\"inLanguage\":\"es-CO\",\"potentialAction\":[{\"@type\":\"ReadAction\",\"target\":[\"https:\\\/\\\/colombiainteligente.org\\\/producto\\\/csirt\\\/\"]}]},{\"@type\":\"ImageObject\",\"inLanguage\":\"es-CO\",\"@id\":\"https:\\\/\\\/colombiainteligente.org\\\/producto\\\/csirt\\\/#primaryimage\",\"url\":\"https:\\\/\\\/colombiainteligente.org\\\/wp-content\\\/uploads\\\/2022\\\/09\\\/CSIRT.jpg\",\"contentUrl\":\"https:\\\/\\\/colombiainteligente.org\\\/wp-content\\\/uploads\\\/2022\\\/09\\\/CSIRT.jpg\",\"width\":730,\"height\":944,\"caption\":\"CSIRT\"},{\"@type\":\"BreadcrumbList\",\"@id\":\"https:\\\/\\\/colombiainteligente.org\\\/producto\\\/csirt\\\/#breadcrumb\",\"itemListElement\":[{\"@type\":\"ListItem\",\"position\":1,\"name\":\"Portada\",\"item\":\"https:\\\/\\\/colombiainteligente.org\\\/\"},{\"@type\":\"ListItem\",\"position\":2,\"name\":\"Tienda\",\"item\":\"https:\\\/\\\/colombiainteligente.org\\\/tienda\\\/\"},{\"@type\":\"ListItem\",\"position\":3,\"name\":\"CSIRT\"}]},{\"@type\":\"WebSite\",\"@id\":\"https:\\\/\\\/colombiainteligente.org\\\/#website\",\"url\":\"https:\\\/\\\/colombiainteligente.org\\\/\",\"name\":\"Colombia Inteligente\",\"description\":\"Alianza estrat\u00e9gica, conformada por empresas y entidades, para la inserci\u00f3n integral y eficiente de las redes inteligentes a la infraestructura del sector el\u00e9ctrico colombiano\",\"publisher\":{\"@id\":\"https:\\\/\\\/colombiainteligente.org\\\/#organization\"},\"potentialAction\":[{\"@type\":\"SearchAction\",\"target\":{\"@type\":\"EntryPoint\",\"urlTemplate\":\"https:\\\/\\\/colombiainteligente.org\\\/?s={search_term_string}\"},\"query-input\":{\"@type\":\"PropertyValueSpecification\",\"valueRequired\":true,\"valueName\":\"search_term_string\"}}],\"inLanguage\":\"es-CO\"},{\"@type\":\"Organization\",\"@id\":\"https:\\\/\\\/colombiainteligente.org\\\/#organization\",\"name\":\"Colombia Inteligente\",\"url\":\"https:\\\/\\\/colombiainteligente.org\\\/\",\"logo\":{\"@type\":\"ImageObject\",\"inLanguage\":\"es-CO\",\"@id\":\"https:\\\/\\\/colombiainteligente.org\\\/#\\\/schema\\\/logo\\\/image\\\/\",\"url\":\"https:\\\/\\\/colombiainteligente.org\\\/wp-content\\\/uploads\\\/2022\\\/07\\\/Image.png\",\"contentUrl\":\"https:\\\/\\\/colombiainteligente.org\\\/wp-content\\\/uploads\\\/2022\\\/07\\\/Image.png\",\"width\":588,\"height\":274,\"caption\":\"Colombia Inteligente\"},\"image\":{\"@id\":\"https:\\\/\\\/colombiainteligente.org\\\/#\\\/schema\\\/logo\\\/image\\\/\"},\"sameAs\":[\"https:\\\/\\\/x.com\\\/colombiaintelig\",\"https:\\\/\\\/www.linkedin.com\\\/company\\\/colombiainteligente\\\/\"]}]}<\/script>\n<!-- \/ Yoast SEO plugin. -->","yoast_head_json":{"title":"CSIRT - Colombia Inteligente","robots":{"index":"index","follow":"follow","max-snippet":"max-snippet:-1","max-image-preview":"max-image-preview:large","max-video-preview":"max-video-preview:-1"},"canonical":"https:\/\/colombiainteligente.org\/es_co\/product\/csirt\/","og_locale":"es_ES","og_type":"article","og_title":"CSIRT - Colombia Inteligente","og_description":"Referenciamiento: equipo de respuesta a incidentes de seguridad inform\u00e1tica del sector el\u00e9ctrico","og_url":"https:\/\/colombiainteligente.org\/es_co\/product\/csirt\/","og_site_name":"Colombia Inteligente","article_modified_time":"2023-01-13T20:21:10+00:00","og_image":[{"width":730,"height":944,"url":"https:\/\/colombiainteligente.org\/wp-content\/uploads\/2022\/09\/CSIRT.jpg","type":"image\/jpeg"}],"twitter_card":"summary_large_image","twitter_site":"@colombiaintelig","twitter_misc":{"Tiempo estimado de lectura":"2 minutes"},"schema":{"@context":"https:\/\/schema.org","@graph":[{"@type":"WebPage","@id":"https:\/\/colombiainteligente.org\/producto\/csirt\/","url":"https:\/\/colombiainteligente.org\/producto\/csirt\/","name":"CSIRT - Colombia Inteligente","isPartOf":{"@id":"https:\/\/colombiainteligente.org\/#website"},"primaryImageOfPage":{"@id":"https:\/\/colombiainteligente.org\/producto\/csirt\/#primaryimage"},"image":{"@id":"https:\/\/colombiainteligente.org\/producto\/csirt\/#primaryimage"},"thumbnailUrl":"https:\/\/colombiainteligente.org\/wp-content\/uploads\/2022\/09\/CSIRT.jpg","datePublished":"2022-09-13T18:58:21+00:00","dateModified":"2023-01-13T20:21:10+00:00","breadcrumb":{"@id":"https:\/\/colombiainteligente.org\/producto\/csirt\/#breadcrumb"},"inLanguage":"es-CO","potentialAction":[{"@type":"ReadAction","target":["https:\/\/colombiainteligente.org\/producto\/csirt\/"]}]},{"@type":"ImageObject","inLanguage":"es-CO","@id":"https:\/\/colombiainteligente.org\/producto\/csirt\/#primaryimage","url":"https:\/\/colombiainteligente.org\/wp-content\/uploads\/2022\/09\/CSIRT.jpg","contentUrl":"https:\/\/colombiainteligente.org\/wp-content\/uploads\/2022\/09\/CSIRT.jpg","width":730,"height":944,"caption":"CSIRT"},{"@type":"BreadcrumbList","@id":"https:\/\/colombiainteligente.org\/producto\/csirt\/#breadcrumb","itemListElement":[{"@type":"ListItem","position":1,"name":"Portada","item":"https:\/\/colombiainteligente.org\/"},{"@type":"ListItem","position":2,"name":"Tienda","item":"https:\/\/colombiainteligente.org\/tienda\/"},{"@type":"ListItem","position":3,"name":"CSIRT"}]},{"@type":"WebSite","@id":"https:\/\/colombiainteligente.org\/#website","url":"https:\/\/colombiainteligente.org\/","name":"Colombia Inteligente","description":"Alianza estrat\u00e9gica, conformada por empresas y entidades, para la inserci\u00f3n integral y eficiente de las redes inteligentes a la infraestructura del sector el\u00e9ctrico colombiano","publisher":{"@id":"https:\/\/colombiainteligente.org\/#organization"},"potentialAction":[{"@type":"SearchAction","target":{"@type":"EntryPoint","urlTemplate":"https:\/\/colombiainteligente.org\/?s={search_term_string}"},"query-input":{"@type":"PropertyValueSpecification","valueRequired":true,"valueName":"search_term_string"}}],"inLanguage":"es-CO"},{"@type":"Organization","@id":"https:\/\/colombiainteligente.org\/#organization","name":"Colombia Inteligente","url":"https:\/\/colombiainteligente.org\/","logo":{"@type":"ImageObject","inLanguage":"es-CO","@id":"https:\/\/colombiainteligente.org\/#\/schema\/logo\/image\/","url":"https:\/\/colombiainteligente.org\/wp-content\/uploads\/2022\/07\/Image.png","contentUrl":"https:\/\/colombiainteligente.org\/wp-content\/uploads\/2022\/07\/Image.png","width":588,"height":274,"caption":"Colombia Inteligente"},"image":{"@id":"https:\/\/colombiainteligente.org\/#\/schema\/logo\/image\/"},"sameAs":["https:\/\/x.com\/colombiaintelig","https:\/\/www.linkedin.com\/company\/colombiainteligente\/"]}]}},"_links":{"self":[{"href":"https:\/\/colombiainteligente.org\/es_co\/wp-json\/wp\/v2\/product\/1465","targetHints":{"allow":["GET"]}}],"collection":[{"href":"https:\/\/colombiainteligente.org\/es_co\/wp-json\/wp\/v2\/product"}],"about":[{"href":"https:\/\/colombiainteligente.org\/es_co\/wp-json\/wp\/v2\/types\/product"}],"replies":[{"embeddable":true,"href":"https:\/\/colombiainteligente.org\/es_co\/wp-json\/wp\/v2\/comments?post=1465"}],"wp:featuredmedia":[{"embeddable":true,"href":"https:\/\/colombiainteligente.org\/es_co\/wp-json\/wp\/v2\/media\/1544"}],"wp:attachment":[{"href":"https:\/\/colombiainteligente.org\/es_co\/wp-json\/wp\/v2\/media?parent=1465"}],"wp:term":[{"taxonomy":"product_cat","embeddable":true,"href":"https:\/\/colombiainteligente.org\/es_co\/wp-json\/wp\/v2\/product_cat?post=1465"},{"taxonomy":"product_tag","embeddable":true,"href":"https:\/\/colombiainteligente.org\/es_co\/wp-json\/wp\/v2\/product_tag?post=1465"}],"curies":[{"name":"wp","href":"https:\/\/api.w.org\/{rel}","templated":true}]}}