{"id":1474,"date":"2022-09-13T13:58:21","date_gmt":"2022-09-13T18:58:21","guid":{"rendered":"https:\/\/www.colombiainteligente.org\/producto\/ami-indicadores-de-seguimiento\/"},"modified":"2023-05-20T11:57:36","modified_gmt":"2023-05-20T16:57:36","slug":"ami-indicadores-de-seguimiento","status":"publish","type":"product","link":"https:\/\/colombiainteligente.org\/es_co\/product\/ami-indicadores-de-seguimiento\/","title":{"rendered":"AMI-Indicadores de seguimiento"},"content":{"rendered":"<p>Ante la masificaci\u00f3n de la Infraestructura de Medici\u00f3n Avanzada (AMI), en busca de un mayor empoderamiento por parte de los usuarios, toma gran relevancia la forma en que estos pueden interactuar con el sistema, tanto para visualizar y monitorear variables, como para el procesamiento y clasificaci\u00f3n de la informaci\u00f3n que facilite la toma de decisiones acerca de su consumo, autogeneraci\u00f3n y cogeneraci\u00f3n. Desde este punto de vista, el monitoreo de las variables enviadas por los equipos de AMI puede ayudar al usuario para saber oportunamente si hay un desperdicio en el consumo de energ\u00eda, o si puede obtener ingresos\/ahorros por la participaci\u00f3n en el programas de respuesta de la demanda. Adicionalmente, con la implementaci\u00f3n de AMI, se pueden obtener beneficios asociados a la lectura y operaci\u00f3n remota de los medidores avanzados, logrando disminuir costos asociados a la facturaci\u00f3n manual, disminuir la oportunidad de corrupci\u00f3n en el manejo de la informaci\u00f3n y evitar el error humano.<\/p>\n<p>La metodolog\u00eda de construcci\u00f3n de los indicadores de seguimiento en proyectos de virtualizaci\u00f3n de la medida consiste en 3 fases principales, la primera de ellas tiene que ver con la b\u00fasqueda de informaci\u00f3n bibliogr\u00e1fica en este tipo de indicadores, clasific\u00e1ndolos en los diferentes enfoques que le han dado los autores para monitorear los proyectos en infraestructura de medici\u00f3n avanzada. De esta fase se obtiene un conjunto de indicadores marco, que son analizados en la Fase 2, en \u00e9sta se realiza un an\u00e1lisis de la pertinencia de cada uno de los indicadores, ajust\u00e1ndoles de acuerdo con los requerimientos de informaci\u00f3n y su disponibilidad en el contexto local. Finalmente, en tercera fase se consolidan los indicadores en un documento de trabajo.<\/p>\n<p>Diciembre de 2019<\/p>\n<div style=\"text-align:center\" class=\"yasr-auto-insert-visitor\"><\/div>","protected":false},"excerpt":{"rendered":"<p>Investigaci\u00f3n: infraestructura de medici\u00f3n avanzada<\/p>","protected":false},"featured_media":1530,"comment_status":"open","ping_status":"closed","template":"","meta":{"yasr_overall_rating":0,"yasr_post_is_review":"","yasr_auto_insert_disabled":"","yasr_review_type":""},"product_cat":[35,34,30,36],"product_tag":[25],"class_list":["post-1474","product","type-product","status-publish","has-post-thumbnail","hentry","product_cat-garantizar-confiabilidad-resiliencia-e-interoperabilidad-en-el-servicio","product_cat-informacion-avanzada","product_cat-mejoramiento-de-la-calidad-del-servicio-al-usuario","product_cat-red-flexible-automatizada-y-digital","product_tag-aplicaciones-focales"],"yasr_visitor_votes":{"number_of_votes":0,"sum_votes":0,"stars_attributes":{"read_only":false,"span_bottom":false}},"yoast_head":"<!-- This site is optimized with the Yoast SEO plugin v27.3 - https:\/\/yoast.com\/product\/yoast-seo-wordpress\/ -->\n<title>AMI-Indicadores de seguimiento - Colombia Inteligente<\/title>\n<meta name=\"robots\" content=\"index, follow, max-snippet:-1, max-image-preview:large, max-video-preview:-1\" \/>\n<link rel=\"canonical\" href=\"https:\/\/colombiainteligente.org\/es_co\/product\/ami-indicadores-de-seguimiento\/\" \/>\n<meta property=\"og:locale\" content=\"es_ES\" \/>\n<meta property=\"og:type\" content=\"article\" \/>\n<meta property=\"og:title\" content=\"AMI-Indicadores de seguimiento - Colombia Inteligente\" \/>\n<meta property=\"og:description\" content=\"Investigaci\u00f3n: infraestructura de medici\u00f3n avanzada\" \/>\n<meta property=\"og:url\" content=\"https:\/\/colombiainteligente.org\/es_co\/product\/ami-indicadores-de-seguimiento\/\" \/>\n<meta property=\"og:site_name\" content=\"Colombia Inteligente\" \/>\n<meta property=\"article:modified_time\" content=\"2023-05-20T16:57:36+00:00\" \/>\n<meta property=\"og:image\" content=\"https:\/\/colombiainteligente.org\/wp-content\/uploads\/2022\/09\/AMI-Indicadores-de-seguimiento.jpg\" \/>\n\t<meta property=\"og:image:width\" content=\"754\" \/>\n\t<meta property=\"og:image:height\" content=\"978\" \/>\n\t<meta property=\"og:image:type\" content=\"image\/jpeg\" \/>\n<meta name=\"twitter:card\" content=\"summary_large_image\" \/>\n<meta name=\"twitter:site\" content=\"@colombiaintelig\" \/>\n<meta name=\"twitter:label1\" content=\"Tiempo estimado de lectura\" \/>\n\t<meta name=\"twitter:data1\" content=\"1 minute\" \/>\n<script type=\"application\/ld+json\" class=\"yoast-schema-graph\">{\"@context\":\"https:\\\/\\\/schema.org\",\"@graph\":[{\"@type\":\"WebPage\",\"@id\":\"https:\\\/\\\/colombiainteligente.org\\\/producto\\\/ami-indicadores-de-seguimiento\\\/\",\"url\":\"https:\\\/\\\/colombiainteligente.org\\\/producto\\\/ami-indicadores-de-seguimiento\\\/\",\"name\":\"AMI-Indicadores de seguimiento - Colombia Inteligente\",\"isPartOf\":{\"@id\":\"https:\\\/\\\/colombiainteligente.org\\\/#website\"},\"primaryImageOfPage\":{\"@id\":\"https:\\\/\\\/colombiainteligente.org\\\/producto\\\/ami-indicadores-de-seguimiento\\\/#primaryimage\"},\"image\":{\"@id\":\"https:\\\/\\\/colombiainteligente.org\\\/producto\\\/ami-indicadores-de-seguimiento\\\/#primaryimage\"},\"thumbnailUrl\":\"https:\\\/\\\/colombiainteligente.org\\\/wp-content\\\/uploads\\\/2022\\\/09\\\/AMI-Indicadores-de-seguimiento.jpg\",\"datePublished\":\"2022-09-13T18:58:21+00:00\",\"dateModified\":\"2023-05-20T16:57:36+00:00\",\"breadcrumb\":{\"@id\":\"https:\\\/\\\/colombiainteligente.org\\\/producto\\\/ami-indicadores-de-seguimiento\\\/#breadcrumb\"},\"inLanguage\":\"es-CO\",\"potentialAction\":[{\"@type\":\"ReadAction\",\"target\":[\"https:\\\/\\\/colombiainteligente.org\\\/producto\\\/ami-indicadores-de-seguimiento\\\/\"]}]},{\"@type\":\"ImageObject\",\"inLanguage\":\"es-CO\",\"@id\":\"https:\\\/\\\/colombiainteligente.org\\\/producto\\\/ami-indicadores-de-seguimiento\\\/#primaryimage\",\"url\":\"https:\\\/\\\/colombiainteligente.org\\\/wp-content\\\/uploads\\\/2022\\\/09\\\/AMI-Indicadores-de-seguimiento.jpg\",\"contentUrl\":\"https:\\\/\\\/colombiainteligente.org\\\/wp-content\\\/uploads\\\/2022\\\/09\\\/AMI-Indicadores-de-seguimiento.jpg\",\"width\":754,\"height\":978,\"caption\":\"AMI-Indicadores de seguimiento\"},{\"@type\":\"BreadcrumbList\",\"@id\":\"https:\\\/\\\/colombiainteligente.org\\\/producto\\\/ami-indicadores-de-seguimiento\\\/#breadcrumb\",\"itemListElement\":[{\"@type\":\"ListItem\",\"position\":1,\"name\":\"Portada\",\"item\":\"https:\\\/\\\/colombiainteligente.org\\\/\"},{\"@type\":\"ListItem\",\"position\":2,\"name\":\"Tienda\",\"item\":\"https:\\\/\\\/colombiainteligente.org\\\/tienda\\\/\"},{\"@type\":\"ListItem\",\"position\":3,\"name\":\"AMI-Indicadores de seguimiento\"}]},{\"@type\":\"WebSite\",\"@id\":\"https:\\\/\\\/colombiainteligente.org\\\/#website\",\"url\":\"https:\\\/\\\/colombiainteligente.org\\\/\",\"name\":\"Colombia Inteligente\",\"description\":\"Alianza estrat\u00e9gica, conformada por empresas y entidades, para la inserci\u00f3n integral y eficiente de las redes inteligentes a la infraestructura del sector el\u00e9ctrico colombiano\",\"publisher\":{\"@id\":\"https:\\\/\\\/colombiainteligente.org\\\/#organization\"},\"potentialAction\":[{\"@type\":\"SearchAction\",\"target\":{\"@type\":\"EntryPoint\",\"urlTemplate\":\"https:\\\/\\\/colombiainteligente.org\\\/?s={search_term_string}\"},\"query-input\":{\"@type\":\"PropertyValueSpecification\",\"valueRequired\":true,\"valueName\":\"search_term_string\"}}],\"inLanguage\":\"es-CO\"},{\"@type\":\"Organization\",\"@id\":\"https:\\\/\\\/colombiainteligente.org\\\/#organization\",\"name\":\"Colombia Inteligente\",\"url\":\"https:\\\/\\\/colombiainteligente.org\\\/\",\"logo\":{\"@type\":\"ImageObject\",\"inLanguage\":\"es-CO\",\"@id\":\"https:\\\/\\\/colombiainteligente.org\\\/#\\\/schema\\\/logo\\\/image\\\/\",\"url\":\"https:\\\/\\\/colombiainteligente.org\\\/wp-content\\\/uploads\\\/2022\\\/07\\\/Image.png\",\"contentUrl\":\"https:\\\/\\\/colombiainteligente.org\\\/wp-content\\\/uploads\\\/2022\\\/07\\\/Image.png\",\"width\":588,\"height\":274,\"caption\":\"Colombia Inteligente\"},\"image\":{\"@id\":\"https:\\\/\\\/colombiainteligente.org\\\/#\\\/schema\\\/logo\\\/image\\\/\"},\"sameAs\":[\"https:\\\/\\\/x.com\\\/colombiaintelig\",\"https:\\\/\\\/www.linkedin.com\\\/company\\\/colombiainteligente\\\/\"]}]}<\/script>\n<!-- \/ Yoast SEO plugin. -->","yoast_head_json":{"title":"AMI-Indicadores de seguimiento - Colombia Inteligente","robots":{"index":"index","follow":"follow","max-snippet":"max-snippet:-1","max-image-preview":"max-image-preview:large","max-video-preview":"max-video-preview:-1"},"canonical":"https:\/\/colombiainteligente.org\/es_co\/product\/ami-indicadores-de-seguimiento\/","og_locale":"es_ES","og_type":"article","og_title":"AMI-Indicadores de seguimiento - Colombia Inteligente","og_description":"Investigaci\u00f3n: infraestructura de medici\u00f3n avanzada","og_url":"https:\/\/colombiainteligente.org\/es_co\/product\/ami-indicadores-de-seguimiento\/","og_site_name":"Colombia Inteligente","article_modified_time":"2023-05-20T16:57:36+00:00","og_image":[{"width":754,"height":978,"url":"https:\/\/colombiainteligente.org\/wp-content\/uploads\/2022\/09\/AMI-Indicadores-de-seguimiento.jpg","type":"image\/jpeg"}],"twitter_card":"summary_large_image","twitter_site":"@colombiaintelig","twitter_misc":{"Tiempo estimado de lectura":"1 minute"},"schema":{"@context":"https:\/\/schema.org","@graph":[{"@type":"WebPage","@id":"https:\/\/colombiainteligente.org\/producto\/ami-indicadores-de-seguimiento\/","url":"https:\/\/colombiainteligente.org\/producto\/ami-indicadores-de-seguimiento\/","name":"AMI-Indicadores de seguimiento - Colombia Inteligente","isPartOf":{"@id":"https:\/\/colombiainteligente.org\/#website"},"primaryImageOfPage":{"@id":"https:\/\/colombiainteligente.org\/producto\/ami-indicadores-de-seguimiento\/#primaryimage"},"image":{"@id":"https:\/\/colombiainteligente.org\/producto\/ami-indicadores-de-seguimiento\/#primaryimage"},"thumbnailUrl":"https:\/\/colombiainteligente.org\/wp-content\/uploads\/2022\/09\/AMI-Indicadores-de-seguimiento.jpg","datePublished":"2022-09-13T18:58:21+00:00","dateModified":"2023-05-20T16:57:36+00:00","breadcrumb":{"@id":"https:\/\/colombiainteligente.org\/producto\/ami-indicadores-de-seguimiento\/#breadcrumb"},"inLanguage":"es-CO","potentialAction":[{"@type":"ReadAction","target":["https:\/\/colombiainteligente.org\/producto\/ami-indicadores-de-seguimiento\/"]}]},{"@type":"ImageObject","inLanguage":"es-CO","@id":"https:\/\/colombiainteligente.org\/producto\/ami-indicadores-de-seguimiento\/#primaryimage","url":"https:\/\/colombiainteligente.org\/wp-content\/uploads\/2022\/09\/AMI-Indicadores-de-seguimiento.jpg","contentUrl":"https:\/\/colombiainteligente.org\/wp-content\/uploads\/2022\/09\/AMI-Indicadores-de-seguimiento.jpg","width":754,"height":978,"caption":"AMI-Indicadores de seguimiento"},{"@type":"BreadcrumbList","@id":"https:\/\/colombiainteligente.org\/producto\/ami-indicadores-de-seguimiento\/#breadcrumb","itemListElement":[{"@type":"ListItem","position":1,"name":"Portada","item":"https:\/\/colombiainteligente.org\/"},{"@type":"ListItem","position":2,"name":"Tienda","item":"https:\/\/colombiainteligente.org\/tienda\/"},{"@type":"ListItem","position":3,"name":"AMI-Indicadores de seguimiento"}]},{"@type":"WebSite","@id":"https:\/\/colombiainteligente.org\/#website","url":"https:\/\/colombiainteligente.org\/","name":"Colombia Inteligente","description":"Alianza estrat\u00e9gica, conformada por empresas y entidades, para la inserci\u00f3n integral y eficiente de las redes inteligentes a la infraestructura del sector el\u00e9ctrico colombiano","publisher":{"@id":"https:\/\/colombiainteligente.org\/#organization"},"potentialAction":[{"@type":"SearchAction","target":{"@type":"EntryPoint","urlTemplate":"https:\/\/colombiainteligente.org\/?s={search_term_string}"},"query-input":{"@type":"PropertyValueSpecification","valueRequired":true,"valueName":"search_term_string"}}],"inLanguage":"es-CO"},{"@type":"Organization","@id":"https:\/\/colombiainteligente.org\/#organization","name":"Colombia Inteligente","url":"https:\/\/colombiainteligente.org\/","logo":{"@type":"ImageObject","inLanguage":"es-CO","@id":"https:\/\/colombiainteligente.org\/#\/schema\/logo\/image\/","url":"https:\/\/colombiainteligente.org\/wp-content\/uploads\/2022\/07\/Image.png","contentUrl":"https:\/\/colombiainteligente.org\/wp-content\/uploads\/2022\/07\/Image.png","width":588,"height":274,"caption":"Colombia Inteligente"},"image":{"@id":"https:\/\/colombiainteligente.org\/#\/schema\/logo\/image\/"},"sameAs":["https:\/\/x.com\/colombiaintelig","https:\/\/www.linkedin.com\/company\/colombiainteligente\/"]}]}},"_links":{"self":[{"href":"https:\/\/colombiainteligente.org\/es_co\/wp-json\/wp\/v2\/product\/1474","targetHints":{"allow":["GET"]}}],"collection":[{"href":"https:\/\/colombiainteligente.org\/es_co\/wp-json\/wp\/v2\/product"}],"about":[{"href":"https:\/\/colombiainteligente.org\/es_co\/wp-json\/wp\/v2\/types\/product"}],"replies":[{"embeddable":true,"href":"https:\/\/colombiainteligente.org\/es_co\/wp-json\/wp\/v2\/comments?post=1474"}],"wp:featuredmedia":[{"embeddable":true,"href":"https:\/\/colombiainteligente.org\/es_co\/wp-json\/wp\/v2\/media\/1530"}],"wp:attachment":[{"href":"https:\/\/colombiainteligente.org\/es_co\/wp-json\/wp\/v2\/media?parent=1474"}],"wp:term":[{"taxonomy":"product_cat","embeddable":true,"href":"https:\/\/colombiainteligente.org\/es_co\/wp-json\/wp\/v2\/product_cat?post=1474"},{"taxonomy":"product_tag","embeddable":true,"href":"https:\/\/colombiainteligente.org\/es_co\/wp-json\/wp\/v2\/product_tag?post=1474"}],"curies":[{"name":"wp","href":"https:\/\/api.w.org\/{rel}","templated":true}]}}