{"id":1499,"date":"2022-09-13T13:58:23","date_gmt":"2022-09-13T18:58:23","guid":{"rendered":"https:\/\/www.colombiainteligente.org\/producto\/conexion-gd\/"},"modified":"2023-05-19T13:40:10","modified_gmt":"2023-05-19T18:40:10","slug":"conexion-gd","status":"publish","type":"product","link":"https:\/\/colombiainteligente.org\/es_co\/product\/conexion-gd\/","title":{"rendered":"Conexi\u00f3n GD"},"content":{"rendered":"<p>Este Documento busca de habilitar la inserci\u00f3n confiable, segura y \u00e1gil de la generaci\u00f3n distribuida en el Sistema El\u00e9ctrico colombiano considerando t\u00f3picos tecnol\u00f3gicos, normativos, regulatorios de propuestas sectoriales y las lecciones aprendidas de las empresas.<br \/>\nEn este sentido se ha estructurado de la siguiente manera:<br \/>\n1. MECANISMOS DE REMUNERACI\u00d3N DE GENERACI\u00d3N DISTRIBUIDA: contiene la descripci\u00f3n general de los mecanismos para tarifaci\u00f3n de la generaci\u00f3n y una comparaci\u00f3n respecto a su funcionamiento, ventajas y desventajas.<br \/>\n2. REGULACI\u00d3N PARA GENERACI\u00d3N DISTRIBUIDA EN LATINOAMERICA: se realiza un an\u00e1lisis y comparaci\u00f3n entre la experiencia regulatoria en tres pa\u00edses latinoamericanos, Chile, Brasil y M\u00e9xico.<br \/>\n3. REQUERIMIENTOS DE CONEXI\u00d3N DE GENERACI\u00d3N DISTRIBUIDA: contiene una descripci\u00f3n de los requerimientos t\u00e9cnicos para la conexi\u00f3n de generaci\u00f3n distribuida, teniendo en cuenta dos<br \/>\ntendencias normativas, la europea y la estadounidens.<\/p>\n<p>4. LEVANTAMIENTO DE L\u00cdNEA BASE PARA COLOMBIA: descripci\u00f3n de la evoluci\u00f3n en pol\u00edtica p\u00fablica y regulaci\u00f3n en torno a auto y cogeneraci\u00f3n en Colombia.<br \/>\n5. LECCIONES APRENDIDAS: a partir de las experiencias de las empresas participantes en el Grupo de Trabajo Colaborativo se enuncian varias lecciones aprendidas en tres temas, t\u00e9cnicos, regulatorios y de interacci\u00f3n con el usuario.<\/p>\n<p>Diciembre de 2017<\/p>\n<div style=\"text-align:center\" class=\"yasr-auto-insert-visitor\"><\/div>","protected":false},"excerpt":{"rendered":"<p>Referenciamiento: conexi\u00f3n confiable, segura y \u00e1gil de la generaci\u00f3n distribuida<\/p>","protected":false},"featured_media":1540,"comment_status":"open","ping_status":"closed","template":"","meta":{"yasr_overall_rating":0,"yasr_post_is_review":"","yasr_auto_insert_disabled":"","yasr_review_type":""},"product_cat":[38,39],"product_tag":[27],"class_list":["post-1499","product","type-product","status-publish","has-post-thumbnail","hentry","product_cat-habilitar-servicios-descentralizados-flexibles-y-multi-producto","product_cat-recursos-distribuidos","product_tag-aplicaciones-con-servicios"],"yasr_visitor_votes":{"number_of_votes":0,"sum_votes":0,"stars_attributes":{"read_only":false,"span_bottom":false}},"yoast_head":"<!-- This site is optimized with the Yoast SEO plugin v27.3 - https:\/\/yoast.com\/product\/yoast-seo-wordpress\/ -->\n<title>Conexi\u00f3n GD - Colombia Inteligente<\/title>\n<meta name=\"robots\" content=\"index, follow, max-snippet:-1, max-image-preview:large, max-video-preview:-1\" \/>\n<link rel=\"canonical\" href=\"https:\/\/colombiainteligente.org\/es_co\/product\/conexion-gd\/\" \/>\n<meta property=\"og:locale\" content=\"es_ES\" \/>\n<meta property=\"og:type\" content=\"article\" \/>\n<meta property=\"og:title\" content=\"Conexi\u00f3n GD - Colombia Inteligente\" \/>\n<meta property=\"og:description\" content=\"Referenciamiento: conexi\u00f3n confiable, segura y \u00e1gil de la generaci\u00f3n distribuida\" \/>\n<meta property=\"og:url\" content=\"https:\/\/colombiainteligente.org\/es_co\/product\/conexion-gd\/\" \/>\n<meta property=\"og:site_name\" content=\"Colombia Inteligente\" \/>\n<meta property=\"article:modified_time\" content=\"2023-05-19T18:40:10+00:00\" \/>\n<meta property=\"og:image\" content=\"https:\/\/colombiainteligente.org\/wp-content\/uploads\/2022\/09\/Conexio\u0301n-GD.jpg\" \/>\n\t<meta property=\"og:image:width\" content=\"734\" \/>\n\t<meta property=\"og:image:height\" content=\"950\" \/>\n\t<meta property=\"og:image:type\" content=\"image\/jpeg\" \/>\n<meta name=\"twitter:card\" content=\"summary_large_image\" \/>\n<meta name=\"twitter:site\" content=\"@colombiaintelig\" \/>\n<meta name=\"twitter:label1\" content=\"Tiempo estimado de lectura\" \/>\n\t<meta name=\"twitter:data1\" content=\"1 minute\" \/>\n<script type=\"application\/ld+json\" class=\"yoast-schema-graph\">{\"@context\":\"https:\\\/\\\/schema.org\",\"@graph\":[{\"@type\":\"WebPage\",\"@id\":\"https:\\\/\\\/colombiainteligente.org\\\/producto\\\/conexion-gd\\\/\",\"url\":\"https:\\\/\\\/colombiainteligente.org\\\/producto\\\/conexion-gd\\\/\",\"name\":\"Conexi\u00f3n GD - Colombia Inteligente\",\"isPartOf\":{\"@id\":\"https:\\\/\\\/colombiainteligente.org\\\/#website\"},\"primaryImageOfPage\":{\"@id\":\"https:\\\/\\\/colombiainteligente.org\\\/producto\\\/conexion-gd\\\/#primaryimage\"},\"image\":{\"@id\":\"https:\\\/\\\/colombiainteligente.org\\\/producto\\\/conexion-gd\\\/#primaryimage\"},\"thumbnailUrl\":\"https:\\\/\\\/colombiainteligente.org\\\/wp-content\\\/uploads\\\/2022\\\/09\\\/Conexio\u0301n-GD.jpg\",\"datePublished\":\"2022-09-13T18:58:23+00:00\",\"dateModified\":\"2023-05-19T18:40:10+00:00\",\"breadcrumb\":{\"@id\":\"https:\\\/\\\/colombiainteligente.org\\\/producto\\\/conexion-gd\\\/#breadcrumb\"},\"inLanguage\":\"es-CO\",\"potentialAction\":[{\"@type\":\"ReadAction\",\"target\":[\"https:\\\/\\\/colombiainteligente.org\\\/producto\\\/conexion-gd\\\/\"]}]},{\"@type\":\"ImageObject\",\"inLanguage\":\"es-CO\",\"@id\":\"https:\\\/\\\/colombiainteligente.org\\\/producto\\\/conexion-gd\\\/#primaryimage\",\"url\":\"https:\\\/\\\/colombiainteligente.org\\\/wp-content\\\/uploads\\\/2022\\\/09\\\/Conexio\u0301n-GD.jpg\",\"contentUrl\":\"https:\\\/\\\/colombiainteligente.org\\\/wp-content\\\/uploads\\\/2022\\\/09\\\/Conexio\u0301n-GD.jpg\",\"width\":734,\"height\":950,\"caption\":\"Conexio\u0301n GD\"},{\"@type\":\"BreadcrumbList\",\"@id\":\"https:\\\/\\\/colombiainteligente.org\\\/producto\\\/conexion-gd\\\/#breadcrumb\",\"itemListElement\":[{\"@type\":\"ListItem\",\"position\":1,\"name\":\"Portada\",\"item\":\"https:\\\/\\\/colombiainteligente.org\\\/\"},{\"@type\":\"ListItem\",\"position\":2,\"name\":\"Tienda\",\"item\":\"https:\\\/\\\/colombiainteligente.org\\\/tienda\\\/\"},{\"@type\":\"ListItem\",\"position\":3,\"name\":\"Conexi\u00f3n GD\"}]},{\"@type\":\"WebSite\",\"@id\":\"https:\\\/\\\/colombiainteligente.org\\\/#website\",\"url\":\"https:\\\/\\\/colombiainteligente.org\\\/\",\"name\":\"Colombia Inteligente\",\"description\":\"Alianza estrat\u00e9gica, conformada por empresas y entidades, para la inserci\u00f3n integral y eficiente de las redes inteligentes a la infraestructura del sector el\u00e9ctrico colombiano\",\"publisher\":{\"@id\":\"https:\\\/\\\/colombiainteligente.org\\\/#organization\"},\"potentialAction\":[{\"@type\":\"SearchAction\",\"target\":{\"@type\":\"EntryPoint\",\"urlTemplate\":\"https:\\\/\\\/colombiainteligente.org\\\/?s={search_term_string}\"},\"query-input\":{\"@type\":\"PropertyValueSpecification\",\"valueRequired\":true,\"valueName\":\"search_term_string\"}}],\"inLanguage\":\"es-CO\"},{\"@type\":\"Organization\",\"@id\":\"https:\\\/\\\/colombiainteligente.org\\\/#organization\",\"name\":\"Colombia Inteligente\",\"url\":\"https:\\\/\\\/colombiainteligente.org\\\/\",\"logo\":{\"@type\":\"ImageObject\",\"inLanguage\":\"es-CO\",\"@id\":\"https:\\\/\\\/colombiainteligente.org\\\/#\\\/schema\\\/logo\\\/image\\\/\",\"url\":\"https:\\\/\\\/colombiainteligente.org\\\/wp-content\\\/uploads\\\/2022\\\/07\\\/Image.png\",\"contentUrl\":\"https:\\\/\\\/colombiainteligente.org\\\/wp-content\\\/uploads\\\/2022\\\/07\\\/Image.png\",\"width\":588,\"height\":274,\"caption\":\"Colombia Inteligente\"},\"image\":{\"@id\":\"https:\\\/\\\/colombiainteligente.org\\\/#\\\/schema\\\/logo\\\/image\\\/\"},\"sameAs\":[\"https:\\\/\\\/x.com\\\/colombiaintelig\",\"https:\\\/\\\/www.linkedin.com\\\/company\\\/colombiainteligente\\\/\"]}]}<\/script>\n<!-- \/ Yoast SEO plugin. -->","yoast_head_json":{"title":"Conexi\u00f3n GD - Colombia Inteligente","robots":{"index":"index","follow":"follow","max-snippet":"max-snippet:-1","max-image-preview":"max-image-preview:large","max-video-preview":"max-video-preview:-1"},"canonical":"https:\/\/colombiainteligente.org\/es_co\/product\/conexion-gd\/","og_locale":"es_ES","og_type":"article","og_title":"Conexi\u00f3n GD - Colombia Inteligente","og_description":"Referenciamiento: conexi\u00f3n confiable, segura y \u00e1gil de la generaci\u00f3n distribuida","og_url":"https:\/\/colombiainteligente.org\/es_co\/product\/conexion-gd\/","og_site_name":"Colombia Inteligente","article_modified_time":"2023-05-19T18:40:10+00:00","og_image":[{"width":734,"height":950,"url":"https:\/\/colombiainteligente.org\/wp-content\/uploads\/2022\/09\/Conexio\u0301n-GD.jpg","type":"image\/jpeg"}],"twitter_card":"summary_large_image","twitter_site":"@colombiaintelig","twitter_misc":{"Tiempo estimado de lectura":"1 minute"},"schema":{"@context":"https:\/\/schema.org","@graph":[{"@type":"WebPage","@id":"https:\/\/colombiainteligente.org\/producto\/conexion-gd\/","url":"https:\/\/colombiainteligente.org\/producto\/conexion-gd\/","name":"Conexi\u00f3n GD - Colombia Inteligente","isPartOf":{"@id":"https:\/\/colombiainteligente.org\/#website"},"primaryImageOfPage":{"@id":"https:\/\/colombiainteligente.org\/producto\/conexion-gd\/#primaryimage"},"image":{"@id":"https:\/\/colombiainteligente.org\/producto\/conexion-gd\/#primaryimage"},"thumbnailUrl":"https:\/\/colombiainteligente.org\/wp-content\/uploads\/2022\/09\/Conexio\u0301n-GD.jpg","datePublished":"2022-09-13T18:58:23+00:00","dateModified":"2023-05-19T18:40:10+00:00","breadcrumb":{"@id":"https:\/\/colombiainteligente.org\/producto\/conexion-gd\/#breadcrumb"},"inLanguage":"es-CO","potentialAction":[{"@type":"ReadAction","target":["https:\/\/colombiainteligente.org\/producto\/conexion-gd\/"]}]},{"@type":"ImageObject","inLanguage":"es-CO","@id":"https:\/\/colombiainteligente.org\/producto\/conexion-gd\/#primaryimage","url":"https:\/\/colombiainteligente.org\/wp-content\/uploads\/2022\/09\/Conexio\u0301n-GD.jpg","contentUrl":"https:\/\/colombiainteligente.org\/wp-content\/uploads\/2022\/09\/Conexio\u0301n-GD.jpg","width":734,"height":950,"caption":"Conexio\u0301n GD"},{"@type":"BreadcrumbList","@id":"https:\/\/colombiainteligente.org\/producto\/conexion-gd\/#breadcrumb","itemListElement":[{"@type":"ListItem","position":1,"name":"Portada","item":"https:\/\/colombiainteligente.org\/"},{"@type":"ListItem","position":2,"name":"Tienda","item":"https:\/\/colombiainteligente.org\/tienda\/"},{"@type":"ListItem","position":3,"name":"Conexi\u00f3n GD"}]},{"@type":"WebSite","@id":"https:\/\/colombiainteligente.org\/#website","url":"https:\/\/colombiainteligente.org\/","name":"Colombia Inteligente","description":"Alianza estrat\u00e9gica, conformada por empresas y entidades, para la inserci\u00f3n integral y eficiente de las redes inteligentes a la infraestructura del sector el\u00e9ctrico colombiano","publisher":{"@id":"https:\/\/colombiainteligente.org\/#organization"},"potentialAction":[{"@type":"SearchAction","target":{"@type":"EntryPoint","urlTemplate":"https:\/\/colombiainteligente.org\/?s={search_term_string}"},"query-input":{"@type":"PropertyValueSpecification","valueRequired":true,"valueName":"search_term_string"}}],"inLanguage":"es-CO"},{"@type":"Organization","@id":"https:\/\/colombiainteligente.org\/#organization","name":"Colombia Inteligente","url":"https:\/\/colombiainteligente.org\/","logo":{"@type":"ImageObject","inLanguage":"es-CO","@id":"https:\/\/colombiainteligente.org\/#\/schema\/logo\/image\/","url":"https:\/\/colombiainteligente.org\/wp-content\/uploads\/2022\/07\/Image.png","contentUrl":"https:\/\/colombiainteligente.org\/wp-content\/uploads\/2022\/07\/Image.png","width":588,"height":274,"caption":"Colombia Inteligente"},"image":{"@id":"https:\/\/colombiainteligente.org\/#\/schema\/logo\/image\/"},"sameAs":["https:\/\/x.com\/colombiaintelig","https:\/\/www.linkedin.com\/company\/colombiainteligente\/"]}]}},"_links":{"self":[{"href":"https:\/\/colombiainteligente.org\/es_co\/wp-json\/wp\/v2\/product\/1499","targetHints":{"allow":["GET"]}}],"collection":[{"href":"https:\/\/colombiainteligente.org\/es_co\/wp-json\/wp\/v2\/product"}],"about":[{"href":"https:\/\/colombiainteligente.org\/es_co\/wp-json\/wp\/v2\/types\/product"}],"replies":[{"embeddable":true,"href":"https:\/\/colombiainteligente.org\/es_co\/wp-json\/wp\/v2\/comments?post=1499"}],"wp:featuredmedia":[{"embeddable":true,"href":"https:\/\/colombiainteligente.org\/es_co\/wp-json\/wp\/v2\/media\/1540"}],"wp:attachment":[{"href":"https:\/\/colombiainteligente.org\/es_co\/wp-json\/wp\/v2\/media?parent=1499"}],"wp:term":[{"taxonomy":"product_cat","embeddable":true,"href":"https:\/\/colombiainteligente.org\/es_co\/wp-json\/wp\/v2\/product_cat?post=1499"},{"taxonomy":"product_tag","embeddable":true,"href":"https:\/\/colombiainteligente.org\/es_co\/wp-json\/wp\/v2\/product_tag?post=1499"}],"curies":[{"name":"wp","href":"https:\/\/api.w.org\/{rel}","templated":true}]}}