{"id":1502,"date":"2022-09-13T13:58:23","date_gmt":"2022-09-13T18:58:23","guid":{"rendered":"https:\/\/www.colombiainteligente.org\/producto\/der-indicadores\/"},"modified":"2023-05-10T15:23:37","modified_gmt":"2023-05-10T20:23:37","slug":"der-indicadores","status":"publish","type":"product","link":"https:\/\/colombiainteligente.org\/es_co\/product\/der-indicadores\/","title":{"rendered":"DER-Indicadores"},"content":{"rendered":"<p>Los Recursos Energ\u00e9ticos Distribuidos, DER por sus siglas en ingl\u00e9s, entendidos como recursos energ\u00e9ticos gestionables de baja capacidad para el suministro, almacenamiento o consumo, conectados en los sistemas de distribuci\u00f3n o en las instalaciones de uso final. Este tipo de recursos puede participar de forma activa en los servicios del sistema el\u00e9ctrico y pueden ser gestionados por un \u00fanico agente; algunos ejemplos de DER son las fuentes primarias dedicadas a la autogeneraci\u00f3n y generaci\u00f3n distribuida, el almacenamiento de energ\u00eda, los veh\u00edculos y las cargas el\u00e9ctricos controlables.<br \/>\nDurante d\u00e9cadas los sistemas el\u00e9ctricos se expandieron bajo soluciones convencionales de grandes sistemas de generaci\u00f3n y transmisi\u00f3n para suministrar grandes bloques de energ\u00eda, con flujos<br \/>\nunidireccionales de energ\u00eda y un papel pasivo del usuario ubicado al final de la cadena productiva. Sin embargo, junto con la industrializaci\u00f3n, la electrificaci\u00f3n y la evoluci\u00f3n tecnol\u00f3gica de los procesos, se han desarrollado nuevas tecnolog\u00edas energ\u00e9ticas cercanas a las zonas de consumo. De esta manera, la disponibilidad de tecnolog\u00edas en la capacidad de producir energ\u00eda de forma costo-eficiente a menor escala, con recursos energ\u00e9ticos disponibles en lugares cercanos al usuario final; acompa\u00f1ada con el avance en tecnolog\u00edas de la informaci\u00f3n y las telecomunicaciones, as\u00ed como capacidades en procesamiento y uso de la informaci\u00f3n, est\u00e1n transformando la estructura de los sistemas, basados en tres principios fundamentales, la descentralizaci\u00f3n gracias a la integraci\u00f3n de los DER, la digitalizaci\u00f3n derivada de las tecnolog\u00edas de la informaci\u00f3n, y la diversificaci\u00f3n de la fuentes de suministro de energ\u00eda.<br \/>\nDe acuerdo con lo anterior, en este documento se focaliza en aquellos recursos energ\u00e9ticos distribuidos, como la autogeneraci\u00f3n y generaci\u00f3n distribuida, el almacenamiento de energ\u00eda, la respuesta de la demanda y los veh\u00edculos el\u00e9ctricos que bajo el contexto actual del sistema el\u00e9ctrico colombiano acelerar\u00edan la transformaci\u00f3n del sector. Adem\u00e1s, se consideran otras tendencias tecnol\u00f3gicas transversales, como la automatizaci\u00f3n de la red, la infraestructura de medici\u00f3n avanzada, las microrredes y nuevos modelos de negocio que se conciben como catalizadores para acelerar el desarrollo eficiente e integraci\u00f3n de los DER .<\/p>\n<p>Julio de 2019<\/p>\n<div style=\"text-align:center\" class=\"yasr-auto-insert-visitor\"><\/div>","protected":false},"excerpt":{"rendered":"<p>Indicadores de seguimiento: integraci\u00f3n de recursos energ\u00e9ticos distribuidos<\/p>","protected":false},"featured_media":1548,"comment_status":"open","ping_status":"closed","template":"","meta":{"yasr_overall_rating":0,"yasr_post_is_review":"","yasr_auto_insert_disabled":"","yasr_review_type":""},"product_cat":[38,39],"product_tag":[43],"class_list":["post-1502","product","type-product","status-publish","has-post-thumbnail","hentry","product_cat-habilitar-servicios-descentralizados-flexibles-y-multi-producto","product_cat-recursos-distribuidos","product_tag-aplicaciones-escalables"],"yasr_visitor_votes":{"number_of_votes":0,"sum_votes":0,"stars_attributes":{"read_only":false,"span_bottom":false}},"yoast_head":"<!-- This site is optimized with the Yoast SEO plugin v27.3 - https:\/\/yoast.com\/product\/yoast-seo-wordpress\/ -->\n<title>DER-Indicadores - Colombia Inteligente<\/title>\n<meta name=\"robots\" content=\"index, follow, max-snippet:-1, max-image-preview:large, max-video-preview:-1\" \/>\n<link rel=\"canonical\" href=\"https:\/\/colombiainteligente.org\/es_co\/product\/der-indicadores\/\" \/>\n<meta property=\"og:locale\" content=\"es_ES\" \/>\n<meta property=\"og:type\" content=\"article\" \/>\n<meta property=\"og:title\" content=\"DER-Indicadores - Colombia Inteligente\" \/>\n<meta property=\"og:description\" content=\"Indicadores de seguimiento: integraci\u00f3n de recursos energ\u00e9ticos distribuidos\" \/>\n<meta property=\"og:url\" content=\"https:\/\/colombiainteligente.org\/es_co\/product\/der-indicadores\/\" \/>\n<meta property=\"og:site_name\" content=\"Colombia Inteligente\" \/>\n<meta property=\"article:modified_time\" content=\"2023-05-10T20:23:37+00:00\" \/>\n<meta property=\"og:image\" content=\"https:\/\/colombiainteligente.org\/wp-content\/uploads\/2022\/09\/DER-Indicadores.jpg\" \/>\n\t<meta property=\"og:image:width\" content=\"426\" \/>\n\t<meta property=\"og:image:height\" content=\"548\" \/>\n\t<meta property=\"og:image:type\" content=\"image\/jpeg\" \/>\n<meta name=\"twitter:card\" content=\"summary_large_image\" \/>\n<meta name=\"twitter:site\" content=\"@colombiaintelig\" \/>\n<meta name=\"twitter:label1\" content=\"Tiempo estimado de lectura\" \/>\n\t<meta name=\"twitter:data1\" content=\"2 minutes\" \/>\n<script type=\"application\/ld+json\" class=\"yoast-schema-graph\">{\"@context\":\"https:\\\/\\\/schema.org\",\"@graph\":[{\"@type\":\"WebPage\",\"@id\":\"https:\\\/\\\/colombiainteligente.org\\\/producto\\\/der-indicadores\\\/\",\"url\":\"https:\\\/\\\/colombiainteligente.org\\\/producto\\\/der-indicadores\\\/\",\"name\":\"DER-Indicadores - Colombia Inteligente\",\"isPartOf\":{\"@id\":\"https:\\\/\\\/colombiainteligente.org\\\/#website\"},\"primaryImageOfPage\":{\"@id\":\"https:\\\/\\\/colombiainteligente.org\\\/producto\\\/der-indicadores\\\/#primaryimage\"},\"image\":{\"@id\":\"https:\\\/\\\/colombiainteligente.org\\\/producto\\\/der-indicadores\\\/#primaryimage\"},\"thumbnailUrl\":\"https:\\\/\\\/colombiainteligente.org\\\/wp-content\\\/uploads\\\/2022\\\/09\\\/DER-Indicadores.jpg\",\"datePublished\":\"2022-09-13T18:58:23+00:00\",\"dateModified\":\"2023-05-10T20:23:37+00:00\",\"breadcrumb\":{\"@id\":\"https:\\\/\\\/colombiainteligente.org\\\/producto\\\/der-indicadores\\\/#breadcrumb\"},\"inLanguage\":\"es-CO\",\"potentialAction\":[{\"@type\":\"ReadAction\",\"target\":[\"https:\\\/\\\/colombiainteligente.org\\\/producto\\\/der-indicadores\\\/\"]}]},{\"@type\":\"ImageObject\",\"inLanguage\":\"es-CO\",\"@id\":\"https:\\\/\\\/colombiainteligente.org\\\/producto\\\/der-indicadores\\\/#primaryimage\",\"url\":\"https:\\\/\\\/colombiainteligente.org\\\/wp-content\\\/uploads\\\/2022\\\/09\\\/DER-Indicadores.jpg\",\"contentUrl\":\"https:\\\/\\\/colombiainteligente.org\\\/wp-content\\\/uploads\\\/2022\\\/09\\\/DER-Indicadores.jpg\",\"width\":426,\"height\":548,\"caption\":\"DER-Indicadores\"},{\"@type\":\"BreadcrumbList\",\"@id\":\"https:\\\/\\\/colombiainteligente.org\\\/producto\\\/der-indicadores\\\/#breadcrumb\",\"itemListElement\":[{\"@type\":\"ListItem\",\"position\":1,\"name\":\"Portada\",\"item\":\"https:\\\/\\\/colombiainteligente.org\\\/\"},{\"@type\":\"ListItem\",\"position\":2,\"name\":\"Tienda\",\"item\":\"https:\\\/\\\/colombiainteligente.org\\\/tienda\\\/\"},{\"@type\":\"ListItem\",\"position\":3,\"name\":\"DER-Indicadores\"}]},{\"@type\":\"WebSite\",\"@id\":\"https:\\\/\\\/colombiainteligente.org\\\/#website\",\"url\":\"https:\\\/\\\/colombiainteligente.org\\\/\",\"name\":\"Colombia Inteligente\",\"description\":\"Alianza estrat\u00e9gica, conformada por empresas y entidades, para la inserci\u00f3n integral y eficiente de las redes inteligentes a la infraestructura del sector el\u00e9ctrico colombiano\",\"publisher\":{\"@id\":\"https:\\\/\\\/colombiainteligente.org\\\/#organization\"},\"potentialAction\":[{\"@type\":\"SearchAction\",\"target\":{\"@type\":\"EntryPoint\",\"urlTemplate\":\"https:\\\/\\\/colombiainteligente.org\\\/?s={search_term_string}\"},\"query-input\":{\"@type\":\"PropertyValueSpecification\",\"valueRequired\":true,\"valueName\":\"search_term_string\"}}],\"inLanguage\":\"es-CO\"},{\"@type\":\"Organization\",\"@id\":\"https:\\\/\\\/colombiainteligente.org\\\/#organization\",\"name\":\"Colombia Inteligente\",\"url\":\"https:\\\/\\\/colombiainteligente.org\\\/\",\"logo\":{\"@type\":\"ImageObject\",\"inLanguage\":\"es-CO\",\"@id\":\"https:\\\/\\\/colombiainteligente.org\\\/#\\\/schema\\\/logo\\\/image\\\/\",\"url\":\"https:\\\/\\\/colombiainteligente.org\\\/wp-content\\\/uploads\\\/2022\\\/07\\\/Image.png\",\"contentUrl\":\"https:\\\/\\\/colombiainteligente.org\\\/wp-content\\\/uploads\\\/2022\\\/07\\\/Image.png\",\"width\":588,\"height\":274,\"caption\":\"Colombia Inteligente\"},\"image\":{\"@id\":\"https:\\\/\\\/colombiainteligente.org\\\/#\\\/schema\\\/logo\\\/image\\\/\"},\"sameAs\":[\"https:\\\/\\\/x.com\\\/colombiaintelig\",\"https:\\\/\\\/www.linkedin.com\\\/company\\\/colombiainteligente\\\/\"]}]}<\/script>\n<!-- \/ Yoast SEO plugin. -->","yoast_head_json":{"title":"DER-Indicadores - Colombia Inteligente","robots":{"index":"index","follow":"follow","max-snippet":"max-snippet:-1","max-image-preview":"max-image-preview:large","max-video-preview":"max-video-preview:-1"},"canonical":"https:\/\/colombiainteligente.org\/es_co\/product\/der-indicadores\/","og_locale":"es_ES","og_type":"article","og_title":"DER-Indicadores - Colombia Inteligente","og_description":"Indicadores de seguimiento: integraci\u00f3n de recursos energ\u00e9ticos distribuidos","og_url":"https:\/\/colombiainteligente.org\/es_co\/product\/der-indicadores\/","og_site_name":"Colombia Inteligente","article_modified_time":"2023-05-10T20:23:37+00:00","og_image":[{"width":426,"height":548,"url":"https:\/\/colombiainteligente.org\/wp-content\/uploads\/2022\/09\/DER-Indicadores.jpg","type":"image\/jpeg"}],"twitter_card":"summary_large_image","twitter_site":"@colombiaintelig","twitter_misc":{"Tiempo estimado de lectura":"2 minutes"},"schema":{"@context":"https:\/\/schema.org","@graph":[{"@type":"WebPage","@id":"https:\/\/colombiainteligente.org\/producto\/der-indicadores\/","url":"https:\/\/colombiainteligente.org\/producto\/der-indicadores\/","name":"DER-Indicadores - Colombia Inteligente","isPartOf":{"@id":"https:\/\/colombiainteligente.org\/#website"},"primaryImageOfPage":{"@id":"https:\/\/colombiainteligente.org\/producto\/der-indicadores\/#primaryimage"},"image":{"@id":"https:\/\/colombiainteligente.org\/producto\/der-indicadores\/#primaryimage"},"thumbnailUrl":"https:\/\/colombiainteligente.org\/wp-content\/uploads\/2022\/09\/DER-Indicadores.jpg","datePublished":"2022-09-13T18:58:23+00:00","dateModified":"2023-05-10T20:23:37+00:00","breadcrumb":{"@id":"https:\/\/colombiainteligente.org\/producto\/der-indicadores\/#breadcrumb"},"inLanguage":"es-CO","potentialAction":[{"@type":"ReadAction","target":["https:\/\/colombiainteligente.org\/producto\/der-indicadores\/"]}]},{"@type":"ImageObject","inLanguage":"es-CO","@id":"https:\/\/colombiainteligente.org\/producto\/der-indicadores\/#primaryimage","url":"https:\/\/colombiainteligente.org\/wp-content\/uploads\/2022\/09\/DER-Indicadores.jpg","contentUrl":"https:\/\/colombiainteligente.org\/wp-content\/uploads\/2022\/09\/DER-Indicadores.jpg","width":426,"height":548,"caption":"DER-Indicadores"},{"@type":"BreadcrumbList","@id":"https:\/\/colombiainteligente.org\/producto\/der-indicadores\/#breadcrumb","itemListElement":[{"@type":"ListItem","position":1,"name":"Portada","item":"https:\/\/colombiainteligente.org\/"},{"@type":"ListItem","position":2,"name":"Tienda","item":"https:\/\/colombiainteligente.org\/tienda\/"},{"@type":"ListItem","position":3,"name":"DER-Indicadores"}]},{"@type":"WebSite","@id":"https:\/\/colombiainteligente.org\/#website","url":"https:\/\/colombiainteligente.org\/","name":"Colombia Inteligente","description":"Alianza estrat\u00e9gica, conformada por empresas y entidades, para la inserci\u00f3n integral y eficiente de las redes inteligentes a la infraestructura del sector el\u00e9ctrico colombiano","publisher":{"@id":"https:\/\/colombiainteligente.org\/#organization"},"potentialAction":[{"@type":"SearchAction","target":{"@type":"EntryPoint","urlTemplate":"https:\/\/colombiainteligente.org\/?s={search_term_string}"},"query-input":{"@type":"PropertyValueSpecification","valueRequired":true,"valueName":"search_term_string"}}],"inLanguage":"es-CO"},{"@type":"Organization","@id":"https:\/\/colombiainteligente.org\/#organization","name":"Colombia Inteligente","url":"https:\/\/colombiainteligente.org\/","logo":{"@type":"ImageObject","inLanguage":"es-CO","@id":"https:\/\/colombiainteligente.org\/#\/schema\/logo\/image\/","url":"https:\/\/colombiainteligente.org\/wp-content\/uploads\/2022\/07\/Image.png","contentUrl":"https:\/\/colombiainteligente.org\/wp-content\/uploads\/2022\/07\/Image.png","width":588,"height":274,"caption":"Colombia Inteligente"},"image":{"@id":"https:\/\/colombiainteligente.org\/#\/schema\/logo\/image\/"},"sameAs":["https:\/\/x.com\/colombiaintelig","https:\/\/www.linkedin.com\/company\/colombiainteligente\/"]}]}},"_links":{"self":[{"href":"https:\/\/colombiainteligente.org\/es_co\/wp-json\/wp\/v2\/product\/1502","targetHints":{"allow":["GET"]}}],"collection":[{"href":"https:\/\/colombiainteligente.org\/es_co\/wp-json\/wp\/v2\/product"}],"about":[{"href":"https:\/\/colombiainteligente.org\/es_co\/wp-json\/wp\/v2\/types\/product"}],"replies":[{"embeddable":true,"href":"https:\/\/colombiainteligente.org\/es_co\/wp-json\/wp\/v2\/comments?post=1502"}],"wp:featuredmedia":[{"embeddable":true,"href":"https:\/\/colombiainteligente.org\/es_co\/wp-json\/wp\/v2\/media\/1548"}],"wp:attachment":[{"href":"https:\/\/colombiainteligente.org\/es_co\/wp-json\/wp\/v2\/media?parent=1502"}],"wp:term":[{"taxonomy":"product_cat","embeddable":true,"href":"https:\/\/colombiainteligente.org\/es_co\/wp-json\/wp\/v2\/product_cat?post=1502"},{"taxonomy":"product_tag","embeddable":true,"href":"https:\/\/colombiainteligente.org\/es_co\/wp-json\/wp\/v2\/product_tag?post=1502"}],"curies":[{"name":"wp","href":"https:\/\/api.w.org\/{rel}","templated":true}]}}