{"id":1503,"date":"2022-09-13T13:58:23","date_gmt":"2022-09-13T18:58:23","guid":{"rendered":"https:\/\/www.colombiainteligente.org\/producto\/integracion-der\/"},"modified":"2024-01-16T12:10:48","modified_gmt":"2024-01-16T17:10:48","slug":"integracion-der","status":"publish","type":"product","link":"https:\/\/colombiainteligente.org\/es_co\/product\/integracion-der\/","title":{"rendered":"Recursos Energ\u00e9ticos Distribuidos: Acciones para su integraci\u00f3n"},"content":{"rendered":"<p>Este documento tiene como objetivo brindar lineamientos estrat\u00e9gicos para la integraci\u00f3n de los recursos energ\u00e9ticos distribuidos al sector el\u00e9ctrico colombiano, a partir del referenciamiento y lecciones aprendidas de los Grupos de Trabajo Colaborativo de la Iniciativa Colombia Inteligente.<\/p>\n<p>En este contexto, dicho documento est\u00e1 estructurado en 5 secciones, las cuales compilan los resultados de los productos publicados por la Iniciativa entre 2017 y 2018 en las tendencias tecnol\u00f3gicas asociadas a la integraci\u00f3n de recursos energ\u00e9ticos distribuidos (DER, por sus siglas en ingl\u00e9s):<\/p>\n<ol>\n<li>Catalizadores DER: Esta secci\u00f3n incluye recomendaciones\u00a0 y acciones en tem\u00e1ticas que se consideran catalizadores o aceleradores para la integraci\u00f3n de los DER, tales como la automatizaci\u00f3n de la red, la ciberseguridad, interoperabilidad y gobernanza de datos, la infraestructura de medici\u00f3n avanzada, la microrredes y la generaci\u00f3n de nuevos modelos de negocio en el sector el\u00e9ctrico.<\/li>\n<li>Respuesta de la demanda<\/li>\n<li>Autogeneraci\u00f3n \/ generaci\u00f3n distribuida<\/li>\n<li>Almacenamiento de energ\u00eda<\/li>\n<li>Veh\u00edculos el\u00e9ctricos<\/li>\n<\/ol>\n<p>Para cada una de las tendencias mencionada (numerales 2, 3 y 4) se presenta una descripci\u00f3n y una contextualizaci\u00f3n tecnol\u00f3gica, un resumen de los avances en el pa\u00eds y los lineamientos estrat\u00e9gicos construidos por la iniciativa. Dichos lineamientos obedecen al an\u00e1lisis de las experiencias y lecciones aprendidas a nivel nacional e internacional, recopiladas con herramientas de vigilancia tecnol\u00f3gica a trav\u00e9s de referenciamientos. Este documento actualiza el documento publicado en el 2019 donde se consolidaron los resultados de los productos publicados por Colombia Inteligente 2017-2018, y se incluyeron las actividades realizadas por la organizaci\u00f3n del 2019 a la fecha respecto a las tendencias tecnol\u00f3gicas asociadas a la integraci\u00f3n de los DER.<\/p>\n<p>Abril de 2020<\/p>\n<div style=\"text-align:center\" class=\"yasr-auto-insert-visitor\"><\/div>","protected":false},"excerpt":{"rendered":"<p>Acciones para su integraci\u00f3n: recursos energ\u00e9ticos distribuidos<\/p>","protected":false},"featured_media":1556,"comment_status":"open","ping_status":"closed","template":"","meta":{"yasr_overall_rating":0,"yasr_post_is_review":"","yasr_auto_insert_disabled":"","yasr_review_type":""},"product_cat":[38,39],"product_tag":[43],"class_list":["post-1503","product","type-product","status-publish","has-post-thumbnail","hentry","product_cat-habilitar-servicios-descentralizados-flexibles-y-multi-producto","product_cat-recursos-distribuidos","product_tag-aplicaciones-escalables"],"yasr_visitor_votes":{"number_of_votes":0,"sum_votes":0,"stars_attributes":{"read_only":false,"span_bottom":false}},"yoast_head":"<!-- This site is optimized with the Yoast SEO plugin v27.3 - https:\/\/yoast.com\/product\/yoast-seo-wordpress\/ -->\n<title>Recursos Energ\u00e9ticos Distribuidos: Acciones para su integraci\u00f3n - Colombia Inteligente<\/title>\n<meta name=\"robots\" content=\"index, follow, max-snippet:-1, max-image-preview:large, max-video-preview:-1\" \/>\n<link rel=\"canonical\" href=\"https:\/\/colombiainteligente.org\/es_co\/product\/integracion-der\/\" \/>\n<meta property=\"og:locale\" content=\"es_ES\" \/>\n<meta property=\"og:type\" content=\"article\" \/>\n<meta property=\"og:title\" content=\"Recursos Energ\u00e9ticos Distribuidos: Acciones para su integraci\u00f3n - Colombia Inteligente\" \/>\n<meta property=\"og:description\" content=\"Acciones para su integraci\u00f3n: recursos energ\u00e9ticos distribuidos\" \/>\n<meta property=\"og:url\" content=\"https:\/\/colombiainteligente.org\/es_co\/product\/integracion-der\/\" \/>\n<meta property=\"og:site_name\" content=\"Colombia Inteligente\" \/>\n<meta property=\"article:modified_time\" content=\"2024-01-16T17:10:48+00:00\" \/>\n<meta property=\"og:image\" content=\"https:\/\/colombiainteligente.org\/wp-content\/uploads\/2022\/09\/Integracio\u0301n-DER-.jpg\" \/>\n\t<meta property=\"og:image:width\" content=\"608\" \/>\n\t<meta property=\"og:image:height\" content=\"786\" \/>\n\t<meta property=\"og:image:type\" content=\"image\/jpeg\" \/>\n<meta name=\"twitter:card\" content=\"summary_large_image\" \/>\n<meta name=\"twitter:site\" content=\"@colombiaintelig\" \/>\n<meta name=\"twitter:label1\" content=\"Tiempo estimado de lectura\" \/>\n\t<meta name=\"twitter:data1\" content=\"2 minutes\" \/>\n<script type=\"application\/ld+json\" class=\"yoast-schema-graph\">{\"@context\":\"https:\\\/\\\/schema.org\",\"@graph\":[{\"@type\":\"WebPage\",\"@id\":\"https:\\\/\\\/colombiainteligente.org\\\/producto\\\/integracion-der\\\/\",\"url\":\"https:\\\/\\\/colombiainteligente.org\\\/producto\\\/integracion-der\\\/\",\"name\":\"Recursos Energ\u00e9ticos Distribuidos: Acciones para su integraci\u00f3n - Colombia Inteligente\",\"isPartOf\":{\"@id\":\"https:\\\/\\\/colombiainteligente.org\\\/#website\"},\"primaryImageOfPage\":{\"@id\":\"https:\\\/\\\/colombiainteligente.org\\\/producto\\\/integracion-der\\\/#primaryimage\"},\"image\":{\"@id\":\"https:\\\/\\\/colombiainteligente.org\\\/producto\\\/integracion-der\\\/#primaryimage\"},\"thumbnailUrl\":\"https:\\\/\\\/colombiainteligente.org\\\/wp-content\\\/uploads\\\/2022\\\/09\\\/Integracio\u0301n-DER-.jpg\",\"datePublished\":\"2022-09-13T18:58:23+00:00\",\"dateModified\":\"2024-01-16T17:10:48+00:00\",\"breadcrumb\":{\"@id\":\"https:\\\/\\\/colombiainteligente.org\\\/producto\\\/integracion-der\\\/#breadcrumb\"},\"inLanguage\":\"es-CO\",\"potentialAction\":[{\"@type\":\"ReadAction\",\"target\":[\"https:\\\/\\\/colombiainteligente.org\\\/producto\\\/integracion-der\\\/\"]}]},{\"@type\":\"ImageObject\",\"inLanguage\":\"es-CO\",\"@id\":\"https:\\\/\\\/colombiainteligente.org\\\/producto\\\/integracion-der\\\/#primaryimage\",\"url\":\"https:\\\/\\\/colombiainteligente.org\\\/wp-content\\\/uploads\\\/2022\\\/09\\\/Integracio\u0301n-DER-.jpg\",\"contentUrl\":\"https:\\\/\\\/colombiainteligente.org\\\/wp-content\\\/uploads\\\/2022\\\/09\\\/Integracio\u0301n-DER-.jpg\",\"width\":608,\"height\":786,\"caption\":\"Integracio\u0301n DER\"},{\"@type\":\"BreadcrumbList\",\"@id\":\"https:\\\/\\\/colombiainteligente.org\\\/producto\\\/integracion-der\\\/#breadcrumb\",\"itemListElement\":[{\"@type\":\"ListItem\",\"position\":1,\"name\":\"Portada\",\"item\":\"https:\\\/\\\/colombiainteligente.org\\\/\"},{\"@type\":\"ListItem\",\"position\":2,\"name\":\"Tienda\",\"item\":\"https:\\\/\\\/colombiainteligente.org\\\/tienda\\\/\"},{\"@type\":\"ListItem\",\"position\":3,\"name\":\"Recursos Energ\u00e9ticos Distribuidos: Acciones para su integraci\u00f3n\"}]},{\"@type\":\"WebSite\",\"@id\":\"https:\\\/\\\/colombiainteligente.org\\\/#website\",\"url\":\"https:\\\/\\\/colombiainteligente.org\\\/\",\"name\":\"Colombia Inteligente\",\"description\":\"Alianza estrat\u00e9gica, conformada por empresas y entidades, para la inserci\u00f3n integral y eficiente de las redes inteligentes a la infraestructura del sector el\u00e9ctrico colombiano\",\"publisher\":{\"@id\":\"https:\\\/\\\/colombiainteligente.org\\\/#organization\"},\"potentialAction\":[{\"@type\":\"SearchAction\",\"target\":{\"@type\":\"EntryPoint\",\"urlTemplate\":\"https:\\\/\\\/colombiainteligente.org\\\/?s={search_term_string}\"},\"query-input\":{\"@type\":\"PropertyValueSpecification\",\"valueRequired\":true,\"valueName\":\"search_term_string\"}}],\"inLanguage\":\"es-CO\"},{\"@type\":\"Organization\",\"@id\":\"https:\\\/\\\/colombiainteligente.org\\\/#organization\",\"name\":\"Colombia Inteligente\",\"url\":\"https:\\\/\\\/colombiainteligente.org\\\/\",\"logo\":{\"@type\":\"ImageObject\",\"inLanguage\":\"es-CO\",\"@id\":\"https:\\\/\\\/colombiainteligente.org\\\/#\\\/schema\\\/logo\\\/image\\\/\",\"url\":\"https:\\\/\\\/colombiainteligente.org\\\/wp-content\\\/uploads\\\/2022\\\/07\\\/Image.png\",\"contentUrl\":\"https:\\\/\\\/colombiainteligente.org\\\/wp-content\\\/uploads\\\/2022\\\/07\\\/Image.png\",\"width\":588,\"height\":274,\"caption\":\"Colombia Inteligente\"},\"image\":{\"@id\":\"https:\\\/\\\/colombiainteligente.org\\\/#\\\/schema\\\/logo\\\/image\\\/\"},\"sameAs\":[\"https:\\\/\\\/x.com\\\/colombiaintelig\",\"https:\\\/\\\/www.linkedin.com\\\/company\\\/colombiainteligente\\\/\"]}]}<\/script>\n<!-- \/ Yoast SEO plugin. -->","yoast_head_json":{"title":"Recursos Energ\u00e9ticos Distribuidos: Acciones para su integraci\u00f3n - Colombia Inteligente","robots":{"index":"index","follow":"follow","max-snippet":"max-snippet:-1","max-image-preview":"max-image-preview:large","max-video-preview":"max-video-preview:-1"},"canonical":"https:\/\/colombiainteligente.org\/es_co\/product\/integracion-der\/","og_locale":"es_ES","og_type":"article","og_title":"Recursos Energ\u00e9ticos Distribuidos: Acciones para su integraci\u00f3n - Colombia Inteligente","og_description":"Acciones para su integraci\u00f3n: recursos energ\u00e9ticos distribuidos","og_url":"https:\/\/colombiainteligente.org\/es_co\/product\/integracion-der\/","og_site_name":"Colombia Inteligente","article_modified_time":"2024-01-16T17:10:48+00:00","og_image":[{"width":608,"height":786,"url":"https:\/\/colombiainteligente.org\/wp-content\/uploads\/2022\/09\/Integracio\u0301n-DER-.jpg","type":"image\/jpeg"}],"twitter_card":"summary_large_image","twitter_site":"@colombiaintelig","twitter_misc":{"Tiempo estimado de lectura":"2 minutes"},"schema":{"@context":"https:\/\/schema.org","@graph":[{"@type":"WebPage","@id":"https:\/\/colombiainteligente.org\/producto\/integracion-der\/","url":"https:\/\/colombiainteligente.org\/producto\/integracion-der\/","name":"Recursos Energ\u00e9ticos Distribuidos: Acciones para su integraci\u00f3n - Colombia Inteligente","isPartOf":{"@id":"https:\/\/colombiainteligente.org\/#website"},"primaryImageOfPage":{"@id":"https:\/\/colombiainteligente.org\/producto\/integracion-der\/#primaryimage"},"image":{"@id":"https:\/\/colombiainteligente.org\/producto\/integracion-der\/#primaryimage"},"thumbnailUrl":"https:\/\/colombiainteligente.org\/wp-content\/uploads\/2022\/09\/Integracio\u0301n-DER-.jpg","datePublished":"2022-09-13T18:58:23+00:00","dateModified":"2024-01-16T17:10:48+00:00","breadcrumb":{"@id":"https:\/\/colombiainteligente.org\/producto\/integracion-der\/#breadcrumb"},"inLanguage":"es-CO","potentialAction":[{"@type":"ReadAction","target":["https:\/\/colombiainteligente.org\/producto\/integracion-der\/"]}]},{"@type":"ImageObject","inLanguage":"es-CO","@id":"https:\/\/colombiainteligente.org\/producto\/integracion-der\/#primaryimage","url":"https:\/\/colombiainteligente.org\/wp-content\/uploads\/2022\/09\/Integracio\u0301n-DER-.jpg","contentUrl":"https:\/\/colombiainteligente.org\/wp-content\/uploads\/2022\/09\/Integracio\u0301n-DER-.jpg","width":608,"height":786,"caption":"Integracio\u0301n DER"},{"@type":"BreadcrumbList","@id":"https:\/\/colombiainteligente.org\/producto\/integracion-der\/#breadcrumb","itemListElement":[{"@type":"ListItem","position":1,"name":"Portada","item":"https:\/\/colombiainteligente.org\/"},{"@type":"ListItem","position":2,"name":"Tienda","item":"https:\/\/colombiainteligente.org\/tienda\/"},{"@type":"ListItem","position":3,"name":"Recursos Energ\u00e9ticos Distribuidos: Acciones para su integraci\u00f3n"}]},{"@type":"WebSite","@id":"https:\/\/colombiainteligente.org\/#website","url":"https:\/\/colombiainteligente.org\/","name":"Colombia Inteligente","description":"Alianza estrat\u00e9gica, conformada por empresas y entidades, para la inserci\u00f3n integral y eficiente de las redes inteligentes a la infraestructura del sector el\u00e9ctrico colombiano","publisher":{"@id":"https:\/\/colombiainteligente.org\/#organization"},"potentialAction":[{"@type":"SearchAction","target":{"@type":"EntryPoint","urlTemplate":"https:\/\/colombiainteligente.org\/?s={search_term_string}"},"query-input":{"@type":"PropertyValueSpecification","valueRequired":true,"valueName":"search_term_string"}}],"inLanguage":"es-CO"},{"@type":"Organization","@id":"https:\/\/colombiainteligente.org\/#organization","name":"Colombia Inteligente","url":"https:\/\/colombiainteligente.org\/","logo":{"@type":"ImageObject","inLanguage":"es-CO","@id":"https:\/\/colombiainteligente.org\/#\/schema\/logo\/image\/","url":"https:\/\/colombiainteligente.org\/wp-content\/uploads\/2022\/07\/Image.png","contentUrl":"https:\/\/colombiainteligente.org\/wp-content\/uploads\/2022\/07\/Image.png","width":588,"height":274,"caption":"Colombia Inteligente"},"image":{"@id":"https:\/\/colombiainteligente.org\/#\/schema\/logo\/image\/"},"sameAs":["https:\/\/x.com\/colombiaintelig","https:\/\/www.linkedin.com\/company\/colombiainteligente\/"]}]}},"_links":{"self":[{"href":"https:\/\/colombiainteligente.org\/es_co\/wp-json\/wp\/v2\/product\/1503","targetHints":{"allow":["GET"]}}],"collection":[{"href":"https:\/\/colombiainteligente.org\/es_co\/wp-json\/wp\/v2\/product"}],"about":[{"href":"https:\/\/colombiainteligente.org\/es_co\/wp-json\/wp\/v2\/types\/product"}],"replies":[{"embeddable":true,"href":"https:\/\/colombiainteligente.org\/es_co\/wp-json\/wp\/v2\/comments?post=1503"}],"wp:featuredmedia":[{"embeddable":true,"href":"https:\/\/colombiainteligente.org\/es_co\/wp-json\/wp\/v2\/media\/1556"}],"wp:attachment":[{"href":"https:\/\/colombiainteligente.org\/es_co\/wp-json\/wp\/v2\/media?parent=1503"}],"wp:term":[{"taxonomy":"product_cat","embeddable":true,"href":"https:\/\/colombiainteligente.org\/es_co\/wp-json\/wp\/v2\/product_cat?post=1503"},{"taxonomy":"product_tag","embeddable":true,"href":"https:\/\/colombiainteligente.org\/es_co\/wp-json\/wp\/v2\/product_tag?post=1503"}],"curies":[{"name":"wp","href":"https:\/\/api.w.org\/{rel}","templated":true}]}}