{"id":1510,"date":"2022-09-13T13:58:24","date_gmt":"2022-09-13T18:58:24","guid":{"rendered":"https:\/\/www.colombiainteligente.org\/producto\/vehiculos-electricos\/"},"modified":"2023-05-17T09:47:44","modified_gmt":"2023-05-17T14:47:44","slug":"vehiculos-electricos","status":"publish","type":"product","link":"https:\/\/colombiainteligente.org\/es_co\/product\/vehiculos-electricos\/","title":{"rendered":"Veh\u00edculos El\u00e9ctricos"},"content":{"rendered":"<p>Este documento tiene como objetivo realizar un referenciamiento que permita obtener informaci\u00f3n relevante de car\u00e1cter nacional e internacional, para construir lineamientos estrat\u00e9gicos en busca de la inserci\u00f3n confiable, segura y \u00e1gil de los veh\u00edculos el\u00e9ctricos (VE) en el sistema colombiano, en respuesta a retos tecnol\u00f3gicos, normativos y regulatorios.<br \/>\nEn este sentido se ha estructurado de la siguiente manera:<br \/>\n1. CARACTERIZACI\u00d3N INFRAESTRUCTURA: Se describe el desarrollo hist\u00f3rico de los veh\u00edculos el\u00e9ctricos, acompa\u00f1ado de la proyecci\u00f3n de desarrollo en los pr\u00f3ximos a\u00f1os. Adem\u00e1s, se realiza<br \/>\nuna caracterizaci\u00f3n de los sistemas utilizados para la recarga de los veh\u00edculos en t\u00e9rminos del modo y tipo de carga de acuerdo con est\u00e1ndares internacionales.<br \/>\n2. EST\u00c1NDARES DE CONEXI\u00d3N DE VE: Identificaci\u00f3n de est\u00e1ndares y su nivel de implementaci\u00f3n para la comunicaci\u00f3n, conexi\u00f3n y requerimientos de seguridad para la inserci\u00f3n de los veh\u00edculos<br \/>\nel\u00e9ctricos.<br \/>\n3. T\u00d3PICOS PARA LA INTEGRACI\u00d3N AL SISTEMA EL\u00c9CTRICO: Presentaci\u00f3n de algunos t\u00f3picos que pueden ser aceleradores para la integraci\u00f3n de los veh\u00edculos el\u00e9ctricos como la planeaci\u00f3n de<br \/>\nlos sistemas el\u00e9ctricos considerando su penetraci\u00f3n, sistemas de carga inteligente y modelos de inversi\u00f3n en infraestructura de recarga.<br \/>\n4. LECCIONES APRENDIDAS: descripci\u00f3n de las lecciones aprendidas a nivel internacional en instalaci\u00f3n de infraestructura de carga.<\/p>\n<p>Enero de 2018<\/p>\n<div style=\"text-align:center\" class=\"yasr-auto-insert-visitor\"><\/div>","protected":false},"excerpt":{"rendered":"<p>Referenciamiento: conexi\u00f3n vehiculos el\u00e9ctricos<\/p>","protected":false},"featured_media":1598,"comment_status":"open","ping_status":"closed","template":"","meta":{"yasr_overall_rating":0,"yasr_post_is_review":"","yasr_auto_insert_disabled":"","yasr_review_type":""},"product_cat":[38,39],"product_tag":[43],"class_list":["post-1510","product","type-product","status-publish","has-post-thumbnail","hentry","product_cat-habilitar-servicios-descentralizados-flexibles-y-multi-producto","product_cat-recursos-distribuidos","product_tag-aplicaciones-escalables"],"yasr_visitor_votes":{"number_of_votes":0,"sum_votes":0,"stars_attributes":{"read_only":false,"span_bottom":false}},"yoast_head":"<!-- This site is optimized with the Yoast SEO plugin v27.3 - https:\/\/yoast.com\/product\/yoast-seo-wordpress\/ -->\n<title>Veh\u00edculos El\u00e9ctricos - Colombia Inteligente<\/title>\n<meta name=\"robots\" content=\"index, follow, max-snippet:-1, max-image-preview:large, max-video-preview:-1\" \/>\n<link rel=\"canonical\" href=\"https:\/\/colombiainteligente.org\/es_co\/product\/vehiculos-electricos\/\" \/>\n<meta property=\"og:locale\" content=\"es_ES\" \/>\n<meta property=\"og:type\" content=\"article\" \/>\n<meta property=\"og:title\" content=\"Veh\u00edculos El\u00e9ctricos - Colombia Inteligente\" \/>\n<meta property=\"og:description\" content=\"Referenciamiento: conexi\u00f3n vehiculos el\u00e9ctricos\" \/>\n<meta property=\"og:url\" content=\"https:\/\/colombiainteligente.org\/es_co\/product\/vehiculos-electricos\/\" \/>\n<meta property=\"og:site_name\" content=\"Colombia Inteligente\" \/>\n<meta property=\"article:modified_time\" content=\"2023-05-17T14:47:44+00:00\" \/>\n<meta property=\"og:image\" content=\"https:\/\/colombiainteligente.org\/wp-content\/uploads\/2022\/09\/Vehi\u0301culos-Ele\u0301ctricos.jpg\" \/>\n\t<meta property=\"og:image:width\" content=\"408\" \/>\n\t<meta property=\"og:image:height\" content=\"526\" \/>\n\t<meta property=\"og:image:type\" content=\"image\/jpeg\" \/>\n<meta name=\"twitter:card\" content=\"summary_large_image\" \/>\n<meta name=\"twitter:site\" content=\"@colombiaintelig\" \/>\n<meta name=\"twitter:label1\" content=\"Tiempo estimado de lectura\" \/>\n\t<meta name=\"twitter:data1\" content=\"1 minute\" \/>\n<script type=\"application\/ld+json\" class=\"yoast-schema-graph\">{\"@context\":\"https:\\\/\\\/schema.org\",\"@graph\":[{\"@type\":\"WebPage\",\"@id\":\"https:\\\/\\\/colombiainteligente.org\\\/producto\\\/vehiculos-electricos\\\/\",\"url\":\"https:\\\/\\\/colombiainteligente.org\\\/producto\\\/vehiculos-electricos\\\/\",\"name\":\"Veh\u00edculos El\u00e9ctricos - Colombia Inteligente\",\"isPartOf\":{\"@id\":\"https:\\\/\\\/colombiainteligente.org\\\/#website\"},\"primaryImageOfPage\":{\"@id\":\"https:\\\/\\\/colombiainteligente.org\\\/producto\\\/vehiculos-electricos\\\/#primaryimage\"},\"image\":{\"@id\":\"https:\\\/\\\/colombiainteligente.org\\\/producto\\\/vehiculos-electricos\\\/#primaryimage\"},\"thumbnailUrl\":\"https:\\\/\\\/colombiainteligente.org\\\/wp-content\\\/uploads\\\/2022\\\/09\\\/Vehi\u0301culos-Ele\u0301ctricos.jpg\",\"datePublished\":\"2022-09-13T18:58:24+00:00\",\"dateModified\":\"2023-05-17T14:47:44+00:00\",\"breadcrumb\":{\"@id\":\"https:\\\/\\\/colombiainteligente.org\\\/producto\\\/vehiculos-electricos\\\/#breadcrumb\"},\"inLanguage\":\"es-CO\",\"potentialAction\":[{\"@type\":\"ReadAction\",\"target\":[\"https:\\\/\\\/colombiainteligente.org\\\/producto\\\/vehiculos-electricos\\\/\"]}]},{\"@type\":\"ImageObject\",\"inLanguage\":\"es-CO\",\"@id\":\"https:\\\/\\\/colombiainteligente.org\\\/producto\\\/vehiculos-electricos\\\/#primaryimage\",\"url\":\"https:\\\/\\\/colombiainteligente.org\\\/wp-content\\\/uploads\\\/2022\\\/09\\\/Vehi\u0301culos-Ele\u0301ctricos.jpg\",\"contentUrl\":\"https:\\\/\\\/colombiainteligente.org\\\/wp-content\\\/uploads\\\/2022\\\/09\\\/Vehi\u0301culos-Ele\u0301ctricos.jpg\",\"width\":408,\"height\":526,\"caption\":\"Vehi\u0301culos Ele\u0301ctricos\"},{\"@type\":\"BreadcrumbList\",\"@id\":\"https:\\\/\\\/colombiainteligente.org\\\/producto\\\/vehiculos-electricos\\\/#breadcrumb\",\"itemListElement\":[{\"@type\":\"ListItem\",\"position\":1,\"name\":\"Portada\",\"item\":\"https:\\\/\\\/colombiainteligente.org\\\/\"},{\"@type\":\"ListItem\",\"position\":2,\"name\":\"Tienda\",\"item\":\"https:\\\/\\\/colombiainteligente.org\\\/tienda\\\/\"},{\"@type\":\"ListItem\",\"position\":3,\"name\":\"Veh\u00edculos El\u00e9ctricos\"}]},{\"@type\":\"WebSite\",\"@id\":\"https:\\\/\\\/colombiainteligente.org\\\/#website\",\"url\":\"https:\\\/\\\/colombiainteligente.org\\\/\",\"name\":\"Colombia Inteligente\",\"description\":\"Alianza estrat\u00e9gica, conformada por empresas y entidades, para la inserci\u00f3n integral y eficiente de las redes inteligentes a la infraestructura del sector el\u00e9ctrico colombiano\",\"publisher\":{\"@id\":\"https:\\\/\\\/colombiainteligente.org\\\/#organization\"},\"potentialAction\":[{\"@type\":\"SearchAction\",\"target\":{\"@type\":\"EntryPoint\",\"urlTemplate\":\"https:\\\/\\\/colombiainteligente.org\\\/?s={search_term_string}\"},\"query-input\":{\"@type\":\"PropertyValueSpecification\",\"valueRequired\":true,\"valueName\":\"search_term_string\"}}],\"inLanguage\":\"es-CO\"},{\"@type\":\"Organization\",\"@id\":\"https:\\\/\\\/colombiainteligente.org\\\/#organization\",\"name\":\"Colombia Inteligente\",\"url\":\"https:\\\/\\\/colombiainteligente.org\\\/\",\"logo\":{\"@type\":\"ImageObject\",\"inLanguage\":\"es-CO\",\"@id\":\"https:\\\/\\\/colombiainteligente.org\\\/#\\\/schema\\\/logo\\\/image\\\/\",\"url\":\"https:\\\/\\\/colombiainteligente.org\\\/wp-content\\\/uploads\\\/2022\\\/07\\\/Image.png\",\"contentUrl\":\"https:\\\/\\\/colombiainteligente.org\\\/wp-content\\\/uploads\\\/2022\\\/07\\\/Image.png\",\"width\":588,\"height\":274,\"caption\":\"Colombia Inteligente\"},\"image\":{\"@id\":\"https:\\\/\\\/colombiainteligente.org\\\/#\\\/schema\\\/logo\\\/image\\\/\"},\"sameAs\":[\"https:\\\/\\\/x.com\\\/colombiaintelig\",\"https:\\\/\\\/www.linkedin.com\\\/company\\\/colombiainteligente\\\/\"]}]}<\/script>\n<!-- \/ Yoast SEO plugin. -->","yoast_head_json":{"title":"Veh\u00edculos El\u00e9ctricos - Colombia Inteligente","robots":{"index":"index","follow":"follow","max-snippet":"max-snippet:-1","max-image-preview":"max-image-preview:large","max-video-preview":"max-video-preview:-1"},"canonical":"https:\/\/colombiainteligente.org\/es_co\/product\/vehiculos-electricos\/","og_locale":"es_ES","og_type":"article","og_title":"Veh\u00edculos El\u00e9ctricos - Colombia Inteligente","og_description":"Referenciamiento: conexi\u00f3n vehiculos el\u00e9ctricos","og_url":"https:\/\/colombiainteligente.org\/es_co\/product\/vehiculos-electricos\/","og_site_name":"Colombia Inteligente","article_modified_time":"2023-05-17T14:47:44+00:00","og_image":[{"width":408,"height":526,"url":"https:\/\/colombiainteligente.org\/wp-content\/uploads\/2022\/09\/Vehi\u0301culos-Ele\u0301ctricos.jpg","type":"image\/jpeg"}],"twitter_card":"summary_large_image","twitter_site":"@colombiaintelig","twitter_misc":{"Tiempo estimado de lectura":"1 minute"},"schema":{"@context":"https:\/\/schema.org","@graph":[{"@type":"WebPage","@id":"https:\/\/colombiainteligente.org\/producto\/vehiculos-electricos\/","url":"https:\/\/colombiainteligente.org\/producto\/vehiculos-electricos\/","name":"Veh\u00edculos El\u00e9ctricos - Colombia Inteligente","isPartOf":{"@id":"https:\/\/colombiainteligente.org\/#website"},"primaryImageOfPage":{"@id":"https:\/\/colombiainteligente.org\/producto\/vehiculos-electricos\/#primaryimage"},"image":{"@id":"https:\/\/colombiainteligente.org\/producto\/vehiculos-electricos\/#primaryimage"},"thumbnailUrl":"https:\/\/colombiainteligente.org\/wp-content\/uploads\/2022\/09\/Vehi\u0301culos-Ele\u0301ctricos.jpg","datePublished":"2022-09-13T18:58:24+00:00","dateModified":"2023-05-17T14:47:44+00:00","breadcrumb":{"@id":"https:\/\/colombiainteligente.org\/producto\/vehiculos-electricos\/#breadcrumb"},"inLanguage":"es-CO","potentialAction":[{"@type":"ReadAction","target":["https:\/\/colombiainteligente.org\/producto\/vehiculos-electricos\/"]}]},{"@type":"ImageObject","inLanguage":"es-CO","@id":"https:\/\/colombiainteligente.org\/producto\/vehiculos-electricos\/#primaryimage","url":"https:\/\/colombiainteligente.org\/wp-content\/uploads\/2022\/09\/Vehi\u0301culos-Ele\u0301ctricos.jpg","contentUrl":"https:\/\/colombiainteligente.org\/wp-content\/uploads\/2022\/09\/Vehi\u0301culos-Ele\u0301ctricos.jpg","width":408,"height":526,"caption":"Vehi\u0301culos Ele\u0301ctricos"},{"@type":"BreadcrumbList","@id":"https:\/\/colombiainteligente.org\/producto\/vehiculos-electricos\/#breadcrumb","itemListElement":[{"@type":"ListItem","position":1,"name":"Portada","item":"https:\/\/colombiainteligente.org\/"},{"@type":"ListItem","position":2,"name":"Tienda","item":"https:\/\/colombiainteligente.org\/tienda\/"},{"@type":"ListItem","position":3,"name":"Veh\u00edculos El\u00e9ctricos"}]},{"@type":"WebSite","@id":"https:\/\/colombiainteligente.org\/#website","url":"https:\/\/colombiainteligente.org\/","name":"Colombia Inteligente","description":"Alianza estrat\u00e9gica, conformada por empresas y entidades, para la inserci\u00f3n integral y eficiente de las redes inteligentes a la infraestructura del sector el\u00e9ctrico colombiano","publisher":{"@id":"https:\/\/colombiainteligente.org\/#organization"},"potentialAction":[{"@type":"SearchAction","target":{"@type":"EntryPoint","urlTemplate":"https:\/\/colombiainteligente.org\/?s={search_term_string}"},"query-input":{"@type":"PropertyValueSpecification","valueRequired":true,"valueName":"search_term_string"}}],"inLanguage":"es-CO"},{"@type":"Organization","@id":"https:\/\/colombiainteligente.org\/#organization","name":"Colombia Inteligente","url":"https:\/\/colombiainteligente.org\/","logo":{"@type":"ImageObject","inLanguage":"es-CO","@id":"https:\/\/colombiainteligente.org\/#\/schema\/logo\/image\/","url":"https:\/\/colombiainteligente.org\/wp-content\/uploads\/2022\/07\/Image.png","contentUrl":"https:\/\/colombiainteligente.org\/wp-content\/uploads\/2022\/07\/Image.png","width":588,"height":274,"caption":"Colombia Inteligente"},"image":{"@id":"https:\/\/colombiainteligente.org\/#\/schema\/logo\/image\/"},"sameAs":["https:\/\/x.com\/colombiaintelig","https:\/\/www.linkedin.com\/company\/colombiainteligente\/"]}]}},"_links":{"self":[{"href":"https:\/\/colombiainteligente.org\/es_co\/wp-json\/wp\/v2\/product\/1510","targetHints":{"allow":["GET"]}}],"collection":[{"href":"https:\/\/colombiainteligente.org\/es_co\/wp-json\/wp\/v2\/product"}],"about":[{"href":"https:\/\/colombiainteligente.org\/es_co\/wp-json\/wp\/v2\/types\/product"}],"replies":[{"embeddable":true,"href":"https:\/\/colombiainteligente.org\/es_co\/wp-json\/wp\/v2\/comments?post=1510"}],"wp:featuredmedia":[{"embeddable":true,"href":"https:\/\/colombiainteligente.org\/es_co\/wp-json\/wp\/v2\/media\/1598"}],"wp:attachment":[{"href":"https:\/\/colombiainteligente.org\/es_co\/wp-json\/wp\/v2\/media?parent=1510"}],"wp:term":[{"taxonomy":"product_cat","embeddable":true,"href":"https:\/\/colombiainteligente.org\/es_co\/wp-json\/wp\/v2\/product_cat?post=1510"},{"taxonomy":"product_tag","embeddable":true,"href":"https:\/\/colombiainteligente.org\/es_co\/wp-json\/wp\/v2\/product_tag?post=1510"}],"curies":[{"name":"wp","href":"https:\/\/api.w.org\/{rel}","templated":true}]}}