{"id":27928,"date":"2023-01-30T08:34:43","date_gmt":"2023-01-30T13:34:43","guid":{"rendered":"https:\/\/colombiainteligente.org\/?post_type=product&#038;p=27928"},"modified":"2024-01-16T12:32:10","modified_gmt":"2024-01-16T17:32:10","slug":"modernizacion-de-la-red-resiliencia-y-automatizacion-avanzada-lineamientos-estrategicos","status":"publish","type":"product","link":"https:\/\/colombiainteligente.org\/es_co\/product\/modernizacion-de-la-red-resiliencia-y-automatizacion-avanzada-lineamientos-estrategicos\/","title":{"rendered":"Modernizaci\u00f3n de la Red &#8211; Resiliencia y Automatizaci\u00f3n Avanzada:  Lineamientos Estrat\u00e9gicos"},"content":{"rendered":"<p>Este documento identifica las tendencias de la modernizaci\u00f3n y transformaci\u00f3n de las redes el\u00e9ctricas, la digitalizaci\u00f3n, la resiliencia y la automatizaci\u00f3n avanzada del sector el\u00e9ctrico que permitan construir los lineamientos estrat\u00e9gicos para el pa\u00eds. El documento cuenta con la siguiente estructura:<\/p>\n<ol>\n<li><strong>MODERNIZACI\u00d3N DE LA RED:<\/strong> En esta secci\u00f3n se plantea como llegar a una red automatizada integrando plataformas, servicios y soluciones como son lo son el Sistema Avanzado de Gesti\u00f3n de Distribuci\u00f3n, Advanced Distribution Management System -ADMS, por su sigla en ingl\u00e9s, y el Sistema de Gesti\u00f3n de interrupciones, Outage Management System -OMS, por su sigla en ingl\u00e9s. Adem\u00e1s, con la integraci\u00f3n y el Interfuncionamiento con el SCADA de distribuci\u00f3n D-SCADA y con las Aplicaciones Avanzadas \u2013 Advanced Apps, se logra llegar hacia una red Automatizada y Avanzada, donde no solo se tiene en cuenta los operadores de red, sino a los prosumidores que har\u00e1n parte de esta gran red.<\/li>\n<li><strong>LECCIONES APRENDIDAS A NIVEL INTERNACIONAL:<\/strong> Aqu\u00ed se toman en cuenta varios proyectos a nivel internacional, se describen, se analizan y se extraen de cada uno de ellos las lecciones a prendidas de estas implementaciones.<\/li>\n<li><strong>CASO COLOMBIA:<\/strong> Para el caso de Colombia, se identificaron experiencias en torno a la modernizaci\u00f3n, y se realiz\u00f3 un an\u00e1lisis de brechas a nivel de pol\u00edtica p\u00fablica y regulaci\u00f3n, t\u00e9cnicas y tecnol\u00f3gicas, y organizacionales para identificar acciones para la fomentar la resiliencia y automatizaci\u00f3n avanzada de la red en el pa\u00eds. Adem\u00e1s, se realiz\u00f3 un ejercicio referencial para el contexto colombiano donde se analiza el proceso de la planificaci\u00f3n de resiliencia.<\/li>\n<li><strong>ACCIONES PARA LA MODERNIZACI\u00d3N DE LA RED:<\/strong> Para la modernizaci\u00f3n de la red se realiz\u00f3 un an\u00e1lisis de las mejores pr\u00e1cticas y experiencias internacionales para el cierre de brechas identificadas a nivel del sector el\u00e9ctrico colombiano.<\/li>\n<\/ol>\n<p>\nDiciembre de 2021<\/p>\n<div style=\"text-align:center\" class=\"yasr-auto-insert-visitor\"><\/div>","protected":false},"excerpt":{"rendered":"<p>Modernizaci\u00f3n de la Red &#8211; Resiliencia y Automatizaci\u00f3n Avanzada: Lineamientos Estrat\u00e9gicos<\/p>","protected":false},"featured_media":27674,"comment_status":"open","ping_status":"closed","template":"","meta":{"yasr_overall_rating":0,"yasr_post_is_review":"","yasr_auto_insert_disabled":"","yasr_review_type":""},"product_cat":[39,40],"product_tag":[25],"class_list":["post-27928","product","type-product","status-publish","has-post-thumbnail","hentry","product_cat-recursos-distribuidos","product_cat-tecnicas-servicios-transaccionales","product_tag-aplicaciones-focales"],"yasr_visitor_votes":{"number_of_votes":0,"sum_votes":0,"stars_attributes":{"read_only":false,"span_bottom":false}},"yoast_head":"<!-- This site is optimized with the Yoast SEO plugin v27.3 - https:\/\/yoast.com\/product\/yoast-seo-wordpress\/ -->\n<title>Modernizaci\u00f3n de la Red - Resiliencia y Automatizaci\u00f3n Avanzada: Lineamientos Estrat\u00e9gicos - Colombia Inteligente<\/title>\n<meta name=\"robots\" content=\"index, follow, max-snippet:-1, max-image-preview:large, max-video-preview:-1\" \/>\n<link rel=\"canonical\" href=\"https:\/\/colombiainteligente.org\/es_co\/product\/modernizacion-de-la-red-resiliencia-y-automatizacion-avanzada-lineamientos-estrategicos\/\" \/>\n<meta property=\"og:locale\" content=\"es_ES\" \/>\n<meta property=\"og:type\" content=\"article\" \/>\n<meta property=\"og:title\" content=\"Modernizaci\u00f3n de la Red - Resiliencia y Automatizaci\u00f3n Avanzada: Lineamientos Estrat\u00e9gicos - Colombia Inteligente\" \/>\n<meta property=\"og:description\" content=\"Modernizaci\u00f3n de la Red - Resiliencia y Automatizaci\u00f3n Avanzada: Lineamientos Estrat\u00e9gicos\" \/>\n<meta property=\"og:url\" content=\"https:\/\/colombiainteligente.org\/es_co\/product\/modernizacion-de-la-red-resiliencia-y-automatizacion-avanzada-lineamientos-estrategicos\/\" \/>\n<meta property=\"og:site_name\" content=\"Colombia Inteligente\" \/>\n<meta property=\"article:modified_time\" content=\"2024-01-16T17:32:10+00:00\" \/>\n<meta property=\"og:image\" content=\"https:\/\/colombiainteligente.org\/wp-content\/uploads\/2023\/01\/Lin-metricas-modernizacion.png\" \/>\n\t<meta property=\"og:image:width\" content=\"408\" \/>\n\t<meta property=\"og:image:height\" content=\"528\" \/>\n\t<meta property=\"og:image:type\" content=\"image\/png\" \/>\n<meta name=\"twitter:card\" content=\"summary_large_image\" \/>\n<meta name=\"twitter:site\" content=\"@colombiaintelig\" \/>\n<meta name=\"twitter:label1\" content=\"Tiempo estimado de lectura\" \/>\n\t<meta name=\"twitter:data1\" content=\"2 minutes\" \/>\n<script type=\"application\/ld+json\" class=\"yoast-schema-graph\">{\"@context\":\"https:\\\/\\\/schema.org\",\"@graph\":[{\"@type\":\"WebPage\",\"@id\":\"https:\\\/\\\/colombiainteligente.org\\\/producto\\\/modernizacion-de-la-red-resiliencia-y-automatizacion-avanzada-lineamientos-estrategicos\\\/\",\"url\":\"https:\\\/\\\/colombiainteligente.org\\\/producto\\\/modernizacion-de-la-red-resiliencia-y-automatizacion-avanzada-lineamientos-estrategicos\\\/\",\"name\":\"Modernizaci\u00f3n de la Red - Resiliencia y Automatizaci\u00f3n Avanzada: Lineamientos Estrat\u00e9gicos - Colombia Inteligente\",\"isPartOf\":{\"@id\":\"https:\\\/\\\/colombiainteligente.org\\\/#website\"},\"primaryImageOfPage\":{\"@id\":\"https:\\\/\\\/colombiainteligente.org\\\/producto\\\/modernizacion-de-la-red-resiliencia-y-automatizacion-avanzada-lineamientos-estrategicos\\\/#primaryimage\"},\"image\":{\"@id\":\"https:\\\/\\\/colombiainteligente.org\\\/producto\\\/modernizacion-de-la-red-resiliencia-y-automatizacion-avanzada-lineamientos-estrategicos\\\/#primaryimage\"},\"thumbnailUrl\":\"https:\\\/\\\/colombiainteligente.org\\\/wp-content\\\/uploads\\\/2023\\\/01\\\/Lin-metricas-modernizacion.png\",\"datePublished\":\"2023-01-30T13:34:43+00:00\",\"dateModified\":\"2024-01-16T17:32:10+00:00\",\"breadcrumb\":{\"@id\":\"https:\\\/\\\/colombiainteligente.org\\\/producto\\\/modernizacion-de-la-red-resiliencia-y-automatizacion-avanzada-lineamientos-estrategicos\\\/#breadcrumb\"},\"inLanguage\":\"es-CO\",\"potentialAction\":[{\"@type\":\"ReadAction\",\"target\":[\"https:\\\/\\\/colombiainteligente.org\\\/producto\\\/modernizacion-de-la-red-resiliencia-y-automatizacion-avanzada-lineamientos-estrategicos\\\/\"]}]},{\"@type\":\"ImageObject\",\"inLanguage\":\"es-CO\",\"@id\":\"https:\\\/\\\/colombiainteligente.org\\\/producto\\\/modernizacion-de-la-red-resiliencia-y-automatizacion-avanzada-lineamientos-estrategicos\\\/#primaryimage\",\"url\":\"https:\\\/\\\/colombiainteligente.org\\\/wp-content\\\/uploads\\\/2023\\\/01\\\/Lin-metricas-modernizacion.png\",\"contentUrl\":\"https:\\\/\\\/colombiainteligente.org\\\/wp-content\\\/uploads\\\/2023\\\/01\\\/Lin-metricas-modernizacion.png\",\"width\":408,\"height\":528},{\"@type\":\"BreadcrumbList\",\"@id\":\"https:\\\/\\\/colombiainteligente.org\\\/producto\\\/modernizacion-de-la-red-resiliencia-y-automatizacion-avanzada-lineamientos-estrategicos\\\/#breadcrumb\",\"itemListElement\":[{\"@type\":\"ListItem\",\"position\":1,\"name\":\"Portada\",\"item\":\"https:\\\/\\\/colombiainteligente.org\\\/\"},{\"@type\":\"ListItem\",\"position\":2,\"name\":\"Tienda\",\"item\":\"https:\\\/\\\/colombiainteligente.org\\\/tienda\\\/\"},{\"@type\":\"ListItem\",\"position\":3,\"name\":\"Modernizaci\u00f3n de la Red &#8211; Resiliencia y Automatizaci\u00f3n Avanzada: Lineamientos Estrat\u00e9gicos\"}]},{\"@type\":\"WebSite\",\"@id\":\"https:\\\/\\\/colombiainteligente.org\\\/#website\",\"url\":\"https:\\\/\\\/colombiainteligente.org\\\/\",\"name\":\"Colombia Inteligente\",\"description\":\"Alianza estrat\u00e9gica, conformada por empresas y entidades, para la inserci\u00f3n integral y eficiente de las redes inteligentes a la infraestructura del sector el\u00e9ctrico colombiano\",\"publisher\":{\"@id\":\"https:\\\/\\\/colombiainteligente.org\\\/#organization\"},\"potentialAction\":[{\"@type\":\"SearchAction\",\"target\":{\"@type\":\"EntryPoint\",\"urlTemplate\":\"https:\\\/\\\/colombiainteligente.org\\\/?s={search_term_string}\"},\"query-input\":{\"@type\":\"PropertyValueSpecification\",\"valueRequired\":true,\"valueName\":\"search_term_string\"}}],\"inLanguage\":\"es-CO\"},{\"@type\":\"Organization\",\"@id\":\"https:\\\/\\\/colombiainteligente.org\\\/#organization\",\"name\":\"Colombia Inteligente\",\"url\":\"https:\\\/\\\/colombiainteligente.org\\\/\",\"logo\":{\"@type\":\"ImageObject\",\"inLanguage\":\"es-CO\",\"@id\":\"https:\\\/\\\/colombiainteligente.org\\\/#\\\/schema\\\/logo\\\/image\\\/\",\"url\":\"https:\\\/\\\/colombiainteligente.org\\\/wp-content\\\/uploads\\\/2022\\\/07\\\/Image.png\",\"contentUrl\":\"https:\\\/\\\/colombiainteligente.org\\\/wp-content\\\/uploads\\\/2022\\\/07\\\/Image.png\",\"width\":588,\"height\":274,\"caption\":\"Colombia Inteligente\"},\"image\":{\"@id\":\"https:\\\/\\\/colombiainteligente.org\\\/#\\\/schema\\\/logo\\\/image\\\/\"},\"sameAs\":[\"https:\\\/\\\/x.com\\\/colombiaintelig\",\"https:\\\/\\\/www.linkedin.com\\\/company\\\/colombiainteligente\\\/\"]}]}<\/script>\n<!-- \/ Yoast SEO plugin. -->","yoast_head_json":{"title":"Modernizaci\u00f3n de la Red - Resiliencia y Automatizaci\u00f3n Avanzada: Lineamientos Estrat\u00e9gicos - Colombia Inteligente","robots":{"index":"index","follow":"follow","max-snippet":"max-snippet:-1","max-image-preview":"max-image-preview:large","max-video-preview":"max-video-preview:-1"},"canonical":"https:\/\/colombiainteligente.org\/es_co\/product\/modernizacion-de-la-red-resiliencia-y-automatizacion-avanzada-lineamientos-estrategicos\/","og_locale":"es_ES","og_type":"article","og_title":"Modernizaci\u00f3n de la Red - Resiliencia y Automatizaci\u00f3n Avanzada: Lineamientos Estrat\u00e9gicos - Colombia Inteligente","og_description":"Modernizaci\u00f3n de la Red - Resiliencia y Automatizaci\u00f3n Avanzada: Lineamientos Estrat\u00e9gicos","og_url":"https:\/\/colombiainteligente.org\/es_co\/product\/modernizacion-de-la-red-resiliencia-y-automatizacion-avanzada-lineamientos-estrategicos\/","og_site_name":"Colombia Inteligente","article_modified_time":"2024-01-16T17:32:10+00:00","og_image":[{"width":408,"height":528,"url":"https:\/\/colombiainteligente.org\/wp-content\/uploads\/2023\/01\/Lin-metricas-modernizacion.png","type":"image\/png"}],"twitter_card":"summary_large_image","twitter_site":"@colombiaintelig","twitter_misc":{"Tiempo estimado de lectura":"2 minutes"},"schema":{"@context":"https:\/\/schema.org","@graph":[{"@type":"WebPage","@id":"https:\/\/colombiainteligente.org\/producto\/modernizacion-de-la-red-resiliencia-y-automatizacion-avanzada-lineamientos-estrategicos\/","url":"https:\/\/colombiainteligente.org\/producto\/modernizacion-de-la-red-resiliencia-y-automatizacion-avanzada-lineamientos-estrategicos\/","name":"Modernizaci\u00f3n de la Red - Resiliencia y Automatizaci\u00f3n Avanzada: Lineamientos Estrat\u00e9gicos - Colombia Inteligente","isPartOf":{"@id":"https:\/\/colombiainteligente.org\/#website"},"primaryImageOfPage":{"@id":"https:\/\/colombiainteligente.org\/producto\/modernizacion-de-la-red-resiliencia-y-automatizacion-avanzada-lineamientos-estrategicos\/#primaryimage"},"image":{"@id":"https:\/\/colombiainteligente.org\/producto\/modernizacion-de-la-red-resiliencia-y-automatizacion-avanzada-lineamientos-estrategicos\/#primaryimage"},"thumbnailUrl":"https:\/\/colombiainteligente.org\/wp-content\/uploads\/2023\/01\/Lin-metricas-modernizacion.png","datePublished":"2023-01-30T13:34:43+00:00","dateModified":"2024-01-16T17:32:10+00:00","breadcrumb":{"@id":"https:\/\/colombiainteligente.org\/producto\/modernizacion-de-la-red-resiliencia-y-automatizacion-avanzada-lineamientos-estrategicos\/#breadcrumb"},"inLanguage":"es-CO","potentialAction":[{"@type":"ReadAction","target":["https:\/\/colombiainteligente.org\/producto\/modernizacion-de-la-red-resiliencia-y-automatizacion-avanzada-lineamientos-estrategicos\/"]}]},{"@type":"ImageObject","inLanguage":"es-CO","@id":"https:\/\/colombiainteligente.org\/producto\/modernizacion-de-la-red-resiliencia-y-automatizacion-avanzada-lineamientos-estrategicos\/#primaryimage","url":"https:\/\/colombiainteligente.org\/wp-content\/uploads\/2023\/01\/Lin-metricas-modernizacion.png","contentUrl":"https:\/\/colombiainteligente.org\/wp-content\/uploads\/2023\/01\/Lin-metricas-modernizacion.png","width":408,"height":528},{"@type":"BreadcrumbList","@id":"https:\/\/colombiainteligente.org\/producto\/modernizacion-de-la-red-resiliencia-y-automatizacion-avanzada-lineamientos-estrategicos\/#breadcrumb","itemListElement":[{"@type":"ListItem","position":1,"name":"Portada","item":"https:\/\/colombiainteligente.org\/"},{"@type":"ListItem","position":2,"name":"Tienda","item":"https:\/\/colombiainteligente.org\/tienda\/"},{"@type":"ListItem","position":3,"name":"Modernizaci\u00f3n de la Red &#8211; Resiliencia y Automatizaci\u00f3n Avanzada: Lineamientos Estrat\u00e9gicos"}]},{"@type":"WebSite","@id":"https:\/\/colombiainteligente.org\/#website","url":"https:\/\/colombiainteligente.org\/","name":"Colombia Inteligente","description":"Alianza estrat\u00e9gica, conformada por empresas y entidades, para la inserci\u00f3n integral y eficiente de las redes inteligentes a la infraestructura del sector el\u00e9ctrico colombiano","publisher":{"@id":"https:\/\/colombiainteligente.org\/#organization"},"potentialAction":[{"@type":"SearchAction","target":{"@type":"EntryPoint","urlTemplate":"https:\/\/colombiainteligente.org\/?s={search_term_string}"},"query-input":{"@type":"PropertyValueSpecification","valueRequired":true,"valueName":"search_term_string"}}],"inLanguage":"es-CO"},{"@type":"Organization","@id":"https:\/\/colombiainteligente.org\/#organization","name":"Colombia Inteligente","url":"https:\/\/colombiainteligente.org\/","logo":{"@type":"ImageObject","inLanguage":"es-CO","@id":"https:\/\/colombiainteligente.org\/#\/schema\/logo\/image\/","url":"https:\/\/colombiainteligente.org\/wp-content\/uploads\/2022\/07\/Image.png","contentUrl":"https:\/\/colombiainteligente.org\/wp-content\/uploads\/2022\/07\/Image.png","width":588,"height":274,"caption":"Colombia Inteligente"},"image":{"@id":"https:\/\/colombiainteligente.org\/#\/schema\/logo\/image\/"},"sameAs":["https:\/\/x.com\/colombiaintelig","https:\/\/www.linkedin.com\/company\/colombiainteligente\/"]}]}},"_links":{"self":[{"href":"https:\/\/colombiainteligente.org\/es_co\/wp-json\/wp\/v2\/product\/27928","targetHints":{"allow":["GET"]}}],"collection":[{"href":"https:\/\/colombiainteligente.org\/es_co\/wp-json\/wp\/v2\/product"}],"about":[{"href":"https:\/\/colombiainteligente.org\/es_co\/wp-json\/wp\/v2\/types\/product"}],"replies":[{"embeddable":true,"href":"https:\/\/colombiainteligente.org\/es_co\/wp-json\/wp\/v2\/comments?post=27928"}],"wp:featuredmedia":[{"embeddable":true,"href":"https:\/\/colombiainteligente.org\/es_co\/wp-json\/wp\/v2\/media\/27674"}],"wp:attachment":[{"href":"https:\/\/colombiainteligente.org\/es_co\/wp-json\/wp\/v2\/media?parent=27928"}],"wp:term":[{"taxonomy":"product_cat","embeddable":true,"href":"https:\/\/colombiainteligente.org\/es_co\/wp-json\/wp\/v2\/product_cat?post=27928"},{"taxonomy":"product_tag","embeddable":true,"href":"https:\/\/colombiainteligente.org\/es_co\/wp-json\/wp\/v2\/product_tag?post=27928"}],"curies":[{"name":"wp","href":"https:\/\/api.w.org\/{rel}","templated":true}]}}