{"id":28327,"date":"2023-01-31T17:43:09","date_gmt":"2023-01-31T22:43:09","guid":{"rendered":"https:\/\/colombiainteligente.org\/?post_type=product&#038;p=28327"},"modified":"2024-01-16T10:43:48","modified_gmt":"2024-01-16T15:43:48","slug":"informe-de-gestion-2018","status":"publish","type":"product","link":"https:\/\/colombiainteligente.org\/es_co\/product\/informe-de-gestion-2018\/","title":{"rendered":"Informe de Gesti\u00f3n  2018"},"content":{"rendered":"<p><strong>MENSAJE DEL PRESIDENTE COLOMBIA INTELIGENTE<\/strong><\/p>\n<p>Un caluroso saludo para todos:<\/p>\n<p>Es muy gratificante para m\u00ed y para todo el equipo de trabajo, presentar a ustedes este informe de gesti\u00f3n del a\u00f1o 2018 de nuestra organizaci\u00f3n Colombia Inteligente, considerando el \u00e9nfasis que le hemos dado desde la reevaluaci\u00f3n de la planeaci\u00f3n estrat\u00e9gica realizada en 2016 y los ejes de trabajo definidos, que nos permiten buscar, entre otros, el cumplimiento de nuestro principal objetivo: ser un arquitecto estrat\u00e9gico que promueve el desarrollo integral y eficiente de los sistemas inteligentes en Colombia para contribuir al acceso universal de la energ\u00eda, a una participaci\u00f3n activa de los ciudadanos, la productividad, la competitividad y el desarrollo sostenible del sector el\u00e9ctrico y del pa\u00eds.<\/p>\n<p>Este informe describir\u00e1 inicialmente nuestros principios y objetivos, as\u00ed como un detalle de nuestro equipo de trabajo, miembros del Comit\u00e9 Directivo e integrantes de los diferentes grupos de trabajo colaborativo, a quienes extiendo mis m\u00e1s sinceros agradecimientos por su apoyo, disposici\u00f3n y compromiso para alcanzar los excelentes resultados en los objetivos trazados.<\/p>\n<p>Se presentar\u00e1n tambi\u00e9n los diferentes proyectos emprendidos y desarrollados durante el 2018 as\u00ed como los indicadores implementados para el seguimiento de su ejecuci\u00f3n. Como aspecto importante se destaca la encuesta de satisfacci\u00f3n de nuestros miembros, realizada para identificar los aspectos que se deben fortalecer y garantizar el desarrollo del plan de acci\u00f3n de Colombia Inteligente y el mejoramiento continuo de nuestra organizaci\u00f3n. Cabe anotar que la informaci\u00f3n registrada permiti\u00f3 identificar insumos relevantes para la preparaci\u00f3n de los lineamientos del plan de acci\u00f3n 2019.<\/p>\n<p>Resaltamos tambi\u00e9n que la gesti\u00f3n de Colombia Inteligente est\u00e1 orientada a cuatro l\u00edneas estrat\u00e9gicas:<\/p>\n<ul>\n<li>La generaci\u00f3n de conocimiento,<\/li>\n<li>El desarrollo de proyectos tecnol\u00f3gicos,<\/li>\n<li>El fortalecimiento sectorial, y<\/li>\n<li>La sostenibilidad organizacional.<\/li>\n<\/ul>\n<p>Las diferentes actividades y proyectos que se desarrollaron e iniciaron incluso algunas desde hace cerca de 2 a\u00f1os, estuvieron alineadas con los ejes de trabajo planteados \u2794 Transformaci\u00f3n del sistema el\u00e9ctrico, usuario inteligente y decisiones robustas y oportunas.<\/p>\n<p>Destaco el cumplimiento de los diferentes cronogramas y resalto adem\u00e1s el valioso apoyo del Ministerio de Minas y Energ\u00eda, la UPME, la CREG y la SSPD.<\/p>\n<p>Es nuestro inter\u00e9s para el a\u00f1o 2019 continuar avanzando en el desarrollo de los proyectos y dem\u00e1s iniciativas establecidas y otras que pudieran resultar, con el enfoque claro de la estrategia planteada.<\/p>\n<p>Es pues un placer compartir con ustedes este informe, esperamos encuentren en \u00e9l la informaci\u00f3n suficiente para conocer y disfrutar la gesti\u00f3n realizada y los resultados obtenidos, ratificamos nuestro compromiso para continuar aportando y trabajando siempre por una Colombia Inteligente y comprometida con la sociedad para la inserci\u00f3n integral y eficiente de los sistemas inteligentes a la infraestructura del sector el\u00e9ctrico colombiano.<\/p>\n<p>Gracias por su inter\u00e9s y apoyo.<\/p>\n<p><strong>JAIME ALEJANDRO ZAPATA URIBE\u00a0<\/strong><\/p>\n<p>Presidente Comit\u00e9 Directivo Colombia Inteligente.<\/p>\n<p> Enero 2019<\/p>\n<div style=\"text-align:center\" class=\"yasr-auto-insert-visitor\"><\/div>","protected":false},"excerpt":{"rendered":"<p>Informe de Gesti\u00f3n 2018<\/p>","protected":false},"featured_media":28338,"comment_status":"open","ping_status":"closed","template":"","meta":{"yasr_overall_rating":0,"yasr_post_is_review":"","yasr_auto_insert_disabled":"","yasr_review_type":""},"product_cat":[74],"product_tag":[73],"class_list":["post-28327","product","type-product","status-publish","has-post-thumbnail","hentry","product_cat-informes-de-gestion","product_tag-informes-de-gestion"],"yasr_visitor_votes":{"number_of_votes":0,"sum_votes":0,"stars_attributes":{"read_only":false,"span_bottom":false}},"yoast_head":"<!-- This site is optimized with the Yoast SEO plugin v27.3 - https:\/\/yoast.com\/product\/yoast-seo-wordpress\/ -->\n<title>Informe de Gesti\u00f3n 2018 - Colombia Inteligente<\/title>\n<meta name=\"robots\" content=\"index, follow, max-snippet:-1, max-image-preview:large, max-video-preview:-1\" \/>\n<link rel=\"canonical\" href=\"https:\/\/colombiainteligente.org\/es_co\/product\/informe-de-gestion-2018\/\" \/>\n<meta property=\"og:locale\" content=\"es_ES\" \/>\n<meta property=\"og:type\" content=\"article\" \/>\n<meta property=\"og:title\" content=\"Informe de Gesti\u00f3n 2018 - Colombia Inteligente\" \/>\n<meta property=\"og:description\" content=\"Informe de Gesti\u00f3n 2018\" \/>\n<meta property=\"og:url\" content=\"https:\/\/colombiainteligente.org\/es_co\/product\/informe-de-gestion-2018\/\" \/>\n<meta property=\"og:site_name\" content=\"Colombia Inteligente\" \/>\n<meta property=\"article:modified_time\" content=\"2024-01-16T15:43:48+00:00\" \/>\n<meta property=\"og:image\" content=\"https:\/\/colombiainteligente.org\/wp-content\/uploads\/2023\/01\/informe-de-gestion-2018.png\" \/>\n\t<meta property=\"og:image:width\" content=\"456\" \/>\n\t<meta property=\"og:image:height\" content=\"590\" \/>\n\t<meta property=\"og:image:type\" content=\"image\/png\" \/>\n<meta name=\"twitter:card\" content=\"summary_large_image\" \/>\n<meta name=\"twitter:site\" content=\"@colombiaintelig\" \/>\n<meta name=\"twitter:label1\" content=\"Tiempo estimado de lectura\" \/>\n\t<meta name=\"twitter:data1\" content=\"3 minutes\" \/>\n<script type=\"application\/ld+json\" class=\"yoast-schema-graph\">{\"@context\":\"https:\\\/\\\/schema.org\",\"@graph\":[{\"@type\":\"WebPage\",\"@id\":\"https:\\\/\\\/colombiainteligente.org\\\/producto\\\/informe-de-gestion-2018\\\/\",\"url\":\"https:\\\/\\\/colombiainteligente.org\\\/producto\\\/informe-de-gestion-2018\\\/\",\"name\":\"Informe de Gesti\u00f3n 2018 - Colombia Inteligente\",\"isPartOf\":{\"@id\":\"https:\\\/\\\/colombiainteligente.org\\\/#website\"},\"primaryImageOfPage\":{\"@id\":\"https:\\\/\\\/colombiainteligente.org\\\/producto\\\/informe-de-gestion-2018\\\/#primaryimage\"},\"image\":{\"@id\":\"https:\\\/\\\/colombiainteligente.org\\\/producto\\\/informe-de-gestion-2018\\\/#primaryimage\"},\"thumbnailUrl\":\"https:\\\/\\\/colombiainteligente.org\\\/wp-content\\\/uploads\\\/2023\\\/01\\\/informe-de-gestion-2018.png\",\"datePublished\":\"2023-01-31T22:43:09+00:00\",\"dateModified\":\"2024-01-16T15:43:48+00:00\",\"breadcrumb\":{\"@id\":\"https:\\\/\\\/colombiainteligente.org\\\/producto\\\/informe-de-gestion-2018\\\/#breadcrumb\"},\"inLanguage\":\"es-CO\",\"potentialAction\":[{\"@type\":\"ReadAction\",\"target\":[\"https:\\\/\\\/colombiainteligente.org\\\/producto\\\/informe-de-gestion-2018\\\/\"]}]},{\"@type\":\"ImageObject\",\"inLanguage\":\"es-CO\",\"@id\":\"https:\\\/\\\/colombiainteligente.org\\\/producto\\\/informe-de-gestion-2018\\\/#primaryimage\",\"url\":\"https:\\\/\\\/colombiainteligente.org\\\/wp-content\\\/uploads\\\/2023\\\/01\\\/informe-de-gestion-2018.png\",\"contentUrl\":\"https:\\\/\\\/colombiainteligente.org\\\/wp-content\\\/uploads\\\/2023\\\/01\\\/informe-de-gestion-2018.png\",\"width\":456,\"height\":590,\"caption\":\"informe de gestion 2018\"},{\"@type\":\"BreadcrumbList\",\"@id\":\"https:\\\/\\\/colombiainteligente.org\\\/producto\\\/informe-de-gestion-2018\\\/#breadcrumb\",\"itemListElement\":[{\"@type\":\"ListItem\",\"position\":1,\"name\":\"Portada\",\"item\":\"https:\\\/\\\/colombiainteligente.org\\\/\"},{\"@type\":\"ListItem\",\"position\":2,\"name\":\"Tienda\",\"item\":\"https:\\\/\\\/colombiainteligente.org\\\/tienda\\\/\"},{\"@type\":\"ListItem\",\"position\":3,\"name\":\"Informe de Gesti\u00f3n 2018\"}]},{\"@type\":\"WebSite\",\"@id\":\"https:\\\/\\\/colombiainteligente.org\\\/#website\",\"url\":\"https:\\\/\\\/colombiainteligente.org\\\/\",\"name\":\"Colombia Inteligente\",\"description\":\"Alianza estrat\u00e9gica, conformada por empresas y entidades, para la inserci\u00f3n integral y eficiente de las redes inteligentes a la infraestructura del sector el\u00e9ctrico colombiano\",\"publisher\":{\"@id\":\"https:\\\/\\\/colombiainteligente.org\\\/#organization\"},\"potentialAction\":[{\"@type\":\"SearchAction\",\"target\":{\"@type\":\"EntryPoint\",\"urlTemplate\":\"https:\\\/\\\/colombiainteligente.org\\\/?s={search_term_string}\"},\"query-input\":{\"@type\":\"PropertyValueSpecification\",\"valueRequired\":true,\"valueName\":\"search_term_string\"}}],\"inLanguage\":\"es-CO\"},{\"@type\":\"Organization\",\"@id\":\"https:\\\/\\\/colombiainteligente.org\\\/#organization\",\"name\":\"Colombia Inteligente\",\"url\":\"https:\\\/\\\/colombiainteligente.org\\\/\",\"logo\":{\"@type\":\"ImageObject\",\"inLanguage\":\"es-CO\",\"@id\":\"https:\\\/\\\/colombiainteligente.org\\\/#\\\/schema\\\/logo\\\/image\\\/\",\"url\":\"https:\\\/\\\/colombiainteligente.org\\\/wp-content\\\/uploads\\\/2022\\\/07\\\/Image.png\",\"contentUrl\":\"https:\\\/\\\/colombiainteligente.org\\\/wp-content\\\/uploads\\\/2022\\\/07\\\/Image.png\",\"width\":588,\"height\":274,\"caption\":\"Colombia Inteligente\"},\"image\":{\"@id\":\"https:\\\/\\\/colombiainteligente.org\\\/#\\\/schema\\\/logo\\\/image\\\/\"},\"sameAs\":[\"https:\\\/\\\/x.com\\\/colombiaintelig\",\"https:\\\/\\\/www.linkedin.com\\\/company\\\/colombiainteligente\\\/\"]}]}<\/script>\n<!-- \/ Yoast SEO plugin. -->","yoast_head_json":{"title":"Informe de Gesti\u00f3n 2018 - Colombia Inteligente","robots":{"index":"index","follow":"follow","max-snippet":"max-snippet:-1","max-image-preview":"max-image-preview:large","max-video-preview":"max-video-preview:-1"},"canonical":"https:\/\/colombiainteligente.org\/es_co\/product\/informe-de-gestion-2018\/","og_locale":"es_ES","og_type":"article","og_title":"Informe de Gesti\u00f3n 2018 - Colombia Inteligente","og_description":"Informe de Gesti\u00f3n 2018","og_url":"https:\/\/colombiainteligente.org\/es_co\/product\/informe-de-gestion-2018\/","og_site_name":"Colombia Inteligente","article_modified_time":"2024-01-16T15:43:48+00:00","og_image":[{"width":456,"height":590,"url":"https:\/\/colombiainteligente.org\/wp-content\/uploads\/2023\/01\/informe-de-gestion-2018.png","type":"image\/png"}],"twitter_card":"summary_large_image","twitter_site":"@colombiaintelig","twitter_misc":{"Tiempo estimado de lectura":"3 minutes"},"schema":{"@context":"https:\/\/schema.org","@graph":[{"@type":"WebPage","@id":"https:\/\/colombiainteligente.org\/producto\/informe-de-gestion-2018\/","url":"https:\/\/colombiainteligente.org\/producto\/informe-de-gestion-2018\/","name":"Informe de Gesti\u00f3n 2018 - Colombia Inteligente","isPartOf":{"@id":"https:\/\/colombiainteligente.org\/#website"},"primaryImageOfPage":{"@id":"https:\/\/colombiainteligente.org\/producto\/informe-de-gestion-2018\/#primaryimage"},"image":{"@id":"https:\/\/colombiainteligente.org\/producto\/informe-de-gestion-2018\/#primaryimage"},"thumbnailUrl":"https:\/\/colombiainteligente.org\/wp-content\/uploads\/2023\/01\/informe-de-gestion-2018.png","datePublished":"2023-01-31T22:43:09+00:00","dateModified":"2024-01-16T15:43:48+00:00","breadcrumb":{"@id":"https:\/\/colombiainteligente.org\/producto\/informe-de-gestion-2018\/#breadcrumb"},"inLanguage":"es-CO","potentialAction":[{"@type":"ReadAction","target":["https:\/\/colombiainteligente.org\/producto\/informe-de-gestion-2018\/"]}]},{"@type":"ImageObject","inLanguage":"es-CO","@id":"https:\/\/colombiainteligente.org\/producto\/informe-de-gestion-2018\/#primaryimage","url":"https:\/\/colombiainteligente.org\/wp-content\/uploads\/2023\/01\/informe-de-gestion-2018.png","contentUrl":"https:\/\/colombiainteligente.org\/wp-content\/uploads\/2023\/01\/informe-de-gestion-2018.png","width":456,"height":590,"caption":"informe de gestion 2018"},{"@type":"BreadcrumbList","@id":"https:\/\/colombiainteligente.org\/producto\/informe-de-gestion-2018\/#breadcrumb","itemListElement":[{"@type":"ListItem","position":1,"name":"Portada","item":"https:\/\/colombiainteligente.org\/"},{"@type":"ListItem","position":2,"name":"Tienda","item":"https:\/\/colombiainteligente.org\/tienda\/"},{"@type":"ListItem","position":3,"name":"Informe de Gesti\u00f3n 2018"}]},{"@type":"WebSite","@id":"https:\/\/colombiainteligente.org\/#website","url":"https:\/\/colombiainteligente.org\/","name":"Colombia Inteligente","description":"Alianza estrat\u00e9gica, conformada por empresas y entidades, para la inserci\u00f3n integral y eficiente de las redes inteligentes a la infraestructura del sector el\u00e9ctrico colombiano","publisher":{"@id":"https:\/\/colombiainteligente.org\/#organization"},"potentialAction":[{"@type":"SearchAction","target":{"@type":"EntryPoint","urlTemplate":"https:\/\/colombiainteligente.org\/?s={search_term_string}"},"query-input":{"@type":"PropertyValueSpecification","valueRequired":true,"valueName":"search_term_string"}}],"inLanguage":"es-CO"},{"@type":"Organization","@id":"https:\/\/colombiainteligente.org\/#organization","name":"Colombia Inteligente","url":"https:\/\/colombiainteligente.org\/","logo":{"@type":"ImageObject","inLanguage":"es-CO","@id":"https:\/\/colombiainteligente.org\/#\/schema\/logo\/image\/","url":"https:\/\/colombiainteligente.org\/wp-content\/uploads\/2022\/07\/Image.png","contentUrl":"https:\/\/colombiainteligente.org\/wp-content\/uploads\/2022\/07\/Image.png","width":588,"height":274,"caption":"Colombia Inteligente"},"image":{"@id":"https:\/\/colombiainteligente.org\/#\/schema\/logo\/image\/"},"sameAs":["https:\/\/x.com\/colombiaintelig","https:\/\/www.linkedin.com\/company\/colombiainteligente\/"]}]}},"_links":{"self":[{"href":"https:\/\/colombiainteligente.org\/es_co\/wp-json\/wp\/v2\/product\/28327","targetHints":{"allow":["GET"]}}],"collection":[{"href":"https:\/\/colombiainteligente.org\/es_co\/wp-json\/wp\/v2\/product"}],"about":[{"href":"https:\/\/colombiainteligente.org\/es_co\/wp-json\/wp\/v2\/types\/product"}],"replies":[{"embeddable":true,"href":"https:\/\/colombiainteligente.org\/es_co\/wp-json\/wp\/v2\/comments?post=28327"}],"wp:featuredmedia":[{"embeddable":true,"href":"https:\/\/colombiainteligente.org\/es_co\/wp-json\/wp\/v2\/media\/28338"}],"wp:attachment":[{"href":"https:\/\/colombiainteligente.org\/es_co\/wp-json\/wp\/v2\/media?parent=28327"}],"wp:term":[{"taxonomy":"product_cat","embeddable":true,"href":"https:\/\/colombiainteligente.org\/es_co\/wp-json\/wp\/v2\/product_cat?post=28327"},{"taxonomy":"product_tag","embeddable":true,"href":"https:\/\/colombiainteligente.org\/es_co\/wp-json\/wp\/v2\/product_tag?post=28327"}],"curies":[{"name":"wp","href":"https:\/\/api.w.org\/{rel}","templated":true}]}}