{"id":28345,"date":"2023-01-31T17:56:25","date_gmt":"2023-01-31T22:56:25","guid":{"rendered":"https:\/\/colombiainteligente.org\/?post_type=product&#038;p=28345"},"modified":"2024-01-16T10:50:38","modified_gmt":"2024-01-16T15:50:38","slug":"informe-de-gestion-2019","status":"publish","type":"product","link":"https:\/\/colombiainteligente.org\/es_co\/product\/informe-de-gestion-2019\/","title":{"rendered":"Informe de Gesti\u00f3n  2019"},"content":{"rendered":"<p><strong>MENSAJE DEL PRESIDENTE COLOMBIA INTELIGENTE<\/strong><\/p>\n<p>Un caluroso saludo para todos:<\/p>\n<p>Nuevamente, igual que en el informe de gesti\u00f3n del a\u00f1o pasado de esta gran iniciativa de Colombia Inteligente, es completamente satisfactorio para mi y para todo el equipo de trabajo, presentar a ustedes este informe de gesti\u00f3n del a\u00f1o 2019. Ha sido un a\u00f1o en el que se continu\u00f3 dando cabal cumplimiento a cada uno de los diferentes objetivos planteados bajo los los ejes de trabajo definidos, que contin\u00faan a su vez apalancando conseguir nuestro objetivo principal de ser un arquitecto estrat\u00e9gico que promueve el desarrollo integral y eficiente de los sistemas inteligentes en Colombia para contribuir al acceso universal de la energ\u00eda, a una participaci\u00f3n activa de los ciudadanos, la productividad, la competitividad y el desarrollo sostenible del sector el\u00e9ctrico y del pa\u00eds.<\/p>\n<p>Este informe plantea inicialmente un peque\u00f1o resumen ejecutivo de los principales retos de transformaci\u00f3n del usuario y del sector el\u00e9ctrico, lo que motiva la inclusi\u00f3n de los resultados de los siguiente 5 ejes tem\u00e1ticos en nuestro plan de trabajo del a\u00f1o 2020:<\/p>\n<ol>\n<li>Misi\u00f3n de la Transformaci\u00f3n Energ\u00e9tica<\/li>\n<li>Misi\u00f3n de Sabios<\/li>\n<li>Plan Integral de Gesti\u00f3n de Cambio Clim\u00e1tico<\/li>\n<li>Pacto Sector Energ\u00eda<\/li>\n<li>Colombia Cient\u00edfica SNCtel<\/li>\n<\/ol>\n<p>Inicialmente, describimos nuestros principios y objetivos propuestos par el a\u00f1o 2019, as\u00ed como un detalle de nuestro equipo de trabajo, miembros del Comit\u00e9 Directivo e integrantes de los diferentes grupos de trabajo colaborativo, a quienes nuevamente extiendo mis m\u00e1s sinceros agradecimientos por su apoyo, disposici\u00f3n y compromiso para alcanzar los excelentes resultados que obtuvimos.<\/p>\n<p>Se presentan tambi\u00e9n los diferentes proyectos emprendidos y desarrollados durante el 2019 as\u00ed como los indicadores implementados para el seguimiento de su ejecuci\u00f3n. Resaltando que la gesti\u00f3n de Colombia Inteligente est\u00e1 orientada a cuatro l\u00edneas estrat\u00e9gicas:<\/p>\n<ul>\n<li>La generaci\u00f3n de conocimiento \u2794 nos enfocamos en identificar las necesidades y expectativas de los miembros de Colombia Inteligente, la conformaci\u00f3n de grupos de trabajo colaborativo para la discusi\u00f3n de tem\u00e1ticas de inter\u00e9s y la formulaci\u00f3n de proyectos soportada en la elaboraci\u00f3n de referenciamientos e identificaci\u00f3n de tendencias.<\/li>\n<li>El desarrollo de proyectos tecnol\u00f3gicos \u2794 estas actividades se enfocaron a la formulaci\u00f3n de proyectos, la construcci\u00f3n y desarrollo de proyectos colaborativos para identificar acciones que habiliten y aceleren la transformaci\u00f3n del sector el\u00e9ctrico colombiano.<\/li>\n<li>El fortalecimiento sectorial \u2794 cuyas actividades se enfocaron en articular iniciativas sectoriales para fomentar acciones de transformaci\u00f3n del sector el\u00e9ctrico, actividades de difusi\u00f3n de la organizaci\u00f3n y relacionamiento con agentes de inter\u00e9s para el desarrollo de proyectos.<\/li>\n<\/ul>\n<p>No puedo dejar de destacar el cumplimiento de los diferentes cronogramas, la cantidad de trabajos elaborados y puestos a disposici\u00f3n de nuestros miembros y grupos de inter\u00e9s, as\u00ed como agradecer el siempre valioso apoyo del Ministerio de Minas y Energ\u00eda, la UPME y la CREG.<\/p>\n<p>Es nuestro inter\u00e9s para el a\u00f1o 2020 continuar avanzando en el desarrollo de los proyectos y dem\u00e1s iniciativas establecidas y otras que pudieran resultar, con el enfoque claro de la estrategia planteada.<\/p>\n<p>Es un gusto disponer a ustedes nuestro informe, esperamos encuentren en \u00e9l la informaci\u00f3n suficiente para conocer y disfrutar la gesti\u00f3n realizada y los resultados obtenidos. Ratificamos nuestro compromiso para continuar aportando y trabajando siempre por una Colombia Inteligente y comprometida con la sociedad para la inserci\u00f3n integral y eficiente de los sistemas inteligentes a la infraestructura del sector el\u00e9ctrico colombiano.<\/p>\n<p>Gracias por su inter\u00e9s y apoyo.<\/p>\n<p><strong>JAIME ALEJANDRO ZAPATA URIBE<\/strong><\/p>\n<p>Presidente<\/p>\n<p>Enero 2020<\/p>\n<div style=\"text-align:center\" class=\"yasr-auto-insert-visitor\"><\/div>","protected":false},"excerpt":{"rendered":"<p>Informe de Gesti\u00f3n 2019<\/p>","protected":false},"featured_media":28347,"comment_status":"open","ping_status":"closed","template":"","meta":{"yasr_overall_rating":0,"yasr_post_is_review":"","yasr_auto_insert_disabled":"","yasr_review_type":""},"product_cat":[74],"product_tag":[73],"class_list":["post-28345","product","type-product","status-publish","has-post-thumbnail","hentry","product_cat-informes-de-gestion","product_tag-informes-de-gestion"],"yasr_visitor_votes":{"number_of_votes":0,"sum_votes":0,"stars_attributes":{"read_only":false,"span_bottom":false}},"yoast_head":"<!-- This site is optimized with the Yoast SEO plugin v27.3 - https:\/\/yoast.com\/product\/yoast-seo-wordpress\/ -->\n<title>Informe de Gesti\u00f3n 2019 - Colombia Inteligente<\/title>\n<meta name=\"robots\" content=\"index, follow, max-snippet:-1, max-image-preview:large, max-video-preview:-1\" \/>\n<link rel=\"canonical\" href=\"https:\/\/colombiainteligente.org\/es_co\/product\/informe-de-gestion-2019\/\" \/>\n<meta property=\"og:locale\" content=\"es_ES\" \/>\n<meta property=\"og:type\" content=\"article\" \/>\n<meta property=\"og:title\" content=\"Informe de Gesti\u00f3n 2019 - Colombia Inteligente\" \/>\n<meta property=\"og:description\" content=\"Informe de Gesti\u00f3n 2019\" \/>\n<meta property=\"og:url\" content=\"https:\/\/colombiainteligente.org\/es_co\/product\/informe-de-gestion-2019\/\" \/>\n<meta property=\"og:site_name\" content=\"Colombia Inteligente\" \/>\n<meta property=\"article:modified_time\" content=\"2024-01-16T15:50:38+00:00\" \/>\n<meta property=\"og:image\" content=\"https:\/\/colombiainteligente.org\/wp-content\/uploads\/2023\/01\/informe-de-gestion-2019.png\" \/>\n\t<meta property=\"og:image:width\" content=\"456\" \/>\n\t<meta property=\"og:image:height\" content=\"590\" \/>\n\t<meta property=\"og:image:type\" content=\"image\/png\" \/>\n<meta name=\"twitter:card\" content=\"summary_large_image\" \/>\n<meta name=\"twitter:site\" content=\"@colombiaintelig\" \/>\n<meta name=\"twitter:label1\" content=\"Tiempo estimado de lectura\" \/>\n\t<meta name=\"twitter:data1\" content=\"3 minutes\" \/>\n<script type=\"application\/ld+json\" class=\"yoast-schema-graph\">{\"@context\":\"https:\\\/\\\/schema.org\",\"@graph\":[{\"@type\":\"WebPage\",\"@id\":\"https:\\\/\\\/colombiainteligente.org\\\/producto\\\/informe-de-gestion-2019\\\/\",\"url\":\"https:\\\/\\\/colombiainteligente.org\\\/producto\\\/informe-de-gestion-2019\\\/\",\"name\":\"Informe de Gesti\u00f3n 2019 - Colombia Inteligente\",\"isPartOf\":{\"@id\":\"https:\\\/\\\/colombiainteligente.org\\\/#website\"},\"primaryImageOfPage\":{\"@id\":\"https:\\\/\\\/colombiainteligente.org\\\/producto\\\/informe-de-gestion-2019\\\/#primaryimage\"},\"image\":{\"@id\":\"https:\\\/\\\/colombiainteligente.org\\\/producto\\\/informe-de-gestion-2019\\\/#primaryimage\"},\"thumbnailUrl\":\"https:\\\/\\\/colombiainteligente.org\\\/wp-content\\\/uploads\\\/2023\\\/01\\\/informe-de-gestion-2019.png\",\"datePublished\":\"2023-01-31T22:56:25+00:00\",\"dateModified\":\"2024-01-16T15:50:38+00:00\",\"breadcrumb\":{\"@id\":\"https:\\\/\\\/colombiainteligente.org\\\/producto\\\/informe-de-gestion-2019\\\/#breadcrumb\"},\"inLanguage\":\"es-CO\",\"potentialAction\":[{\"@type\":\"ReadAction\",\"target\":[\"https:\\\/\\\/colombiainteligente.org\\\/producto\\\/informe-de-gestion-2019\\\/\"]}]},{\"@type\":\"ImageObject\",\"inLanguage\":\"es-CO\",\"@id\":\"https:\\\/\\\/colombiainteligente.org\\\/producto\\\/informe-de-gestion-2019\\\/#primaryimage\",\"url\":\"https:\\\/\\\/colombiainteligente.org\\\/wp-content\\\/uploads\\\/2023\\\/01\\\/informe-de-gestion-2019.png\",\"contentUrl\":\"https:\\\/\\\/colombiainteligente.org\\\/wp-content\\\/uploads\\\/2023\\\/01\\\/informe-de-gestion-2019.png\",\"width\":456,\"height\":590,\"caption\":\"informe de gestion 2019\"},{\"@type\":\"BreadcrumbList\",\"@id\":\"https:\\\/\\\/colombiainteligente.org\\\/producto\\\/informe-de-gestion-2019\\\/#breadcrumb\",\"itemListElement\":[{\"@type\":\"ListItem\",\"position\":1,\"name\":\"Portada\",\"item\":\"https:\\\/\\\/colombiainteligente.org\\\/\"},{\"@type\":\"ListItem\",\"position\":2,\"name\":\"Tienda\",\"item\":\"https:\\\/\\\/colombiainteligente.org\\\/tienda\\\/\"},{\"@type\":\"ListItem\",\"position\":3,\"name\":\"Informe de Gesti\u00f3n 2019\"}]},{\"@type\":\"WebSite\",\"@id\":\"https:\\\/\\\/colombiainteligente.org\\\/#website\",\"url\":\"https:\\\/\\\/colombiainteligente.org\\\/\",\"name\":\"Colombia Inteligente\",\"description\":\"Alianza estrat\u00e9gica, conformada por empresas y entidades, para la inserci\u00f3n integral y eficiente de las redes inteligentes a la infraestructura del sector el\u00e9ctrico colombiano\",\"publisher\":{\"@id\":\"https:\\\/\\\/colombiainteligente.org\\\/#organization\"},\"potentialAction\":[{\"@type\":\"SearchAction\",\"target\":{\"@type\":\"EntryPoint\",\"urlTemplate\":\"https:\\\/\\\/colombiainteligente.org\\\/?s={search_term_string}\"},\"query-input\":{\"@type\":\"PropertyValueSpecification\",\"valueRequired\":true,\"valueName\":\"search_term_string\"}}],\"inLanguage\":\"es-CO\"},{\"@type\":\"Organization\",\"@id\":\"https:\\\/\\\/colombiainteligente.org\\\/#organization\",\"name\":\"Colombia Inteligente\",\"url\":\"https:\\\/\\\/colombiainteligente.org\\\/\",\"logo\":{\"@type\":\"ImageObject\",\"inLanguage\":\"es-CO\",\"@id\":\"https:\\\/\\\/colombiainteligente.org\\\/#\\\/schema\\\/logo\\\/image\\\/\",\"url\":\"https:\\\/\\\/colombiainteligente.org\\\/wp-content\\\/uploads\\\/2022\\\/07\\\/Image.png\",\"contentUrl\":\"https:\\\/\\\/colombiainteligente.org\\\/wp-content\\\/uploads\\\/2022\\\/07\\\/Image.png\",\"width\":588,\"height\":274,\"caption\":\"Colombia Inteligente\"},\"image\":{\"@id\":\"https:\\\/\\\/colombiainteligente.org\\\/#\\\/schema\\\/logo\\\/image\\\/\"},\"sameAs\":[\"https:\\\/\\\/x.com\\\/colombiaintelig\",\"https:\\\/\\\/www.linkedin.com\\\/company\\\/colombiainteligente\\\/\"]}]}<\/script>\n<!-- \/ Yoast SEO plugin. -->","yoast_head_json":{"title":"Informe de Gesti\u00f3n 2019 - Colombia Inteligente","robots":{"index":"index","follow":"follow","max-snippet":"max-snippet:-1","max-image-preview":"max-image-preview:large","max-video-preview":"max-video-preview:-1"},"canonical":"https:\/\/colombiainteligente.org\/es_co\/product\/informe-de-gestion-2019\/","og_locale":"es_ES","og_type":"article","og_title":"Informe de Gesti\u00f3n 2019 - Colombia Inteligente","og_description":"Informe de Gesti\u00f3n 2019","og_url":"https:\/\/colombiainteligente.org\/es_co\/product\/informe-de-gestion-2019\/","og_site_name":"Colombia Inteligente","article_modified_time":"2024-01-16T15:50:38+00:00","og_image":[{"width":456,"height":590,"url":"https:\/\/colombiainteligente.org\/wp-content\/uploads\/2023\/01\/informe-de-gestion-2019.png","type":"image\/png"}],"twitter_card":"summary_large_image","twitter_site":"@colombiaintelig","twitter_misc":{"Tiempo estimado de lectura":"3 minutes"},"schema":{"@context":"https:\/\/schema.org","@graph":[{"@type":"WebPage","@id":"https:\/\/colombiainteligente.org\/producto\/informe-de-gestion-2019\/","url":"https:\/\/colombiainteligente.org\/producto\/informe-de-gestion-2019\/","name":"Informe de Gesti\u00f3n 2019 - Colombia Inteligente","isPartOf":{"@id":"https:\/\/colombiainteligente.org\/#website"},"primaryImageOfPage":{"@id":"https:\/\/colombiainteligente.org\/producto\/informe-de-gestion-2019\/#primaryimage"},"image":{"@id":"https:\/\/colombiainteligente.org\/producto\/informe-de-gestion-2019\/#primaryimage"},"thumbnailUrl":"https:\/\/colombiainteligente.org\/wp-content\/uploads\/2023\/01\/informe-de-gestion-2019.png","datePublished":"2023-01-31T22:56:25+00:00","dateModified":"2024-01-16T15:50:38+00:00","breadcrumb":{"@id":"https:\/\/colombiainteligente.org\/producto\/informe-de-gestion-2019\/#breadcrumb"},"inLanguage":"es-CO","potentialAction":[{"@type":"ReadAction","target":["https:\/\/colombiainteligente.org\/producto\/informe-de-gestion-2019\/"]}]},{"@type":"ImageObject","inLanguage":"es-CO","@id":"https:\/\/colombiainteligente.org\/producto\/informe-de-gestion-2019\/#primaryimage","url":"https:\/\/colombiainteligente.org\/wp-content\/uploads\/2023\/01\/informe-de-gestion-2019.png","contentUrl":"https:\/\/colombiainteligente.org\/wp-content\/uploads\/2023\/01\/informe-de-gestion-2019.png","width":456,"height":590,"caption":"informe de gestion 2019"},{"@type":"BreadcrumbList","@id":"https:\/\/colombiainteligente.org\/producto\/informe-de-gestion-2019\/#breadcrumb","itemListElement":[{"@type":"ListItem","position":1,"name":"Portada","item":"https:\/\/colombiainteligente.org\/"},{"@type":"ListItem","position":2,"name":"Tienda","item":"https:\/\/colombiainteligente.org\/tienda\/"},{"@type":"ListItem","position":3,"name":"Informe de Gesti\u00f3n 2019"}]},{"@type":"WebSite","@id":"https:\/\/colombiainteligente.org\/#website","url":"https:\/\/colombiainteligente.org\/","name":"Colombia Inteligente","description":"Alianza estrat\u00e9gica, conformada por empresas y entidades, para la inserci\u00f3n integral y eficiente de las redes inteligentes a la infraestructura del sector el\u00e9ctrico colombiano","publisher":{"@id":"https:\/\/colombiainteligente.org\/#organization"},"potentialAction":[{"@type":"SearchAction","target":{"@type":"EntryPoint","urlTemplate":"https:\/\/colombiainteligente.org\/?s={search_term_string}"},"query-input":{"@type":"PropertyValueSpecification","valueRequired":true,"valueName":"search_term_string"}}],"inLanguage":"es-CO"},{"@type":"Organization","@id":"https:\/\/colombiainteligente.org\/#organization","name":"Colombia Inteligente","url":"https:\/\/colombiainteligente.org\/","logo":{"@type":"ImageObject","inLanguage":"es-CO","@id":"https:\/\/colombiainteligente.org\/#\/schema\/logo\/image\/","url":"https:\/\/colombiainteligente.org\/wp-content\/uploads\/2022\/07\/Image.png","contentUrl":"https:\/\/colombiainteligente.org\/wp-content\/uploads\/2022\/07\/Image.png","width":588,"height":274,"caption":"Colombia Inteligente"},"image":{"@id":"https:\/\/colombiainteligente.org\/#\/schema\/logo\/image\/"},"sameAs":["https:\/\/x.com\/colombiaintelig","https:\/\/www.linkedin.com\/company\/colombiainteligente\/"]}]}},"_links":{"self":[{"href":"https:\/\/colombiainteligente.org\/es_co\/wp-json\/wp\/v2\/product\/28345","targetHints":{"allow":["GET"]}}],"collection":[{"href":"https:\/\/colombiainteligente.org\/es_co\/wp-json\/wp\/v2\/product"}],"about":[{"href":"https:\/\/colombiainteligente.org\/es_co\/wp-json\/wp\/v2\/types\/product"}],"replies":[{"embeddable":true,"href":"https:\/\/colombiainteligente.org\/es_co\/wp-json\/wp\/v2\/comments?post=28345"}],"wp:featuredmedia":[{"embeddable":true,"href":"https:\/\/colombiainteligente.org\/es_co\/wp-json\/wp\/v2\/media\/28347"}],"wp:attachment":[{"href":"https:\/\/colombiainteligente.org\/es_co\/wp-json\/wp\/v2\/media?parent=28345"}],"wp:term":[{"taxonomy":"product_cat","embeddable":true,"href":"https:\/\/colombiainteligente.org\/es_co\/wp-json\/wp\/v2\/product_cat?post=28345"},{"taxonomy":"product_tag","embeddable":true,"href":"https:\/\/colombiainteligente.org\/es_co\/wp-json\/wp\/v2\/product_tag?post=28345"}],"curies":[{"name":"wp","href":"https:\/\/api.w.org\/{rel}","templated":true}]}}