{"id":28351,"date":"2023-01-31T20:36:17","date_gmt":"2023-02-01T01:36:17","guid":{"rendered":"https:\/\/colombiainteligente.org\/?post_type=product&#038;p=28351"},"modified":"2024-01-16T10:54:18","modified_gmt":"2024-01-16T15:54:18","slug":"informe-de-gestion-2021","status":"publish","type":"product","link":"https:\/\/colombiainteligente.org\/es_co\/product\/informe-de-gestion-2021\/","title":{"rendered":"Informe de Gesti\u00f3n  2021"},"content":{"rendered":"<p><strong>MENSAJE DEL PRESIDENTE COLOMBIA INTELIGENTE<\/strong><\/p>\n<p>Un caluroso saludo para todos:<\/p>\n<p>Es muy gratificante para m\u00ed y para todo el equipo de trabajo, presentar a ustedes este informe de gesti\u00f3n del a\u00f1o 2021 de nuestra organizaci\u00f3n Colombia Inteligente. Ha sido un a\u00f1o de muchos retos, tanto a nivel profesional como en el \u00e1mbito humano, en el que, a pesar de las medidas de aislamiento, se continu\u00f3 dando cabal cumplimiento a cada uno de los diferentes objetivos estrat\u00e9gicos bajo las l\u00edneas de trabajo establecidos con el prop\u00f3sito de ser un arquitecto estrat\u00e9gico que nos consolida como la alianza referente de conocimiento y colaboraci\u00f3n del sistema el\u00e9ctrico colombiano, generando capacidades y fortaleciendo la toma de decisiones de los grupos claves de inter\u00e9s para la modernizaci\u00f3n del sistema el\u00e9ctrico, la productividad, la competitividad y el desarrollo sostenible del sector el\u00e9ctrico y del pa\u00eds.<\/p>\n<p>Este informe aporta a la visi\u00f3n 2030 definida para afrontar los principales retos de transformaci\u00f3n del usuario y del sector el\u00e9ctrico, lo que motiva la inclusi\u00f3n de las siguientes tem\u00e1ticas prioritarias para el plan de trabajo del a\u00f1o 2022:<\/p>\n<ol>\n<li>La implementaci\u00f3n de las acciones de modernizaci\u00f3n del sector el\u00e9ctrico (misi\u00f3n de transformaci\u00f3n).<\/li>\n<li>La reglamentaci\u00f3n que fomente la digitalizaci\u00f3n y los areneros regulatorios.<\/li>\n<li>La implementaci\u00f3n del Plan Integral de Gesti\u00f3n de Cambio Clim\u00e1tico 2050.<\/li>\n<li>El acceso a la infraestructura de telecomunicaciones para soportar el servicio de energ\u00eda el\u00e9ctrica.<\/li>\n<li>El trabajo articulado de las redes de conocimiento.<\/li>\n<\/ol>\n<p>Inicialmente, describimos nuestros principios y objetivos propuestos para el a\u00f1o 2021, as\u00ed como la descripci\u00f3n de nuestro equipo de trabajo, miembros del Comit\u00e9 Directivo e integrantes de los diferentes Grupos de Trabajo Colaborativo -GTC-, a quienes nuevamente extiendo mis m\u00e1s sinceros agradecimientos por su apoyo, disposici\u00f3n y compromiso para alcanzar los excelentes resultados que obtuvimos, los cuales se muestran en el mapa de productos de la organizaci\u00f3n y el consolidado de los resultados de gesti\u00f3n 2021.<\/p>\n<p>Se presentan tambi\u00e9n los diferentes proyectos emprendidos y desarrollados durante el 2021 as\u00ed como los indicadores implementados para el seguimiento de su ejecuci\u00f3n. Resaltando que la gesti\u00f3n de Colombia Inteligente est\u00e1 orientada a cuatro objetivos estrat\u00e9gicas:<\/p>\n<ul>\n<li>Generaci\u00f3n de conocimiento \u2794 nos enfocamos en identificar las necesidades y expectativas de los miembros de Colombia Inteligente, soportados en los GTC (referenciamientos y an\u00e1lisis de acciones), para impulsar tem\u00e1ticas prioritarias en el pa\u00eds, tales como la habilitar la demanda activa, la integraci\u00f3n de la medici\u00f3n avanzada, la planeaci\u00f3n e intercambio de datos DER y la modernizaci\u00f3n de la red \u2013 resiliencia y automatizaci\u00f3n.<\/li>\n<li>Ejecuci\u00f3n de proyectos tecnol\u00f3gicos \u2794 formulamos proyectos colaborativos como estrategia de trabajo conjunto con actores del sector para generar acciones que habiliten y aceleren la transformaci\u00f3n del sector el\u00e9ctrico colombiano, en particular para el fomento de los programas de respuesta de la demanda, las comunidades energ\u00e9ticas, la gesti\u00f3n de datos AMI y el perfil del operador del sistema de distribuci\u00f3n.<\/li>\n<li>Difusi\u00f3n sectorial en un entorno virtual \u2794 ante la virtualizaci\u00f3n de un n\u00famero importante de actividades, nos enfocamos en garantizar el cumplimiento de nuestras metas sectoriales para la difusi\u00f3n de la organizaci\u00f3n y relacionamiento con agentes de inter\u00e9s nacionales e internacionales para influir proactivamente en las actividades de las entidades, acciones de pol\u00edtica y regulaci\u00f3n en un entorno tecnol\u00f3gico, y en las empresas para apoyar su transformaci\u00f3n tecnol\u00f3gica.<\/li>\n<li>Sostenibilidad organizacional \u2794 nos enfocamos en la definici\u00f3n del plan de acci\u00f3n, el seguimiento y control a la ejecuci\u00f3n del presupuesto, la revisi\u00f3n y actualizaci\u00f3n de los canales de difusi\u00f3n. A su vez, se presentan los resultados de la encuesta de satisfacci\u00f3n y aprendizajes durante el desarrollo del plan de acci\u00f3n.<\/li>\n<\/ul>\n<p>No puedo dejar de destacar el cumplimiento de las metas propuestas, que se traducen en la cantidad de trabajos elaborados y puestos a disposici\u00f3n de nuestros miembros y grupos de inter\u00e9s, as\u00ed como agradecer el siempre valioso apoyo del Ministerio de Minas y Energ\u00eda, la UPME, la CREG, el IPSE y el FENOGE.<\/p>\n<p>Es nuestro inter\u00e9s para el a\u00f1o 2022 continuar avanzando en el desarrollo de los proyectos y dem\u00e1s iniciativas establecidas y otras que pudieran resultar, con el enfoque claro de la estrategia colaborativa.<\/p>\n<p>Es un gusto disponer a ustedes nuestro informe, esperamos encuentren en \u00e9l la informaci\u00f3n suficiente para conocer y disfrutar la gesti\u00f3n realizada y los resultados obtenidos. Ratificamos nuestro compromiso para continuar aportando y trabajando colaborativamente siempre por una Colombia Inteligente y comprometida con la sociedad para la inserci\u00f3n integral y eficiente de los sistemas inteligentes al sector el\u00e9ctrico colombiano.<\/p>\n<p>Gracias por su inter\u00e9s y apoyo.<\/p>\n<p><strong>JAIME ALEJANDRO ZAPATA URIBE <\/strong><\/p>\n<p>Presidente<\/p>\n<p>&nbsp;<\/p>\n<p>Enero 2022<\/p>\n<div style=\"text-align:center\" class=\"yasr-auto-insert-visitor\"><\/div>","protected":false},"excerpt":{"rendered":"<p>Informe de Gesti\u00f3n 2021<\/p>","protected":false},"featured_media":28352,"comment_status":"open","ping_status":"closed","template":"","meta":{"yasr_overall_rating":0,"yasr_post_is_review":"","yasr_auto_insert_disabled":"","yasr_review_type":""},"product_cat":[74],"product_tag":[73],"class_list":["post-28351","product","type-product","status-publish","has-post-thumbnail","hentry","product_cat-informes-de-gestion","product_tag-informes-de-gestion"],"yasr_visitor_votes":{"number_of_votes":0,"sum_votes":0,"stars_attributes":{"read_only":false,"span_bottom":false}},"yoast_head":"<!-- This site is optimized with the Yoast SEO plugin v27.3 - https:\/\/yoast.com\/product\/yoast-seo-wordpress\/ -->\n<title>Informe de Gesti\u00f3n 2021 - Colombia Inteligente<\/title>\n<meta name=\"robots\" content=\"index, follow, max-snippet:-1, max-image-preview:large, max-video-preview:-1\" \/>\n<link rel=\"canonical\" href=\"https:\/\/colombiainteligente.org\/es_co\/product\/informe-de-gestion-2021\/\" \/>\n<meta property=\"og:locale\" content=\"es_ES\" \/>\n<meta property=\"og:type\" content=\"article\" \/>\n<meta property=\"og:title\" content=\"Informe de Gesti\u00f3n 2021 - Colombia Inteligente\" \/>\n<meta property=\"og:description\" content=\"Informe de Gesti\u00f3n 2021\" \/>\n<meta property=\"og:url\" content=\"https:\/\/colombiainteligente.org\/es_co\/product\/informe-de-gestion-2021\/\" \/>\n<meta property=\"og:site_name\" content=\"Colombia Inteligente\" \/>\n<meta property=\"article:modified_time\" content=\"2024-01-16T15:54:18+00:00\" \/>\n<meta property=\"og:image\" content=\"https:\/\/colombiainteligente.org\/wp-content\/uploads\/2023\/01\/informe-de-gestion-2021.png\" \/>\n\t<meta property=\"og:image:width\" content=\"456\" \/>\n\t<meta property=\"og:image:height\" content=\"590\" \/>\n\t<meta property=\"og:image:type\" content=\"image\/png\" \/>\n<meta name=\"twitter:card\" content=\"summary_large_image\" \/>\n<meta name=\"twitter:site\" content=\"@colombiaintelig\" \/>\n<meta name=\"twitter:label1\" content=\"Tiempo estimado de lectura\" \/>\n\t<meta name=\"twitter:data1\" content=\"4 minutes\" \/>\n<script type=\"application\/ld+json\" class=\"yoast-schema-graph\">{\"@context\":\"https:\\\/\\\/schema.org\",\"@graph\":[{\"@type\":\"WebPage\",\"@id\":\"https:\\\/\\\/colombiainteligente.org\\\/producto\\\/informe-de-gestion-2021\\\/\",\"url\":\"https:\\\/\\\/colombiainteligente.org\\\/producto\\\/informe-de-gestion-2021\\\/\",\"name\":\"Informe de Gesti\u00f3n 2021 - Colombia Inteligente\",\"isPartOf\":{\"@id\":\"https:\\\/\\\/colombiainteligente.org\\\/#website\"},\"primaryImageOfPage\":{\"@id\":\"https:\\\/\\\/colombiainteligente.org\\\/producto\\\/informe-de-gestion-2021\\\/#primaryimage\"},\"image\":{\"@id\":\"https:\\\/\\\/colombiainteligente.org\\\/producto\\\/informe-de-gestion-2021\\\/#primaryimage\"},\"thumbnailUrl\":\"https:\\\/\\\/colombiainteligente.org\\\/wp-content\\\/uploads\\\/2023\\\/01\\\/informe-de-gestion-2021.png\",\"datePublished\":\"2023-02-01T01:36:17+00:00\",\"dateModified\":\"2024-01-16T15:54:18+00:00\",\"breadcrumb\":{\"@id\":\"https:\\\/\\\/colombiainteligente.org\\\/producto\\\/informe-de-gestion-2021\\\/#breadcrumb\"},\"inLanguage\":\"es-CO\",\"potentialAction\":[{\"@type\":\"ReadAction\",\"target\":[\"https:\\\/\\\/colombiainteligente.org\\\/producto\\\/informe-de-gestion-2021\\\/\"]}]},{\"@type\":\"ImageObject\",\"inLanguage\":\"es-CO\",\"@id\":\"https:\\\/\\\/colombiainteligente.org\\\/producto\\\/informe-de-gestion-2021\\\/#primaryimage\",\"url\":\"https:\\\/\\\/colombiainteligente.org\\\/wp-content\\\/uploads\\\/2023\\\/01\\\/informe-de-gestion-2021.png\",\"contentUrl\":\"https:\\\/\\\/colombiainteligente.org\\\/wp-content\\\/uploads\\\/2023\\\/01\\\/informe-de-gestion-2021.png\",\"width\":456,\"height\":590,\"caption\":\"informe de gestion 2021\"},{\"@type\":\"BreadcrumbList\",\"@id\":\"https:\\\/\\\/colombiainteligente.org\\\/producto\\\/informe-de-gestion-2021\\\/#breadcrumb\",\"itemListElement\":[{\"@type\":\"ListItem\",\"position\":1,\"name\":\"Portada\",\"item\":\"https:\\\/\\\/colombiainteligente.org\\\/\"},{\"@type\":\"ListItem\",\"position\":2,\"name\":\"Tienda\",\"item\":\"https:\\\/\\\/colombiainteligente.org\\\/tienda\\\/\"},{\"@type\":\"ListItem\",\"position\":3,\"name\":\"Informe de Gesti\u00f3n 2021\"}]},{\"@type\":\"WebSite\",\"@id\":\"https:\\\/\\\/colombiainteligente.org\\\/#website\",\"url\":\"https:\\\/\\\/colombiainteligente.org\\\/\",\"name\":\"Colombia Inteligente\",\"description\":\"Alianza estrat\u00e9gica, conformada por empresas y entidades, para la inserci\u00f3n integral y eficiente de las redes inteligentes a la infraestructura del sector el\u00e9ctrico colombiano\",\"publisher\":{\"@id\":\"https:\\\/\\\/colombiainteligente.org\\\/#organization\"},\"potentialAction\":[{\"@type\":\"SearchAction\",\"target\":{\"@type\":\"EntryPoint\",\"urlTemplate\":\"https:\\\/\\\/colombiainteligente.org\\\/?s={search_term_string}\"},\"query-input\":{\"@type\":\"PropertyValueSpecification\",\"valueRequired\":true,\"valueName\":\"search_term_string\"}}],\"inLanguage\":\"es-CO\"},{\"@type\":\"Organization\",\"@id\":\"https:\\\/\\\/colombiainteligente.org\\\/#organization\",\"name\":\"Colombia Inteligente\",\"url\":\"https:\\\/\\\/colombiainteligente.org\\\/\",\"logo\":{\"@type\":\"ImageObject\",\"inLanguage\":\"es-CO\",\"@id\":\"https:\\\/\\\/colombiainteligente.org\\\/#\\\/schema\\\/logo\\\/image\\\/\",\"url\":\"https:\\\/\\\/colombiainteligente.org\\\/wp-content\\\/uploads\\\/2022\\\/07\\\/Image.png\",\"contentUrl\":\"https:\\\/\\\/colombiainteligente.org\\\/wp-content\\\/uploads\\\/2022\\\/07\\\/Image.png\",\"width\":588,\"height\":274,\"caption\":\"Colombia Inteligente\"},\"image\":{\"@id\":\"https:\\\/\\\/colombiainteligente.org\\\/#\\\/schema\\\/logo\\\/image\\\/\"},\"sameAs\":[\"https:\\\/\\\/x.com\\\/colombiaintelig\",\"https:\\\/\\\/www.linkedin.com\\\/company\\\/colombiainteligente\\\/\"]}]}<\/script>\n<!-- \/ Yoast SEO plugin. -->","yoast_head_json":{"title":"Informe de Gesti\u00f3n 2021 - Colombia Inteligente","robots":{"index":"index","follow":"follow","max-snippet":"max-snippet:-1","max-image-preview":"max-image-preview:large","max-video-preview":"max-video-preview:-1"},"canonical":"https:\/\/colombiainteligente.org\/es_co\/product\/informe-de-gestion-2021\/","og_locale":"es_ES","og_type":"article","og_title":"Informe de Gesti\u00f3n 2021 - Colombia Inteligente","og_description":"Informe de Gesti\u00f3n 2021","og_url":"https:\/\/colombiainteligente.org\/es_co\/product\/informe-de-gestion-2021\/","og_site_name":"Colombia Inteligente","article_modified_time":"2024-01-16T15:54:18+00:00","og_image":[{"width":456,"height":590,"url":"https:\/\/colombiainteligente.org\/wp-content\/uploads\/2023\/01\/informe-de-gestion-2021.png","type":"image\/png"}],"twitter_card":"summary_large_image","twitter_site":"@colombiaintelig","twitter_misc":{"Tiempo estimado de lectura":"4 minutes"},"schema":{"@context":"https:\/\/schema.org","@graph":[{"@type":"WebPage","@id":"https:\/\/colombiainteligente.org\/producto\/informe-de-gestion-2021\/","url":"https:\/\/colombiainteligente.org\/producto\/informe-de-gestion-2021\/","name":"Informe de Gesti\u00f3n 2021 - Colombia Inteligente","isPartOf":{"@id":"https:\/\/colombiainteligente.org\/#website"},"primaryImageOfPage":{"@id":"https:\/\/colombiainteligente.org\/producto\/informe-de-gestion-2021\/#primaryimage"},"image":{"@id":"https:\/\/colombiainteligente.org\/producto\/informe-de-gestion-2021\/#primaryimage"},"thumbnailUrl":"https:\/\/colombiainteligente.org\/wp-content\/uploads\/2023\/01\/informe-de-gestion-2021.png","datePublished":"2023-02-01T01:36:17+00:00","dateModified":"2024-01-16T15:54:18+00:00","breadcrumb":{"@id":"https:\/\/colombiainteligente.org\/producto\/informe-de-gestion-2021\/#breadcrumb"},"inLanguage":"es-CO","potentialAction":[{"@type":"ReadAction","target":["https:\/\/colombiainteligente.org\/producto\/informe-de-gestion-2021\/"]}]},{"@type":"ImageObject","inLanguage":"es-CO","@id":"https:\/\/colombiainteligente.org\/producto\/informe-de-gestion-2021\/#primaryimage","url":"https:\/\/colombiainteligente.org\/wp-content\/uploads\/2023\/01\/informe-de-gestion-2021.png","contentUrl":"https:\/\/colombiainteligente.org\/wp-content\/uploads\/2023\/01\/informe-de-gestion-2021.png","width":456,"height":590,"caption":"informe de gestion 2021"},{"@type":"BreadcrumbList","@id":"https:\/\/colombiainteligente.org\/producto\/informe-de-gestion-2021\/#breadcrumb","itemListElement":[{"@type":"ListItem","position":1,"name":"Portada","item":"https:\/\/colombiainteligente.org\/"},{"@type":"ListItem","position":2,"name":"Tienda","item":"https:\/\/colombiainteligente.org\/tienda\/"},{"@type":"ListItem","position":3,"name":"Informe de Gesti\u00f3n 2021"}]},{"@type":"WebSite","@id":"https:\/\/colombiainteligente.org\/#website","url":"https:\/\/colombiainteligente.org\/","name":"Colombia Inteligente","description":"Alianza estrat\u00e9gica, conformada por empresas y entidades, para la inserci\u00f3n integral y eficiente de las redes inteligentes a la infraestructura del sector el\u00e9ctrico colombiano","publisher":{"@id":"https:\/\/colombiainteligente.org\/#organization"},"potentialAction":[{"@type":"SearchAction","target":{"@type":"EntryPoint","urlTemplate":"https:\/\/colombiainteligente.org\/?s={search_term_string}"},"query-input":{"@type":"PropertyValueSpecification","valueRequired":true,"valueName":"search_term_string"}}],"inLanguage":"es-CO"},{"@type":"Organization","@id":"https:\/\/colombiainteligente.org\/#organization","name":"Colombia Inteligente","url":"https:\/\/colombiainteligente.org\/","logo":{"@type":"ImageObject","inLanguage":"es-CO","@id":"https:\/\/colombiainteligente.org\/#\/schema\/logo\/image\/","url":"https:\/\/colombiainteligente.org\/wp-content\/uploads\/2022\/07\/Image.png","contentUrl":"https:\/\/colombiainteligente.org\/wp-content\/uploads\/2022\/07\/Image.png","width":588,"height":274,"caption":"Colombia Inteligente"},"image":{"@id":"https:\/\/colombiainteligente.org\/#\/schema\/logo\/image\/"},"sameAs":["https:\/\/x.com\/colombiaintelig","https:\/\/www.linkedin.com\/company\/colombiainteligente\/"]}]}},"_links":{"self":[{"href":"https:\/\/colombiainteligente.org\/es_co\/wp-json\/wp\/v2\/product\/28351","targetHints":{"allow":["GET"]}}],"collection":[{"href":"https:\/\/colombiainteligente.org\/es_co\/wp-json\/wp\/v2\/product"}],"about":[{"href":"https:\/\/colombiainteligente.org\/es_co\/wp-json\/wp\/v2\/types\/product"}],"replies":[{"embeddable":true,"href":"https:\/\/colombiainteligente.org\/es_co\/wp-json\/wp\/v2\/comments?post=28351"}],"wp:featuredmedia":[{"embeddable":true,"href":"https:\/\/colombiainteligente.org\/es_co\/wp-json\/wp\/v2\/media\/28352"}],"wp:attachment":[{"href":"https:\/\/colombiainteligente.org\/es_co\/wp-json\/wp\/v2\/media?parent=28351"}],"wp:term":[{"taxonomy":"product_cat","embeddable":true,"href":"https:\/\/colombiainteligente.org\/es_co\/wp-json\/wp\/v2\/product_cat?post=28351"},{"taxonomy":"product_tag","embeddable":true,"href":"https:\/\/colombiainteligente.org\/es_co\/wp-json\/wp\/v2\/product_tag?post=28351"}],"curies":[{"name":"wp","href":"https:\/\/api.w.org\/{rel}","templated":true}]}}