{"id":28384,"date":"2023-01-31T23:03:45","date_gmt":"2023-02-01T04:03:45","guid":{"rendered":"https:\/\/colombiainteligente.org\/?post_type=product&#038;p=28384"},"modified":"2023-05-12T18:32:30","modified_gmt":"2023-05-12T23:32:30","slug":"digitalizacion-del-servicio-de-energia-electrica-lineamientos-estrategicos","status":"publish","type":"product","link":"https:\/\/colombiainteligente.org\/es_co\/product\/digitalizacion-del-servicio-de-energia-electrica-lineamientos-estrategicos\/","title":{"rendered":"Digitalizaci\u00f3n del Servicio de Energ\u00eda El\u00e9ctrica: Lineamientos estrat\u00e9gicos"},"content":{"rendered":"<p>El presente documento identifica los beneficios, los desaf\u00edos, de la tecnolog\u00eda, las barreras, los impulsores y la transformaci\u00f3n del sector el\u00e9ctrico, todo enfocado hacia la digitalizaci\u00f3n de las redes el\u00e9ctricas. El documento est\u00e1 compuesto por 4 secciones, las cuales se describen a continuaci\u00f3n:<\/p>\n<ol>\n<li><strong>DIGITALIZACI\u00d3N DEL SERVICIO:<\/strong> Esta secci\u00f3n presenta los beneficios y desaf\u00edos de la digitalizaci\u00f3n, as\u00ed como los impulsores de la digitalizaci\u00f3n y la transformaci\u00f3n del sector el\u00e9ctrico.<\/li>\n<li><strong>LECCIONES APRENDIDAS A NIVEL INTERNACIONAL:<\/strong> A nivel internacional se tienen varios proyectos implementados con digitalizaci\u00f3n del servicio de la red, adem\u00e1s de entidades que han trabajado y desarrollado el tema de para los sistemas el\u00e9ctricos. De acuerdo a esto en esta secci\u00f3n se presentan a continuaci\u00f3n las lecciones aprendidas para la digitalizaci\u00f3n del servicio.<\/li>\n<li><strong>CASO COLOMBIA:<\/strong> Para esta secci\u00f3n se realiz\u00f3 un an\u00e1lisis a nivel de pol\u00edtica p\u00fablica y regulaci\u00f3n, t\u00e9cnicas y tecnol\u00f3gicas, y empresariales para identificar brechas para la Digitalizaci\u00f3n del servicio en el pa\u00eds.<\/li>\n<li><strong>LINEAMIENTOS ESTRAT\u00c9GICOS PARA LA DIGITALIZACI\u00d3N DEL SERVICIO:<\/strong> En esta secci\u00f3n se plantean\u00a0 los lineamientos que permiten la digitalizaci\u00f3n del servicio de energ\u00eda el\u00e9ctrica en Colombia.<\/li>\n<\/ol>\n<p>Junio de 2022<\/p>\n<div style=\"text-align:center\" class=\"yasr-auto-insert-visitor\"><\/div>","protected":false},"excerpt":{"rendered":"<p>Digitalizaci\u00f3n del Servicio de Energ\u00eda El\u00e9ctrica: Lineamientos estrat\u00e9gicos<\/p>","protected":false},"featured_media":28388,"comment_status":"open","ping_status":"closed","template":"","meta":{"yasr_overall_rating":0,"yasr_post_is_review":"","yasr_auto_insert_disabled":"","yasr_review_type":""},"product_cat":[30,33],"product_tag":[25],"class_list":["post-28384","product","type-product","status-publish","has-post-thumbnail","hentry","product_cat-mejoramiento-de-la-calidad-del-servicio-al-usuario","product_cat-servicios-digitales","product_tag-aplicaciones-focales"],"yasr_visitor_votes":{"number_of_votes":0,"sum_votes":0,"stars_attributes":{"read_only":false,"span_bottom":false}},"yoast_head":"<!-- This site is optimized with the Yoast SEO plugin v27.3 - https:\/\/yoast.com\/product\/yoast-seo-wordpress\/ -->\n<title>Digitalizaci\u00f3n del Servicio de Energ\u00eda El\u00e9ctrica: Lineamientos estrat\u00e9gicos - Colombia Inteligente<\/title>\n<meta name=\"robots\" content=\"index, follow, max-snippet:-1, max-image-preview:large, max-video-preview:-1\" \/>\n<link rel=\"canonical\" href=\"https:\/\/colombiainteligente.org\/es_co\/product\/digitalizacion-del-servicio-de-energia-electrica-lineamientos-estrategicos\/\" \/>\n<meta property=\"og:locale\" content=\"es_ES\" \/>\n<meta property=\"og:type\" content=\"article\" \/>\n<meta property=\"og:title\" content=\"Digitalizaci\u00f3n del Servicio de Energ\u00eda El\u00e9ctrica: Lineamientos estrat\u00e9gicos - Colombia Inteligente\" \/>\n<meta property=\"og:description\" content=\"Digitalizaci\u00f3n del Servicio de Energ\u00eda El\u00e9ctrica: Lineamientos estrat\u00e9gicos\" \/>\n<meta property=\"og:url\" content=\"https:\/\/colombiainteligente.org\/es_co\/product\/digitalizacion-del-servicio-de-energia-electrica-lineamientos-estrategicos\/\" \/>\n<meta property=\"og:site_name\" content=\"Colombia Inteligente\" \/>\n<meta property=\"article:modified_time\" content=\"2023-05-12T23:32:30+00:00\" \/>\n<meta property=\"og:image\" content=\"https:\/\/colombiainteligente.org\/wp-content\/uploads\/2023\/01\/Lin-digitalizacion.png\" \/>\n\t<meta property=\"og:image:width\" content=\"456\" \/>\n\t<meta property=\"og:image:height\" content=\"590\" \/>\n\t<meta property=\"og:image:type\" content=\"image\/png\" \/>\n<meta name=\"twitter:card\" content=\"summary_large_image\" \/>\n<meta name=\"twitter:site\" content=\"@colombiaintelig\" \/>\n<meta name=\"twitter:label1\" content=\"Tiempo estimado de lectura\" \/>\n\t<meta name=\"twitter:data1\" content=\"1 minute\" \/>\n<script type=\"application\/ld+json\" class=\"yoast-schema-graph\">{\"@context\":\"https:\\\/\\\/schema.org\",\"@graph\":[{\"@type\":\"WebPage\",\"@id\":\"https:\\\/\\\/colombiainteligente.org\\\/producto\\\/digitalizacion-del-servicio-de-energia-electrica-lineamientos-estrategicos\\\/\",\"url\":\"https:\\\/\\\/colombiainteligente.org\\\/producto\\\/digitalizacion-del-servicio-de-energia-electrica-lineamientos-estrategicos\\\/\",\"name\":\"Digitalizaci\u00f3n del Servicio de Energ\u00eda El\u00e9ctrica: Lineamientos estrat\u00e9gicos - Colombia Inteligente\",\"isPartOf\":{\"@id\":\"https:\\\/\\\/colombiainteligente.org\\\/#website\"},\"primaryImageOfPage\":{\"@id\":\"https:\\\/\\\/colombiainteligente.org\\\/producto\\\/digitalizacion-del-servicio-de-energia-electrica-lineamientos-estrategicos\\\/#primaryimage\"},\"image\":{\"@id\":\"https:\\\/\\\/colombiainteligente.org\\\/producto\\\/digitalizacion-del-servicio-de-energia-electrica-lineamientos-estrategicos\\\/#primaryimage\"},\"thumbnailUrl\":\"https:\\\/\\\/colombiainteligente.org\\\/wp-content\\\/uploads\\\/2023\\\/01\\\/Lin-digitalizacion.png\",\"datePublished\":\"2023-02-01T04:03:45+00:00\",\"dateModified\":\"2023-05-12T23:32:30+00:00\",\"breadcrumb\":{\"@id\":\"https:\\\/\\\/colombiainteligente.org\\\/producto\\\/digitalizacion-del-servicio-de-energia-electrica-lineamientos-estrategicos\\\/#breadcrumb\"},\"inLanguage\":\"es-CO\",\"potentialAction\":[{\"@type\":\"ReadAction\",\"target\":[\"https:\\\/\\\/colombiainteligente.org\\\/producto\\\/digitalizacion-del-servicio-de-energia-electrica-lineamientos-estrategicos\\\/\"]}]},{\"@type\":\"ImageObject\",\"inLanguage\":\"es-CO\",\"@id\":\"https:\\\/\\\/colombiainteligente.org\\\/producto\\\/digitalizacion-del-servicio-de-energia-electrica-lineamientos-estrategicos\\\/#primaryimage\",\"url\":\"https:\\\/\\\/colombiainteligente.org\\\/wp-content\\\/uploads\\\/2023\\\/01\\\/Lin-digitalizacion.png\",\"contentUrl\":\"https:\\\/\\\/colombiainteligente.org\\\/wp-content\\\/uploads\\\/2023\\\/01\\\/Lin-digitalizacion.png\",\"width\":456,\"height\":590,\"caption\":\"Lin digitalizacion\"},{\"@type\":\"BreadcrumbList\",\"@id\":\"https:\\\/\\\/colombiainteligente.org\\\/producto\\\/digitalizacion-del-servicio-de-energia-electrica-lineamientos-estrategicos\\\/#breadcrumb\",\"itemListElement\":[{\"@type\":\"ListItem\",\"position\":1,\"name\":\"Portada\",\"item\":\"https:\\\/\\\/colombiainteligente.org\\\/\"},{\"@type\":\"ListItem\",\"position\":2,\"name\":\"Tienda\",\"item\":\"https:\\\/\\\/colombiainteligente.org\\\/tienda\\\/\"},{\"@type\":\"ListItem\",\"position\":3,\"name\":\"Digitalizaci\u00f3n del Servicio de Energ\u00eda El\u00e9ctrica: Lineamientos estrat\u00e9gicos\"}]},{\"@type\":\"WebSite\",\"@id\":\"https:\\\/\\\/colombiainteligente.org\\\/#website\",\"url\":\"https:\\\/\\\/colombiainteligente.org\\\/\",\"name\":\"Colombia Inteligente\",\"description\":\"Alianza estrat\u00e9gica, conformada por empresas y entidades, para la inserci\u00f3n integral y eficiente de las redes inteligentes a la infraestructura del sector el\u00e9ctrico colombiano\",\"publisher\":{\"@id\":\"https:\\\/\\\/colombiainteligente.org\\\/#organization\"},\"potentialAction\":[{\"@type\":\"SearchAction\",\"target\":{\"@type\":\"EntryPoint\",\"urlTemplate\":\"https:\\\/\\\/colombiainteligente.org\\\/?s={search_term_string}\"},\"query-input\":{\"@type\":\"PropertyValueSpecification\",\"valueRequired\":true,\"valueName\":\"search_term_string\"}}],\"inLanguage\":\"es-CO\"},{\"@type\":\"Organization\",\"@id\":\"https:\\\/\\\/colombiainteligente.org\\\/#organization\",\"name\":\"Colombia Inteligente\",\"url\":\"https:\\\/\\\/colombiainteligente.org\\\/\",\"logo\":{\"@type\":\"ImageObject\",\"inLanguage\":\"es-CO\",\"@id\":\"https:\\\/\\\/colombiainteligente.org\\\/#\\\/schema\\\/logo\\\/image\\\/\",\"url\":\"https:\\\/\\\/colombiainteligente.org\\\/wp-content\\\/uploads\\\/2022\\\/07\\\/Image.png\",\"contentUrl\":\"https:\\\/\\\/colombiainteligente.org\\\/wp-content\\\/uploads\\\/2022\\\/07\\\/Image.png\",\"width\":588,\"height\":274,\"caption\":\"Colombia Inteligente\"},\"image\":{\"@id\":\"https:\\\/\\\/colombiainteligente.org\\\/#\\\/schema\\\/logo\\\/image\\\/\"},\"sameAs\":[\"https:\\\/\\\/x.com\\\/colombiaintelig\",\"https:\\\/\\\/www.linkedin.com\\\/company\\\/colombiainteligente\\\/\"]}]}<\/script>\n<!-- \/ Yoast SEO plugin. -->","yoast_head_json":{"title":"Digitalizaci\u00f3n del Servicio de Energ\u00eda El\u00e9ctrica: Lineamientos estrat\u00e9gicos - Colombia Inteligente","robots":{"index":"index","follow":"follow","max-snippet":"max-snippet:-1","max-image-preview":"max-image-preview:large","max-video-preview":"max-video-preview:-1"},"canonical":"https:\/\/colombiainteligente.org\/es_co\/product\/digitalizacion-del-servicio-de-energia-electrica-lineamientos-estrategicos\/","og_locale":"es_ES","og_type":"article","og_title":"Digitalizaci\u00f3n del Servicio de Energ\u00eda El\u00e9ctrica: Lineamientos estrat\u00e9gicos - Colombia Inteligente","og_description":"Digitalizaci\u00f3n del Servicio de Energ\u00eda El\u00e9ctrica: Lineamientos estrat\u00e9gicos","og_url":"https:\/\/colombiainteligente.org\/es_co\/product\/digitalizacion-del-servicio-de-energia-electrica-lineamientos-estrategicos\/","og_site_name":"Colombia Inteligente","article_modified_time":"2023-05-12T23:32:30+00:00","og_image":[{"width":456,"height":590,"url":"https:\/\/colombiainteligente.org\/wp-content\/uploads\/2023\/01\/Lin-digitalizacion.png","type":"image\/png"}],"twitter_card":"summary_large_image","twitter_site":"@colombiaintelig","twitter_misc":{"Tiempo estimado de lectura":"1 minute"},"schema":{"@context":"https:\/\/schema.org","@graph":[{"@type":"WebPage","@id":"https:\/\/colombiainteligente.org\/producto\/digitalizacion-del-servicio-de-energia-electrica-lineamientos-estrategicos\/","url":"https:\/\/colombiainteligente.org\/producto\/digitalizacion-del-servicio-de-energia-electrica-lineamientos-estrategicos\/","name":"Digitalizaci\u00f3n del Servicio de Energ\u00eda El\u00e9ctrica: Lineamientos estrat\u00e9gicos - Colombia Inteligente","isPartOf":{"@id":"https:\/\/colombiainteligente.org\/#website"},"primaryImageOfPage":{"@id":"https:\/\/colombiainteligente.org\/producto\/digitalizacion-del-servicio-de-energia-electrica-lineamientos-estrategicos\/#primaryimage"},"image":{"@id":"https:\/\/colombiainteligente.org\/producto\/digitalizacion-del-servicio-de-energia-electrica-lineamientos-estrategicos\/#primaryimage"},"thumbnailUrl":"https:\/\/colombiainteligente.org\/wp-content\/uploads\/2023\/01\/Lin-digitalizacion.png","datePublished":"2023-02-01T04:03:45+00:00","dateModified":"2023-05-12T23:32:30+00:00","breadcrumb":{"@id":"https:\/\/colombiainteligente.org\/producto\/digitalizacion-del-servicio-de-energia-electrica-lineamientos-estrategicos\/#breadcrumb"},"inLanguage":"es-CO","potentialAction":[{"@type":"ReadAction","target":["https:\/\/colombiainteligente.org\/producto\/digitalizacion-del-servicio-de-energia-electrica-lineamientos-estrategicos\/"]}]},{"@type":"ImageObject","inLanguage":"es-CO","@id":"https:\/\/colombiainteligente.org\/producto\/digitalizacion-del-servicio-de-energia-electrica-lineamientos-estrategicos\/#primaryimage","url":"https:\/\/colombiainteligente.org\/wp-content\/uploads\/2023\/01\/Lin-digitalizacion.png","contentUrl":"https:\/\/colombiainteligente.org\/wp-content\/uploads\/2023\/01\/Lin-digitalizacion.png","width":456,"height":590,"caption":"Lin digitalizacion"},{"@type":"BreadcrumbList","@id":"https:\/\/colombiainteligente.org\/producto\/digitalizacion-del-servicio-de-energia-electrica-lineamientos-estrategicos\/#breadcrumb","itemListElement":[{"@type":"ListItem","position":1,"name":"Portada","item":"https:\/\/colombiainteligente.org\/"},{"@type":"ListItem","position":2,"name":"Tienda","item":"https:\/\/colombiainteligente.org\/tienda\/"},{"@type":"ListItem","position":3,"name":"Digitalizaci\u00f3n del Servicio de Energ\u00eda El\u00e9ctrica: Lineamientos estrat\u00e9gicos"}]},{"@type":"WebSite","@id":"https:\/\/colombiainteligente.org\/#website","url":"https:\/\/colombiainteligente.org\/","name":"Colombia Inteligente","description":"Alianza estrat\u00e9gica, conformada por empresas y entidades, para la inserci\u00f3n integral y eficiente de las redes inteligentes a la infraestructura del sector el\u00e9ctrico colombiano","publisher":{"@id":"https:\/\/colombiainteligente.org\/#organization"},"potentialAction":[{"@type":"SearchAction","target":{"@type":"EntryPoint","urlTemplate":"https:\/\/colombiainteligente.org\/?s={search_term_string}"},"query-input":{"@type":"PropertyValueSpecification","valueRequired":true,"valueName":"search_term_string"}}],"inLanguage":"es-CO"},{"@type":"Organization","@id":"https:\/\/colombiainteligente.org\/#organization","name":"Colombia Inteligente","url":"https:\/\/colombiainteligente.org\/","logo":{"@type":"ImageObject","inLanguage":"es-CO","@id":"https:\/\/colombiainteligente.org\/#\/schema\/logo\/image\/","url":"https:\/\/colombiainteligente.org\/wp-content\/uploads\/2022\/07\/Image.png","contentUrl":"https:\/\/colombiainteligente.org\/wp-content\/uploads\/2022\/07\/Image.png","width":588,"height":274,"caption":"Colombia Inteligente"},"image":{"@id":"https:\/\/colombiainteligente.org\/#\/schema\/logo\/image\/"},"sameAs":["https:\/\/x.com\/colombiaintelig","https:\/\/www.linkedin.com\/company\/colombiainteligente\/"]}]}},"_links":{"self":[{"href":"https:\/\/colombiainteligente.org\/es_co\/wp-json\/wp\/v2\/product\/28384","targetHints":{"allow":["GET"]}}],"collection":[{"href":"https:\/\/colombiainteligente.org\/es_co\/wp-json\/wp\/v2\/product"}],"about":[{"href":"https:\/\/colombiainteligente.org\/es_co\/wp-json\/wp\/v2\/types\/product"}],"replies":[{"embeddable":true,"href":"https:\/\/colombiainteligente.org\/es_co\/wp-json\/wp\/v2\/comments?post=28384"}],"wp:featuredmedia":[{"embeddable":true,"href":"https:\/\/colombiainteligente.org\/es_co\/wp-json\/wp\/v2\/media\/28388"}],"wp:attachment":[{"href":"https:\/\/colombiainteligente.org\/es_co\/wp-json\/wp\/v2\/media?parent=28384"}],"wp:term":[{"taxonomy":"product_cat","embeddable":true,"href":"https:\/\/colombiainteligente.org\/es_co\/wp-json\/wp\/v2\/product_cat?post=28384"},{"taxonomy":"product_tag","embeddable":true,"href":"https:\/\/colombiainteligente.org\/es_co\/wp-json\/wp\/v2\/product_tag?post=28384"}],"curies":[{"name":"wp","href":"https:\/\/api.w.org\/{rel}","templated":true}]}}