{"id":28417,"date":"2023-02-01T00:00:08","date_gmt":"2023-02-01T05:00:08","guid":{"rendered":"https:\/\/colombiainteligente.org\/?post_type=product&#038;p=28417"},"modified":"2023-05-17T09:27:21","modified_gmt":"2023-05-17T14:27:21","slug":"modernizacion-de-la-red-tecnologias-4-0-para-la-red-referenciamiento","status":"publish","type":"product","link":"https:\/\/colombiainteligente.org\/es_co\/product\/modernizacion-de-la-red-tecnologias-4-0-para-la-red-referenciamiento\/","title":{"rendered":"Modernizaci\u00f3n de la red\u00a0&#8211; Tecnolog\u00edas 4.0 para la red: Referenciamiento"},"content":{"rendered":"<p>Este documento busca identificar las tecnolog\u00edas de la cuarta revoluci\u00f3n industrial en los sistemas el\u00e9ctricos, y presentar las estrategias de modernizaci\u00f3n de la red el\u00e9ctrica, donde se pueden identificar estas tecnolog\u00edas enfocadas hacia aplicaciones de gesti\u00f3n de activos, la operaci\u00f3n del sistema hacia la flexibilidad de este, la confiablidad de la red y la calidad del servicio. La estructura de este documento es la siguiente:<\/p>\n<ol>\n<li><strong>TECNOLOG\u00cdAS 4.0 EN LOS SISTEMAS EL\u00c9CTRICOS:<\/strong> Esta primera secci\u00f3n revisa las diferentes tecnolog\u00edas 4.0 en los sistemas el\u00e9ctricos, y sus caracter\u00edsticas principales.<\/li>\n<li><strong>CASOS DE ESTUDIO:<\/strong> En esta secci\u00f3n se presentan varias experiencias internacionales sobre proyectos que enfocan hacia las aplicaciones para la gesti\u00f3n de activos, la operaci\u00f3n flexible de las redes, la operaci\u00f3n y mantenimiento, la confiabilidad de la red y calidad del servicio.<\/li>\n<li><strong>AVANCES COLOMBIA:<\/strong> La secci\u00f3n final del documento presenta un referente de documentaci\u00f3n, art\u00edculos, publicaciones y escritos identificados en el campo de la modernizaci\u00f3n con las tecnolog\u00edas 4.0 en el pa\u00eds propuestos y\/o desarrollados por diferentes actores del sector energ\u00e9tico y la academia.<\/li>\n<\/ol>\n<p>Octubre de 2022<\/p>\n<div style=\"text-align:center\" class=\"yasr-auto-insert-visitor\"><\/div>","protected":false},"excerpt":{"rendered":"<p>Modernizaci\u00f3n de la red\u00a0&#8211; Tecnolog\u00edas 4.0 para la red: Referenciamiento<\/p>","protected":false},"featured_media":28419,"comment_status":"open","ping_status":"closed","template":"","meta":{"yasr_overall_rating":0,"yasr_post_is_review":"","yasr_auto_insert_disabled":"","yasr_review_type":""},"product_cat":[35,36],"product_tag":[25],"class_list":["post-28417","product","type-product","status-publish","has-post-thumbnail","hentry","product_cat-garantizar-confiabilidad-resiliencia-e-interoperabilidad-en-el-servicio","product_cat-red-flexible-automatizada-y-digital","product_tag-aplicaciones-focales"],"yasr_visitor_votes":{"number_of_votes":0,"sum_votes":0,"stars_attributes":{"read_only":false,"span_bottom":false}},"yoast_head":"<!-- This site is optimized with the Yoast SEO plugin v27.3 - https:\/\/yoast.com\/product\/yoast-seo-wordpress\/ -->\n<title>Modernizaci\u00f3n de la red\u00a0- Tecnolog\u00edas 4.0 para la red: Referenciamiento - Colombia Inteligente<\/title>\n<meta name=\"robots\" content=\"index, follow, max-snippet:-1, max-image-preview:large, max-video-preview:-1\" \/>\n<link rel=\"canonical\" href=\"https:\/\/colombiainteligente.org\/es_co\/product\/modernizacion-de-la-red-tecnologias-4-0-para-la-red-referenciamiento\/\" \/>\n<meta property=\"og:locale\" content=\"es_ES\" \/>\n<meta property=\"og:type\" content=\"article\" \/>\n<meta property=\"og:title\" content=\"Modernizaci\u00f3n de la red\u00a0- Tecnolog\u00edas 4.0 para la red: Referenciamiento - Colombia Inteligente\" \/>\n<meta property=\"og:description\" content=\"Modernizaci\u00f3n de la red\u00a0- Tecnolog\u00edas 4.0 para la red: Referenciamiento\" \/>\n<meta property=\"og:url\" content=\"https:\/\/colombiainteligente.org\/es_co\/product\/modernizacion-de-la-red-tecnologias-4-0-para-la-red-referenciamiento\/\" \/>\n<meta property=\"og:site_name\" content=\"Colombia Inteligente\" \/>\n<meta property=\"article:modified_time\" content=\"2023-05-17T14:27:21+00:00\" \/>\n<meta property=\"og:image\" content=\"https:\/\/colombiainteligente.org\/wp-content\/uploads\/2023\/01\/Ref-modernizacion.png\" \/>\n\t<meta property=\"og:image:width\" content=\"456\" \/>\n\t<meta property=\"og:image:height\" content=\"590\" \/>\n\t<meta property=\"og:image:type\" content=\"image\/png\" \/>\n<meta name=\"twitter:card\" content=\"summary_large_image\" \/>\n<meta name=\"twitter:site\" content=\"@colombiaintelig\" \/>\n<meta name=\"twitter:label1\" content=\"Tiempo estimado de lectura\" \/>\n\t<meta name=\"twitter:data1\" content=\"1 minute\" \/>\n<script type=\"application\/ld+json\" class=\"yoast-schema-graph\">{\"@context\":\"https:\\\/\\\/schema.org\",\"@graph\":[{\"@type\":\"WebPage\",\"@id\":\"https:\\\/\\\/colombiainteligente.org\\\/producto\\\/modernizacion-de-la-red-tecnologias-4-0-para-la-red-referenciamiento\\\/\",\"url\":\"https:\\\/\\\/colombiainteligente.org\\\/producto\\\/modernizacion-de-la-red-tecnologias-4-0-para-la-red-referenciamiento\\\/\",\"name\":\"Modernizaci\u00f3n de la red\u00a0- Tecnolog\u00edas 4.0 para la red: Referenciamiento - Colombia Inteligente\",\"isPartOf\":{\"@id\":\"https:\\\/\\\/colombiainteligente.org\\\/#website\"},\"primaryImageOfPage\":{\"@id\":\"https:\\\/\\\/colombiainteligente.org\\\/producto\\\/modernizacion-de-la-red-tecnologias-4-0-para-la-red-referenciamiento\\\/#primaryimage\"},\"image\":{\"@id\":\"https:\\\/\\\/colombiainteligente.org\\\/producto\\\/modernizacion-de-la-red-tecnologias-4-0-para-la-red-referenciamiento\\\/#primaryimage\"},\"thumbnailUrl\":\"https:\\\/\\\/colombiainteligente.org\\\/wp-content\\\/uploads\\\/2023\\\/01\\\/Ref-modernizacion.png\",\"datePublished\":\"2023-02-01T05:00:08+00:00\",\"dateModified\":\"2023-05-17T14:27:21+00:00\",\"breadcrumb\":{\"@id\":\"https:\\\/\\\/colombiainteligente.org\\\/producto\\\/modernizacion-de-la-red-tecnologias-4-0-para-la-red-referenciamiento\\\/#breadcrumb\"},\"inLanguage\":\"es-CO\",\"potentialAction\":[{\"@type\":\"ReadAction\",\"target\":[\"https:\\\/\\\/colombiainteligente.org\\\/producto\\\/modernizacion-de-la-red-tecnologias-4-0-para-la-red-referenciamiento\\\/\"]}]},{\"@type\":\"ImageObject\",\"inLanguage\":\"es-CO\",\"@id\":\"https:\\\/\\\/colombiainteligente.org\\\/producto\\\/modernizacion-de-la-red-tecnologias-4-0-para-la-red-referenciamiento\\\/#primaryimage\",\"url\":\"https:\\\/\\\/colombiainteligente.org\\\/wp-content\\\/uploads\\\/2023\\\/01\\\/Ref-modernizacion.png\",\"contentUrl\":\"https:\\\/\\\/colombiainteligente.org\\\/wp-content\\\/uploads\\\/2023\\\/01\\\/Ref-modernizacion.png\",\"width\":456,\"height\":590},{\"@type\":\"BreadcrumbList\",\"@id\":\"https:\\\/\\\/colombiainteligente.org\\\/producto\\\/modernizacion-de-la-red-tecnologias-4-0-para-la-red-referenciamiento\\\/#breadcrumb\",\"itemListElement\":[{\"@type\":\"ListItem\",\"position\":1,\"name\":\"Portada\",\"item\":\"https:\\\/\\\/colombiainteligente.org\\\/\"},{\"@type\":\"ListItem\",\"position\":2,\"name\":\"Tienda\",\"item\":\"https:\\\/\\\/colombiainteligente.org\\\/tienda\\\/\"},{\"@type\":\"ListItem\",\"position\":3,\"name\":\"Modernizaci\u00f3n de la red\u00a0&#8211; Tecnolog\u00edas 4.0 para la red: Referenciamiento\"}]},{\"@type\":\"WebSite\",\"@id\":\"https:\\\/\\\/colombiainteligente.org\\\/#website\",\"url\":\"https:\\\/\\\/colombiainteligente.org\\\/\",\"name\":\"Colombia Inteligente\",\"description\":\"Alianza estrat\u00e9gica, conformada por empresas y entidades, para la inserci\u00f3n integral y eficiente de las redes inteligentes a la infraestructura del sector el\u00e9ctrico colombiano\",\"publisher\":{\"@id\":\"https:\\\/\\\/colombiainteligente.org\\\/#organization\"},\"potentialAction\":[{\"@type\":\"SearchAction\",\"target\":{\"@type\":\"EntryPoint\",\"urlTemplate\":\"https:\\\/\\\/colombiainteligente.org\\\/?s={search_term_string}\"},\"query-input\":{\"@type\":\"PropertyValueSpecification\",\"valueRequired\":true,\"valueName\":\"search_term_string\"}}],\"inLanguage\":\"es-CO\"},{\"@type\":\"Organization\",\"@id\":\"https:\\\/\\\/colombiainteligente.org\\\/#organization\",\"name\":\"Colombia Inteligente\",\"url\":\"https:\\\/\\\/colombiainteligente.org\\\/\",\"logo\":{\"@type\":\"ImageObject\",\"inLanguage\":\"es-CO\",\"@id\":\"https:\\\/\\\/colombiainteligente.org\\\/#\\\/schema\\\/logo\\\/image\\\/\",\"url\":\"https:\\\/\\\/colombiainteligente.org\\\/wp-content\\\/uploads\\\/2022\\\/07\\\/Image.png\",\"contentUrl\":\"https:\\\/\\\/colombiainteligente.org\\\/wp-content\\\/uploads\\\/2022\\\/07\\\/Image.png\",\"width\":588,\"height\":274,\"caption\":\"Colombia Inteligente\"},\"image\":{\"@id\":\"https:\\\/\\\/colombiainteligente.org\\\/#\\\/schema\\\/logo\\\/image\\\/\"},\"sameAs\":[\"https:\\\/\\\/x.com\\\/colombiaintelig\",\"https:\\\/\\\/www.linkedin.com\\\/company\\\/colombiainteligente\\\/\"]}]}<\/script>\n<!-- \/ Yoast SEO plugin. -->","yoast_head_json":{"title":"Modernizaci\u00f3n de la red\u00a0- Tecnolog\u00edas 4.0 para la red: Referenciamiento - Colombia Inteligente","robots":{"index":"index","follow":"follow","max-snippet":"max-snippet:-1","max-image-preview":"max-image-preview:large","max-video-preview":"max-video-preview:-1"},"canonical":"https:\/\/colombiainteligente.org\/es_co\/product\/modernizacion-de-la-red-tecnologias-4-0-para-la-red-referenciamiento\/","og_locale":"es_ES","og_type":"article","og_title":"Modernizaci\u00f3n de la red\u00a0- Tecnolog\u00edas 4.0 para la red: Referenciamiento - Colombia Inteligente","og_description":"Modernizaci\u00f3n de la red\u00a0- Tecnolog\u00edas 4.0 para la red: Referenciamiento","og_url":"https:\/\/colombiainteligente.org\/es_co\/product\/modernizacion-de-la-red-tecnologias-4-0-para-la-red-referenciamiento\/","og_site_name":"Colombia Inteligente","article_modified_time":"2023-05-17T14:27:21+00:00","og_image":[{"width":456,"height":590,"url":"https:\/\/colombiainteligente.org\/wp-content\/uploads\/2023\/01\/Ref-modernizacion.png","type":"image\/png"}],"twitter_card":"summary_large_image","twitter_site":"@colombiaintelig","twitter_misc":{"Tiempo estimado de lectura":"1 minute"},"schema":{"@context":"https:\/\/schema.org","@graph":[{"@type":"WebPage","@id":"https:\/\/colombiainteligente.org\/producto\/modernizacion-de-la-red-tecnologias-4-0-para-la-red-referenciamiento\/","url":"https:\/\/colombiainteligente.org\/producto\/modernizacion-de-la-red-tecnologias-4-0-para-la-red-referenciamiento\/","name":"Modernizaci\u00f3n de la red\u00a0- Tecnolog\u00edas 4.0 para la red: Referenciamiento - Colombia Inteligente","isPartOf":{"@id":"https:\/\/colombiainteligente.org\/#website"},"primaryImageOfPage":{"@id":"https:\/\/colombiainteligente.org\/producto\/modernizacion-de-la-red-tecnologias-4-0-para-la-red-referenciamiento\/#primaryimage"},"image":{"@id":"https:\/\/colombiainteligente.org\/producto\/modernizacion-de-la-red-tecnologias-4-0-para-la-red-referenciamiento\/#primaryimage"},"thumbnailUrl":"https:\/\/colombiainteligente.org\/wp-content\/uploads\/2023\/01\/Ref-modernizacion.png","datePublished":"2023-02-01T05:00:08+00:00","dateModified":"2023-05-17T14:27:21+00:00","breadcrumb":{"@id":"https:\/\/colombiainteligente.org\/producto\/modernizacion-de-la-red-tecnologias-4-0-para-la-red-referenciamiento\/#breadcrumb"},"inLanguage":"es-CO","potentialAction":[{"@type":"ReadAction","target":["https:\/\/colombiainteligente.org\/producto\/modernizacion-de-la-red-tecnologias-4-0-para-la-red-referenciamiento\/"]}]},{"@type":"ImageObject","inLanguage":"es-CO","@id":"https:\/\/colombiainteligente.org\/producto\/modernizacion-de-la-red-tecnologias-4-0-para-la-red-referenciamiento\/#primaryimage","url":"https:\/\/colombiainteligente.org\/wp-content\/uploads\/2023\/01\/Ref-modernizacion.png","contentUrl":"https:\/\/colombiainteligente.org\/wp-content\/uploads\/2023\/01\/Ref-modernizacion.png","width":456,"height":590},{"@type":"BreadcrumbList","@id":"https:\/\/colombiainteligente.org\/producto\/modernizacion-de-la-red-tecnologias-4-0-para-la-red-referenciamiento\/#breadcrumb","itemListElement":[{"@type":"ListItem","position":1,"name":"Portada","item":"https:\/\/colombiainteligente.org\/"},{"@type":"ListItem","position":2,"name":"Tienda","item":"https:\/\/colombiainteligente.org\/tienda\/"},{"@type":"ListItem","position":3,"name":"Modernizaci\u00f3n de la red\u00a0&#8211; Tecnolog\u00edas 4.0 para la red: Referenciamiento"}]},{"@type":"WebSite","@id":"https:\/\/colombiainteligente.org\/#website","url":"https:\/\/colombiainteligente.org\/","name":"Colombia Inteligente","description":"Alianza estrat\u00e9gica, conformada por empresas y entidades, para la inserci\u00f3n integral y eficiente de las redes inteligentes a la infraestructura del sector el\u00e9ctrico colombiano","publisher":{"@id":"https:\/\/colombiainteligente.org\/#organization"},"potentialAction":[{"@type":"SearchAction","target":{"@type":"EntryPoint","urlTemplate":"https:\/\/colombiainteligente.org\/?s={search_term_string}"},"query-input":{"@type":"PropertyValueSpecification","valueRequired":true,"valueName":"search_term_string"}}],"inLanguage":"es-CO"},{"@type":"Organization","@id":"https:\/\/colombiainteligente.org\/#organization","name":"Colombia Inteligente","url":"https:\/\/colombiainteligente.org\/","logo":{"@type":"ImageObject","inLanguage":"es-CO","@id":"https:\/\/colombiainteligente.org\/#\/schema\/logo\/image\/","url":"https:\/\/colombiainteligente.org\/wp-content\/uploads\/2022\/07\/Image.png","contentUrl":"https:\/\/colombiainteligente.org\/wp-content\/uploads\/2022\/07\/Image.png","width":588,"height":274,"caption":"Colombia Inteligente"},"image":{"@id":"https:\/\/colombiainteligente.org\/#\/schema\/logo\/image\/"},"sameAs":["https:\/\/x.com\/colombiaintelig","https:\/\/www.linkedin.com\/company\/colombiainteligente\/"]}]}},"_links":{"self":[{"href":"https:\/\/colombiainteligente.org\/es_co\/wp-json\/wp\/v2\/product\/28417","targetHints":{"allow":["GET"]}}],"collection":[{"href":"https:\/\/colombiainteligente.org\/es_co\/wp-json\/wp\/v2\/product"}],"about":[{"href":"https:\/\/colombiainteligente.org\/es_co\/wp-json\/wp\/v2\/types\/product"}],"replies":[{"embeddable":true,"href":"https:\/\/colombiainteligente.org\/es_co\/wp-json\/wp\/v2\/comments?post=28417"}],"wp:featuredmedia":[{"embeddable":true,"href":"https:\/\/colombiainteligente.org\/es_co\/wp-json\/wp\/v2\/media\/28419"}],"wp:attachment":[{"href":"https:\/\/colombiainteligente.org\/es_co\/wp-json\/wp\/v2\/media?parent=28417"}],"wp:term":[{"taxonomy":"product_cat","embeddable":true,"href":"https:\/\/colombiainteligente.org\/es_co\/wp-json\/wp\/v2\/product_cat?post=28417"},{"taxonomy":"product_tag","embeddable":true,"href":"https:\/\/colombiainteligente.org\/es_co\/wp-json\/wp\/v2\/product_tag?post=28417"}],"curies":[{"name":"wp","href":"https:\/\/api.w.org\/{rel}","templated":true}]}}