{"id":28427,"date":"2023-02-01T11:39:42","date_gmt":"2023-02-01T16:39:42","guid":{"rendered":"https:\/\/colombiainteligente.org\/?post_type=product&#038;p=28427"},"modified":"2024-01-16T13:02:36","modified_gmt":"2024-01-16T18:02:36","slug":"casos-de-uso-gestion-de-datos-ami-referenciamiento-y-lineamientos-parte-3-puc-01-02-03-04-06-sgam-bap","status":"publish","type":"product","link":"https:\/\/colombiainteligente.org\/es_co\/product\/casos-de-uso-gestion-de-datos-ami-referenciamiento-y-lineamientos-parte-3-puc-01-02-03-04-06-sgam-bap\/","title":{"rendered":"Casos de Uso \u2013 Gesti\u00f3n de Datos AMI REFERENCIAMIENTO Y LINEAMIENTOS PARTE 3  PUC-01\/02\/03\/04\/06 \u2013 SGAM\/BAP"},"content":{"rendered":"<p>El documento tiene como objetivo brindar un marco de referencia para la implementaci\u00f3n t\u00e9cnica de las funcionalidades de la Infraestructura de Medici\u00f3n Avanzada que soportan el caso de negocio de Gesti\u00f3n del Medidor, con un enfoque de interoperabilidad sem\u00e1ntica y sint\u00e1ctica basada en los est\u00e1ndares aplicables en Colombia. Para cumplir con el objetivo mencionado el docuemento se compone de las siguientes 5 secciones:<\/p>\n<ol>\n<li><strong>MARCO DE REFERENCIA &#8211; APLICACI\u00d3N METODOLOG\u00cdA IOP \u2013 SGAM:<\/strong> Esta seccion incluye un analisis de la metodolg\u00eda IOP SGAM que va a ser la utilizada en el desarrollo de los casos de uso.<\/li>\n<li><strong>DESARROLLO CASOS DE USO PRIMARIOS:<\/strong> En esta seccion se desarrollan los casos de uso a traves del diligenciamiento de la plantilla detallada definida en la secci\u00f3n anterior<\/li>\n<li><strong>AN\u00c1LISIS CASOS DE USO \u2013 MAPEO AL MODELO SGAM:<\/strong> La tercera seccion incluye ina analisis de las capas del modelo SGAM\u00a0 (negocio, funci\u00f3n, componentes, iInformacion y comunicaciones)<\/li>\n<li><strong>CREACI\u00d3N DEL PERFIL B\u00c1SICO DE APLICACI\u00d3N BAP:<\/strong> En esta seccion se analizael proceso para la creacion del perfil b\u00e1sico, el cual tiene como objetivo garantizar la interoperabilidad entre sistemas, permitiendo un intercambio fluido de informaci\u00f3n.<\/li>\n<li><strong>CONCLUSIONES Y RECOMENDACIONES:<\/strong> Aqui se listan las conclusiones y recomendaciones para la implementacion de los casos de uso<\/li>\n<\/ol>\n<p>&nbsp;<\/p>\n<p>Diciembre de 2022<\/p>\n<div style=\"text-align:center\" class=\"yasr-auto-insert-visitor\"><\/div>","protected":false},"excerpt":{"rendered":"<p>Casos de Uso \u2013 Gesti\u00f3n de Datos AMI REFERENCIAMIENTO Y LINEAMIENTOS PARTE 3 PUC-01\/02\/03\/04\/06 \u2013 SGAM\/BAP<\/p>","protected":false},"featured_media":28436,"comment_status":"open","ping_status":"closed","template":"","meta":{"yasr_overall_rating":0,"yasr_post_is_review":"","yasr_auto_insert_disabled":"","yasr_review_type":""},"product_cat":[34,30],"product_tag":[43],"class_list":["post-28427","product","type-product","status-publish","has-post-thumbnail","hentry","product_cat-informacion-avanzada","product_cat-mejoramiento-de-la-calidad-del-servicio-al-usuario","product_tag-aplicaciones-escalables"],"yasr_visitor_votes":{"number_of_votes":0,"sum_votes":0,"stars_attributes":{"read_only":false,"span_bottom":false}},"yoast_head":"<!-- This site is optimized with the Yoast SEO plugin v27.3 - https:\/\/yoast.com\/product\/yoast-seo-wordpress\/ -->\n<title>Casos de Uso \u2013 Gesti\u00f3n de Datos AMI REFERENCIAMIENTO Y LINEAMIENTOS PARTE 3 PUC-01\/02\/03\/04\/06 \u2013 SGAM\/BAP - Colombia Inteligente<\/title>\n<meta name=\"robots\" content=\"index, follow, max-snippet:-1, max-image-preview:large, max-video-preview:-1\" \/>\n<link rel=\"canonical\" href=\"https:\/\/colombiainteligente.org\/es_co\/product\/casos-de-uso-gestion-de-datos-ami-referenciamiento-y-lineamientos-parte-3-puc-01-02-03-04-06-sgam-bap\/\" \/>\n<meta property=\"og:locale\" content=\"es_ES\" \/>\n<meta property=\"og:type\" content=\"article\" \/>\n<meta property=\"og:title\" content=\"Casos de Uso \u2013 Gesti\u00f3n de Datos AMI REFERENCIAMIENTO Y LINEAMIENTOS PARTE 3 PUC-01\/02\/03\/04\/06 \u2013 SGAM\/BAP - Colombia Inteligente\" \/>\n<meta property=\"og:description\" content=\"Casos de Uso \u2013 Gesti\u00f3n de Datos AMI REFERENCIAMIENTO Y LINEAMIENTOS PARTE 3 PUC-01\/02\/03\/04\/06 \u2013 SGAM\/BAP\" \/>\n<meta property=\"og:url\" content=\"https:\/\/colombiainteligente.org\/es_co\/product\/casos-de-uso-gestion-de-datos-ami-referenciamiento-y-lineamientos-parte-3-puc-01-02-03-04-06-sgam-bap\/\" \/>\n<meta property=\"og:site_name\" content=\"Colombia Inteligente\" \/>\n<meta property=\"article:modified_time\" content=\"2024-01-16T18:02:36+00:00\" \/>\n<meta property=\"og:image\" content=\"https:\/\/colombiainteligente.org\/wp-content\/uploads\/2023\/02\/casos-de-uso-3.png\" \/>\n\t<meta property=\"og:image:width\" content=\"408\" \/>\n\t<meta property=\"og:image:height\" content=\"528\" \/>\n\t<meta property=\"og:image:type\" content=\"image\/png\" \/>\n<meta name=\"twitter:card\" content=\"summary_large_image\" \/>\n<meta name=\"twitter:site\" content=\"@colombiaintelig\" \/>\n<meta name=\"twitter:label1\" content=\"Tiempo estimado de lectura\" \/>\n\t<meta name=\"twitter:data1\" content=\"1 minute\" \/>\n<script type=\"application\/ld+json\" class=\"yoast-schema-graph\">{\"@context\":\"https:\\\/\\\/schema.org\",\"@graph\":[{\"@type\":\"WebPage\",\"@id\":\"https:\\\/\\\/colombiainteligente.org\\\/producto\\\/casos-de-uso-gestion-de-datos-ami-referenciamiento-y-lineamientos-parte-3-puc-01-02-03-04-06-sgam-bap\\\/\",\"url\":\"https:\\\/\\\/colombiainteligente.org\\\/producto\\\/casos-de-uso-gestion-de-datos-ami-referenciamiento-y-lineamientos-parte-3-puc-01-02-03-04-06-sgam-bap\\\/\",\"name\":\"Casos de Uso \u2013 Gesti\u00f3n de Datos AMI REFERENCIAMIENTO Y LINEAMIENTOS PARTE 3 PUC-01\\\/02\\\/03\\\/04\\\/06 \u2013 SGAM\\\/BAP - Colombia Inteligente\",\"isPartOf\":{\"@id\":\"https:\\\/\\\/colombiainteligente.org\\\/#website\"},\"primaryImageOfPage\":{\"@id\":\"https:\\\/\\\/colombiainteligente.org\\\/producto\\\/casos-de-uso-gestion-de-datos-ami-referenciamiento-y-lineamientos-parte-3-puc-01-02-03-04-06-sgam-bap\\\/#primaryimage\"},\"image\":{\"@id\":\"https:\\\/\\\/colombiainteligente.org\\\/producto\\\/casos-de-uso-gestion-de-datos-ami-referenciamiento-y-lineamientos-parte-3-puc-01-02-03-04-06-sgam-bap\\\/#primaryimage\"},\"thumbnailUrl\":\"https:\\\/\\\/colombiainteligente.org\\\/wp-content\\\/uploads\\\/2023\\\/02\\\/casos-de-uso-3.png\",\"datePublished\":\"2023-02-01T16:39:42+00:00\",\"dateModified\":\"2024-01-16T18:02:36+00:00\",\"breadcrumb\":{\"@id\":\"https:\\\/\\\/colombiainteligente.org\\\/producto\\\/casos-de-uso-gestion-de-datos-ami-referenciamiento-y-lineamientos-parte-3-puc-01-02-03-04-06-sgam-bap\\\/#breadcrumb\"},\"inLanguage\":\"es-CO\",\"potentialAction\":[{\"@type\":\"ReadAction\",\"target\":[\"https:\\\/\\\/colombiainteligente.org\\\/producto\\\/casos-de-uso-gestion-de-datos-ami-referenciamiento-y-lineamientos-parte-3-puc-01-02-03-04-06-sgam-bap\\\/\"]}]},{\"@type\":\"ImageObject\",\"inLanguage\":\"es-CO\",\"@id\":\"https:\\\/\\\/colombiainteligente.org\\\/producto\\\/casos-de-uso-gestion-de-datos-ami-referenciamiento-y-lineamientos-parte-3-puc-01-02-03-04-06-sgam-bap\\\/#primaryimage\",\"url\":\"https:\\\/\\\/colombiainteligente.org\\\/wp-content\\\/uploads\\\/2023\\\/02\\\/casos-de-uso-3.png\",\"contentUrl\":\"https:\\\/\\\/colombiainteligente.org\\\/wp-content\\\/uploads\\\/2023\\\/02\\\/casos-de-uso-3.png\",\"width\":408,\"height\":528,\"caption\":\"casos de uso 3\"},{\"@type\":\"BreadcrumbList\",\"@id\":\"https:\\\/\\\/colombiainteligente.org\\\/producto\\\/casos-de-uso-gestion-de-datos-ami-referenciamiento-y-lineamientos-parte-3-puc-01-02-03-04-06-sgam-bap\\\/#breadcrumb\",\"itemListElement\":[{\"@type\":\"ListItem\",\"position\":1,\"name\":\"Portada\",\"item\":\"https:\\\/\\\/colombiainteligente.org\\\/\"},{\"@type\":\"ListItem\",\"position\":2,\"name\":\"Tienda\",\"item\":\"https:\\\/\\\/colombiainteligente.org\\\/tienda\\\/\"},{\"@type\":\"ListItem\",\"position\":3,\"name\":\"Casos de Uso \u2013 Gesti\u00f3n de Datos AMI REFERENCIAMIENTO Y LINEAMIENTOS PARTE 3 PUC-01\\\/02\\\/03\\\/04\\\/06 \u2013 SGAM\\\/BAP\"}]},{\"@type\":\"WebSite\",\"@id\":\"https:\\\/\\\/colombiainteligente.org\\\/#website\",\"url\":\"https:\\\/\\\/colombiainteligente.org\\\/\",\"name\":\"Colombia Inteligente\",\"description\":\"Alianza estrat\u00e9gica, conformada por empresas y entidades, para la inserci\u00f3n integral y eficiente de las redes inteligentes a la infraestructura del sector el\u00e9ctrico colombiano\",\"publisher\":{\"@id\":\"https:\\\/\\\/colombiainteligente.org\\\/#organization\"},\"potentialAction\":[{\"@type\":\"SearchAction\",\"target\":{\"@type\":\"EntryPoint\",\"urlTemplate\":\"https:\\\/\\\/colombiainteligente.org\\\/?s={search_term_string}\"},\"query-input\":{\"@type\":\"PropertyValueSpecification\",\"valueRequired\":true,\"valueName\":\"search_term_string\"}}],\"inLanguage\":\"es-CO\"},{\"@type\":\"Organization\",\"@id\":\"https:\\\/\\\/colombiainteligente.org\\\/#organization\",\"name\":\"Colombia Inteligente\",\"url\":\"https:\\\/\\\/colombiainteligente.org\\\/\",\"logo\":{\"@type\":\"ImageObject\",\"inLanguage\":\"es-CO\",\"@id\":\"https:\\\/\\\/colombiainteligente.org\\\/#\\\/schema\\\/logo\\\/image\\\/\",\"url\":\"https:\\\/\\\/colombiainteligente.org\\\/wp-content\\\/uploads\\\/2022\\\/07\\\/Image.png\",\"contentUrl\":\"https:\\\/\\\/colombiainteligente.org\\\/wp-content\\\/uploads\\\/2022\\\/07\\\/Image.png\",\"width\":588,\"height\":274,\"caption\":\"Colombia Inteligente\"},\"image\":{\"@id\":\"https:\\\/\\\/colombiainteligente.org\\\/#\\\/schema\\\/logo\\\/image\\\/\"},\"sameAs\":[\"https:\\\/\\\/x.com\\\/colombiaintelig\",\"https:\\\/\\\/www.linkedin.com\\\/company\\\/colombiainteligente\\\/\"]}]}<\/script>\n<!-- \/ Yoast SEO plugin. -->","yoast_head_json":{"title":"Casos de Uso \u2013 Gesti\u00f3n de Datos AMI REFERENCIAMIENTO Y LINEAMIENTOS PARTE 3 PUC-01\/02\/03\/04\/06 \u2013 SGAM\/BAP - Colombia Inteligente","robots":{"index":"index","follow":"follow","max-snippet":"max-snippet:-1","max-image-preview":"max-image-preview:large","max-video-preview":"max-video-preview:-1"},"canonical":"https:\/\/colombiainteligente.org\/es_co\/product\/casos-de-uso-gestion-de-datos-ami-referenciamiento-y-lineamientos-parte-3-puc-01-02-03-04-06-sgam-bap\/","og_locale":"es_ES","og_type":"article","og_title":"Casos de Uso \u2013 Gesti\u00f3n de Datos AMI REFERENCIAMIENTO Y LINEAMIENTOS PARTE 3 PUC-01\/02\/03\/04\/06 \u2013 SGAM\/BAP - Colombia Inteligente","og_description":"Casos de Uso \u2013 Gesti\u00f3n de Datos AMI REFERENCIAMIENTO Y LINEAMIENTOS PARTE 3 PUC-01\/02\/03\/04\/06 \u2013 SGAM\/BAP","og_url":"https:\/\/colombiainteligente.org\/es_co\/product\/casos-de-uso-gestion-de-datos-ami-referenciamiento-y-lineamientos-parte-3-puc-01-02-03-04-06-sgam-bap\/","og_site_name":"Colombia Inteligente","article_modified_time":"2024-01-16T18:02:36+00:00","og_image":[{"width":408,"height":528,"url":"https:\/\/colombiainteligente.org\/wp-content\/uploads\/2023\/02\/casos-de-uso-3.png","type":"image\/png"}],"twitter_card":"summary_large_image","twitter_site":"@colombiaintelig","twitter_misc":{"Tiempo estimado de lectura":"1 minute"},"schema":{"@context":"https:\/\/schema.org","@graph":[{"@type":"WebPage","@id":"https:\/\/colombiainteligente.org\/producto\/casos-de-uso-gestion-de-datos-ami-referenciamiento-y-lineamientos-parte-3-puc-01-02-03-04-06-sgam-bap\/","url":"https:\/\/colombiainteligente.org\/producto\/casos-de-uso-gestion-de-datos-ami-referenciamiento-y-lineamientos-parte-3-puc-01-02-03-04-06-sgam-bap\/","name":"Casos de Uso \u2013 Gesti\u00f3n de Datos AMI REFERENCIAMIENTO Y LINEAMIENTOS PARTE 3 PUC-01\/02\/03\/04\/06 \u2013 SGAM\/BAP - Colombia Inteligente","isPartOf":{"@id":"https:\/\/colombiainteligente.org\/#website"},"primaryImageOfPage":{"@id":"https:\/\/colombiainteligente.org\/producto\/casos-de-uso-gestion-de-datos-ami-referenciamiento-y-lineamientos-parte-3-puc-01-02-03-04-06-sgam-bap\/#primaryimage"},"image":{"@id":"https:\/\/colombiainteligente.org\/producto\/casos-de-uso-gestion-de-datos-ami-referenciamiento-y-lineamientos-parte-3-puc-01-02-03-04-06-sgam-bap\/#primaryimage"},"thumbnailUrl":"https:\/\/colombiainteligente.org\/wp-content\/uploads\/2023\/02\/casos-de-uso-3.png","datePublished":"2023-02-01T16:39:42+00:00","dateModified":"2024-01-16T18:02:36+00:00","breadcrumb":{"@id":"https:\/\/colombiainteligente.org\/producto\/casos-de-uso-gestion-de-datos-ami-referenciamiento-y-lineamientos-parte-3-puc-01-02-03-04-06-sgam-bap\/#breadcrumb"},"inLanguage":"es-CO","potentialAction":[{"@type":"ReadAction","target":["https:\/\/colombiainteligente.org\/producto\/casos-de-uso-gestion-de-datos-ami-referenciamiento-y-lineamientos-parte-3-puc-01-02-03-04-06-sgam-bap\/"]}]},{"@type":"ImageObject","inLanguage":"es-CO","@id":"https:\/\/colombiainteligente.org\/producto\/casos-de-uso-gestion-de-datos-ami-referenciamiento-y-lineamientos-parte-3-puc-01-02-03-04-06-sgam-bap\/#primaryimage","url":"https:\/\/colombiainteligente.org\/wp-content\/uploads\/2023\/02\/casos-de-uso-3.png","contentUrl":"https:\/\/colombiainteligente.org\/wp-content\/uploads\/2023\/02\/casos-de-uso-3.png","width":408,"height":528,"caption":"casos de uso 3"},{"@type":"BreadcrumbList","@id":"https:\/\/colombiainteligente.org\/producto\/casos-de-uso-gestion-de-datos-ami-referenciamiento-y-lineamientos-parte-3-puc-01-02-03-04-06-sgam-bap\/#breadcrumb","itemListElement":[{"@type":"ListItem","position":1,"name":"Portada","item":"https:\/\/colombiainteligente.org\/"},{"@type":"ListItem","position":2,"name":"Tienda","item":"https:\/\/colombiainteligente.org\/tienda\/"},{"@type":"ListItem","position":3,"name":"Casos de Uso \u2013 Gesti\u00f3n de Datos AMI REFERENCIAMIENTO Y LINEAMIENTOS PARTE 3 PUC-01\/02\/03\/04\/06 \u2013 SGAM\/BAP"}]},{"@type":"WebSite","@id":"https:\/\/colombiainteligente.org\/#website","url":"https:\/\/colombiainteligente.org\/","name":"Colombia Inteligente","description":"Alianza estrat\u00e9gica, conformada por empresas y entidades, para la inserci\u00f3n integral y eficiente de las redes inteligentes a la infraestructura del sector el\u00e9ctrico colombiano","publisher":{"@id":"https:\/\/colombiainteligente.org\/#organization"},"potentialAction":[{"@type":"SearchAction","target":{"@type":"EntryPoint","urlTemplate":"https:\/\/colombiainteligente.org\/?s={search_term_string}"},"query-input":{"@type":"PropertyValueSpecification","valueRequired":true,"valueName":"search_term_string"}}],"inLanguage":"es-CO"},{"@type":"Organization","@id":"https:\/\/colombiainteligente.org\/#organization","name":"Colombia Inteligente","url":"https:\/\/colombiainteligente.org\/","logo":{"@type":"ImageObject","inLanguage":"es-CO","@id":"https:\/\/colombiainteligente.org\/#\/schema\/logo\/image\/","url":"https:\/\/colombiainteligente.org\/wp-content\/uploads\/2022\/07\/Image.png","contentUrl":"https:\/\/colombiainteligente.org\/wp-content\/uploads\/2022\/07\/Image.png","width":588,"height":274,"caption":"Colombia Inteligente"},"image":{"@id":"https:\/\/colombiainteligente.org\/#\/schema\/logo\/image\/"},"sameAs":["https:\/\/x.com\/colombiaintelig","https:\/\/www.linkedin.com\/company\/colombiainteligente\/"]}]}},"_links":{"self":[{"href":"https:\/\/colombiainteligente.org\/es_co\/wp-json\/wp\/v2\/product\/28427","targetHints":{"allow":["GET"]}}],"collection":[{"href":"https:\/\/colombiainteligente.org\/es_co\/wp-json\/wp\/v2\/product"}],"about":[{"href":"https:\/\/colombiainteligente.org\/es_co\/wp-json\/wp\/v2\/types\/product"}],"replies":[{"embeddable":true,"href":"https:\/\/colombiainteligente.org\/es_co\/wp-json\/wp\/v2\/comments?post=28427"}],"wp:featuredmedia":[{"embeddable":true,"href":"https:\/\/colombiainteligente.org\/es_co\/wp-json\/wp\/v2\/media\/28436"}],"wp:attachment":[{"href":"https:\/\/colombiainteligente.org\/es_co\/wp-json\/wp\/v2\/media?parent=28427"}],"wp:term":[{"taxonomy":"product_cat","embeddable":true,"href":"https:\/\/colombiainteligente.org\/es_co\/wp-json\/wp\/v2\/product_cat?post=28427"},{"taxonomy":"product_tag","embeddable":true,"href":"https:\/\/colombiainteligente.org\/es_co\/wp-json\/wp\/v2\/product_tag?post=28427"}],"curies":[{"name":"wp","href":"https:\/\/api.w.org\/{rel}","templated":true}]}}