{"id":34478,"date":"2023-07-21T11:46:56","date_gmt":"2023-07-21T16:46:56","guid":{"rendered":"https:\/\/colombiainteligente.org\/?post_type=product&#038;p=34478"},"modified":"2025-02-17T13:17:51","modified_gmt":"2025-02-17T18:17:51","slug":"infraestrucutura-de-medicion-avanzada-recomendaciones-para-su-implementacion","status":"publish","type":"product","link":"https:\/\/colombiainteligente.org\/es_co\/product\/infraestrucutura-de-medicion-avanzada-recomendaciones-para-su-implementacion\/","title":{"rendered":"INFRAESTRUCUTURA DE MEDICION AVANZADA: RECOMENDACIONES PARA SU IMPLEMENTACI\u00d3N"},"content":{"rendered":"<p>El documento de Lineamientos Estrat\u00e9gicos en AMI proporciona recomendaciones para la implementaci\u00f3n de infraestructura de medici\u00f3n avanzada en el sector el\u00e9ctrico colombiano.<br \/>\nEl documento esta estructurado de la siguiente forma:<br \/>\n1. Antecedentes<br \/>\n2. Responsable de implementaci\u00f3n<br \/>\n3. Senda de implementaci\u00f3n<br \/>\n4. Funcionalidades del AMI<\/p>\n<p>Noviembre de 2021<\/p>\n<div style=\"text-align:center\" class=\"yasr-auto-insert-visitor\"><\/div>","protected":false},"excerpt":{"rendered":"<p>INFRAESTRUCUTURA DE MEDICION AVANZADA: RECOMENDACIONES PARA SU IMPLEMENTACI\u00d3N<\/p>","protected":false},"featured_media":34479,"comment_status":"open","ping_status":"closed","template":"","meta":{"yasr_overall_rating":0,"yasr_post_is_review":"","yasr_auto_insert_disabled":"","yasr_review_type":""},"product_cat":[31,34,30],"product_tag":[25],"class_list":["post-34478","product","type-product","status-publish","has-post-thumbnail","hentry","product_cat-arquitectura-tecnologica","product_cat-informacion-avanzada","product_cat-mejoramiento-de-la-calidad-del-servicio-al-usuario","product_tag-aplicaciones-focales"],"yasr_visitor_votes":{"number_of_votes":0,"sum_votes":0,"stars_attributes":{"read_only":false,"span_bottom":false}},"yoast_head":"<!-- This site is optimized with the Yoast SEO plugin v27.3 - https:\/\/yoast.com\/product\/yoast-seo-wordpress\/ -->\n<title>INFRAESTRUCUTURA DE MEDICION AVANZADA: RECOMENDACIONES PARA SU IMPLEMENTACI\u00d3N - Colombia Inteligente<\/title>\n<meta name=\"robots\" content=\"index, follow, max-snippet:-1, max-image-preview:large, max-video-preview:-1\" \/>\n<link rel=\"canonical\" href=\"https:\/\/colombiainteligente.org\/es_co\/product\/infraestrucutura-de-medicion-avanzada-recomendaciones-para-su-implementacion\/\" \/>\n<meta property=\"og:locale\" content=\"es_ES\" \/>\n<meta property=\"og:type\" content=\"article\" \/>\n<meta property=\"og:title\" content=\"INFRAESTRUCUTURA DE MEDICION AVANZADA: RECOMENDACIONES PARA SU IMPLEMENTACI\u00d3N - Colombia Inteligente\" \/>\n<meta property=\"og:description\" content=\"INFRAESTRUCUTURA DE MEDICION AVANZADA: RECOMENDACIONES PARA SU IMPLEMENTACI\u00d3N\" \/>\n<meta property=\"og:url\" content=\"https:\/\/colombiainteligente.org\/es_co\/product\/infraestrucutura-de-medicion-avanzada-recomendaciones-para-su-implementacion\/\" \/>\n<meta property=\"og:site_name\" content=\"Colombia Inteligente\" \/>\n<meta property=\"article:modified_time\" content=\"2025-02-17T18:17:51+00:00\" \/>\n<meta property=\"og:image\" content=\"https:\/\/colombiainteligente.org\/wp-content\/uploads\/2023\/07\/recomendaciones-ami.png\" \/>\n\t<meta property=\"og:image:width\" content=\"610\" \/>\n\t<meta property=\"og:image:height\" content=\"792\" \/>\n\t<meta property=\"og:image:type\" content=\"image\/png\" \/>\n<meta name=\"twitter:card\" content=\"summary_large_image\" \/>\n<meta name=\"twitter:site\" content=\"@colombiaintelig\" \/>\n<meta name=\"twitter:label1\" content=\"Tiempo estimado de lectura\" \/>\n\t<meta name=\"twitter:data1\" content=\"1 minute\" \/>\n<script type=\"application\/ld+json\" class=\"yoast-schema-graph\">{\"@context\":\"https:\\\/\\\/schema.org\",\"@graph\":[{\"@type\":\"WebPage\",\"@id\":\"https:\\\/\\\/colombiainteligente.org\\\/producto\\\/infraestrucutura-de-medicion-avanzada-recomendaciones-para-su-implementacion\\\/\",\"url\":\"https:\\\/\\\/colombiainteligente.org\\\/producto\\\/infraestrucutura-de-medicion-avanzada-recomendaciones-para-su-implementacion\\\/\",\"name\":\"INFRAESTRUCUTURA DE MEDICION AVANZADA: RECOMENDACIONES PARA SU IMPLEMENTACI\u00d3N - Colombia Inteligente\",\"isPartOf\":{\"@id\":\"https:\\\/\\\/colombiainteligente.org\\\/#website\"},\"primaryImageOfPage\":{\"@id\":\"https:\\\/\\\/colombiainteligente.org\\\/producto\\\/infraestrucutura-de-medicion-avanzada-recomendaciones-para-su-implementacion\\\/#primaryimage\"},\"image\":{\"@id\":\"https:\\\/\\\/colombiainteligente.org\\\/producto\\\/infraestrucutura-de-medicion-avanzada-recomendaciones-para-su-implementacion\\\/#primaryimage\"},\"thumbnailUrl\":\"https:\\\/\\\/colombiainteligente.org\\\/wp-content\\\/uploads\\\/2023\\\/07\\\/recomendaciones-ami.png\",\"datePublished\":\"2023-07-21T16:46:56+00:00\",\"dateModified\":\"2025-02-17T18:17:51+00:00\",\"breadcrumb\":{\"@id\":\"https:\\\/\\\/colombiainteligente.org\\\/producto\\\/infraestrucutura-de-medicion-avanzada-recomendaciones-para-su-implementacion\\\/#breadcrumb\"},\"inLanguage\":\"es-CO\",\"potentialAction\":[{\"@type\":\"ReadAction\",\"target\":[\"https:\\\/\\\/colombiainteligente.org\\\/producto\\\/infraestrucutura-de-medicion-avanzada-recomendaciones-para-su-implementacion\\\/\"]}]},{\"@type\":\"ImageObject\",\"inLanguage\":\"es-CO\",\"@id\":\"https:\\\/\\\/colombiainteligente.org\\\/producto\\\/infraestrucutura-de-medicion-avanzada-recomendaciones-para-su-implementacion\\\/#primaryimage\",\"url\":\"https:\\\/\\\/colombiainteligente.org\\\/wp-content\\\/uploads\\\/2023\\\/07\\\/recomendaciones-ami.png\",\"contentUrl\":\"https:\\\/\\\/colombiainteligente.org\\\/wp-content\\\/uploads\\\/2023\\\/07\\\/recomendaciones-ami.png\",\"width\":610,\"height\":792},{\"@type\":\"BreadcrumbList\",\"@id\":\"https:\\\/\\\/colombiainteligente.org\\\/producto\\\/infraestrucutura-de-medicion-avanzada-recomendaciones-para-su-implementacion\\\/#breadcrumb\",\"itemListElement\":[{\"@type\":\"ListItem\",\"position\":1,\"name\":\"Portada\",\"item\":\"https:\\\/\\\/colombiainteligente.org\\\/\"},{\"@type\":\"ListItem\",\"position\":2,\"name\":\"Tienda\",\"item\":\"https:\\\/\\\/colombiainteligente.org\\\/tienda\\\/\"},{\"@type\":\"ListItem\",\"position\":3,\"name\":\"INFRAESTRUCUTURA DE MEDICION AVANZADA: RECOMENDACIONES PARA SU IMPLEMENTACI\u00d3N\"}]},{\"@type\":\"WebSite\",\"@id\":\"https:\\\/\\\/colombiainteligente.org\\\/#website\",\"url\":\"https:\\\/\\\/colombiainteligente.org\\\/\",\"name\":\"Colombia Inteligente\",\"description\":\"Alianza estrat\u00e9gica, conformada por empresas y entidades, para la inserci\u00f3n integral y eficiente de las redes inteligentes a la infraestructura del sector el\u00e9ctrico colombiano\",\"publisher\":{\"@id\":\"https:\\\/\\\/colombiainteligente.org\\\/#organization\"},\"potentialAction\":[{\"@type\":\"SearchAction\",\"target\":{\"@type\":\"EntryPoint\",\"urlTemplate\":\"https:\\\/\\\/colombiainteligente.org\\\/?s={search_term_string}\"},\"query-input\":{\"@type\":\"PropertyValueSpecification\",\"valueRequired\":true,\"valueName\":\"search_term_string\"}}],\"inLanguage\":\"es-CO\"},{\"@type\":\"Organization\",\"@id\":\"https:\\\/\\\/colombiainteligente.org\\\/#organization\",\"name\":\"Colombia Inteligente\",\"url\":\"https:\\\/\\\/colombiainteligente.org\\\/\",\"logo\":{\"@type\":\"ImageObject\",\"inLanguage\":\"es-CO\",\"@id\":\"https:\\\/\\\/colombiainteligente.org\\\/#\\\/schema\\\/logo\\\/image\\\/\",\"url\":\"https:\\\/\\\/colombiainteligente.org\\\/wp-content\\\/uploads\\\/2022\\\/07\\\/Image.png\",\"contentUrl\":\"https:\\\/\\\/colombiainteligente.org\\\/wp-content\\\/uploads\\\/2022\\\/07\\\/Image.png\",\"width\":588,\"height\":274,\"caption\":\"Colombia Inteligente\"},\"image\":{\"@id\":\"https:\\\/\\\/colombiainteligente.org\\\/#\\\/schema\\\/logo\\\/image\\\/\"},\"sameAs\":[\"https:\\\/\\\/x.com\\\/colombiaintelig\",\"https:\\\/\\\/www.linkedin.com\\\/company\\\/colombiainteligente\\\/\"]}]}<\/script>\n<!-- \/ Yoast SEO plugin. -->","yoast_head_json":{"title":"INFRAESTRUCUTURA DE MEDICION AVANZADA: RECOMENDACIONES PARA SU IMPLEMENTACI\u00d3N - Colombia Inteligente","robots":{"index":"index","follow":"follow","max-snippet":"max-snippet:-1","max-image-preview":"max-image-preview:large","max-video-preview":"max-video-preview:-1"},"canonical":"https:\/\/colombiainteligente.org\/es_co\/product\/infraestrucutura-de-medicion-avanzada-recomendaciones-para-su-implementacion\/","og_locale":"es_ES","og_type":"article","og_title":"INFRAESTRUCUTURA DE MEDICION AVANZADA: RECOMENDACIONES PARA SU IMPLEMENTACI\u00d3N - Colombia Inteligente","og_description":"INFRAESTRUCUTURA DE MEDICION AVANZADA: RECOMENDACIONES PARA SU IMPLEMENTACI\u00d3N","og_url":"https:\/\/colombiainteligente.org\/es_co\/product\/infraestrucutura-de-medicion-avanzada-recomendaciones-para-su-implementacion\/","og_site_name":"Colombia Inteligente","article_modified_time":"2025-02-17T18:17:51+00:00","og_image":[{"width":610,"height":792,"url":"https:\/\/colombiainteligente.org\/wp-content\/uploads\/2023\/07\/recomendaciones-ami.png","type":"image\/png"}],"twitter_card":"summary_large_image","twitter_site":"@colombiaintelig","twitter_misc":{"Tiempo estimado de lectura":"1 minute"},"schema":{"@context":"https:\/\/schema.org","@graph":[{"@type":"WebPage","@id":"https:\/\/colombiainteligente.org\/producto\/infraestrucutura-de-medicion-avanzada-recomendaciones-para-su-implementacion\/","url":"https:\/\/colombiainteligente.org\/producto\/infraestrucutura-de-medicion-avanzada-recomendaciones-para-su-implementacion\/","name":"INFRAESTRUCUTURA DE MEDICION AVANZADA: RECOMENDACIONES PARA SU IMPLEMENTACI\u00d3N - Colombia Inteligente","isPartOf":{"@id":"https:\/\/colombiainteligente.org\/#website"},"primaryImageOfPage":{"@id":"https:\/\/colombiainteligente.org\/producto\/infraestrucutura-de-medicion-avanzada-recomendaciones-para-su-implementacion\/#primaryimage"},"image":{"@id":"https:\/\/colombiainteligente.org\/producto\/infraestrucutura-de-medicion-avanzada-recomendaciones-para-su-implementacion\/#primaryimage"},"thumbnailUrl":"https:\/\/colombiainteligente.org\/wp-content\/uploads\/2023\/07\/recomendaciones-ami.png","datePublished":"2023-07-21T16:46:56+00:00","dateModified":"2025-02-17T18:17:51+00:00","breadcrumb":{"@id":"https:\/\/colombiainteligente.org\/producto\/infraestrucutura-de-medicion-avanzada-recomendaciones-para-su-implementacion\/#breadcrumb"},"inLanguage":"es-CO","potentialAction":[{"@type":"ReadAction","target":["https:\/\/colombiainteligente.org\/producto\/infraestrucutura-de-medicion-avanzada-recomendaciones-para-su-implementacion\/"]}]},{"@type":"ImageObject","inLanguage":"es-CO","@id":"https:\/\/colombiainteligente.org\/producto\/infraestrucutura-de-medicion-avanzada-recomendaciones-para-su-implementacion\/#primaryimage","url":"https:\/\/colombiainteligente.org\/wp-content\/uploads\/2023\/07\/recomendaciones-ami.png","contentUrl":"https:\/\/colombiainteligente.org\/wp-content\/uploads\/2023\/07\/recomendaciones-ami.png","width":610,"height":792},{"@type":"BreadcrumbList","@id":"https:\/\/colombiainteligente.org\/producto\/infraestrucutura-de-medicion-avanzada-recomendaciones-para-su-implementacion\/#breadcrumb","itemListElement":[{"@type":"ListItem","position":1,"name":"Portada","item":"https:\/\/colombiainteligente.org\/"},{"@type":"ListItem","position":2,"name":"Tienda","item":"https:\/\/colombiainteligente.org\/tienda\/"},{"@type":"ListItem","position":3,"name":"INFRAESTRUCUTURA DE MEDICION AVANZADA: RECOMENDACIONES PARA SU IMPLEMENTACI\u00d3N"}]},{"@type":"WebSite","@id":"https:\/\/colombiainteligente.org\/#website","url":"https:\/\/colombiainteligente.org\/","name":"Colombia Inteligente","description":"Alianza estrat\u00e9gica, conformada por empresas y entidades, para la inserci\u00f3n integral y eficiente de las redes inteligentes a la infraestructura del sector el\u00e9ctrico colombiano","publisher":{"@id":"https:\/\/colombiainteligente.org\/#organization"},"potentialAction":[{"@type":"SearchAction","target":{"@type":"EntryPoint","urlTemplate":"https:\/\/colombiainteligente.org\/?s={search_term_string}"},"query-input":{"@type":"PropertyValueSpecification","valueRequired":true,"valueName":"search_term_string"}}],"inLanguage":"es-CO"},{"@type":"Organization","@id":"https:\/\/colombiainteligente.org\/#organization","name":"Colombia Inteligente","url":"https:\/\/colombiainteligente.org\/","logo":{"@type":"ImageObject","inLanguage":"es-CO","@id":"https:\/\/colombiainteligente.org\/#\/schema\/logo\/image\/","url":"https:\/\/colombiainteligente.org\/wp-content\/uploads\/2022\/07\/Image.png","contentUrl":"https:\/\/colombiainteligente.org\/wp-content\/uploads\/2022\/07\/Image.png","width":588,"height":274,"caption":"Colombia Inteligente"},"image":{"@id":"https:\/\/colombiainteligente.org\/#\/schema\/logo\/image\/"},"sameAs":["https:\/\/x.com\/colombiaintelig","https:\/\/www.linkedin.com\/company\/colombiainteligente\/"]}]}},"_links":{"self":[{"href":"https:\/\/colombiainteligente.org\/es_co\/wp-json\/wp\/v2\/product\/34478","targetHints":{"allow":["GET"]}}],"collection":[{"href":"https:\/\/colombiainteligente.org\/es_co\/wp-json\/wp\/v2\/product"}],"about":[{"href":"https:\/\/colombiainteligente.org\/es_co\/wp-json\/wp\/v2\/types\/product"}],"replies":[{"embeddable":true,"href":"https:\/\/colombiainteligente.org\/es_co\/wp-json\/wp\/v2\/comments?post=34478"}],"wp:featuredmedia":[{"embeddable":true,"href":"https:\/\/colombiainteligente.org\/es_co\/wp-json\/wp\/v2\/media\/34479"}],"wp:attachment":[{"href":"https:\/\/colombiainteligente.org\/es_co\/wp-json\/wp\/v2\/media?parent=34478"}],"wp:term":[{"taxonomy":"product_cat","embeddable":true,"href":"https:\/\/colombiainteligente.org\/es_co\/wp-json\/wp\/v2\/product_cat?post=34478"},{"taxonomy":"product_tag","embeddable":true,"href":"https:\/\/colombiainteligente.org\/es_co\/wp-json\/wp\/v2\/product_tag?post=34478"}],"curies":[{"name":"wp","href":"https:\/\/api.w.org\/{rel}","templated":true}]}}