{"id":34968,"date":"2023-08-08T11:28:27","date_gmt":"2023-08-08T16:28:27","guid":{"rendered":"https:\/\/colombiainteligente.org\/?post_type=product&#038;p=34968"},"modified":"2024-01-16T13:08:20","modified_gmt":"2024-01-16T18:08:20","slug":"subestaciones-digitales-lineamimentos","status":"publish","type":"product","link":"https:\/\/colombiainteligente.org\/es_co\/product\/subestaciones-digitales-lineamimentos\/","title":{"rendered":"Subestaciones Digitales &#8211; Lineamimentos"},"content":{"rendered":"<p>El Grupo de Trabajo Colaborativo (GTC) Subestaciones Digitales de Colombia Inteligente tiene como objetivo brindar lineamientos estrat\u00e9gicos para fomentar la digitalizaci\u00f3n de las subestaciones y definir recomendaciones para su integraci\u00f3n al sistema el\u00e9ctrico colombiano con base en las mejores<br \/>\npr\u00e1cticas internacionales y el contexto local. En ese sentido, el presente documento busca identificar lecciones aprendidas a nivel nacional e internacional que permitan construir los lineamientos estrat\u00e9gicos para el pa\u00eds.<\/p>\n<p>El documento inicia con una introducci\u00f3n acerca de la digitalizaci\u00f3n de los sistemas energ\u00e9ticos y sus implicaciones en las subestaciones el\u00e9ctricas, identificando algunos beneficios como: actualizaci\u00f3n tecnol\u00f3gica y expansi\u00f3n de las subestaciones; las redes de comunicaci\u00f3n reemplazan los sistemas de cableado, disminuyendo costos y fuentes de error; mejora la precisi\u00f3n en la medida y la fiabilidad de la transmisi\u00f3n de se\u00f1ales; evitan los problemas causados por cables tales como la compatibilidad electromagn\u00e9tica, las sobretensiones o la existencia de varias tierras; resuelve los problemas con la operaci\u00f3n interoperabilidad entre equipos, incrementa la automatizaci\u00f3n y el nivel de la eficiencia operacionales; las diversas funciones de una subestaci\u00f3n pueden compartir la misma plataforma de informaci\u00f3n, evitando duplicaci\u00f3n de equipos; entre otras. Adicionalmente, se construye una propuesta clasificaci\u00f3n para la digitalizaci\u00f3n de las subestaciones en 5 niveles.<\/p>\n<p>Posteriormente, se identifican algunas lecciones aprendidas a nivel internacional en proyectos en bus de proceso, clasificadas en interoperabilidad y ciberseguridad, redes de comunicaci\u00f3n, sincronizaci\u00f3n de tiempos, pruebas, capacidades empresariales y profesionales, y transformadores de instrumentaci\u00f3n no convencionales. Por \u00faltimo, se analiza el caso colombiano, en el que se identifican algunas de las lecciones aprendidas a nivel nacional en subestaciones digitales, desarrolladas en la implementaci\u00f3n de proyectos en bus de estaci\u00f3n y la investigaci\u00f3n en proyectos piloto en cuanto al bus de proceso.<\/p>\n<p>Adicionalmente, se realiz\u00f3 un an\u00e1lisis de las brechas identificadas en el pa\u00eds para la digitalizaci\u00f3n de las subestaciones, a nivel de las pol\u00edticas p\u00fablicas y la regulaci\u00f3n, organizacionales y profesionales, y t\u00e9cnicas y tecnol\u00f3gicas. Con el objetivo de evaluar las diferencias entre el desempe\u00f1o real y el desempe\u00f1o esperado del sector el\u00e9ctrico frente a la digitalizaci\u00f3n de las subestaciones.<\/p>\n<p>Finalmente, se listan los lineamientos estrat\u00e9gicos mostrados en la siguiente figura, los cuales tiene como objetivo fomentar la digitalizaci\u00f3n de las subestaciones el\u00e9ctricas en el pa\u00eds, para aprovechar los beneficios que estas pueden traer para el sistema en general, las empresas y el usuario final.<\/p>\n<p>Noviembre de 2019<\/p>\n<div style=\"text-align:center\" class=\"yasr-auto-insert-visitor\"><\/div>","protected":false},"excerpt":{"rendered":"<p>Lineamientos: subestaciones digitales<\/p>","protected":false},"featured_media":39256,"comment_status":"open","ping_status":"closed","template":"","meta":{"yasr_overall_rating":0,"yasr_post_is_review":"","yasr_auto_insert_disabled":"","yasr_review_type":""},"product_cat":[35,36],"product_tag":[24],"class_list":["post-34968","product","type-product","status-publish","has-post-thumbnail","hentry","product_cat-garantizar-confiabilidad-resiliencia-e-interoperabilidad-en-el-servicio","product_cat-red-flexible-automatizada-y-digital","product_tag-en-investigacion"],"yasr_visitor_votes":{"number_of_votes":0,"sum_votes":0,"stars_attributes":{"read_only":false,"span_bottom":false}},"yoast_head":"<!-- This site is optimized with the Yoast SEO plugin v27.3 - https:\/\/yoast.com\/product\/yoast-seo-wordpress\/ -->\n<title>Subestaciones Digitales - Lineamimentos - Colombia Inteligente<\/title>\n<meta name=\"robots\" content=\"index, follow, max-snippet:-1, max-image-preview:large, max-video-preview:-1\" \/>\n<link rel=\"canonical\" href=\"https:\/\/colombiainteligente.org\/es_co\/product\/subestaciones-digitales-lineamimentos\/\" \/>\n<meta property=\"og:locale\" content=\"es_ES\" \/>\n<meta property=\"og:type\" content=\"article\" \/>\n<meta property=\"og:title\" content=\"Subestaciones Digitales - Lineamimentos - Colombia Inteligente\" \/>\n<meta property=\"og:description\" content=\"Lineamientos: subestaciones digitales\" \/>\n<meta property=\"og:url\" content=\"https:\/\/colombiainteligente.org\/es_co\/product\/subestaciones-digitales-lineamimentos\/\" \/>\n<meta property=\"og:site_name\" content=\"Colombia Inteligente\" \/>\n<meta property=\"article:modified_time\" content=\"2024-01-16T18:08:20+00:00\" \/>\n<meta property=\"og:image\" content=\"https:\/\/colombiainteligente.org\/wp-content\/uploads\/2023\/08\/lin-SD.png\" \/>\n\t<meta property=\"og:image:width\" content=\"642\" \/>\n\t<meta property=\"og:image:height\" content=\"797\" \/>\n\t<meta property=\"og:image:type\" content=\"image\/png\" \/>\n<meta name=\"twitter:card\" content=\"summary_large_image\" \/>\n<meta name=\"twitter:site\" content=\"@colombiaintelig\" \/>\n<meta name=\"twitter:label1\" content=\"Tiempo estimado de lectura\" \/>\n\t<meta name=\"twitter:data1\" content=\"2 minutes\" \/>\n<script type=\"application\/ld+json\" class=\"yoast-schema-graph\">{\"@context\":\"https:\\\/\\\/schema.org\",\"@graph\":[{\"@type\":\"WebPage\",\"@id\":\"https:\\\/\\\/colombiainteligente.org\\\/producto\\\/subestaciones-digitales-lineamimentos\\\/\",\"url\":\"https:\\\/\\\/colombiainteligente.org\\\/producto\\\/subestaciones-digitales-lineamimentos\\\/\",\"name\":\"Subestaciones Digitales - Lineamimentos - Colombia Inteligente\",\"isPartOf\":{\"@id\":\"https:\\\/\\\/colombiainteligente.org\\\/#website\"},\"primaryImageOfPage\":{\"@id\":\"https:\\\/\\\/colombiainteligente.org\\\/producto\\\/subestaciones-digitales-lineamimentos\\\/#primaryimage\"},\"image\":{\"@id\":\"https:\\\/\\\/colombiainteligente.org\\\/producto\\\/subestaciones-digitales-lineamimentos\\\/#primaryimage\"},\"thumbnailUrl\":\"https:\\\/\\\/colombiainteligente.org\\\/wp-content\\\/uploads\\\/2023\\\/08\\\/lin-SD.png\",\"datePublished\":\"2023-08-08T16:28:27+00:00\",\"dateModified\":\"2024-01-16T18:08:20+00:00\",\"breadcrumb\":{\"@id\":\"https:\\\/\\\/colombiainteligente.org\\\/producto\\\/subestaciones-digitales-lineamimentos\\\/#breadcrumb\"},\"inLanguage\":\"es-CO\",\"potentialAction\":[{\"@type\":\"ReadAction\",\"target\":[\"https:\\\/\\\/colombiainteligente.org\\\/producto\\\/subestaciones-digitales-lineamimentos\\\/\"]}]},{\"@type\":\"ImageObject\",\"inLanguage\":\"es-CO\",\"@id\":\"https:\\\/\\\/colombiainteligente.org\\\/producto\\\/subestaciones-digitales-lineamimentos\\\/#primaryimage\",\"url\":\"https:\\\/\\\/colombiainteligente.org\\\/wp-content\\\/uploads\\\/2023\\\/08\\\/lin-SD.png\",\"contentUrl\":\"https:\\\/\\\/colombiainteligente.org\\\/wp-content\\\/uploads\\\/2023\\\/08\\\/lin-SD.png\",\"width\":642,\"height\":797},{\"@type\":\"BreadcrumbList\",\"@id\":\"https:\\\/\\\/colombiainteligente.org\\\/producto\\\/subestaciones-digitales-lineamimentos\\\/#breadcrumb\",\"itemListElement\":[{\"@type\":\"ListItem\",\"position\":1,\"name\":\"Portada\",\"item\":\"https:\\\/\\\/colombiainteligente.org\\\/\"},{\"@type\":\"ListItem\",\"position\":2,\"name\":\"Tienda\",\"item\":\"https:\\\/\\\/colombiainteligente.org\\\/tienda\\\/\"},{\"@type\":\"ListItem\",\"position\":3,\"name\":\"Subestaciones Digitales &#8211; Lineamimentos\"}]},{\"@type\":\"WebSite\",\"@id\":\"https:\\\/\\\/colombiainteligente.org\\\/#website\",\"url\":\"https:\\\/\\\/colombiainteligente.org\\\/\",\"name\":\"Colombia Inteligente\",\"description\":\"Alianza estrat\u00e9gica, conformada por empresas y entidades, para la inserci\u00f3n integral y eficiente de las redes inteligentes a la infraestructura del sector el\u00e9ctrico colombiano\",\"publisher\":{\"@id\":\"https:\\\/\\\/colombiainteligente.org\\\/#organization\"},\"potentialAction\":[{\"@type\":\"SearchAction\",\"target\":{\"@type\":\"EntryPoint\",\"urlTemplate\":\"https:\\\/\\\/colombiainteligente.org\\\/?s={search_term_string}\"},\"query-input\":{\"@type\":\"PropertyValueSpecification\",\"valueRequired\":true,\"valueName\":\"search_term_string\"}}],\"inLanguage\":\"es-CO\"},{\"@type\":\"Organization\",\"@id\":\"https:\\\/\\\/colombiainteligente.org\\\/#organization\",\"name\":\"Colombia Inteligente\",\"url\":\"https:\\\/\\\/colombiainteligente.org\\\/\",\"logo\":{\"@type\":\"ImageObject\",\"inLanguage\":\"es-CO\",\"@id\":\"https:\\\/\\\/colombiainteligente.org\\\/#\\\/schema\\\/logo\\\/image\\\/\",\"url\":\"https:\\\/\\\/colombiainteligente.org\\\/wp-content\\\/uploads\\\/2022\\\/07\\\/Image.png\",\"contentUrl\":\"https:\\\/\\\/colombiainteligente.org\\\/wp-content\\\/uploads\\\/2022\\\/07\\\/Image.png\",\"width\":588,\"height\":274,\"caption\":\"Colombia Inteligente\"},\"image\":{\"@id\":\"https:\\\/\\\/colombiainteligente.org\\\/#\\\/schema\\\/logo\\\/image\\\/\"},\"sameAs\":[\"https:\\\/\\\/x.com\\\/colombiaintelig\",\"https:\\\/\\\/www.linkedin.com\\\/company\\\/colombiainteligente\\\/\"]}]}<\/script>\n<!-- \/ Yoast SEO plugin. -->","yoast_head_json":{"title":"Subestaciones Digitales - Lineamimentos - Colombia Inteligente","robots":{"index":"index","follow":"follow","max-snippet":"max-snippet:-1","max-image-preview":"max-image-preview:large","max-video-preview":"max-video-preview:-1"},"canonical":"https:\/\/colombiainteligente.org\/es_co\/product\/subestaciones-digitales-lineamimentos\/","og_locale":"es_ES","og_type":"article","og_title":"Subestaciones Digitales - Lineamimentos - Colombia Inteligente","og_description":"Lineamientos: subestaciones digitales","og_url":"https:\/\/colombiainteligente.org\/es_co\/product\/subestaciones-digitales-lineamimentos\/","og_site_name":"Colombia Inteligente","article_modified_time":"2024-01-16T18:08:20+00:00","og_image":[{"width":642,"height":797,"url":"https:\/\/colombiainteligente.org\/wp-content\/uploads\/2023\/08\/lin-SD.png","type":"image\/png"}],"twitter_card":"summary_large_image","twitter_site":"@colombiaintelig","twitter_misc":{"Tiempo estimado de lectura":"2 minutes"},"schema":{"@context":"https:\/\/schema.org","@graph":[{"@type":"WebPage","@id":"https:\/\/colombiainteligente.org\/producto\/subestaciones-digitales-lineamimentos\/","url":"https:\/\/colombiainteligente.org\/producto\/subestaciones-digitales-lineamimentos\/","name":"Subestaciones Digitales - Lineamimentos - Colombia Inteligente","isPartOf":{"@id":"https:\/\/colombiainteligente.org\/#website"},"primaryImageOfPage":{"@id":"https:\/\/colombiainteligente.org\/producto\/subestaciones-digitales-lineamimentos\/#primaryimage"},"image":{"@id":"https:\/\/colombiainteligente.org\/producto\/subestaciones-digitales-lineamimentos\/#primaryimage"},"thumbnailUrl":"https:\/\/colombiainteligente.org\/wp-content\/uploads\/2023\/08\/lin-SD.png","datePublished":"2023-08-08T16:28:27+00:00","dateModified":"2024-01-16T18:08:20+00:00","breadcrumb":{"@id":"https:\/\/colombiainteligente.org\/producto\/subestaciones-digitales-lineamimentos\/#breadcrumb"},"inLanguage":"es-CO","potentialAction":[{"@type":"ReadAction","target":["https:\/\/colombiainteligente.org\/producto\/subestaciones-digitales-lineamimentos\/"]}]},{"@type":"ImageObject","inLanguage":"es-CO","@id":"https:\/\/colombiainteligente.org\/producto\/subestaciones-digitales-lineamimentos\/#primaryimage","url":"https:\/\/colombiainteligente.org\/wp-content\/uploads\/2023\/08\/lin-SD.png","contentUrl":"https:\/\/colombiainteligente.org\/wp-content\/uploads\/2023\/08\/lin-SD.png","width":642,"height":797},{"@type":"BreadcrumbList","@id":"https:\/\/colombiainteligente.org\/producto\/subestaciones-digitales-lineamimentos\/#breadcrumb","itemListElement":[{"@type":"ListItem","position":1,"name":"Portada","item":"https:\/\/colombiainteligente.org\/"},{"@type":"ListItem","position":2,"name":"Tienda","item":"https:\/\/colombiainteligente.org\/tienda\/"},{"@type":"ListItem","position":3,"name":"Subestaciones Digitales &#8211; Lineamimentos"}]},{"@type":"WebSite","@id":"https:\/\/colombiainteligente.org\/#website","url":"https:\/\/colombiainteligente.org\/","name":"Colombia Inteligente","description":"Alianza estrat\u00e9gica, conformada por empresas y entidades, para la inserci\u00f3n integral y eficiente de las redes inteligentes a la infraestructura del sector el\u00e9ctrico colombiano","publisher":{"@id":"https:\/\/colombiainteligente.org\/#organization"},"potentialAction":[{"@type":"SearchAction","target":{"@type":"EntryPoint","urlTemplate":"https:\/\/colombiainteligente.org\/?s={search_term_string}"},"query-input":{"@type":"PropertyValueSpecification","valueRequired":true,"valueName":"search_term_string"}}],"inLanguage":"es-CO"},{"@type":"Organization","@id":"https:\/\/colombiainteligente.org\/#organization","name":"Colombia Inteligente","url":"https:\/\/colombiainteligente.org\/","logo":{"@type":"ImageObject","inLanguage":"es-CO","@id":"https:\/\/colombiainteligente.org\/#\/schema\/logo\/image\/","url":"https:\/\/colombiainteligente.org\/wp-content\/uploads\/2022\/07\/Image.png","contentUrl":"https:\/\/colombiainteligente.org\/wp-content\/uploads\/2022\/07\/Image.png","width":588,"height":274,"caption":"Colombia Inteligente"},"image":{"@id":"https:\/\/colombiainteligente.org\/#\/schema\/logo\/image\/"},"sameAs":["https:\/\/x.com\/colombiaintelig","https:\/\/www.linkedin.com\/company\/colombiainteligente\/"]}]}},"_links":{"self":[{"href":"https:\/\/colombiainteligente.org\/es_co\/wp-json\/wp\/v2\/product\/34968","targetHints":{"allow":["GET"]}}],"collection":[{"href":"https:\/\/colombiainteligente.org\/es_co\/wp-json\/wp\/v2\/product"}],"about":[{"href":"https:\/\/colombiainteligente.org\/es_co\/wp-json\/wp\/v2\/types\/product"}],"replies":[{"embeddable":true,"href":"https:\/\/colombiainteligente.org\/es_co\/wp-json\/wp\/v2\/comments?post=34968"}],"wp:featuredmedia":[{"embeddable":true,"href":"https:\/\/colombiainteligente.org\/es_co\/wp-json\/wp\/v2\/media\/39256"}],"wp:attachment":[{"href":"https:\/\/colombiainteligente.org\/es_co\/wp-json\/wp\/v2\/media?parent=34968"}],"wp:term":[{"taxonomy":"product_cat","embeddable":true,"href":"https:\/\/colombiainteligente.org\/es_co\/wp-json\/wp\/v2\/product_cat?post=34968"},{"taxonomy":"product_tag","embeddable":true,"href":"https:\/\/colombiainteligente.org\/es_co\/wp-json\/wp\/v2\/product_tag?post=34968"}],"curies":[{"name":"wp","href":"https:\/\/api.w.org\/{rel}","templated":true}]}}