{"id":39208,"date":"2024-01-15T12:02:30","date_gmt":"2024-01-15T17:02:30","guid":{"rendered":"https:\/\/colombiainteligente.org\/?post_type=product&#038;p=39208"},"modified":"2024-01-31T07:00:09","modified_gmt":"2024-01-31T12:00:09","slug":"perfil-baiop-gestion-datos-ami","status":"publish","type":"product","link":"https:\/\/colombiainteligente.org\/es_co\/product\/perfil-baiop-gestion-datos-ami\/","title":{"rendered":"Desarrollo Perfiles BAIOP &#8211; Gesti\u00f3n de datos AMI"},"content":{"rendered":"<p>El prop\u00f3sito del informe es proporcionar una visi\u00f3n detallada de la creaci\u00f3n de perfiles BAIOP (<em>Basic Application Interoperability Profiles<\/em>) para garantizar la interoperabilidad y seguridad en la gesti\u00f3n de datos en el sector el\u00e9ctrico aplicada a la gesti\u00f3n de datos AMI (<em>Advanced Metering Infrastructure<\/em>) y los est\u00e1ndares IEC 62056 y CLC\/TS 50568 en el contexto de la transformaci\u00f3n del sector el\u00e9ctrico colombiano.<\/p>\n<p>El presente informe esta conformado por 5 cap\u00edtulos, En el primero de ellos se encuentra la introducci\u00f3n del informe, la cual presenta una visi\u00f3n general de la gesti\u00f3n de datos AMI, la importancia de la interoperabilidad y seguridad en la gesti\u00f3n de datos, y los objetivos y metodolog\u00eda del informe para garantizar la interoperabilidad y seguridad en el sector el\u00e9ctrico colombiano.<\/p>\n<p>El segundo cap\u00edtulo titulado Marco de referencia se refiere a los diferentes procesos de prueba comprendidos en el contexto de la metodolog\u00eda IOP (<em>Interoperability Profiles<\/em>). Este marco de referencia establece los criterios de evaluaci\u00f3n y especificaciones t\u00e9cnicas para la realizaci\u00f3n de pruebas de conformidad e interoperabilidad entre dispositivos que implementan el mismo perfil BAIOP. El marco de referencia se divide en dos tipos de pruebas: conformidad e interoperabilidad. Las pruebas de conformidad tienen como objetivo verificar que el dispositivo cumple con los requisitos t\u00e9cnicos y funcionales establecidos en el perfil BAIOP. Las pruebas de interoperabilidad, por otro lado, tienen como objetivo garantizar que los dispositivos que implementan el mismo perfil BAIOP puedan intercambiar datos de manera efectiva y sin errores. El marco de referencia tambi\u00e9n establece los diferentes tipos de pruebas que se deben realizar, como pruebas de comunicaci\u00f3n, pruebas de seguridad, pruebas de rendimiento, entre otras. Adem\u00e1s, se establecen los criterios de evaluaci\u00f3n para cada tipo de prueba, as\u00ed como los procedimientos y herramientas necesarios para llevar a cabo las pruebas.<\/p>\n<p>El tercer cap\u00edtulo \u00abPerfil BAIOP &#8211; IEC 62056\u00bb describe en detalle el perfil BAIOP desarrollado para el est\u00e1ndar IEC 62056 en el contexto de la gesti\u00f3n de datos AMI en el sector el\u00e9ctrico colombiano. El cap\u00edtulo comienza con una descripci\u00f3n de la arquitectura propuesta para el perfil BAIOP, que incluye la representaci\u00f3n de los medidores de energ\u00eda y su integraci\u00f3n con el concentrador y el HES (<em>Head End System<\/em>).\u00a0 A continuaci\u00f3n, se presentan los casos de uso identificados para el perfil BAIOP, que incluyen la conexi\u00f3n y desconexi\u00f3n de la sesi\u00f3n, la actualizaci\u00f3n de llaves, el cifrado autenticado, la firma digital, la actualizaci\u00f3n local y remota del firmware, la alarma de \u00faltimo suspiro, el registro del medidor en el HES, entre otros. El cap\u00edtulo tambi\u00e9n presenta los objetos de informaci\u00f3n identificados para el perfil BAIOP, que incluyen los registros de energ\u00eda, los registros de demanda, los objetos de informaci\u00f3n del medidor, los objetos de calidad del servicio, los objetos de estado de operaci\u00f3n del medidor, los objetos de eventos de operaci\u00f3n del medidor, los objetos de perfiles de carga y facturaci\u00f3n, entre otros. Adem\u00e1s, se presentan los criterios de evaluaci\u00f3n y especificaciones t\u00e9cnicas para la realizaci\u00f3n de pruebas de conformidad e interoperabilidad para verificar la implementaci\u00f3n del perfil BAIOP.<\/p>\n<p>El cuarto cap\u00edtulo titulado Perfil BAIOP \u2013 CLC\/TS 50568 se centra en la descripci\u00f3n del perfil BAIOP desarrollado para el est\u00e1ndar CLC\/TS 50568 en el contexto de la gesti\u00f3n de datos AMI en el sector el\u00e9ctrico colombiano. En este cap\u00edtulo, se presenta la arquitectura propuesta para el perfil BAIOP, la cual incluye la representaci\u00f3n de los medidores de energ\u00eda y su integraci\u00f3n con el concentrador y el HES, similar a lo que se describe en el cap\u00edtulo correspondiente al est\u00e1ndar IEC 62056. Adem\u00e1s, se detallan los casos de uso identificados para el perfil BAIOP, que abarcan aspectos como la conexi\u00f3n y desconexi\u00f3n de la sesi\u00f3n, la actualizaci\u00f3n de llaves, el cifrado autenticado, la firma digital, la actualizaci\u00f3n local y remota del firmware, la alarma de \u00faltimo suspiro, el registro del medidor en el HES, entre otros. El cap\u00edtulo tambi\u00e9n aborda los objetos de informaci\u00f3n identificados para el perfil BAIOP, que incluyen tablas de registros de demanda, tablas de informaci\u00f3n del medidor, tablas de calidad del servicio, tablas de estado de operaci\u00f3n del medidor, registros de eventos de operaci\u00f3n del medidor, tablas de perfiles de carga y facturaci\u00f3n, tablas de seguridad, tablas de firmware, tablas de tarifas, entre otros. Adem\u00e1s, se presentan los criterios de evaluaci\u00f3n y especificaciones t\u00e9cnicas para la realizaci\u00f3n de pruebas de conformidad e interoperabilidad, con el fin de verificar la implementaci\u00f3n del perfil BAIOP para el est\u00e1ndar CLC\/TS 50568.<\/p>\n<p>Finalmente, el quinto capitulo relacionado con las conclusiones resume los resultados del trabajo colaborativo realizado para la creaci\u00f3n de perfiles de interoperabilidad (BAIOP) basados en los est\u00e1ndares IEC 62056 y CLC\/TS 50568. En estas conclusiones, se destaca la s\u00edntesis de la propuesta de perfiles de interoperabilidad, que incluye la arquitectura base de referencia, los objetos de informaci\u00f3n identificados y relacionados con los casos de uso desarrollados, los tipos de clientes y mecanismos de seguridad propuestos, as\u00ed como la estructura propuesta para los perfiles de carga e instrumentaci\u00f3n. Adem\u00e1s, se menciona que el perfil incluye el modelo de datos detallado basado en objetos (IEC 62056) o tablas (CLC\/TS 50568) para las diferentes funcionalidades de inter\u00e9s.<\/p>\n<p>Tambi\u00e9n se hace referencia a un listado de eventos que debe ser soportado por el medidor, clasificados seg\u00fan su tipo. Estas conclusiones resumen el trabajo realizado en la creaci\u00f3n de perfiles de interoperabilidad para los est\u00e1ndares mencionados, destacando los elementos clave que se abordaron en el proceso de desarrollo.<\/p>\n<p><strong>Diciembre de 2023.<\/strong><\/p>\n<div style=\"text-align:center\" class=\"yasr-auto-insert-visitor\"><\/div>","protected":false},"excerpt":{"rendered":"<p>Perfil de Interoperabilidad Datos AMI \u2013 Est\u00e1ndar IEC 62056 y Est\u00e1ndar CLC\/TS 50568<\/p>","protected":false},"featured_media":39213,"comment_status":"open","ping_status":"closed","template":"","meta":{"yasr_overall_rating":0,"yasr_post_is_review":"","yasr_auto_insert_disabled":"","yasr_review_type":""},"product_cat":[31,29],"product_tag":[43],"class_list":["post-39208","product","type-product","status-publish","has-post-thumbnail","hentry","product_cat-arquitectura-tecnologica","product_cat-eficiencia-operacional-y-convergencia-tecnologica","product_tag-aplicaciones-escalables"],"yasr_visitor_votes":{"number_of_votes":0,"sum_votes":0,"stars_attributes":{"read_only":false,"span_bottom":false}},"yoast_head":"<!-- This site is optimized with the Yoast SEO plugin v27.3 - https:\/\/yoast.com\/product\/yoast-seo-wordpress\/ -->\n<title>Desarrollo Perfiles BAIOP - Gesti\u00f3n de datos AMI - Colombia Inteligente<\/title>\n<meta name=\"robots\" content=\"index, follow, max-snippet:-1, max-image-preview:large, max-video-preview:-1\" \/>\n<link rel=\"canonical\" href=\"https:\/\/colombiainteligente.org\/es_co\/product\/perfil-baiop-gestion-datos-ami\/\" \/>\n<meta property=\"og:locale\" content=\"es_ES\" \/>\n<meta property=\"og:type\" content=\"article\" \/>\n<meta property=\"og:title\" content=\"Desarrollo Perfiles BAIOP - Gesti\u00f3n de datos AMI - Colombia Inteligente\" \/>\n<meta property=\"og:description\" content=\"Perfil de Interoperabilidad Datos AMI \u2013 Est\u00e1ndar IEC 62056 y Est\u00e1ndar CLC\/TS 50568\" \/>\n<meta property=\"og:url\" content=\"https:\/\/colombiainteligente.org\/es_co\/product\/perfil-baiop-gestion-datos-ami\/\" \/>\n<meta property=\"og:site_name\" content=\"Colombia Inteligente\" \/>\n<meta property=\"article:modified_time\" content=\"2024-01-31T12:00:09+00:00\" \/>\n<meta property=\"og:image\" content=\"https:\/\/colombiainteligente.org\/wp-content\/uploads\/2024\/01\/BAIOP23.png\" \/>\n\t<meta property=\"og:image:width\" content=\"1155\" \/>\n\t<meta property=\"og:image:height\" content=\"1495\" \/>\n\t<meta property=\"og:image:type\" content=\"image\/png\" \/>\n<meta name=\"twitter:card\" content=\"summary_large_image\" \/>\n<meta name=\"twitter:site\" content=\"@colombiaintelig\" \/>\n<meta name=\"twitter:label1\" content=\"Tiempo estimado de lectura\" \/>\n\t<meta name=\"twitter:data1\" content=\"5 minutes\" \/>\n<script type=\"application\/ld+json\" class=\"yoast-schema-graph\">{\"@context\":\"https:\\\/\\\/schema.org\",\"@graph\":[{\"@type\":\"WebPage\",\"@id\":\"https:\\\/\\\/colombiainteligente.org\\\/producto\\\/perfil-baiop-gestion-datos-ami\\\/\",\"url\":\"https:\\\/\\\/colombiainteligente.org\\\/producto\\\/perfil-baiop-gestion-datos-ami\\\/\",\"name\":\"Desarrollo Perfiles BAIOP - Gesti\u00f3n de datos AMI - Colombia Inteligente\",\"isPartOf\":{\"@id\":\"https:\\\/\\\/colombiainteligente.org\\\/#website\"},\"primaryImageOfPage\":{\"@id\":\"https:\\\/\\\/colombiainteligente.org\\\/producto\\\/perfil-baiop-gestion-datos-ami\\\/#primaryimage\"},\"image\":{\"@id\":\"https:\\\/\\\/colombiainteligente.org\\\/producto\\\/perfil-baiop-gestion-datos-ami\\\/#primaryimage\"},\"thumbnailUrl\":\"https:\\\/\\\/colombiainteligente.org\\\/wp-content\\\/uploads\\\/2024\\\/01\\\/BAIOP23.png\",\"datePublished\":\"2024-01-15T17:02:30+00:00\",\"dateModified\":\"2024-01-31T12:00:09+00:00\",\"breadcrumb\":{\"@id\":\"https:\\\/\\\/colombiainteligente.org\\\/producto\\\/perfil-baiop-gestion-datos-ami\\\/#breadcrumb\"},\"inLanguage\":\"es-CO\",\"potentialAction\":[{\"@type\":\"ReadAction\",\"target\":[\"https:\\\/\\\/colombiainteligente.org\\\/producto\\\/perfil-baiop-gestion-datos-ami\\\/\"]}]},{\"@type\":\"ImageObject\",\"inLanguage\":\"es-CO\",\"@id\":\"https:\\\/\\\/colombiainteligente.org\\\/producto\\\/perfil-baiop-gestion-datos-ami\\\/#primaryimage\",\"url\":\"https:\\\/\\\/colombiainteligente.org\\\/wp-content\\\/uploads\\\/2024\\\/01\\\/BAIOP23.png\",\"contentUrl\":\"https:\\\/\\\/colombiainteligente.org\\\/wp-content\\\/uploads\\\/2024\\\/01\\\/BAIOP23.png\",\"width\":1155,\"height\":1495},{\"@type\":\"BreadcrumbList\",\"@id\":\"https:\\\/\\\/colombiainteligente.org\\\/producto\\\/perfil-baiop-gestion-datos-ami\\\/#breadcrumb\",\"itemListElement\":[{\"@type\":\"ListItem\",\"position\":1,\"name\":\"Portada\",\"item\":\"https:\\\/\\\/colombiainteligente.org\\\/\"},{\"@type\":\"ListItem\",\"position\":2,\"name\":\"Tienda\",\"item\":\"https:\\\/\\\/colombiainteligente.org\\\/tienda\\\/\"},{\"@type\":\"ListItem\",\"position\":3,\"name\":\"Desarrollo Perfiles BAIOP &#8211; Gesti\u00f3n de datos AMI\"}]},{\"@type\":\"WebSite\",\"@id\":\"https:\\\/\\\/colombiainteligente.org\\\/#website\",\"url\":\"https:\\\/\\\/colombiainteligente.org\\\/\",\"name\":\"Colombia Inteligente\",\"description\":\"Alianza estrat\u00e9gica, conformada por empresas y entidades, para la inserci\u00f3n integral y eficiente de las redes inteligentes a la infraestructura del sector el\u00e9ctrico colombiano\",\"publisher\":{\"@id\":\"https:\\\/\\\/colombiainteligente.org\\\/#organization\"},\"potentialAction\":[{\"@type\":\"SearchAction\",\"target\":{\"@type\":\"EntryPoint\",\"urlTemplate\":\"https:\\\/\\\/colombiainteligente.org\\\/?s={search_term_string}\"},\"query-input\":{\"@type\":\"PropertyValueSpecification\",\"valueRequired\":true,\"valueName\":\"search_term_string\"}}],\"inLanguage\":\"es-CO\"},{\"@type\":\"Organization\",\"@id\":\"https:\\\/\\\/colombiainteligente.org\\\/#organization\",\"name\":\"Colombia Inteligente\",\"url\":\"https:\\\/\\\/colombiainteligente.org\\\/\",\"logo\":{\"@type\":\"ImageObject\",\"inLanguage\":\"es-CO\",\"@id\":\"https:\\\/\\\/colombiainteligente.org\\\/#\\\/schema\\\/logo\\\/image\\\/\",\"url\":\"https:\\\/\\\/colombiainteligente.org\\\/wp-content\\\/uploads\\\/2022\\\/07\\\/Image.png\",\"contentUrl\":\"https:\\\/\\\/colombiainteligente.org\\\/wp-content\\\/uploads\\\/2022\\\/07\\\/Image.png\",\"width\":588,\"height\":274,\"caption\":\"Colombia Inteligente\"},\"image\":{\"@id\":\"https:\\\/\\\/colombiainteligente.org\\\/#\\\/schema\\\/logo\\\/image\\\/\"},\"sameAs\":[\"https:\\\/\\\/x.com\\\/colombiaintelig\",\"https:\\\/\\\/www.linkedin.com\\\/company\\\/colombiainteligente\\\/\"]}]}<\/script>\n<!-- \/ Yoast SEO plugin. -->","yoast_head_json":{"title":"Desarrollo Perfiles BAIOP - Gesti\u00f3n de datos AMI - Colombia Inteligente","robots":{"index":"index","follow":"follow","max-snippet":"max-snippet:-1","max-image-preview":"max-image-preview:large","max-video-preview":"max-video-preview:-1"},"canonical":"https:\/\/colombiainteligente.org\/es_co\/product\/perfil-baiop-gestion-datos-ami\/","og_locale":"es_ES","og_type":"article","og_title":"Desarrollo Perfiles BAIOP - Gesti\u00f3n de datos AMI - Colombia Inteligente","og_description":"Perfil de Interoperabilidad Datos AMI \u2013 Est\u00e1ndar IEC 62056 y Est\u00e1ndar CLC\/TS 50568","og_url":"https:\/\/colombiainteligente.org\/es_co\/product\/perfil-baiop-gestion-datos-ami\/","og_site_name":"Colombia Inteligente","article_modified_time":"2024-01-31T12:00:09+00:00","og_image":[{"width":1155,"height":1495,"url":"https:\/\/colombiainteligente.org\/wp-content\/uploads\/2024\/01\/BAIOP23.png","type":"image\/png"}],"twitter_card":"summary_large_image","twitter_site":"@colombiaintelig","twitter_misc":{"Tiempo estimado de lectura":"5 minutes"},"schema":{"@context":"https:\/\/schema.org","@graph":[{"@type":"WebPage","@id":"https:\/\/colombiainteligente.org\/producto\/perfil-baiop-gestion-datos-ami\/","url":"https:\/\/colombiainteligente.org\/producto\/perfil-baiop-gestion-datos-ami\/","name":"Desarrollo Perfiles BAIOP - Gesti\u00f3n de datos AMI - Colombia Inteligente","isPartOf":{"@id":"https:\/\/colombiainteligente.org\/#website"},"primaryImageOfPage":{"@id":"https:\/\/colombiainteligente.org\/producto\/perfil-baiop-gestion-datos-ami\/#primaryimage"},"image":{"@id":"https:\/\/colombiainteligente.org\/producto\/perfil-baiop-gestion-datos-ami\/#primaryimage"},"thumbnailUrl":"https:\/\/colombiainteligente.org\/wp-content\/uploads\/2024\/01\/BAIOP23.png","datePublished":"2024-01-15T17:02:30+00:00","dateModified":"2024-01-31T12:00:09+00:00","breadcrumb":{"@id":"https:\/\/colombiainteligente.org\/producto\/perfil-baiop-gestion-datos-ami\/#breadcrumb"},"inLanguage":"es-CO","potentialAction":[{"@type":"ReadAction","target":["https:\/\/colombiainteligente.org\/producto\/perfil-baiop-gestion-datos-ami\/"]}]},{"@type":"ImageObject","inLanguage":"es-CO","@id":"https:\/\/colombiainteligente.org\/producto\/perfil-baiop-gestion-datos-ami\/#primaryimage","url":"https:\/\/colombiainteligente.org\/wp-content\/uploads\/2024\/01\/BAIOP23.png","contentUrl":"https:\/\/colombiainteligente.org\/wp-content\/uploads\/2024\/01\/BAIOP23.png","width":1155,"height":1495},{"@type":"BreadcrumbList","@id":"https:\/\/colombiainteligente.org\/producto\/perfil-baiop-gestion-datos-ami\/#breadcrumb","itemListElement":[{"@type":"ListItem","position":1,"name":"Portada","item":"https:\/\/colombiainteligente.org\/"},{"@type":"ListItem","position":2,"name":"Tienda","item":"https:\/\/colombiainteligente.org\/tienda\/"},{"@type":"ListItem","position":3,"name":"Desarrollo Perfiles BAIOP &#8211; Gesti\u00f3n de datos AMI"}]},{"@type":"WebSite","@id":"https:\/\/colombiainteligente.org\/#website","url":"https:\/\/colombiainteligente.org\/","name":"Colombia Inteligente","description":"Alianza estrat\u00e9gica, conformada por empresas y entidades, para la inserci\u00f3n integral y eficiente de las redes inteligentes a la infraestructura del sector el\u00e9ctrico colombiano","publisher":{"@id":"https:\/\/colombiainteligente.org\/#organization"},"potentialAction":[{"@type":"SearchAction","target":{"@type":"EntryPoint","urlTemplate":"https:\/\/colombiainteligente.org\/?s={search_term_string}"},"query-input":{"@type":"PropertyValueSpecification","valueRequired":true,"valueName":"search_term_string"}}],"inLanguage":"es-CO"},{"@type":"Organization","@id":"https:\/\/colombiainteligente.org\/#organization","name":"Colombia Inteligente","url":"https:\/\/colombiainteligente.org\/","logo":{"@type":"ImageObject","inLanguage":"es-CO","@id":"https:\/\/colombiainteligente.org\/#\/schema\/logo\/image\/","url":"https:\/\/colombiainteligente.org\/wp-content\/uploads\/2022\/07\/Image.png","contentUrl":"https:\/\/colombiainteligente.org\/wp-content\/uploads\/2022\/07\/Image.png","width":588,"height":274,"caption":"Colombia Inteligente"},"image":{"@id":"https:\/\/colombiainteligente.org\/#\/schema\/logo\/image\/"},"sameAs":["https:\/\/x.com\/colombiaintelig","https:\/\/www.linkedin.com\/company\/colombiainteligente\/"]}]}},"_links":{"self":[{"href":"https:\/\/colombiainteligente.org\/es_co\/wp-json\/wp\/v2\/product\/39208","targetHints":{"allow":["GET"]}}],"collection":[{"href":"https:\/\/colombiainteligente.org\/es_co\/wp-json\/wp\/v2\/product"}],"about":[{"href":"https:\/\/colombiainteligente.org\/es_co\/wp-json\/wp\/v2\/types\/product"}],"replies":[{"embeddable":true,"href":"https:\/\/colombiainteligente.org\/es_co\/wp-json\/wp\/v2\/comments?post=39208"}],"wp:featuredmedia":[{"embeddable":true,"href":"https:\/\/colombiainteligente.org\/es_co\/wp-json\/wp\/v2\/media\/39213"}],"wp:attachment":[{"href":"https:\/\/colombiainteligente.org\/es_co\/wp-json\/wp\/v2\/media?parent=39208"}],"wp:term":[{"taxonomy":"product_cat","embeddable":true,"href":"https:\/\/colombiainteligente.org\/es_co\/wp-json\/wp\/v2\/product_cat?post=39208"},{"taxonomy":"product_tag","embeddable":true,"href":"https:\/\/colombiainteligente.org\/es_co\/wp-json\/wp\/v2\/product_tag?post=39208"}],"curies":[{"name":"wp","href":"https:\/\/api.w.org\/{rel}","templated":true}]}}