{"id":39236,"date":"2024-01-15T18:06:27","date_gmt":"2024-01-15T23:06:27","guid":{"rendered":"https:\/\/colombiainteligente.org\/?post_type=product&#038;p=39236"},"modified":"2024-01-15T18:26:15","modified_gmt":"2024-01-15T23:26:15","slug":"diseno-del-marco-metodologico-para-la-evaluacion-de-tecnologias-que-provean-servicios-de-flexibilidad","status":"publish","type":"product","link":"https:\/\/colombiainteligente.org\/es_co\/product\/diseno-del-marco-metodologico-para-la-evaluacion-de-tecnologias-que-provean-servicios-de-flexibilidad\/","title":{"rendered":"Dise\u00f1o del marco metodol\u00f3gico para la evaluaci\u00f3n de tecnolog\u00edas que provean servicios de flexibilidad"},"content":{"rendered":"<p> Este documento tiene como objetivo desarrollar un marco metodol\u00f3gico para la evaluaci\u00f3n de tecnolog\u00edas que provean flexibilidad a partir de experiencias internacionales con plataformas y servicios de flexibilidad implementados en el Reino Unido, en Estados Unidos y en Australia.<\/p>\n<p>En el primer cap\u00edtulo, se plantea el crecimiento de la demanda de servicios energ\u00e9ticos flexibles, impulsado por la integraci\u00f3n de energ\u00edas renovables intermitentes, el cual ha generado la necesidad de una metodolog\u00eda de an\u00e1lisis tecnol\u00f3gico multidisciplinario que permita a las organizaciones energ\u00e9ticas tomar decisiones fundamentadas y adaptar estrategias para satisfacer las demandas del mercado y los marcos regulatorios. Se presentan documentos de trabajo Colombia Inteligente enfocados en la identificaci\u00f3n de tecnolog\u00edas flexibles, la resiliencia y automatizaci\u00f3n de la red, los dispositivos D-FACTS (SCCC) y el an\u00e1lisis sobre el alcance de los servicios de flexibilidad; as\u00ed mismo, documentos sectoriales desarrollados por diferentes actores se destacan los documentos e informaci\u00f3n asociadas a la misi\u00f3n de transformaci\u00f3n del Ministerio de Minas y Energ\u00eda, las jornadas t\u00e9cnicas del CNO (transmisi\u00f3n) y los aspectos t\u00e9cnicos, regulatorios y econ\u00f3micos de los sistemas FACTS distribuidos del CIGRE Colombia.<br \/>\nAdem\u00e1s, se encuentran los estudios de an\u00e1lisis de flexibilidad de XM como flexibilidad, an\u00e1lisis de flexibilidad del SIN, estudio de flexibilidad 2024-2027 y la relevancia de la flexibilidad y resiliencia. Y finalmente documentos regulatorios donde la CREG ha desarrollado estudios asociados a la respuesta y agregaci\u00f3n de la demanda, as\u00ed como de los servicios complementarios.<\/p>\n<p>En el segundo cap\u00edtulo se presentan los diferentes servicios de flexibilidad propuestos para Colombia como son el control de tensi\u00f3n, seguridad, reserva (suficiencia), respaldo ante mantenimiento, apoyo gesti\u00f3n frecuencia, la descripci\u00f3n de cada uno de ellos y el funcionamiento y aportes hacia la flexibilidad.<\/p>\n<p>En el tercer cap\u00edtulo se presenta una s\u00edntesis de diversas tecnolog\u00edas cruciales para la evoluci\u00f3n del sector energ\u00e9tico. Entre ellas se destacan los Sistemas de Transmisi\u00f3n de Corriente Alterna Flexibles -FACTS, el Compensador Sincr\u00f3nico de Serie Est\u00e1tico SSSC, el STATCOM, Compensador Est\u00e1tico, el Dynamic Line Rating -DLR, para evaluar la capacidad de carga en tiempo real, los Superconductores para una transmisi\u00f3n eficiente de energ\u00eda, los Sistemas de Almacenamiento de Energ\u00eda, la Gesti\u00f3n Distribuida para<br \/>\noptimizar la red, la Respuesta de la Demanda para involucrar a los consumidores y los Recursos de Energ\u00eda Distribuidos -DER. Estas tecnolog\u00edas desempe\u00f1an un papel en la transformaci\u00f3n del sector energ\u00e9tico hacia un sistema m\u00e1s flexible, eficiente y sostenible.<\/p>\n<p>El cap\u00edtulo 4 destaca referentes internacionales que ofrecen experiencias en la provisi\u00f3n de servicios de flexibilidad y plataformas correspondientes. Esto permite realizar una comparaci\u00f3n de experiencias y, bas\u00e1ndose en ellas, se ha desarrollado un marco metodol\u00f3gico para evaluar tecnolog\u00edas que proporcionen flexibilidad. Este marco, que se presenta en el cap\u00edtulo 5, abarca etapas previas, durante y despu\u00e9s de la prestaci\u00f3n del servicio, integrando diversas actividades y componentes. Adem\u00e1s, se implementaron tres casos de estudio que ejemplifican c\u00f3mo las diferentes actividades se consideran dentro del marco metodol\u00f3gico definido, focalizados a recursos energ\u00e9ticos distribuidos (generaci\u00f3n distribuida, almacenamiento -bater\u00edas- y la respuesta de la demanda), y tecnolog\u00edas flexibles de la red como lo son el compensador est\u00e1tico s\u00edncrono en serie -SSSC, y dispositivos para la gesti\u00f3n din\u00e1mica de la red -DLR. Se realiza un an\u00e1lisis tecnolog\u00eda-servicio, donde se presenta el dise\u00f1o de la sesi\u00f3n de trabajo para evaluar las tecnolog\u00edas, la flexibilidad en el sistema, as\u00ed como los mecanismos de reconocimiento para llegar as\u00ed a un comparativo de los casos desarrollados, y las brechas encontradas.<\/p>\n<p>En el sexto cap\u00edtulo, se presentan 10 acciones para fomentar el uso de tecnolog\u00edas flexibles, lineamientos estrat\u00e9gicos destinados a impulsar la adopci\u00f3n de tecnolog\u00edas flexibles y, por ende, fomentar la implementaci\u00f3n de los servicios de flexibilidad, desde los \u00e1mbitos de la apropiaci\u00f3n tecnol\u00f3gica (en establecer canales de difusi\u00f3n para todos los actores del sector, as\u00ed como en la identificaci\u00f3n y evaluaci\u00f3n de plataformas de servicios de flexibilidad, promover programas de formaci\u00f3n y el an\u00e1lisis de casos pr\u00e1cticos para fortalecer el aprendizaje), la gesti\u00f3n reglamentaria (definici\u00f3n de reglas e incentivos que faciliten la prestaci\u00f3n de servicios de flexibilidad, la inclusi\u00f3n del concepto de flexibilidad y servicios de flexibilidad en la regulaci\u00f3n, la actualizaci\u00f3n de la planificaci\u00f3n de la expansi\u00f3n del sistema el\u00e9ctrico y la definici\u00f3n de las especificaciones t\u00e9cnicas de las tecnolog\u00edas) y la gesti\u00f3n empresarial (facilitar mecanismos de financiaci\u00f3n para pilotos, definici\u00f3n del plan de modernizaci\u00f3n de procesos e infraestructura, respaldado por una gesti\u00f3n del cambio fundamentada en casos de \u00e9xito).<\/p>\n<p>&nbsp;<\/p>\n<p>Diciembre de 2023<\/p>\n<div style=\"text-align:center\" class=\"yasr-auto-insert-visitor\"><\/div>","protected":false},"excerpt":{"rendered":"<p>Dise\u00f1o del marco metodol\u00f3gico para la evaluaci\u00f3n de tecnolog\u00edas que provean servicios de flexibilidad<\/p>","protected":false},"featured_media":39238,"comment_status":"open","ping_status":"closed","template":"","meta":{"yasr_overall_rating":0,"yasr_post_is_review":"","yasr_auto_insert_disabled":"","yasr_review_type":""},"product_cat":[35,37],"product_tag":[43],"class_list":["post-39236","product","type-product","status-publish","has-post-thumbnail","hentry","product_cat-garantizar-confiabilidad-resiliencia-e-interoperabilidad-en-el-servicio","product_cat-operacion-flexible","product_tag-aplicaciones-escalables"],"yasr_visitor_votes":{"number_of_votes":0,"sum_votes":0,"stars_attributes":{"read_only":false,"span_bottom":false}},"yoast_head":"<!-- This site is optimized with the Yoast SEO plugin v27.3 - https:\/\/yoast.com\/product\/yoast-seo-wordpress\/ -->\n<title>Dise\u00f1o del marco metodol\u00f3gico para la evaluaci\u00f3n de tecnolog\u00edas que provean servicios de flexibilidad - Colombia Inteligente<\/title>\n<meta name=\"robots\" content=\"index, follow, max-snippet:-1, max-image-preview:large, max-video-preview:-1\" \/>\n<link rel=\"canonical\" href=\"https:\/\/colombiainteligente.org\/es_co\/product\/diseno-del-marco-metodologico-para-la-evaluacion-de-tecnologias-que-provean-servicios-de-flexibilidad\/\" \/>\n<meta property=\"og:locale\" content=\"es_ES\" \/>\n<meta property=\"og:type\" content=\"article\" \/>\n<meta property=\"og:title\" content=\"Dise\u00f1o del marco metodol\u00f3gico para la evaluaci\u00f3n de tecnolog\u00edas que provean servicios de flexibilidad - Colombia Inteligente\" \/>\n<meta property=\"og:description\" content=\"Dise\u00f1o del marco metodol\u00f3gico para la evaluaci\u00f3n de tecnolog\u00edas que provean servicios de flexibilidad\" \/>\n<meta property=\"og:url\" content=\"https:\/\/colombiainteligente.org\/es_co\/product\/diseno-del-marco-metodologico-para-la-evaluacion-de-tecnologias-que-provean-servicios-de-flexibilidad\/\" \/>\n<meta property=\"og:site_name\" content=\"Colombia Inteligente\" \/>\n<meta property=\"article:modified_time\" content=\"2024-01-15T23:26:15+00:00\" \/>\n<meta property=\"og:image\" content=\"https:\/\/colombiainteligente.org\/wp-content\/uploads\/2024\/01\/marco-metodologico.png\" \/>\n\t<meta property=\"og:image:width\" content=\"597\" \/>\n\t<meta property=\"og:image:height\" content=\"775\" \/>\n\t<meta property=\"og:image:type\" content=\"image\/png\" \/>\n<meta name=\"twitter:card\" content=\"summary_large_image\" \/>\n<meta name=\"twitter:site\" content=\"@colombiaintelig\" \/>\n<meta name=\"twitter:label1\" content=\"Tiempo estimado de lectura\" \/>\n\t<meta name=\"twitter:data1\" content=\"4 minutes\" \/>\n<script type=\"application\/ld+json\" class=\"yoast-schema-graph\">{\"@context\":\"https:\\\/\\\/schema.org\",\"@graph\":[{\"@type\":\"WebPage\",\"@id\":\"https:\\\/\\\/colombiainteligente.org\\\/producto\\\/diseno-del-marco-metodologico-para-la-evaluacion-de-tecnologias-que-provean-servicios-de-flexibilidad\\\/\",\"url\":\"https:\\\/\\\/colombiainteligente.org\\\/producto\\\/diseno-del-marco-metodologico-para-la-evaluacion-de-tecnologias-que-provean-servicios-de-flexibilidad\\\/\",\"name\":\"Dise\u00f1o del marco metodol\u00f3gico para la evaluaci\u00f3n de tecnolog\u00edas que provean servicios de flexibilidad - Colombia Inteligente\",\"isPartOf\":{\"@id\":\"https:\\\/\\\/colombiainteligente.org\\\/#website\"},\"primaryImageOfPage\":{\"@id\":\"https:\\\/\\\/colombiainteligente.org\\\/producto\\\/diseno-del-marco-metodologico-para-la-evaluacion-de-tecnologias-que-provean-servicios-de-flexibilidad\\\/#primaryimage\"},\"image\":{\"@id\":\"https:\\\/\\\/colombiainteligente.org\\\/producto\\\/diseno-del-marco-metodologico-para-la-evaluacion-de-tecnologias-que-provean-servicios-de-flexibilidad\\\/#primaryimage\"},\"thumbnailUrl\":\"https:\\\/\\\/colombiainteligente.org\\\/wp-content\\\/uploads\\\/2024\\\/01\\\/marco-metodologico.png\",\"datePublished\":\"2024-01-15T23:06:27+00:00\",\"dateModified\":\"2024-01-15T23:26:15+00:00\",\"breadcrumb\":{\"@id\":\"https:\\\/\\\/colombiainteligente.org\\\/producto\\\/diseno-del-marco-metodologico-para-la-evaluacion-de-tecnologias-que-provean-servicios-de-flexibilidad\\\/#breadcrumb\"},\"inLanguage\":\"es-CO\",\"potentialAction\":[{\"@type\":\"ReadAction\",\"target\":[\"https:\\\/\\\/colombiainteligente.org\\\/producto\\\/diseno-del-marco-metodologico-para-la-evaluacion-de-tecnologias-que-provean-servicios-de-flexibilidad\\\/\"]}]},{\"@type\":\"ImageObject\",\"inLanguage\":\"es-CO\",\"@id\":\"https:\\\/\\\/colombiainteligente.org\\\/producto\\\/diseno-del-marco-metodologico-para-la-evaluacion-de-tecnologias-que-provean-servicios-de-flexibilidad\\\/#primaryimage\",\"url\":\"https:\\\/\\\/colombiainteligente.org\\\/wp-content\\\/uploads\\\/2024\\\/01\\\/marco-metodologico.png\",\"contentUrl\":\"https:\\\/\\\/colombiainteligente.org\\\/wp-content\\\/uploads\\\/2024\\\/01\\\/marco-metodologico.png\",\"width\":597,\"height\":775},{\"@type\":\"BreadcrumbList\",\"@id\":\"https:\\\/\\\/colombiainteligente.org\\\/producto\\\/diseno-del-marco-metodologico-para-la-evaluacion-de-tecnologias-que-provean-servicios-de-flexibilidad\\\/#breadcrumb\",\"itemListElement\":[{\"@type\":\"ListItem\",\"position\":1,\"name\":\"Portada\",\"item\":\"https:\\\/\\\/colombiainteligente.org\\\/\"},{\"@type\":\"ListItem\",\"position\":2,\"name\":\"Tienda\",\"item\":\"https:\\\/\\\/colombiainteligente.org\\\/tienda\\\/\"},{\"@type\":\"ListItem\",\"position\":3,\"name\":\"Dise\u00f1o del marco metodol\u00f3gico para la evaluaci\u00f3n de tecnolog\u00edas que provean servicios de flexibilidad\"}]},{\"@type\":\"WebSite\",\"@id\":\"https:\\\/\\\/colombiainteligente.org\\\/#website\",\"url\":\"https:\\\/\\\/colombiainteligente.org\\\/\",\"name\":\"Colombia Inteligente\",\"description\":\"Alianza estrat\u00e9gica, conformada por empresas y entidades, para la inserci\u00f3n integral y eficiente de las redes inteligentes a la infraestructura del sector el\u00e9ctrico colombiano\",\"publisher\":{\"@id\":\"https:\\\/\\\/colombiainteligente.org\\\/#organization\"},\"potentialAction\":[{\"@type\":\"SearchAction\",\"target\":{\"@type\":\"EntryPoint\",\"urlTemplate\":\"https:\\\/\\\/colombiainteligente.org\\\/?s={search_term_string}\"},\"query-input\":{\"@type\":\"PropertyValueSpecification\",\"valueRequired\":true,\"valueName\":\"search_term_string\"}}],\"inLanguage\":\"es-CO\"},{\"@type\":\"Organization\",\"@id\":\"https:\\\/\\\/colombiainteligente.org\\\/#organization\",\"name\":\"Colombia Inteligente\",\"url\":\"https:\\\/\\\/colombiainteligente.org\\\/\",\"logo\":{\"@type\":\"ImageObject\",\"inLanguage\":\"es-CO\",\"@id\":\"https:\\\/\\\/colombiainteligente.org\\\/#\\\/schema\\\/logo\\\/image\\\/\",\"url\":\"https:\\\/\\\/colombiainteligente.org\\\/wp-content\\\/uploads\\\/2022\\\/07\\\/Image.png\",\"contentUrl\":\"https:\\\/\\\/colombiainteligente.org\\\/wp-content\\\/uploads\\\/2022\\\/07\\\/Image.png\",\"width\":588,\"height\":274,\"caption\":\"Colombia Inteligente\"},\"image\":{\"@id\":\"https:\\\/\\\/colombiainteligente.org\\\/#\\\/schema\\\/logo\\\/image\\\/\"},\"sameAs\":[\"https:\\\/\\\/x.com\\\/colombiaintelig\",\"https:\\\/\\\/www.linkedin.com\\\/company\\\/colombiainteligente\\\/\"]}]}<\/script>\n<!-- \/ Yoast SEO plugin. -->","yoast_head_json":{"title":"Dise\u00f1o del marco metodol\u00f3gico para la evaluaci\u00f3n de tecnolog\u00edas que provean servicios de flexibilidad - Colombia Inteligente","robots":{"index":"index","follow":"follow","max-snippet":"max-snippet:-1","max-image-preview":"max-image-preview:large","max-video-preview":"max-video-preview:-1"},"canonical":"https:\/\/colombiainteligente.org\/es_co\/product\/diseno-del-marco-metodologico-para-la-evaluacion-de-tecnologias-que-provean-servicios-de-flexibilidad\/","og_locale":"es_ES","og_type":"article","og_title":"Dise\u00f1o del marco metodol\u00f3gico para la evaluaci\u00f3n de tecnolog\u00edas que provean servicios de flexibilidad - Colombia Inteligente","og_description":"Dise\u00f1o del marco metodol\u00f3gico para la evaluaci\u00f3n de tecnolog\u00edas que provean servicios de flexibilidad","og_url":"https:\/\/colombiainteligente.org\/es_co\/product\/diseno-del-marco-metodologico-para-la-evaluacion-de-tecnologias-que-provean-servicios-de-flexibilidad\/","og_site_name":"Colombia Inteligente","article_modified_time":"2024-01-15T23:26:15+00:00","og_image":[{"width":597,"height":775,"url":"https:\/\/colombiainteligente.org\/wp-content\/uploads\/2024\/01\/marco-metodologico.png","type":"image\/png"}],"twitter_card":"summary_large_image","twitter_site":"@colombiaintelig","twitter_misc":{"Tiempo estimado de lectura":"4 minutes"},"schema":{"@context":"https:\/\/schema.org","@graph":[{"@type":"WebPage","@id":"https:\/\/colombiainteligente.org\/producto\/diseno-del-marco-metodologico-para-la-evaluacion-de-tecnologias-que-provean-servicios-de-flexibilidad\/","url":"https:\/\/colombiainteligente.org\/producto\/diseno-del-marco-metodologico-para-la-evaluacion-de-tecnologias-que-provean-servicios-de-flexibilidad\/","name":"Dise\u00f1o del marco metodol\u00f3gico para la evaluaci\u00f3n de tecnolog\u00edas que provean servicios de flexibilidad - Colombia Inteligente","isPartOf":{"@id":"https:\/\/colombiainteligente.org\/#website"},"primaryImageOfPage":{"@id":"https:\/\/colombiainteligente.org\/producto\/diseno-del-marco-metodologico-para-la-evaluacion-de-tecnologias-que-provean-servicios-de-flexibilidad\/#primaryimage"},"image":{"@id":"https:\/\/colombiainteligente.org\/producto\/diseno-del-marco-metodologico-para-la-evaluacion-de-tecnologias-que-provean-servicios-de-flexibilidad\/#primaryimage"},"thumbnailUrl":"https:\/\/colombiainteligente.org\/wp-content\/uploads\/2024\/01\/marco-metodologico.png","datePublished":"2024-01-15T23:06:27+00:00","dateModified":"2024-01-15T23:26:15+00:00","breadcrumb":{"@id":"https:\/\/colombiainteligente.org\/producto\/diseno-del-marco-metodologico-para-la-evaluacion-de-tecnologias-que-provean-servicios-de-flexibilidad\/#breadcrumb"},"inLanguage":"es-CO","potentialAction":[{"@type":"ReadAction","target":["https:\/\/colombiainteligente.org\/producto\/diseno-del-marco-metodologico-para-la-evaluacion-de-tecnologias-que-provean-servicios-de-flexibilidad\/"]}]},{"@type":"ImageObject","inLanguage":"es-CO","@id":"https:\/\/colombiainteligente.org\/producto\/diseno-del-marco-metodologico-para-la-evaluacion-de-tecnologias-que-provean-servicios-de-flexibilidad\/#primaryimage","url":"https:\/\/colombiainteligente.org\/wp-content\/uploads\/2024\/01\/marco-metodologico.png","contentUrl":"https:\/\/colombiainteligente.org\/wp-content\/uploads\/2024\/01\/marco-metodologico.png","width":597,"height":775},{"@type":"BreadcrumbList","@id":"https:\/\/colombiainteligente.org\/producto\/diseno-del-marco-metodologico-para-la-evaluacion-de-tecnologias-que-provean-servicios-de-flexibilidad\/#breadcrumb","itemListElement":[{"@type":"ListItem","position":1,"name":"Portada","item":"https:\/\/colombiainteligente.org\/"},{"@type":"ListItem","position":2,"name":"Tienda","item":"https:\/\/colombiainteligente.org\/tienda\/"},{"@type":"ListItem","position":3,"name":"Dise\u00f1o del marco metodol\u00f3gico para la evaluaci\u00f3n de tecnolog\u00edas que provean servicios de flexibilidad"}]},{"@type":"WebSite","@id":"https:\/\/colombiainteligente.org\/#website","url":"https:\/\/colombiainteligente.org\/","name":"Colombia Inteligente","description":"Alianza estrat\u00e9gica, conformada por empresas y entidades, para la inserci\u00f3n integral y eficiente de las redes inteligentes a la infraestructura del sector el\u00e9ctrico colombiano","publisher":{"@id":"https:\/\/colombiainteligente.org\/#organization"},"potentialAction":[{"@type":"SearchAction","target":{"@type":"EntryPoint","urlTemplate":"https:\/\/colombiainteligente.org\/?s={search_term_string}"},"query-input":{"@type":"PropertyValueSpecification","valueRequired":true,"valueName":"search_term_string"}}],"inLanguage":"es-CO"},{"@type":"Organization","@id":"https:\/\/colombiainteligente.org\/#organization","name":"Colombia Inteligente","url":"https:\/\/colombiainteligente.org\/","logo":{"@type":"ImageObject","inLanguage":"es-CO","@id":"https:\/\/colombiainteligente.org\/#\/schema\/logo\/image\/","url":"https:\/\/colombiainteligente.org\/wp-content\/uploads\/2022\/07\/Image.png","contentUrl":"https:\/\/colombiainteligente.org\/wp-content\/uploads\/2022\/07\/Image.png","width":588,"height":274,"caption":"Colombia Inteligente"},"image":{"@id":"https:\/\/colombiainteligente.org\/#\/schema\/logo\/image\/"},"sameAs":["https:\/\/x.com\/colombiaintelig","https:\/\/www.linkedin.com\/company\/colombiainteligente\/"]}]}},"_links":{"self":[{"href":"https:\/\/colombiainteligente.org\/es_co\/wp-json\/wp\/v2\/product\/39236","targetHints":{"allow":["GET"]}}],"collection":[{"href":"https:\/\/colombiainteligente.org\/es_co\/wp-json\/wp\/v2\/product"}],"about":[{"href":"https:\/\/colombiainteligente.org\/es_co\/wp-json\/wp\/v2\/types\/product"}],"replies":[{"embeddable":true,"href":"https:\/\/colombiainteligente.org\/es_co\/wp-json\/wp\/v2\/comments?post=39236"}],"wp:featuredmedia":[{"embeddable":true,"href":"https:\/\/colombiainteligente.org\/es_co\/wp-json\/wp\/v2\/media\/39238"}],"wp:attachment":[{"href":"https:\/\/colombiainteligente.org\/es_co\/wp-json\/wp\/v2\/media?parent=39236"}],"wp:term":[{"taxonomy":"product_cat","embeddable":true,"href":"https:\/\/colombiainteligente.org\/es_co\/wp-json\/wp\/v2\/product_cat?post=39236"},{"taxonomy":"product_tag","embeddable":true,"href":"https:\/\/colombiainteligente.org\/es_co\/wp-json\/wp\/v2\/product_tag?post=39236"}],"curies":[{"name":"wp","href":"https:\/\/api.w.org\/{rel}","templated":true}]}}