{"id":39260,"date":"2024-01-17T17:09:28","date_gmt":"2024-01-17T22:09:28","guid":{"rendered":"https:\/\/colombiainteligente.org\/?post_type=product&#038;p=39260"},"modified":"2024-06-19T17:04:34","modified_gmt":"2024-06-19T22:04:34","slug":"estrategia-incentivos-programas-rd","status":"publish","type":"product","link":"https:\/\/colombiainteligente.org\/es_co\/product\/estrategia-incentivos-programas-rd\/","title":{"rendered":"Estrategia incentivos programas RD"},"content":{"rendered":"<p>El documento es un informe detallado que presenta una serie de acciones y estrategias para transformar el sector el\u00e9ctrico colombiano. El documento se divide en cuatro secciones principales:<\/p>\n<p>1. Incentivos para los programas RD: se presentan experiencias internacionales y nacionales sobre los incentivos brindados en los programas de Apagar Paga y Demanda Desconectable Voluntaria. Adem\u00e1s, se muestran propuestas de incentivos para los programas RD en Colombia, considerando tres tipos: incentivos valorizados en la factura, incentivos canjeables y basados en compensaci\u00f3n en funci\u00f3n del esfuerzo.<\/p>\n<p>2. Incentivos para los programas RD en Colombia: Este cap\u00edtulo muestra los tipos de incentivos que se otorgan al usuario luego se su participaci\u00f3n en un evento RD; los incentivos que se muestran son aquellos valorizados en la factura e incentivos canjeables,<br \/>\nen cada uno de los tipos de incentivos se detalla el funcionamiento, una matriz de responsabilidades con las diferentes tareas que cada uno de estos implica, y un an\u00e1lisis de fortalezas, limitaciones, oportunidades y riesgos por tipo de incentivo. En segunda parte de este cap\u00edtulo se realiza un an\u00e1lisis de incentivos, en el cual se plantean los criterios de evaluaci\u00f3n y la comparaci\u00f3n de estos seg\u00fan el incentivo.<\/p>\n<p>3. Estrategias para la implementaci\u00f3n de incentivos: En esta secci\u00f3n se desarrollan los tipos de estrategias para la implementaci\u00f3n de los incentivos de los programas RD en el pa\u00eds, estas son difusi\u00f3n sectorial, aprendizaje vivencial y potencializar oportunidades,<br \/>\npara cada una de estas estrategias se revisaron las actividades y actores correspondientes para su funcionamiento, el cual se representa mediante un diagrama de flujo, adem\u00e1s se hace un an\u00e1lisis de fortalezas, limitaciones, oportunidades y riesgos. En la segunda secci\u00f3n se muestra un an\u00e1lisis de estas estrategias, en la cual se revisan los criterios de evaluaci\u00f3n y se hace una comparaci\u00f3n de estrategias, con el fin de priorizarlas y conocer cu\u00e1l es la m\u00e1s apta para tenerla en cuenta en el caso de estudio<\/p>\n<p>4. Recomendaciones: Esta secci\u00f3n muestra un listado de recomendaciones que pueden ser tenidas en cuenta en la implementaci\u00f3n del caso de estudio en Puerto Carre\u00f1o. Para efecto de entenderlas mejor, se han clasificado en tres grupos: desde el punto de vista de la implementaci\u00f3n de la estrategia, desde el punto de vista de los incentivos y desde el punto de vista de los habilitadores del piloto.<\/p>\n<p>&nbsp;<\/p>\n<p>Junio de 2021<\/p>\n<div style=\"text-align:center\" class=\"yasr-auto-insert-visitor\"><\/div>","protected":false},"excerpt":{"rendered":"<p>Estrategia incentivos programas RD<\/p>","protected":false},"featured_media":39261,"comment_status":"open","ping_status":"closed","template":"","meta":{"yasr_overall_rating":0,"yasr_post_is_review":"","yasr_auto_insert_disabled":"","yasr_review_type":""},"product_cat":[38,39],"product_tag":[24],"class_list":["post-39260","product","type-product","status-publish","has-post-thumbnail","hentry","product_cat-habilitar-servicios-descentralizados-flexibles-y-multi-producto","product_cat-recursos-distribuidos","product_tag-en-investigacion"],"yasr_visitor_votes":{"number_of_votes":0,"sum_votes":0,"stars_attributes":{"read_only":false,"span_bottom":false}},"yoast_head":"<!-- This site is optimized with the Yoast SEO plugin v27.3 - https:\/\/yoast.com\/product\/yoast-seo-wordpress\/ -->\n<title>Estrategia incentivos programas RD - Colombia Inteligente<\/title>\n<meta name=\"robots\" content=\"index, follow, max-snippet:-1, max-image-preview:large, max-video-preview:-1\" \/>\n<link rel=\"canonical\" href=\"https:\/\/colombiainteligente.org\/es_co\/product\/estrategia-incentivos-programas-rd\/\" \/>\n<meta property=\"og:locale\" content=\"es_ES\" \/>\n<meta property=\"og:type\" content=\"article\" \/>\n<meta property=\"og:title\" content=\"Estrategia incentivos programas RD - Colombia Inteligente\" \/>\n<meta property=\"og:description\" content=\"Estrategia incentivos programas RD\" \/>\n<meta property=\"og:url\" content=\"https:\/\/colombiainteligente.org\/es_co\/product\/estrategia-incentivos-programas-rd\/\" \/>\n<meta property=\"og:site_name\" content=\"Colombia Inteligente\" \/>\n<meta property=\"article:modified_time\" content=\"2024-06-19T22:04:34+00:00\" \/>\n<meta property=\"og:image\" content=\"https:\/\/colombiainteligente.org\/wp-content\/uploads\/2024\/01\/rd2021.png\" \/>\n\t<meta property=\"og:image:width\" content=\"631\" \/>\n\t<meta property=\"og:image:height\" content=\"823\" \/>\n\t<meta property=\"og:image:type\" content=\"image\/png\" \/>\n<meta name=\"twitter:card\" content=\"summary_large_image\" \/>\n<meta name=\"twitter:site\" content=\"@colombiaintelig\" \/>\n<meta name=\"twitter:label1\" content=\"Tiempo estimado de lectura\" \/>\n\t<meta name=\"twitter:data1\" content=\"2 minutes\" \/>\n<script type=\"application\/ld+json\" class=\"yoast-schema-graph\">{\"@context\":\"https:\\\/\\\/schema.org\",\"@graph\":[{\"@type\":\"WebPage\",\"@id\":\"https:\\\/\\\/colombiainteligente.org\\\/producto\\\/estrategia-incentivos-programas-rd\\\/\",\"url\":\"https:\\\/\\\/colombiainteligente.org\\\/producto\\\/estrategia-incentivos-programas-rd\\\/\",\"name\":\"Estrategia incentivos programas RD - Colombia Inteligente\",\"isPartOf\":{\"@id\":\"https:\\\/\\\/colombiainteligente.org\\\/#website\"},\"primaryImageOfPage\":{\"@id\":\"https:\\\/\\\/colombiainteligente.org\\\/producto\\\/estrategia-incentivos-programas-rd\\\/#primaryimage\"},\"image\":{\"@id\":\"https:\\\/\\\/colombiainteligente.org\\\/producto\\\/estrategia-incentivos-programas-rd\\\/#primaryimage\"},\"thumbnailUrl\":\"https:\\\/\\\/colombiainteligente.org\\\/wp-content\\\/uploads\\\/2024\\\/01\\\/rd2021.png\",\"datePublished\":\"2024-01-17T22:09:28+00:00\",\"dateModified\":\"2024-06-19T22:04:34+00:00\",\"breadcrumb\":{\"@id\":\"https:\\\/\\\/colombiainteligente.org\\\/producto\\\/estrategia-incentivos-programas-rd\\\/#breadcrumb\"},\"inLanguage\":\"es-CO\",\"potentialAction\":[{\"@type\":\"ReadAction\",\"target\":[\"https:\\\/\\\/colombiainteligente.org\\\/producto\\\/estrategia-incentivos-programas-rd\\\/\"]}]},{\"@type\":\"ImageObject\",\"inLanguage\":\"es-CO\",\"@id\":\"https:\\\/\\\/colombiainteligente.org\\\/producto\\\/estrategia-incentivos-programas-rd\\\/#primaryimage\",\"url\":\"https:\\\/\\\/colombiainteligente.org\\\/wp-content\\\/uploads\\\/2024\\\/01\\\/rd2021.png\",\"contentUrl\":\"https:\\\/\\\/colombiainteligente.org\\\/wp-content\\\/uploads\\\/2024\\\/01\\\/rd2021.png\",\"width\":631,\"height\":823},{\"@type\":\"BreadcrumbList\",\"@id\":\"https:\\\/\\\/colombiainteligente.org\\\/producto\\\/estrategia-incentivos-programas-rd\\\/#breadcrumb\",\"itemListElement\":[{\"@type\":\"ListItem\",\"position\":1,\"name\":\"Portada\",\"item\":\"https:\\\/\\\/colombiainteligente.org\\\/\"},{\"@type\":\"ListItem\",\"position\":2,\"name\":\"Tienda\",\"item\":\"https:\\\/\\\/colombiainteligente.org\\\/tienda\\\/\"},{\"@type\":\"ListItem\",\"position\":3,\"name\":\"Estrategia incentivos programas RD\"}]},{\"@type\":\"WebSite\",\"@id\":\"https:\\\/\\\/colombiainteligente.org\\\/#website\",\"url\":\"https:\\\/\\\/colombiainteligente.org\\\/\",\"name\":\"Colombia Inteligente\",\"description\":\"Alianza estrat\u00e9gica, conformada por empresas y entidades, para la inserci\u00f3n integral y eficiente de las redes inteligentes a la infraestructura del sector el\u00e9ctrico colombiano\",\"publisher\":{\"@id\":\"https:\\\/\\\/colombiainteligente.org\\\/#organization\"},\"potentialAction\":[{\"@type\":\"SearchAction\",\"target\":{\"@type\":\"EntryPoint\",\"urlTemplate\":\"https:\\\/\\\/colombiainteligente.org\\\/?s={search_term_string}\"},\"query-input\":{\"@type\":\"PropertyValueSpecification\",\"valueRequired\":true,\"valueName\":\"search_term_string\"}}],\"inLanguage\":\"es-CO\"},{\"@type\":\"Organization\",\"@id\":\"https:\\\/\\\/colombiainteligente.org\\\/#organization\",\"name\":\"Colombia Inteligente\",\"url\":\"https:\\\/\\\/colombiainteligente.org\\\/\",\"logo\":{\"@type\":\"ImageObject\",\"inLanguage\":\"es-CO\",\"@id\":\"https:\\\/\\\/colombiainteligente.org\\\/#\\\/schema\\\/logo\\\/image\\\/\",\"url\":\"https:\\\/\\\/colombiainteligente.org\\\/wp-content\\\/uploads\\\/2022\\\/07\\\/Image.png\",\"contentUrl\":\"https:\\\/\\\/colombiainteligente.org\\\/wp-content\\\/uploads\\\/2022\\\/07\\\/Image.png\",\"width\":588,\"height\":274,\"caption\":\"Colombia Inteligente\"},\"image\":{\"@id\":\"https:\\\/\\\/colombiainteligente.org\\\/#\\\/schema\\\/logo\\\/image\\\/\"},\"sameAs\":[\"https:\\\/\\\/x.com\\\/colombiaintelig\",\"https:\\\/\\\/www.linkedin.com\\\/company\\\/colombiainteligente\\\/\"]}]}<\/script>\n<!-- \/ Yoast SEO plugin. -->","yoast_head_json":{"title":"Estrategia incentivos programas RD - Colombia Inteligente","robots":{"index":"index","follow":"follow","max-snippet":"max-snippet:-1","max-image-preview":"max-image-preview:large","max-video-preview":"max-video-preview:-1"},"canonical":"https:\/\/colombiainteligente.org\/es_co\/product\/estrategia-incentivos-programas-rd\/","og_locale":"es_ES","og_type":"article","og_title":"Estrategia incentivos programas RD - Colombia Inteligente","og_description":"Estrategia incentivos programas RD","og_url":"https:\/\/colombiainteligente.org\/es_co\/product\/estrategia-incentivos-programas-rd\/","og_site_name":"Colombia Inteligente","article_modified_time":"2024-06-19T22:04:34+00:00","og_image":[{"width":631,"height":823,"url":"https:\/\/colombiainteligente.org\/wp-content\/uploads\/2024\/01\/rd2021.png","type":"image\/png"}],"twitter_card":"summary_large_image","twitter_site":"@colombiaintelig","twitter_misc":{"Tiempo estimado de lectura":"2 minutes"},"schema":{"@context":"https:\/\/schema.org","@graph":[{"@type":"WebPage","@id":"https:\/\/colombiainteligente.org\/producto\/estrategia-incentivos-programas-rd\/","url":"https:\/\/colombiainteligente.org\/producto\/estrategia-incentivos-programas-rd\/","name":"Estrategia incentivos programas RD - Colombia Inteligente","isPartOf":{"@id":"https:\/\/colombiainteligente.org\/#website"},"primaryImageOfPage":{"@id":"https:\/\/colombiainteligente.org\/producto\/estrategia-incentivos-programas-rd\/#primaryimage"},"image":{"@id":"https:\/\/colombiainteligente.org\/producto\/estrategia-incentivos-programas-rd\/#primaryimage"},"thumbnailUrl":"https:\/\/colombiainteligente.org\/wp-content\/uploads\/2024\/01\/rd2021.png","datePublished":"2024-01-17T22:09:28+00:00","dateModified":"2024-06-19T22:04:34+00:00","breadcrumb":{"@id":"https:\/\/colombiainteligente.org\/producto\/estrategia-incentivos-programas-rd\/#breadcrumb"},"inLanguage":"es-CO","potentialAction":[{"@type":"ReadAction","target":["https:\/\/colombiainteligente.org\/producto\/estrategia-incentivos-programas-rd\/"]}]},{"@type":"ImageObject","inLanguage":"es-CO","@id":"https:\/\/colombiainteligente.org\/producto\/estrategia-incentivos-programas-rd\/#primaryimage","url":"https:\/\/colombiainteligente.org\/wp-content\/uploads\/2024\/01\/rd2021.png","contentUrl":"https:\/\/colombiainteligente.org\/wp-content\/uploads\/2024\/01\/rd2021.png","width":631,"height":823},{"@type":"BreadcrumbList","@id":"https:\/\/colombiainteligente.org\/producto\/estrategia-incentivos-programas-rd\/#breadcrumb","itemListElement":[{"@type":"ListItem","position":1,"name":"Portada","item":"https:\/\/colombiainteligente.org\/"},{"@type":"ListItem","position":2,"name":"Tienda","item":"https:\/\/colombiainteligente.org\/tienda\/"},{"@type":"ListItem","position":3,"name":"Estrategia incentivos programas RD"}]},{"@type":"WebSite","@id":"https:\/\/colombiainteligente.org\/#website","url":"https:\/\/colombiainteligente.org\/","name":"Colombia Inteligente","description":"Alianza estrat\u00e9gica, conformada por empresas y entidades, para la inserci\u00f3n integral y eficiente de las redes inteligentes a la infraestructura del sector el\u00e9ctrico colombiano","publisher":{"@id":"https:\/\/colombiainteligente.org\/#organization"},"potentialAction":[{"@type":"SearchAction","target":{"@type":"EntryPoint","urlTemplate":"https:\/\/colombiainteligente.org\/?s={search_term_string}"},"query-input":{"@type":"PropertyValueSpecification","valueRequired":true,"valueName":"search_term_string"}}],"inLanguage":"es-CO"},{"@type":"Organization","@id":"https:\/\/colombiainteligente.org\/#organization","name":"Colombia Inteligente","url":"https:\/\/colombiainteligente.org\/","logo":{"@type":"ImageObject","inLanguage":"es-CO","@id":"https:\/\/colombiainteligente.org\/#\/schema\/logo\/image\/","url":"https:\/\/colombiainteligente.org\/wp-content\/uploads\/2022\/07\/Image.png","contentUrl":"https:\/\/colombiainteligente.org\/wp-content\/uploads\/2022\/07\/Image.png","width":588,"height":274,"caption":"Colombia Inteligente"},"image":{"@id":"https:\/\/colombiainteligente.org\/#\/schema\/logo\/image\/"},"sameAs":["https:\/\/x.com\/colombiaintelig","https:\/\/www.linkedin.com\/company\/colombiainteligente\/"]}]}},"_links":{"self":[{"href":"https:\/\/colombiainteligente.org\/es_co\/wp-json\/wp\/v2\/product\/39260","targetHints":{"allow":["GET"]}}],"collection":[{"href":"https:\/\/colombiainteligente.org\/es_co\/wp-json\/wp\/v2\/product"}],"about":[{"href":"https:\/\/colombiainteligente.org\/es_co\/wp-json\/wp\/v2\/types\/product"}],"replies":[{"embeddable":true,"href":"https:\/\/colombiainteligente.org\/es_co\/wp-json\/wp\/v2\/comments?post=39260"}],"wp:featuredmedia":[{"embeddable":true,"href":"https:\/\/colombiainteligente.org\/es_co\/wp-json\/wp\/v2\/media\/39261"}],"wp:attachment":[{"href":"https:\/\/colombiainteligente.org\/es_co\/wp-json\/wp\/v2\/media?parent=39260"}],"wp:term":[{"taxonomy":"product_cat","embeddable":true,"href":"https:\/\/colombiainteligente.org\/es_co\/wp-json\/wp\/v2\/product_cat?post=39260"},{"taxonomy":"product_tag","embeddable":true,"href":"https:\/\/colombiainteligente.org\/es_co\/wp-json\/wp\/v2\/product_tag?post=39260"}],"curies":[{"name":"wp","href":"https:\/\/api.w.org\/{rel}","templated":true}]}}