{"id":39267,"date":"2024-01-17T17:47:16","date_gmt":"2024-01-17T22:47:16","guid":{"rendered":"https:\/\/colombiainteligente.org\/?post_type=product&#038;p=39267"},"modified":"2024-01-18T17:19:33","modified_gmt":"2024-01-18T22:19:33","slug":"ciberseguridad-en-el-sector-electrico-colombiano-evaluacion-de-la-madurez","status":"publish","type":"product","link":"https:\/\/colombiainteligente.org\/es_co\/product\/ciberseguridad-en-el-sector-electrico-colombiano-evaluacion-de-la-madurez\/","title":{"rendered":"Ciberseguridad en el sector el\u00e9ctrico colombiano: evaluaci\u00f3n de la madurez"},"content":{"rendered":"<p>El documento eval\u00faa la madurez en pr\u00e1cticas de ciberseguridad en el sector el\u00e9ctrico colombiano. Se destacan varios hallazgos y recomendaciones:<\/p>\n<p>1. Evaluaci\u00f3n de la Madurez en Ciberseguridad: Se establecen niveles de madurez (inicial, establecido, maduro, optimizado) en funci\u00f3n de la gesti\u00f3n de riesgos, la protecci\u00f3n contra ataques cibern\u00e9ticos, la gesti\u00f3n de activos, la cadena de suministro, entre otros aspectos.<\/p>\n<p>2. Comparaci\u00f3n con Tendencias Mundiales: Se se\u00f1ala que algunos hallazgos en Colombia difieren de las tendencias mundiales en cuanto a amenazas cibern\u00e9ticas y sus impactos en el sector el\u00e9ctrico.<\/p>\n<p>3. Gu\u00eda de Ciberseguridad para el Sector El\u00e9ctrico: Se menciona que el Consejo Nacional de Operaci\u00f3n (CNO) ha desarrollado una gu\u00eda de ciberseguridad que establece los requisitos m\u00ednimos para la protecci\u00f3n de los activos cr\u00edticos del sistema el\u00e9ctrico.<\/p>\n<p>4. Desaf\u00edos y Objetivos: Se identifican desaf\u00edos como la falta de conciencia sobre los problemas asociados con incidentes de seguridad digital, recursos limitados y la incorporaci\u00f3n de nuevas tecnolog\u00edas sin considerar la seguridad digital. Se propone desarrollar una estrategia integral de ciberseguridad para el sector el\u00e9ctrico.<\/p>\n<p>5. \u00c1reas Tem\u00e1ticas de Evaluaci\u00f3n: Se detallan \u00e1reas tem\u00e1ticas como la gesti\u00f3n de riesgos, protecci\u00f3n, cadena de suministro, y cumplimiento voluntario\/legal, que son evaluadas para determinar la madurez en ciberseguridad.<\/p>\n<p>6. Niveles de Madurez: Se describen los niveles de madurez (inicial, establecido, maduro, optimizado) en funci\u00f3n de la formalizaci\u00f3n, organizaci\u00f3n, actualizaci\u00f3n y priorizaci\u00f3n de las pr\u00e1cticas de ciberseguridad en las empresas de servicios p\u00fablicos.<\/p>\n<p>&nbsp;<\/p>\n<p>Abril de 2022<\/p>\n<div style=\"text-align:center\" class=\"yasr-auto-insert-visitor\"><\/div>","protected":false},"excerpt":{"rendered":"<p>Ciberseguridad en el sector el\u00e9ctrico colombiano: evaluaci\u00f3n de la madurez<\/p>","protected":false},"featured_media":39269,"comment_status":"open","ping_status":"closed","template":"","meta":{"yasr_overall_rating":0,"yasr_post_is_review":"","yasr_auto_insert_disabled":"","yasr_review_type":""},"product_cat":[29,32],"product_tag":[43],"class_list":["post-39267","product","type-product","status-publish","has-post-thumbnail","hentry","product_cat-eficiencia-operacional-y-convergencia-tecnologica","product_cat-tic-y-ciberseguridad","product_tag-aplicaciones-escalables"],"yasr_visitor_votes":{"number_of_votes":0,"sum_votes":0,"stars_attributes":{"read_only":false,"span_bottom":false}},"yoast_head":"<!-- This site is optimized with the Yoast SEO plugin v27.3 - https:\/\/yoast.com\/product\/yoast-seo-wordpress\/ -->\n<title>Ciberseguridad en el sector el\u00e9ctrico colombiano: evaluaci\u00f3n de la madurez - Colombia Inteligente<\/title>\n<meta name=\"robots\" content=\"index, follow, max-snippet:-1, max-image-preview:large, max-video-preview:-1\" \/>\n<link rel=\"canonical\" href=\"https:\/\/colombiainteligente.org\/es_co\/product\/ciberseguridad-en-el-sector-electrico-colombiano-evaluacion-de-la-madurez\/\" \/>\n<meta property=\"og:locale\" content=\"es_ES\" \/>\n<meta property=\"og:type\" content=\"article\" \/>\n<meta property=\"og:title\" content=\"Ciberseguridad en el sector el\u00e9ctrico colombiano: evaluaci\u00f3n de la madurez - Colombia Inteligente\" \/>\n<meta property=\"og:description\" content=\"Ciberseguridad en el sector el\u00e9ctrico colombiano: evaluaci\u00f3n de la madurez\" \/>\n<meta property=\"og:url\" content=\"https:\/\/colombiainteligente.org\/es_co\/product\/ciberseguridad-en-el-sector-electrico-colombiano-evaluacion-de-la-madurez\/\" \/>\n<meta property=\"og:site_name\" content=\"Colombia Inteligente\" \/>\n<meta property=\"article:modified_time\" content=\"2024-01-18T22:19:33+00:00\" \/>\n<meta property=\"og:image\" content=\"https:\/\/colombiainteligente.org\/wp-content\/uploads\/2024\/01\/ciber2022.png\" \/>\n\t<meta property=\"og:image:width\" content=\"601\" \/>\n\t<meta property=\"og:image:height\" content=\"786\" \/>\n\t<meta property=\"og:image:type\" content=\"image\/png\" \/>\n<meta name=\"twitter:card\" content=\"summary_large_image\" \/>\n<meta name=\"twitter:site\" content=\"@colombiaintelig\" \/>\n<meta name=\"twitter:label1\" content=\"Tiempo estimado de lectura\" \/>\n\t<meta name=\"twitter:data1\" content=\"2 minutes\" \/>\n<script type=\"application\/ld+json\" class=\"yoast-schema-graph\">{\"@context\":\"https:\\\/\\\/schema.org\",\"@graph\":[{\"@type\":\"WebPage\",\"@id\":\"https:\\\/\\\/colombiainteligente.org\\\/producto\\\/ciberseguridad-en-el-sector-electrico-colombiano-evaluacion-de-la-madurez\\\/\",\"url\":\"https:\\\/\\\/colombiainteligente.org\\\/producto\\\/ciberseguridad-en-el-sector-electrico-colombiano-evaluacion-de-la-madurez\\\/\",\"name\":\"Ciberseguridad en el sector el\u00e9ctrico colombiano: evaluaci\u00f3n de la madurez - Colombia Inteligente\",\"isPartOf\":{\"@id\":\"https:\\\/\\\/colombiainteligente.org\\\/#website\"},\"primaryImageOfPage\":{\"@id\":\"https:\\\/\\\/colombiainteligente.org\\\/producto\\\/ciberseguridad-en-el-sector-electrico-colombiano-evaluacion-de-la-madurez\\\/#primaryimage\"},\"image\":{\"@id\":\"https:\\\/\\\/colombiainteligente.org\\\/producto\\\/ciberseguridad-en-el-sector-electrico-colombiano-evaluacion-de-la-madurez\\\/#primaryimage\"},\"thumbnailUrl\":\"https:\\\/\\\/colombiainteligente.org\\\/wp-content\\\/uploads\\\/2024\\\/01\\\/ciber2022.png\",\"datePublished\":\"2024-01-17T22:47:16+00:00\",\"dateModified\":\"2024-01-18T22:19:33+00:00\",\"breadcrumb\":{\"@id\":\"https:\\\/\\\/colombiainteligente.org\\\/producto\\\/ciberseguridad-en-el-sector-electrico-colombiano-evaluacion-de-la-madurez\\\/#breadcrumb\"},\"inLanguage\":\"es-CO\",\"potentialAction\":[{\"@type\":\"ReadAction\",\"target\":[\"https:\\\/\\\/colombiainteligente.org\\\/producto\\\/ciberseguridad-en-el-sector-electrico-colombiano-evaluacion-de-la-madurez\\\/\"]}]},{\"@type\":\"ImageObject\",\"inLanguage\":\"es-CO\",\"@id\":\"https:\\\/\\\/colombiainteligente.org\\\/producto\\\/ciberseguridad-en-el-sector-electrico-colombiano-evaluacion-de-la-madurez\\\/#primaryimage\",\"url\":\"https:\\\/\\\/colombiainteligente.org\\\/wp-content\\\/uploads\\\/2024\\\/01\\\/ciber2022.png\",\"contentUrl\":\"https:\\\/\\\/colombiainteligente.org\\\/wp-content\\\/uploads\\\/2024\\\/01\\\/ciber2022.png\",\"width\":601,\"height\":786},{\"@type\":\"BreadcrumbList\",\"@id\":\"https:\\\/\\\/colombiainteligente.org\\\/producto\\\/ciberseguridad-en-el-sector-electrico-colombiano-evaluacion-de-la-madurez\\\/#breadcrumb\",\"itemListElement\":[{\"@type\":\"ListItem\",\"position\":1,\"name\":\"Portada\",\"item\":\"https:\\\/\\\/colombiainteligente.org\\\/\"},{\"@type\":\"ListItem\",\"position\":2,\"name\":\"Tienda\",\"item\":\"https:\\\/\\\/colombiainteligente.org\\\/tienda\\\/\"},{\"@type\":\"ListItem\",\"position\":3,\"name\":\"Ciberseguridad en el sector el\u00e9ctrico colombiano: evaluaci\u00f3n de la madurez\"}]},{\"@type\":\"WebSite\",\"@id\":\"https:\\\/\\\/colombiainteligente.org\\\/#website\",\"url\":\"https:\\\/\\\/colombiainteligente.org\\\/\",\"name\":\"Colombia Inteligente\",\"description\":\"Alianza estrat\u00e9gica, conformada por empresas y entidades, para la inserci\u00f3n integral y eficiente de las redes inteligentes a la infraestructura del sector el\u00e9ctrico colombiano\",\"publisher\":{\"@id\":\"https:\\\/\\\/colombiainteligente.org\\\/#organization\"},\"potentialAction\":[{\"@type\":\"SearchAction\",\"target\":{\"@type\":\"EntryPoint\",\"urlTemplate\":\"https:\\\/\\\/colombiainteligente.org\\\/?s={search_term_string}\"},\"query-input\":{\"@type\":\"PropertyValueSpecification\",\"valueRequired\":true,\"valueName\":\"search_term_string\"}}],\"inLanguage\":\"es-CO\"},{\"@type\":\"Organization\",\"@id\":\"https:\\\/\\\/colombiainteligente.org\\\/#organization\",\"name\":\"Colombia Inteligente\",\"url\":\"https:\\\/\\\/colombiainteligente.org\\\/\",\"logo\":{\"@type\":\"ImageObject\",\"inLanguage\":\"es-CO\",\"@id\":\"https:\\\/\\\/colombiainteligente.org\\\/#\\\/schema\\\/logo\\\/image\\\/\",\"url\":\"https:\\\/\\\/colombiainteligente.org\\\/wp-content\\\/uploads\\\/2022\\\/07\\\/Image.png\",\"contentUrl\":\"https:\\\/\\\/colombiainteligente.org\\\/wp-content\\\/uploads\\\/2022\\\/07\\\/Image.png\",\"width\":588,\"height\":274,\"caption\":\"Colombia Inteligente\"},\"image\":{\"@id\":\"https:\\\/\\\/colombiainteligente.org\\\/#\\\/schema\\\/logo\\\/image\\\/\"},\"sameAs\":[\"https:\\\/\\\/x.com\\\/colombiaintelig\",\"https:\\\/\\\/www.linkedin.com\\\/company\\\/colombiainteligente\\\/\"]}]}<\/script>\n<!-- \/ Yoast SEO plugin. -->","yoast_head_json":{"title":"Ciberseguridad en el sector el\u00e9ctrico colombiano: evaluaci\u00f3n de la madurez - Colombia Inteligente","robots":{"index":"index","follow":"follow","max-snippet":"max-snippet:-1","max-image-preview":"max-image-preview:large","max-video-preview":"max-video-preview:-1"},"canonical":"https:\/\/colombiainteligente.org\/es_co\/product\/ciberseguridad-en-el-sector-electrico-colombiano-evaluacion-de-la-madurez\/","og_locale":"es_ES","og_type":"article","og_title":"Ciberseguridad en el sector el\u00e9ctrico colombiano: evaluaci\u00f3n de la madurez - Colombia Inteligente","og_description":"Ciberseguridad en el sector el\u00e9ctrico colombiano: evaluaci\u00f3n de la madurez","og_url":"https:\/\/colombiainteligente.org\/es_co\/product\/ciberseguridad-en-el-sector-electrico-colombiano-evaluacion-de-la-madurez\/","og_site_name":"Colombia Inteligente","article_modified_time":"2024-01-18T22:19:33+00:00","og_image":[{"width":601,"height":786,"url":"https:\/\/colombiainteligente.org\/wp-content\/uploads\/2024\/01\/ciber2022.png","type":"image\/png"}],"twitter_card":"summary_large_image","twitter_site":"@colombiaintelig","twitter_misc":{"Tiempo estimado de lectura":"2 minutes"},"schema":{"@context":"https:\/\/schema.org","@graph":[{"@type":"WebPage","@id":"https:\/\/colombiainteligente.org\/producto\/ciberseguridad-en-el-sector-electrico-colombiano-evaluacion-de-la-madurez\/","url":"https:\/\/colombiainteligente.org\/producto\/ciberseguridad-en-el-sector-electrico-colombiano-evaluacion-de-la-madurez\/","name":"Ciberseguridad en el sector el\u00e9ctrico colombiano: evaluaci\u00f3n de la madurez - Colombia Inteligente","isPartOf":{"@id":"https:\/\/colombiainteligente.org\/#website"},"primaryImageOfPage":{"@id":"https:\/\/colombiainteligente.org\/producto\/ciberseguridad-en-el-sector-electrico-colombiano-evaluacion-de-la-madurez\/#primaryimage"},"image":{"@id":"https:\/\/colombiainteligente.org\/producto\/ciberseguridad-en-el-sector-electrico-colombiano-evaluacion-de-la-madurez\/#primaryimage"},"thumbnailUrl":"https:\/\/colombiainteligente.org\/wp-content\/uploads\/2024\/01\/ciber2022.png","datePublished":"2024-01-17T22:47:16+00:00","dateModified":"2024-01-18T22:19:33+00:00","breadcrumb":{"@id":"https:\/\/colombiainteligente.org\/producto\/ciberseguridad-en-el-sector-electrico-colombiano-evaluacion-de-la-madurez\/#breadcrumb"},"inLanguage":"es-CO","potentialAction":[{"@type":"ReadAction","target":["https:\/\/colombiainteligente.org\/producto\/ciberseguridad-en-el-sector-electrico-colombiano-evaluacion-de-la-madurez\/"]}]},{"@type":"ImageObject","inLanguage":"es-CO","@id":"https:\/\/colombiainteligente.org\/producto\/ciberseguridad-en-el-sector-electrico-colombiano-evaluacion-de-la-madurez\/#primaryimage","url":"https:\/\/colombiainteligente.org\/wp-content\/uploads\/2024\/01\/ciber2022.png","contentUrl":"https:\/\/colombiainteligente.org\/wp-content\/uploads\/2024\/01\/ciber2022.png","width":601,"height":786},{"@type":"BreadcrumbList","@id":"https:\/\/colombiainteligente.org\/producto\/ciberseguridad-en-el-sector-electrico-colombiano-evaluacion-de-la-madurez\/#breadcrumb","itemListElement":[{"@type":"ListItem","position":1,"name":"Portada","item":"https:\/\/colombiainteligente.org\/"},{"@type":"ListItem","position":2,"name":"Tienda","item":"https:\/\/colombiainteligente.org\/tienda\/"},{"@type":"ListItem","position":3,"name":"Ciberseguridad en el sector el\u00e9ctrico colombiano: evaluaci\u00f3n de la madurez"}]},{"@type":"WebSite","@id":"https:\/\/colombiainteligente.org\/#website","url":"https:\/\/colombiainteligente.org\/","name":"Colombia Inteligente","description":"Alianza estrat\u00e9gica, conformada por empresas y entidades, para la inserci\u00f3n integral y eficiente de las redes inteligentes a la infraestructura del sector el\u00e9ctrico colombiano","publisher":{"@id":"https:\/\/colombiainteligente.org\/#organization"},"potentialAction":[{"@type":"SearchAction","target":{"@type":"EntryPoint","urlTemplate":"https:\/\/colombiainteligente.org\/?s={search_term_string}"},"query-input":{"@type":"PropertyValueSpecification","valueRequired":true,"valueName":"search_term_string"}}],"inLanguage":"es-CO"},{"@type":"Organization","@id":"https:\/\/colombiainteligente.org\/#organization","name":"Colombia Inteligente","url":"https:\/\/colombiainteligente.org\/","logo":{"@type":"ImageObject","inLanguage":"es-CO","@id":"https:\/\/colombiainteligente.org\/#\/schema\/logo\/image\/","url":"https:\/\/colombiainteligente.org\/wp-content\/uploads\/2022\/07\/Image.png","contentUrl":"https:\/\/colombiainteligente.org\/wp-content\/uploads\/2022\/07\/Image.png","width":588,"height":274,"caption":"Colombia Inteligente"},"image":{"@id":"https:\/\/colombiainteligente.org\/#\/schema\/logo\/image\/"},"sameAs":["https:\/\/x.com\/colombiaintelig","https:\/\/www.linkedin.com\/company\/colombiainteligente\/"]}]}},"_links":{"self":[{"href":"https:\/\/colombiainteligente.org\/es_co\/wp-json\/wp\/v2\/product\/39267","targetHints":{"allow":["GET"]}}],"collection":[{"href":"https:\/\/colombiainteligente.org\/es_co\/wp-json\/wp\/v2\/product"}],"about":[{"href":"https:\/\/colombiainteligente.org\/es_co\/wp-json\/wp\/v2\/types\/product"}],"replies":[{"embeddable":true,"href":"https:\/\/colombiainteligente.org\/es_co\/wp-json\/wp\/v2\/comments?post=39267"}],"wp:featuredmedia":[{"embeddable":true,"href":"https:\/\/colombiainteligente.org\/es_co\/wp-json\/wp\/v2\/media\/39269"}],"wp:attachment":[{"href":"https:\/\/colombiainteligente.org\/es_co\/wp-json\/wp\/v2\/media?parent=39267"}],"wp:term":[{"taxonomy":"product_cat","embeddable":true,"href":"https:\/\/colombiainteligente.org\/es_co\/wp-json\/wp\/v2\/product_cat?post=39267"},{"taxonomy":"product_tag","embeddable":true,"href":"https:\/\/colombiainteligente.org\/es_co\/wp-json\/wp\/v2\/product_tag?post=39267"}],"curies":[{"name":"wp","href":"https:\/\/api.w.org\/{rel}","templated":true}]}}