{"id":39764,"date":"2024-02-05T17:52:00","date_gmt":"2024-02-05T22:52:00","guid":{"rendered":"https:\/\/colombiainteligente.org\/?post_type=product&#038;p=39764"},"modified":"2025-02-11T11:46:04","modified_gmt":"2025-02-11T16:46:04","slug":"informe-de-gestion-2023","status":"publish","type":"product","link":"https:\/\/colombiainteligente.org\/es_co\/product\/informe-de-gestion-2023\/","title":{"rendered":"Informe de Gesti\u00f3n  2023:  Alianza para la Transformaci\u00f3n del Sector El\u00e9ctrico Colombiano"},"content":{"rendered":"<div class=\"x_elementToProof\">\n<p class=\"x_MsoNormal\"><b><span class=\"x_ContentPasted1\">MENSAJE DEL PRESIDENTE COLOMBIA INTELIGENTE<br \/>\n<\/span><\/b><\/p>\n<p class=\"x_MsoNormal\"><span class=\"x_ContentPasted2\">Un caluroso saludo para todos:<\/span><b>\u00a0<\/b><\/p>\n<\/div>\n<div class=\"x_elementToProof\">\n<p>Es muy gratificante para mi y para todo el equipo de trabajo, presentar a ustedes este informe de gesti\u00f3n del a\u00f1o 2023 de nuestra Alianza Colombia Inteligente. Un a\u00f1o de arduo trabajo colaborativo soportado en el aporte de las diferentes organizaciones mediante su talento humano, en el que se continu\u00f3 dando cumplimiento a cada uno de los diferentes objetivos estrat\u00e9gicos bajo las l\u00edneas de trabajo establecidos con el prop\u00f3sito de ser un arquitecto estrat\u00e9gico que nos consolida como la alianza referente de conocimiento y colaboraci\u00f3n del sistema el\u00e9ctrico colombiano, generando capacidades y fortaleciendo la toma de decisiones de los grupos claves de inter\u00e9s para la modernizaci\u00f3n del sistema el\u00e9ctrico, la productividad, la competitividad y el desarrollo sostenible del sector el\u00e9ctrico y del pa\u00eds.<\/p>\n<p>Este informe aporta a la visi\u00f3n 2030 construida para afrontar los principales retos de transformaci\u00f3n del usuario y del sector el\u00e9ctrico, lo que motiva la inclusi\u00f3n de las siguientes tem\u00e1ticas prioritarias para el plan de trabajo del a\u00f1o 2024:<\/p>\n<ol>\n<li>El empoderamiento del usuario para fomentar la activa participaci\u00f3n de la demanda.<\/li>\n<li>La modernizaci\u00f3n, flexibilidad, digitalizaci\u00f3n y la gesti\u00f3n del cambio clim\u00e1tico en el sector el\u00e9ctrico.<\/li>\n<li>La integraci\u00f3n de tecnolog\u00edas y los areneros regulatorios.<\/li>\n<li>El acceso a la infraestructura de telecomunicaciones para soportar el servicio de energ\u00eda el\u00e9ctrica.<\/li>\n<li>El trabajo articulado de las redes de conocimiento.<\/li>\n<\/ol>\n<p>A su vez, describimos nuestros principios y objetivos propuestos, as\u00ed como la descripci\u00f3n del equipo de trabajo, miembros del Comit\u00e9 Directivo e integrantes de los diferentes Grupos de Trabajo Colaborativo -GTC- y de Seguimiento a la Estrategia -GSE-, a quienes nuevamente extiendo mis m\u00e1s sinceros agradecimientos por su apoyo, disposici\u00f3n y compromiso para alcanzar los excelentes resultados que obtuvimos, los cuales se muestran en el mapa de productos de la organizaci\u00f3n y el consolidado de los resultados de gesti\u00f3n 2023.<\/p>\n<p>Se presentan tambi\u00e9n los diferentes proyectos emprendidos y desarrollados durante el a\u00f1o as\u00ed como los indicadores implementados para el seguimiento de su ejecuci\u00f3n. Resaltando que la gesti\u00f3n de Colombia Inteligente est\u00e1 orientada a cuatro objetivos estrat\u00e9gicos:<\/p>\n<ul>\n<li><strong><u>Generaci\u00f3n de conocimiento<\/u><\/strong> \u00e8 nos enfocamos en identificar las necesidades y expectativas de los miembros de Colombia Inteligente, soportados en los GTC (referenciamientos y an\u00e1lisis de acciones), para impulsar tem\u00e1ticas prioritarias en el pa\u00eds, tales como habilitar las comunidades energ\u00e9ticas, la estandarizaci\u00f3n de los datos de medici\u00f3n avanzada, la valoraci\u00f3n y madurez en digitalizaci\u00f3n del servicio y los servicios de flexibilidad en la red.<\/li>\n<li><strong><u>Desarrollo de proyectos tecnol\u00f3gicos<\/u><\/strong> \u00e8 realizamos proyectos colaborativos como estrategia de trabajo conjunto con actores del sector para generar acciones que habiliten y aceleren la transformaci\u00f3n del sector el\u00e9ctrico, tales como el dise\u00f1o del perfil de interoperabilidad para los datos AMI, la caracterizaci\u00f3n del ecosistema del operador del sistema de distribuci\u00f3n y un proyecto colaborativo para el dise\u00f1o de una gu\u00eda en comunidades energ\u00e9ticas.<\/li>\n<li><strong><u>Difusi\u00f3n sectorial<\/u><\/strong> \u00e8 apalancados en actividades presenciales y virtuales, nos enfocamos en garantizar el cumplimiento de nuestras metas sectoriales para la difusi\u00f3n de la organizaci\u00f3n y relacionamiento con agentes de inter\u00e9s nacionales e internacionales para influir proactivamente en las actividades de las entidades, acciones de pol\u00edtica y regulaci\u00f3n en un entorno tecnol\u00f3gico, y en las empresas para apoyar su transformaci\u00f3n tecnol\u00f3gica.<\/li>\n<li><strong><u>Sostenibilidad organizacional<\/u><\/strong> \u00e8 nos enfocamos en la definici\u00f3n del plan de acci\u00f3n, el seguimiento y control a la ejecuci\u00f3n del presupuesto, y a la revisi\u00f3n y actualizaci\u00f3n de los canales de difusi\u00f3n. A su vez, la evaluaci\u00f3n interna para el mejoramiento continuo y apropiaci\u00f3n de aprendizajes durante el desarrollo del plan de acci\u00f3n.<\/li>\n<\/ul>\n<p>No puedo dejar de destacar el cumplimiento de las metas propuestas, que se traducen en los productos elaborados y puestos a disposici\u00f3n de nuestros miembros y grupos de inter\u00e9s, as\u00ed como agradecer el siempre valioso apoyo del Ministerio de Minas y Energ\u00eda, la UPME, la CREG, el IPSE y el FENOGE.<\/p>\n<p>Es nuestro inter\u00e9s para el a\u00f1o 2024 continuar avanzando en el desarrollo de los proyectos y dem\u00e1s iniciativas establecidas y otras que pudieran resultar, con el enfoque claro de la estrategia colaborativa para avanzar en la transformaci\u00f3n de la demanda y la modernizaci\u00f3n del sistema soportada en el despliegue AMI, la digitalizaci\u00f3n y ciberseguridad del servicio de la energ\u00eda el\u00e9ctrica y el desarrollo de los servicios de flexibilidad en la red.<\/p>\n<p>Es un gusto disponer a ustedes nuestro informe, esperamos encuentren en \u00e9l la informaci\u00f3n suficiente para conocer y disfrutar la gesti\u00f3n realizada y los resultados obtenidos. Ratificamos nuestro compromiso para continuar aportando y trabajando colaborativamente siempre por una Colombia Inteligente y comprometida con la sociedad para la inserci\u00f3n integral y eficiente de los sistemas inteligentes al sector el\u00e9ctrico colombiano.<\/p>\n<p class=\"x_MsoNormal\" align=\"left\">Gracias por su inter\u00e9s y apoyo.<\/p>\n<p class=\"x_MsoNormal\"><b><span class=\"x_ContentPasted3\">JAIME ALEJANDRO ZAPATA URIBE\u00a0<\/span><\/b><\/p>\n<p class=\"x_MsoNormal\"><span class=\"x_ContentPasted3\">Presidente<\/span><b>\u00a0<\/b><\/p>\n<\/div>\n<p>&nbsp;<\/p>\n<p>Enero 2024<\/p>\n<div style=\"text-align:center\" class=\"yasr-auto-insert-visitor\"><\/div>","protected":false},"excerpt":{"rendered":"<p>Informe de Gesti\u00f3n 2023: Alianza para la Transformaci\u00f3n del Sector El\u00e9ctrico Colombiano<\/p>","protected":false},"featured_media":39765,"comment_status":"open","ping_status":"closed","template":"","meta":{"yasr_overall_rating":0,"yasr_post_is_review":"","yasr_auto_insert_disabled":"","yasr_review_type":""},"product_cat":[74],"product_tag":[73],"class_list":["post-39764","product","type-product","status-publish","has-post-thumbnail","hentry","product_cat-informes-de-gestion","product_tag-informes-de-gestion"],"yasr_visitor_votes":{"number_of_votes":0,"sum_votes":0,"stars_attributes":{"read_only":false,"span_bottom":false}},"yoast_head":"<!-- This site is optimized with the Yoast SEO plugin v27.3 - https:\/\/yoast.com\/product\/yoast-seo-wordpress\/ -->\n<title>Informe de Gesti\u00f3n 2023: Alianza para la Transformaci\u00f3n del Sector El\u00e9ctrico Colombiano - Colombia Inteligente<\/title>\n<meta name=\"robots\" content=\"index, follow, max-snippet:-1, max-image-preview:large, max-video-preview:-1\" \/>\n<link rel=\"canonical\" href=\"https:\/\/colombiainteligente.org\/es_co\/product\/informe-de-gestion-2023\/\" \/>\n<meta property=\"og:locale\" content=\"es_ES\" \/>\n<meta property=\"og:type\" content=\"article\" \/>\n<meta property=\"og:title\" content=\"Informe de Gesti\u00f3n 2023: Alianza para la Transformaci\u00f3n del Sector El\u00e9ctrico Colombiano - Colombia Inteligente\" \/>\n<meta property=\"og:description\" content=\"Informe de Gesti\u00f3n 2023: Alianza para la Transformaci\u00f3n del Sector El\u00e9ctrico Colombiano\" \/>\n<meta property=\"og:url\" content=\"https:\/\/colombiainteligente.org\/es_co\/product\/informe-de-gestion-2023\/\" \/>\n<meta property=\"og:site_name\" content=\"Colombia Inteligente\" \/>\n<meta property=\"article:modified_time\" content=\"2025-02-11T16:46:04+00:00\" \/>\n<meta property=\"og:image\" content=\"https:\/\/colombiainteligente.org\/wp-content\/uploads\/2024\/02\/info2023.png\" \/>\n\t<meta property=\"og:image:width\" content=\"1171\" \/>\n\t<meta property=\"og:image:height\" content=\"1515\" \/>\n\t<meta property=\"og:image:type\" content=\"image\/png\" \/>\n<meta name=\"twitter:card\" content=\"summary_large_image\" \/>\n<meta name=\"twitter:site\" content=\"@colombiaintelig\" \/>\n<meta name=\"twitter:label1\" content=\"Tiempo estimado de lectura\" \/>\n\t<meta name=\"twitter:data1\" content=\"4 minutes\" \/>\n<script type=\"application\/ld+json\" class=\"yoast-schema-graph\">{\"@context\":\"https:\\\/\\\/schema.org\",\"@graph\":[{\"@type\":\"WebPage\",\"@id\":\"https:\\\/\\\/colombiainteligente.org\\\/producto\\\/informe-de-gestion-2023\\\/\",\"url\":\"https:\\\/\\\/colombiainteligente.org\\\/producto\\\/informe-de-gestion-2023\\\/\",\"name\":\"Informe de Gesti\u00f3n 2023: Alianza para la Transformaci\u00f3n del Sector El\u00e9ctrico Colombiano - Colombia Inteligente\",\"isPartOf\":{\"@id\":\"https:\\\/\\\/colombiainteligente.org\\\/#website\"},\"primaryImageOfPage\":{\"@id\":\"https:\\\/\\\/colombiainteligente.org\\\/producto\\\/informe-de-gestion-2023\\\/#primaryimage\"},\"image\":{\"@id\":\"https:\\\/\\\/colombiainteligente.org\\\/producto\\\/informe-de-gestion-2023\\\/#primaryimage\"},\"thumbnailUrl\":\"https:\\\/\\\/colombiainteligente.org\\\/wp-content\\\/uploads\\\/2024\\\/02\\\/info2023.png\",\"datePublished\":\"2024-02-05T22:52:00+00:00\",\"dateModified\":\"2025-02-11T16:46:04+00:00\",\"breadcrumb\":{\"@id\":\"https:\\\/\\\/colombiainteligente.org\\\/producto\\\/informe-de-gestion-2023\\\/#breadcrumb\"},\"inLanguage\":\"es-CO\",\"potentialAction\":[{\"@type\":\"ReadAction\",\"target\":[\"https:\\\/\\\/colombiainteligente.org\\\/producto\\\/informe-de-gestion-2023\\\/\"]}]},{\"@type\":\"ImageObject\",\"inLanguage\":\"es-CO\",\"@id\":\"https:\\\/\\\/colombiainteligente.org\\\/producto\\\/informe-de-gestion-2023\\\/#primaryimage\",\"url\":\"https:\\\/\\\/colombiainteligente.org\\\/wp-content\\\/uploads\\\/2024\\\/02\\\/info2023.png\",\"contentUrl\":\"https:\\\/\\\/colombiainteligente.org\\\/wp-content\\\/uploads\\\/2024\\\/02\\\/info2023.png\",\"width\":1171,\"height\":1515,\"caption\":\"info2023\"},{\"@type\":\"BreadcrumbList\",\"@id\":\"https:\\\/\\\/colombiainteligente.org\\\/producto\\\/informe-de-gestion-2023\\\/#breadcrumb\",\"itemListElement\":[{\"@type\":\"ListItem\",\"position\":1,\"name\":\"Portada\",\"item\":\"https:\\\/\\\/colombiainteligente.org\\\/\"},{\"@type\":\"ListItem\",\"position\":2,\"name\":\"Tienda\",\"item\":\"https:\\\/\\\/colombiainteligente.org\\\/tienda\\\/\"},{\"@type\":\"ListItem\",\"position\":3,\"name\":\"Informe de Gesti\u00f3n 2023: Alianza para la Transformaci\u00f3n del Sector El\u00e9ctrico Colombiano\"}]},{\"@type\":\"WebSite\",\"@id\":\"https:\\\/\\\/colombiainteligente.org\\\/#website\",\"url\":\"https:\\\/\\\/colombiainteligente.org\\\/\",\"name\":\"Colombia Inteligente\",\"description\":\"Alianza estrat\u00e9gica, conformada por empresas y entidades, para la inserci\u00f3n integral y eficiente de las redes inteligentes a la infraestructura del sector el\u00e9ctrico colombiano\",\"publisher\":{\"@id\":\"https:\\\/\\\/colombiainteligente.org\\\/#organization\"},\"potentialAction\":[{\"@type\":\"SearchAction\",\"target\":{\"@type\":\"EntryPoint\",\"urlTemplate\":\"https:\\\/\\\/colombiainteligente.org\\\/?s={search_term_string}\"},\"query-input\":{\"@type\":\"PropertyValueSpecification\",\"valueRequired\":true,\"valueName\":\"search_term_string\"}}],\"inLanguage\":\"es-CO\"},{\"@type\":\"Organization\",\"@id\":\"https:\\\/\\\/colombiainteligente.org\\\/#organization\",\"name\":\"Colombia Inteligente\",\"url\":\"https:\\\/\\\/colombiainteligente.org\\\/\",\"logo\":{\"@type\":\"ImageObject\",\"inLanguage\":\"es-CO\",\"@id\":\"https:\\\/\\\/colombiainteligente.org\\\/#\\\/schema\\\/logo\\\/image\\\/\",\"url\":\"https:\\\/\\\/colombiainteligente.org\\\/wp-content\\\/uploads\\\/2022\\\/07\\\/Image.png\",\"contentUrl\":\"https:\\\/\\\/colombiainteligente.org\\\/wp-content\\\/uploads\\\/2022\\\/07\\\/Image.png\",\"width\":588,\"height\":274,\"caption\":\"Colombia Inteligente\"},\"image\":{\"@id\":\"https:\\\/\\\/colombiainteligente.org\\\/#\\\/schema\\\/logo\\\/image\\\/\"},\"sameAs\":[\"https:\\\/\\\/x.com\\\/colombiaintelig\",\"https:\\\/\\\/www.linkedin.com\\\/company\\\/colombiainteligente\\\/\"]}]}<\/script>\n<!-- \/ Yoast SEO plugin. -->","yoast_head_json":{"title":"Informe de Gesti\u00f3n 2023: Alianza para la Transformaci\u00f3n del Sector El\u00e9ctrico Colombiano - Colombia Inteligente","robots":{"index":"index","follow":"follow","max-snippet":"max-snippet:-1","max-image-preview":"max-image-preview:large","max-video-preview":"max-video-preview:-1"},"canonical":"https:\/\/colombiainteligente.org\/es_co\/product\/informe-de-gestion-2023\/","og_locale":"es_ES","og_type":"article","og_title":"Informe de Gesti\u00f3n 2023: Alianza para la Transformaci\u00f3n del Sector El\u00e9ctrico Colombiano - Colombia Inteligente","og_description":"Informe de Gesti\u00f3n 2023: Alianza para la Transformaci\u00f3n del Sector El\u00e9ctrico Colombiano","og_url":"https:\/\/colombiainteligente.org\/es_co\/product\/informe-de-gestion-2023\/","og_site_name":"Colombia Inteligente","article_modified_time":"2025-02-11T16:46:04+00:00","og_image":[{"width":1171,"height":1515,"url":"https:\/\/colombiainteligente.org\/wp-content\/uploads\/2024\/02\/info2023.png","type":"image\/png"}],"twitter_card":"summary_large_image","twitter_site":"@colombiaintelig","twitter_misc":{"Tiempo estimado de lectura":"4 minutes"},"schema":{"@context":"https:\/\/schema.org","@graph":[{"@type":"WebPage","@id":"https:\/\/colombiainteligente.org\/producto\/informe-de-gestion-2023\/","url":"https:\/\/colombiainteligente.org\/producto\/informe-de-gestion-2023\/","name":"Informe de Gesti\u00f3n 2023: Alianza para la Transformaci\u00f3n del Sector El\u00e9ctrico Colombiano - Colombia Inteligente","isPartOf":{"@id":"https:\/\/colombiainteligente.org\/#website"},"primaryImageOfPage":{"@id":"https:\/\/colombiainteligente.org\/producto\/informe-de-gestion-2023\/#primaryimage"},"image":{"@id":"https:\/\/colombiainteligente.org\/producto\/informe-de-gestion-2023\/#primaryimage"},"thumbnailUrl":"https:\/\/colombiainteligente.org\/wp-content\/uploads\/2024\/02\/info2023.png","datePublished":"2024-02-05T22:52:00+00:00","dateModified":"2025-02-11T16:46:04+00:00","breadcrumb":{"@id":"https:\/\/colombiainteligente.org\/producto\/informe-de-gestion-2023\/#breadcrumb"},"inLanguage":"es-CO","potentialAction":[{"@type":"ReadAction","target":["https:\/\/colombiainteligente.org\/producto\/informe-de-gestion-2023\/"]}]},{"@type":"ImageObject","inLanguage":"es-CO","@id":"https:\/\/colombiainteligente.org\/producto\/informe-de-gestion-2023\/#primaryimage","url":"https:\/\/colombiainteligente.org\/wp-content\/uploads\/2024\/02\/info2023.png","contentUrl":"https:\/\/colombiainteligente.org\/wp-content\/uploads\/2024\/02\/info2023.png","width":1171,"height":1515,"caption":"info2023"},{"@type":"BreadcrumbList","@id":"https:\/\/colombiainteligente.org\/producto\/informe-de-gestion-2023\/#breadcrumb","itemListElement":[{"@type":"ListItem","position":1,"name":"Portada","item":"https:\/\/colombiainteligente.org\/"},{"@type":"ListItem","position":2,"name":"Tienda","item":"https:\/\/colombiainteligente.org\/tienda\/"},{"@type":"ListItem","position":3,"name":"Informe de Gesti\u00f3n 2023: Alianza para la Transformaci\u00f3n del Sector El\u00e9ctrico Colombiano"}]},{"@type":"WebSite","@id":"https:\/\/colombiainteligente.org\/#website","url":"https:\/\/colombiainteligente.org\/","name":"Colombia Inteligente","description":"Alianza estrat\u00e9gica, conformada por empresas y entidades, para la inserci\u00f3n integral y eficiente de las redes inteligentes a la infraestructura del sector el\u00e9ctrico colombiano","publisher":{"@id":"https:\/\/colombiainteligente.org\/#organization"},"potentialAction":[{"@type":"SearchAction","target":{"@type":"EntryPoint","urlTemplate":"https:\/\/colombiainteligente.org\/?s={search_term_string}"},"query-input":{"@type":"PropertyValueSpecification","valueRequired":true,"valueName":"search_term_string"}}],"inLanguage":"es-CO"},{"@type":"Organization","@id":"https:\/\/colombiainteligente.org\/#organization","name":"Colombia Inteligente","url":"https:\/\/colombiainteligente.org\/","logo":{"@type":"ImageObject","inLanguage":"es-CO","@id":"https:\/\/colombiainteligente.org\/#\/schema\/logo\/image\/","url":"https:\/\/colombiainteligente.org\/wp-content\/uploads\/2022\/07\/Image.png","contentUrl":"https:\/\/colombiainteligente.org\/wp-content\/uploads\/2022\/07\/Image.png","width":588,"height":274,"caption":"Colombia Inteligente"},"image":{"@id":"https:\/\/colombiainteligente.org\/#\/schema\/logo\/image\/"},"sameAs":["https:\/\/x.com\/colombiaintelig","https:\/\/www.linkedin.com\/company\/colombiainteligente\/"]}]}},"_links":{"self":[{"href":"https:\/\/colombiainteligente.org\/es_co\/wp-json\/wp\/v2\/product\/39764","targetHints":{"allow":["GET"]}}],"collection":[{"href":"https:\/\/colombiainteligente.org\/es_co\/wp-json\/wp\/v2\/product"}],"about":[{"href":"https:\/\/colombiainteligente.org\/es_co\/wp-json\/wp\/v2\/types\/product"}],"replies":[{"embeddable":true,"href":"https:\/\/colombiainteligente.org\/es_co\/wp-json\/wp\/v2\/comments?post=39764"}],"wp:featuredmedia":[{"embeddable":true,"href":"https:\/\/colombiainteligente.org\/es_co\/wp-json\/wp\/v2\/media\/39765"}],"wp:attachment":[{"href":"https:\/\/colombiainteligente.org\/es_co\/wp-json\/wp\/v2\/media?parent=39764"}],"wp:term":[{"taxonomy":"product_cat","embeddable":true,"href":"https:\/\/colombiainteligente.org\/es_co\/wp-json\/wp\/v2\/product_cat?post=39764"},{"taxonomy":"product_tag","embeddable":true,"href":"https:\/\/colombiainteligente.org\/es_co\/wp-json\/wp\/v2\/product_tag?post=39764"}],"curies":[{"name":"wp","href":"https:\/\/api.w.org\/{rel}","templated":true}]}}