{"id":47811,"date":"2024-09-09T14:50:15","date_gmt":"2024-09-09T19:50:15","guid":{"rendered":"https:\/\/colombiainteligente.org\/?post_type=product&#038;p=47811"},"modified":"2024-12-16T13:02:09","modified_gmt":"2024-12-16T18:02:09","slug":"inteligencia-artificial-en-el-sector-electrico-lineamientos","status":"publish","type":"product","link":"https:\/\/colombiainteligente.org\/es_co\/product\/inteligencia-artificial-en-el-sector-electrico-lineamientos\/","title":{"rendered":"Inteligencia Artificial en el Sector El\u00e9ctrico &#8211; Lineamientos"},"content":{"rendered":"<p>El objetivo del documento es proporcionar lineamientos estrat\u00e9gicos para la implementaci\u00f3n responsable y eficaz de tecnolog\u00edas de Inteligencia Artificial (IA) en el sector energ\u00e9tico colombiano. Con el fin de cumplir con el objetivo planteado el documento se estructura en 3 secciones.<\/p>\n<p>En el primer cap\u00edtulo, se analiza la informaci\u00f3n sobre el avance de la Inteligencia Artificial en Colombia y su aplicaci\u00f3n en el sector energ\u00e9tico, as\u00ed como experiencias internacionales relevantes. En la secci\u00f3n de Aplicaciones de IA en Colombia, se detalla el marco pol\u00edtico y regulatorio establecido para impulsar el uso responsable y sostenible de la IA en el pa\u00eds, destacando la Directiva Presidencial 3\/2021 y la Hoja de Ruta para la Adopci\u00f3n \u00c9tica y Sostenible de la IA. Adem\u00e1s, se describen iniciativas empresariales en el sector el\u00e9ctrico colombiano, para usos con tecnolog\u00eda LiDAR, la implementaci\u00f3n del sistema de Diagn\u00f3stico Autom\u00e1tico de Fallas (DAF), el uso de Inteligencia Artificial Generativa (Gen AI), entre otros. Las experiencias internacionales proporcionan un panorama amplio de los conceptos fundamentales de la IA, incluyendo definiciones y aplicaciones pr\u00e1cticas en diversos campos. Se exploran temas como el Aprendizaje Autom\u00e1tico, la colaboraci\u00f3n entre IA y Aprendizaje Autom\u00e1tico, y las nuevas tendencias en aplicaciones de IA en el sector el\u00e9ctrico. Adem\u00e1s, se presentan 16 casos de estudio, resaltando c\u00f3mo la IA se utiliza, por ejemplo, para mejorar u optimizar los procesos asociados a las actividades de generaci\u00f3n, la operaci\u00f3n de la red el\u00e9ctrica, la seguridad y aspectos comerciales. Asu vez, se describen lecciones aprendidas y mejores pr\u00e1cticas identificadas en la implementaci\u00f3n efectiva de la Inteligencia Artificial en el sector el\u00e9ctrico (para m\u00e1s informaci\u00f3n revisar el documento de referenciamiento). Estas lecciones resaltan la importancia de la flexibilidad, la evaluaci\u00f3n integral, el desarrollo de m\u00e9todos y procesos, la innovaci\u00f3n tecnol\u00f3gica, la planificaci\u00f3n detallada y la gesti\u00f3n proactiva de riesgos en proyectos de IA. Adem\u00e1s, se enfatiza en la optimizaci\u00f3n de la gesti\u00f3n energ\u00e9tica, la colaboraci\u00f3n interdisciplinaria, la mejora de la confiabilidad y seguridad, la personalizaci\u00f3n de servicios, la predicci\u00f3n y optimizaci\u00f3n, la reducci\u00f3n de costos y la necesidad de directrices claras. Estas pr\u00e1cticas son fundamentales para garantizar una implementaci\u00f3n exitosa y \u00e9tica de la IA en el sector energ\u00e9tico.<\/p>\n<p>En el segundo cap\u00edtulo, se destacan 12 brechas asociadas a la falta de infraestructura tecnol\u00f3gica y la escasez de formaci\u00f3n especializada, as\u00ed como la apropiaci\u00f3n de est\u00e1ndares de forma consistente. Lo anterior conlleva a que la apropiaci\u00f3n tecnol\u00f3gica en las empresas energ\u00e9ticas enfrente dificultades para implementar eficazmente las tecnolog\u00edas de IA soportada en metodolog\u00edas robustas y herramientas adecuadas para evaluar su impacto en la eficiencia operativa y la rentabilidad. Adem\u00e1s, la falta de programas de capacitaci\u00f3n en el marco \u00e9tico y legal limita a\u00fan m\u00e1s la capacidad de las organizaciones para adoptar la IA de manera responsable y efectiva. En el \u00e1mbito de la gesti\u00f3n reglamentaria, la falta de lineamientos para su uso y la adopci\u00f3n de est\u00e1ndares o mejores pr\u00e1cticas internacionales sobre el desarrollo y aplicaci\u00f3n de la IA genera incertidumbre y puede dar lugar a pr\u00e1cticas \u00e9ticamente cuestionables. A nivel empresarial, la insuficiente asignaci\u00f3n de recursos financieros y de inversi\u00f3n, junto con desaf\u00edos en seguridad cibern\u00e9tica y los retos en la gesti\u00f3n de la cadena de suministro o proveedores que soportan procesos asociados al uso de la IA, crea un entorno desafiante para las empresas que buscan implementar tecnolog\u00edas de IA de manera efectiva.<\/p>\n<p>Finalmente, en el tercer cap\u00edtulo, se propone 9 lineamientos estrat\u00e9gicos que requieren una acci\u00f3n coordinada y colaborativa para el desarrollo y la capacitaci\u00f3n en IA en el sector energ\u00e9tico, crucial para optimizar procesos y mejorar la eficiencia y resiliencia del servicio. Implementar programas especializados para profesionales del sector, respaldados por fondos p\u00fablicos para I+D, y establecer becas y subvenciones, fomentar\u00e1 la creaci\u00f3n de nuevo conocimiento. Es fundamental estandarizar la adopci\u00f3n y evaluaci\u00f3n de tecnolog\u00edas IA, garantizando su impacto positivo en eficiencia y calidad del servicio. Adem\u00e1s, la colaboraci\u00f3n entre el estado-academia-industria, junto con incentivos fiscales y financieros, impulsar\u00e1 la inversi\u00f3n privada en proyectos de IA. A su vez, establecer principios \u00e9ticos y una taxonom\u00eda de IA, revisar la reglamentaci\u00f3n de privacidad de datos y fortalecer la ciberseguridad garantizar\u00e1n un uso responsable y seguro de la tecnolog\u00eda. Los programas de capacitaci\u00f3n a nivel gubernamental y de educaci\u00f3n a usuarios crear\u00e1n un entorno propicio para la innovaci\u00f3n, mientras que la inversi\u00f3n en infraestructura digital consolidar\u00e1 estos avances.<\/p>\n<div style=\"text-align:center\" class=\"yasr-auto-insert-visitor\"><\/div>","protected":false},"excerpt":{"rendered":"<p>Inteligencia Artificial en el Sector El\u00e9ctrico &#8211; Lineamientos<\/p>","protected":false},"featured_media":47813,"comment_status":"open","ping_status":"closed","template":"","meta":{"yasr_overall_rating":0,"yasr_post_is_review":"","yasr_auto_insert_disabled":"","yasr_review_type":""},"product_cat":[30,33],"product_tag":[25],"class_list":["post-47811","product","type-product","status-publish","has-post-thumbnail","hentry","product_cat-mejoramiento-de-la-calidad-del-servicio-al-usuario","product_cat-servicios-digitales","product_tag-aplicaciones-focales"],"yasr_visitor_votes":{"number_of_votes":0,"sum_votes":0,"stars_attributes":{"read_only":false,"span_bottom":false}},"yoast_head":"<!-- This site is optimized with the Yoast SEO plugin v27.3 - https:\/\/yoast.com\/product\/yoast-seo-wordpress\/ -->\n<title>Inteligencia Artificial en el Sector El\u00e9ctrico - Lineamientos - Colombia Inteligente<\/title>\n<meta name=\"description\" content=\"Lineamientos estrat\u00e9gicos para la implementaci\u00f3n responsable y eficaz de tecnolog\u00edas de Inteligencia Artificial (IA) en el sector energ\u00e9tico colombiano.\" \/>\n<meta name=\"robots\" content=\"index, follow, max-snippet:-1, max-image-preview:large, max-video-preview:-1\" \/>\n<link rel=\"canonical\" href=\"https:\/\/colombiainteligente.org\/es_co\/product\/inteligencia-artificial-en-el-sector-electrico-lineamientos\/\" \/>\n<meta property=\"og:locale\" content=\"es_ES\" \/>\n<meta property=\"og:type\" content=\"article\" \/>\n<meta property=\"og:title\" content=\"Inteligencia Artificial en el Sector El\u00e9ctrico - Lineamientos - Colombia Inteligente\" \/>\n<meta property=\"og:description\" content=\"Lineamientos estrat\u00e9gicos para la implementaci\u00f3n responsable y eficaz de tecnolog\u00edas de Inteligencia Artificial (IA) en el sector energ\u00e9tico colombiano.\" \/>\n<meta property=\"og:url\" content=\"https:\/\/colombiainteligente.org\/es_co\/product\/inteligencia-artificial-en-el-sector-electrico-lineamientos\/\" \/>\n<meta property=\"og:site_name\" content=\"Colombia Inteligente\" \/>\n<meta property=\"article:modified_time\" content=\"2024-12-16T18:02:09+00:00\" \/>\n<meta property=\"og:image\" content=\"https:\/\/colombiainteligente.org\/wp-content\/uploads\/2024\/09\/Inteligencia-Artificial-en-el-Sector-Electrico.png\" \/>\n\t<meta property=\"og:image:width\" content=\"469\" \/>\n\t<meta property=\"og:image:height\" content=\"585\" \/>\n\t<meta property=\"og:image:type\" content=\"image\/png\" \/>\n<meta name=\"twitter:card\" content=\"summary_large_image\" \/>\n<meta name=\"twitter:site\" content=\"@colombiaintelig\" \/>\n<meta name=\"twitter:label1\" content=\"Tiempo estimado de lectura\" \/>\n\t<meta name=\"twitter:data1\" content=\"4 minutes\" \/>\n<script type=\"application\/ld+json\" class=\"yoast-schema-graph\">{\"@context\":\"https:\\\/\\\/schema.org\",\"@graph\":[{\"@type\":\"WebPage\",\"@id\":\"https:\\\/\\\/colombiainteligente.org\\\/producto\\\/inteligencia-artificial-en-el-sector-electrico-lineamientos\\\/\",\"url\":\"https:\\\/\\\/colombiainteligente.org\\\/producto\\\/inteligencia-artificial-en-el-sector-electrico-lineamientos\\\/\",\"name\":\"Inteligencia Artificial en el Sector El\u00e9ctrico - Lineamientos - Colombia Inteligente\",\"isPartOf\":{\"@id\":\"https:\\\/\\\/colombiainteligente.org\\\/#website\"},\"primaryImageOfPage\":{\"@id\":\"https:\\\/\\\/colombiainteligente.org\\\/producto\\\/inteligencia-artificial-en-el-sector-electrico-lineamientos\\\/#primaryimage\"},\"image\":{\"@id\":\"https:\\\/\\\/colombiainteligente.org\\\/producto\\\/inteligencia-artificial-en-el-sector-electrico-lineamientos\\\/#primaryimage\"},\"thumbnailUrl\":\"https:\\\/\\\/colombiainteligente.org\\\/wp-content\\\/uploads\\\/2024\\\/09\\\/Inteligencia-Artificial-en-el-Sector-Electrico.png\",\"datePublished\":\"2024-09-09T19:50:15+00:00\",\"dateModified\":\"2024-12-16T18:02:09+00:00\",\"description\":\"Lineamientos estrat\u00e9gicos para la implementaci\u00f3n responsable y eficaz de tecnolog\u00edas de Inteligencia Artificial (IA) en el sector energ\u00e9tico colombiano.\",\"breadcrumb\":{\"@id\":\"https:\\\/\\\/colombiainteligente.org\\\/producto\\\/inteligencia-artificial-en-el-sector-electrico-lineamientos\\\/#breadcrumb\"},\"inLanguage\":\"es-CO\",\"potentialAction\":[{\"@type\":\"ReadAction\",\"target\":[\"https:\\\/\\\/colombiainteligente.org\\\/producto\\\/inteligencia-artificial-en-el-sector-electrico-lineamientos\\\/\"]}]},{\"@type\":\"ImageObject\",\"inLanguage\":\"es-CO\",\"@id\":\"https:\\\/\\\/colombiainteligente.org\\\/producto\\\/inteligencia-artificial-en-el-sector-electrico-lineamientos\\\/#primaryimage\",\"url\":\"https:\\\/\\\/colombiainteligente.org\\\/wp-content\\\/uploads\\\/2024\\\/09\\\/Inteligencia-Artificial-en-el-Sector-Electrico.png\",\"contentUrl\":\"https:\\\/\\\/colombiainteligente.org\\\/wp-content\\\/uploads\\\/2024\\\/09\\\/Inteligencia-Artificial-en-el-Sector-Electrico.png\",\"width\":469,\"height\":585},{\"@type\":\"BreadcrumbList\",\"@id\":\"https:\\\/\\\/colombiainteligente.org\\\/producto\\\/inteligencia-artificial-en-el-sector-electrico-lineamientos\\\/#breadcrumb\",\"itemListElement\":[{\"@type\":\"ListItem\",\"position\":1,\"name\":\"Portada\",\"item\":\"https:\\\/\\\/colombiainteligente.org\\\/\"},{\"@type\":\"ListItem\",\"position\":2,\"name\":\"Tienda\",\"item\":\"https:\\\/\\\/colombiainteligente.org\\\/tienda\\\/\"},{\"@type\":\"ListItem\",\"position\":3,\"name\":\"Inteligencia Artificial en el Sector El\u00e9ctrico &#8211; Lineamientos\"}]},{\"@type\":\"WebSite\",\"@id\":\"https:\\\/\\\/colombiainteligente.org\\\/#website\",\"url\":\"https:\\\/\\\/colombiainteligente.org\\\/\",\"name\":\"Colombia Inteligente\",\"description\":\"Alianza estrat\u00e9gica, conformada por empresas y entidades, para la inserci\u00f3n integral y eficiente de las redes inteligentes a la infraestructura del sector el\u00e9ctrico colombiano\",\"publisher\":{\"@id\":\"https:\\\/\\\/colombiainteligente.org\\\/#organization\"},\"potentialAction\":[{\"@type\":\"SearchAction\",\"target\":{\"@type\":\"EntryPoint\",\"urlTemplate\":\"https:\\\/\\\/colombiainteligente.org\\\/?s={search_term_string}\"},\"query-input\":{\"@type\":\"PropertyValueSpecification\",\"valueRequired\":true,\"valueName\":\"search_term_string\"}}],\"inLanguage\":\"es-CO\"},{\"@type\":\"Organization\",\"@id\":\"https:\\\/\\\/colombiainteligente.org\\\/#organization\",\"name\":\"Colombia Inteligente\",\"url\":\"https:\\\/\\\/colombiainteligente.org\\\/\",\"logo\":{\"@type\":\"ImageObject\",\"inLanguage\":\"es-CO\",\"@id\":\"https:\\\/\\\/colombiainteligente.org\\\/#\\\/schema\\\/logo\\\/image\\\/\",\"url\":\"https:\\\/\\\/colombiainteligente.org\\\/wp-content\\\/uploads\\\/2022\\\/07\\\/Image.png\",\"contentUrl\":\"https:\\\/\\\/colombiainteligente.org\\\/wp-content\\\/uploads\\\/2022\\\/07\\\/Image.png\",\"width\":588,\"height\":274,\"caption\":\"Colombia Inteligente\"},\"image\":{\"@id\":\"https:\\\/\\\/colombiainteligente.org\\\/#\\\/schema\\\/logo\\\/image\\\/\"},\"sameAs\":[\"https:\\\/\\\/x.com\\\/colombiaintelig\",\"https:\\\/\\\/www.linkedin.com\\\/company\\\/colombiainteligente\\\/\"]}]}<\/script>\n<!-- \/ Yoast SEO plugin. -->","yoast_head_json":{"title":"Inteligencia Artificial en el Sector El\u00e9ctrico - Lineamientos - Colombia Inteligente","description":"Lineamientos estrat\u00e9gicos para la implementaci\u00f3n responsable y eficaz de tecnolog\u00edas de Inteligencia Artificial (IA) en el sector energ\u00e9tico colombiano.","robots":{"index":"index","follow":"follow","max-snippet":"max-snippet:-1","max-image-preview":"max-image-preview:large","max-video-preview":"max-video-preview:-1"},"canonical":"https:\/\/colombiainteligente.org\/es_co\/product\/inteligencia-artificial-en-el-sector-electrico-lineamientos\/","og_locale":"es_ES","og_type":"article","og_title":"Inteligencia Artificial en el Sector El\u00e9ctrico - Lineamientos - Colombia Inteligente","og_description":"Lineamientos estrat\u00e9gicos para la implementaci\u00f3n responsable y eficaz de tecnolog\u00edas de Inteligencia Artificial (IA) en el sector energ\u00e9tico colombiano.","og_url":"https:\/\/colombiainteligente.org\/es_co\/product\/inteligencia-artificial-en-el-sector-electrico-lineamientos\/","og_site_name":"Colombia Inteligente","article_modified_time":"2024-12-16T18:02:09+00:00","og_image":[{"width":469,"height":585,"url":"https:\/\/colombiainteligente.org\/wp-content\/uploads\/2024\/09\/Inteligencia-Artificial-en-el-Sector-Electrico.png","type":"image\/png"}],"twitter_card":"summary_large_image","twitter_site":"@colombiaintelig","twitter_misc":{"Tiempo estimado de lectura":"4 minutes"},"schema":{"@context":"https:\/\/schema.org","@graph":[{"@type":"WebPage","@id":"https:\/\/colombiainteligente.org\/producto\/inteligencia-artificial-en-el-sector-electrico-lineamientos\/","url":"https:\/\/colombiainteligente.org\/producto\/inteligencia-artificial-en-el-sector-electrico-lineamientos\/","name":"Inteligencia Artificial en el Sector El\u00e9ctrico - Lineamientos - Colombia Inteligente","isPartOf":{"@id":"https:\/\/colombiainteligente.org\/#website"},"primaryImageOfPage":{"@id":"https:\/\/colombiainteligente.org\/producto\/inteligencia-artificial-en-el-sector-electrico-lineamientos\/#primaryimage"},"image":{"@id":"https:\/\/colombiainteligente.org\/producto\/inteligencia-artificial-en-el-sector-electrico-lineamientos\/#primaryimage"},"thumbnailUrl":"https:\/\/colombiainteligente.org\/wp-content\/uploads\/2024\/09\/Inteligencia-Artificial-en-el-Sector-Electrico.png","datePublished":"2024-09-09T19:50:15+00:00","dateModified":"2024-12-16T18:02:09+00:00","description":"Lineamientos estrat\u00e9gicos para la implementaci\u00f3n responsable y eficaz de tecnolog\u00edas de Inteligencia Artificial (IA) en el sector energ\u00e9tico colombiano.","breadcrumb":{"@id":"https:\/\/colombiainteligente.org\/producto\/inteligencia-artificial-en-el-sector-electrico-lineamientos\/#breadcrumb"},"inLanguage":"es-CO","potentialAction":[{"@type":"ReadAction","target":["https:\/\/colombiainteligente.org\/producto\/inteligencia-artificial-en-el-sector-electrico-lineamientos\/"]}]},{"@type":"ImageObject","inLanguage":"es-CO","@id":"https:\/\/colombiainteligente.org\/producto\/inteligencia-artificial-en-el-sector-electrico-lineamientos\/#primaryimage","url":"https:\/\/colombiainteligente.org\/wp-content\/uploads\/2024\/09\/Inteligencia-Artificial-en-el-Sector-Electrico.png","contentUrl":"https:\/\/colombiainteligente.org\/wp-content\/uploads\/2024\/09\/Inteligencia-Artificial-en-el-Sector-Electrico.png","width":469,"height":585},{"@type":"BreadcrumbList","@id":"https:\/\/colombiainteligente.org\/producto\/inteligencia-artificial-en-el-sector-electrico-lineamientos\/#breadcrumb","itemListElement":[{"@type":"ListItem","position":1,"name":"Portada","item":"https:\/\/colombiainteligente.org\/"},{"@type":"ListItem","position":2,"name":"Tienda","item":"https:\/\/colombiainteligente.org\/tienda\/"},{"@type":"ListItem","position":3,"name":"Inteligencia Artificial en el Sector El\u00e9ctrico &#8211; Lineamientos"}]},{"@type":"WebSite","@id":"https:\/\/colombiainteligente.org\/#website","url":"https:\/\/colombiainteligente.org\/","name":"Colombia Inteligente","description":"Alianza estrat\u00e9gica, conformada por empresas y entidades, para la inserci\u00f3n integral y eficiente de las redes inteligentes a la infraestructura del sector el\u00e9ctrico colombiano","publisher":{"@id":"https:\/\/colombiainteligente.org\/#organization"},"potentialAction":[{"@type":"SearchAction","target":{"@type":"EntryPoint","urlTemplate":"https:\/\/colombiainteligente.org\/?s={search_term_string}"},"query-input":{"@type":"PropertyValueSpecification","valueRequired":true,"valueName":"search_term_string"}}],"inLanguage":"es-CO"},{"@type":"Organization","@id":"https:\/\/colombiainteligente.org\/#organization","name":"Colombia Inteligente","url":"https:\/\/colombiainteligente.org\/","logo":{"@type":"ImageObject","inLanguage":"es-CO","@id":"https:\/\/colombiainteligente.org\/#\/schema\/logo\/image\/","url":"https:\/\/colombiainteligente.org\/wp-content\/uploads\/2022\/07\/Image.png","contentUrl":"https:\/\/colombiainteligente.org\/wp-content\/uploads\/2022\/07\/Image.png","width":588,"height":274,"caption":"Colombia Inteligente"},"image":{"@id":"https:\/\/colombiainteligente.org\/#\/schema\/logo\/image\/"},"sameAs":["https:\/\/x.com\/colombiaintelig","https:\/\/www.linkedin.com\/company\/colombiainteligente\/"]}]}},"_links":{"self":[{"href":"https:\/\/colombiainteligente.org\/es_co\/wp-json\/wp\/v2\/product\/47811","targetHints":{"allow":["GET"]}}],"collection":[{"href":"https:\/\/colombiainteligente.org\/es_co\/wp-json\/wp\/v2\/product"}],"about":[{"href":"https:\/\/colombiainteligente.org\/es_co\/wp-json\/wp\/v2\/types\/product"}],"replies":[{"embeddable":true,"href":"https:\/\/colombiainteligente.org\/es_co\/wp-json\/wp\/v2\/comments?post=47811"}],"wp:featuredmedia":[{"embeddable":true,"href":"https:\/\/colombiainteligente.org\/es_co\/wp-json\/wp\/v2\/media\/47813"}],"wp:attachment":[{"href":"https:\/\/colombiainteligente.org\/es_co\/wp-json\/wp\/v2\/media?parent=47811"}],"wp:term":[{"taxonomy":"product_cat","embeddable":true,"href":"https:\/\/colombiainteligente.org\/es_co\/wp-json\/wp\/v2\/product_cat?post=47811"},{"taxonomy":"product_tag","embeddable":true,"href":"https:\/\/colombiainteligente.org\/es_co\/wp-json\/wp\/v2\/product_tag?post=47811"}],"curies":[{"name":"wp","href":"https:\/\/api.w.org\/{rel}","templated":true}]}}