{"id":47817,"date":"2024-09-09T17:21:17","date_gmt":"2024-09-09T22:21:17","guid":{"rendered":"https:\/\/colombiainteligente.org\/?post_type=product&#038;p=47817"},"modified":"2024-12-16T12:59:26","modified_gmt":"2024-12-16T17:59:26","slug":"esquemas-para-la-gestion-de-datos-e-informacion-lineamientos","status":"publish","type":"product","link":"https:\/\/colombiainteligente.org\/es_co\/product\/esquemas-para-la-gestion-de-datos-e-informacion-lineamientos\/","title":{"rendered":"Esquemas para la Gesti\u00f3n de Datos e Informaci\u00f3n &#8211; Lineamientos"},"content":{"rendered":"<p>Este documento tiene como objetivo proporcionar directrices y recomendaciones para la gesti\u00f3n eficiente de datos e informaci\u00f3n en el sector el\u00e9ctrico colombiano, abordando aspectos como la interoperabilidad de sistemas, la seguridad de datos y el cumplimiento normativo. Con el fin de cumplir con dicho objetivo el documento se estructur\u00f3 en 3 secciones:<\/p>\n<p>En la primera secci\u00f3n, se detalla la modernizaci\u00f3n de la gesti\u00f3n de datos en el sector el\u00e9ctrico colombiano, centr\u00e1ndose en la implementaci\u00f3n de la Infraestructura de Medici\u00f3n Avanzada (AMI) y las regulaciones correspondientes. Se explora c\u00f3mo este tipo de implementaciones facilita la recolecci\u00f3n de datos en tiempo real sobre el consumo de energ\u00eda, mejorando as\u00ed la gesti\u00f3n de la red el\u00e9ctrica y la comprensi\u00f3n de las necesidades de los usuarios. Se destacan los beneficios potenciales en t\u00e9rminos de optimizaci\u00f3n operativa y reducci\u00f3n de costos, respaldados por regulaciones vigentes. En el \u00e1mbito de la Gesti\u00f3n de Medici\u00f3n Avanzada, se resalta el trabajo de Colombia Inteligente en la implementaci\u00f3n de esta tecnolog\u00eda, con el prop\u00f3sito de optimizar procesos comerciales y t\u00e9cnicos, introducir programas tarifarios basados en el tiempo y mejorar la gesti\u00f3n de la red de distribuci\u00f3n el\u00e9ctrica para reducir las emisiones de CO2. Este enfoque abarca desde la captura y procesamiento de datos hasta su almacenamiento, haciendo \u00e9nfasis en la seguridad, privacidad y cumplimiento de est\u00e1ndares internacionales. A su vez, se presentan experiencias a nivel nacional e internacional, resaltando la importancia de la transformaci\u00f3n digital y la adopci\u00f3n \u00e9tica de la Inteligencia Artificial (IA) en el sector el\u00e9ctrico. Casos de estudio muestran c\u00f3mo la tecnolog\u00eda de medici\u00f3n avanzada ha mejorado la eficiencia operativa y la gesti\u00f3n de la red el\u00e9ctrica, sirviendo como modelo para Colombia y fomentando la innovaci\u00f3n. Se realiza una comparaci\u00f3n de la gesti\u00f3n de datos entre diferentes pa\u00edses, destacando la diversidad de enfoques y tecnolog\u00edas adaptadas a regulaciones espec\u00edficas. Se identifican oportunidades de colaboraci\u00f3n internacional para fortalecer la gesti\u00f3n de datos en Colombia. De lo anterior, se identificaron 14 lecciones aprendidas y 13 mejores pr\u00e1cticas en la gesti\u00f3n de datos, enfoc\u00e1ndose en la importancia de la tecnolog\u00eda de medidores avanzados, la colaboraci\u00f3n entre partes interesadas y el cumplimiento de regulaciones. Casos espec\u00edficos ilustran los beneficios en eficiencia operativa y satisfacci\u00f3n del cliente, proporcionando elementos clave para una implementaci\u00f3n exitosa de iniciativas de gesti\u00f3n de datos en el sector el\u00e9ctrico.<\/p>\n<p>En la segunda secci\u00f3n, se describe el an\u00e1lisis de brechas en donde se identificaron 16 en \u00e1reas como la apropiaci\u00f3n tecnol\u00f3gica, la gesti\u00f3n regulatoria y empresarial, las cuales no solo afectan la eficiencia operativa y la sostenibilidad ambiental del sector energ\u00e9tico, sino que tambi\u00e9n plantean desaf\u00edos significativos en t\u00e9rminos de equidad y accesibilidad para los consumidores de energ\u00eda del pa\u00eds. La falta de regulaciones claras, la escasez de capacitaci\u00f3n en nuevas tecnolog\u00edas y la deficiencia en la protecci\u00f3n de datos personales representan barreras importantes que obstaculizan la plena participaci\u00f3n de todos los sectores de la sociedad en la transici\u00f3n energ\u00e9tica.<\/p>\n<p>Finalmente, en la secci\u00f3n de lineamientos estrat\u00e9gicos, se proponen 9 acciones a nivel de apropiaci\u00f3n tecnol\u00f3gica, gesti\u00f3n regulatoria y empresarial para garantizar una gesti\u00f3n eficiente de datos y avanzar hacia un sector interoperable, ciberseguro y resiliente. En primer lugar, establecer y difundir programas de formaci\u00f3n que incluya capacitaci\u00f3n accesible sobre tecnolog\u00edas de gesti\u00f3n de datos, fomentando la colaboraci\u00f3n entre diversas entidades para desarrollar soluciones interoperables y accesibles. Adem\u00e1s, es necesario apropiar un marco de est\u00e1ndares y m\u00e9tricas para evaluar el desempe\u00f1o en el proceso de gesti\u00f3n de datos y en los centros de datos energ\u00e9ticos, incluyendo evaluaciones de impacto ambiental y programas de seguimiento. Asimismo, se debe promover la investigaci\u00f3n de modelos de gesti\u00f3n de datos intuitivos y simplificados, facilitando el desarrollo de herramientas tecnol\u00f3gicas para el sector. Adem\u00e1s, realizar evaluaciones peri\u00f3dicas de regulaciones existentes y adaptarlas \u00e1gilmente a los avances tecnol\u00f3gicos con la implementaci\u00f3n de mecanismos de control y participaci\u00f3n p\u00fablica transparentes, as\u00ed como de pol\u00edticas de privacidad y protecci\u00f3n de datos faciliten la seguridad de la informaci\u00f3n y el acceso a los mismos. Fomentar la conciencia p\u00fablica sobre la importancia sobre el uso efectivo de tecnolog\u00edas como los medidores avanzados e impulsar el desarrollo tecnol\u00f3gico empresarial mediante inversiones en infraestructura y alianzas estrat\u00e9gicas que contribuyan a gestionar eficientemente grandes vol\u00famenes de datos en el sector energ\u00e9tico.<\/p>\n<div style=\"text-align:center\" class=\"yasr-auto-insert-visitor\"><\/div>","protected":false},"excerpt":{"rendered":"<p>Esquemas para la Gesti\u00f3n de Datos e Informaci\u00f3n &#8211; Lineamientos<\/p>","protected":false},"featured_media":48171,"comment_status":"open","ping_status":"closed","template":"","meta":{"yasr_overall_rating":0,"yasr_post_is_review":"","yasr_auto_insert_disabled":"","yasr_review_type":""},"product_cat":[31,29,34,30],"product_tag":[43],"class_list":["post-47817","product","type-product","status-publish","has-post-thumbnail","hentry","product_cat-arquitectura-tecnologica","product_cat-eficiencia-operacional-y-convergencia-tecnologica","product_cat-informacion-avanzada","product_cat-mejoramiento-de-la-calidad-del-servicio-al-usuario","product_tag-aplicaciones-escalables"],"yasr_visitor_votes":{"number_of_votes":0,"sum_votes":0,"stars_attributes":{"read_only":false,"span_bottom":false}},"yoast_head":"<!-- This site is optimized with the Yoast SEO plugin v27.3 - https:\/\/yoast.com\/product\/yoast-seo-wordpress\/ -->\n<title>Esquemas para la Gesti\u00f3n de Datos e Informaci\u00f3n - Lineamientos - Colombia Inteligente<\/title>\n<meta name=\"description\" content=\"Directrices y recomendaciones para la gesti\u00f3n eficiente de datos e informaci\u00f3n en el sector el\u00e9ctrico colombiano, abordando aspectos como la interoperabilidad de sistemas, la seguridad de datos y el cumplimiento normativo\" \/>\n<meta name=\"robots\" content=\"index, follow, max-snippet:-1, max-image-preview:large, max-video-preview:-1\" \/>\n<link rel=\"canonical\" href=\"https:\/\/colombiainteligente.org\/es_co\/product\/esquemas-para-la-gestion-de-datos-e-informacion-lineamientos\/\" \/>\n<meta property=\"og:locale\" content=\"es_ES\" \/>\n<meta property=\"og:type\" content=\"article\" \/>\n<meta property=\"og:title\" content=\"Esquemas para la Gesti\u00f3n de Datos e Informaci\u00f3n - Lineamientos - Colombia Inteligente\" \/>\n<meta property=\"og:description\" content=\"Directrices y recomendaciones para la gesti\u00f3n eficiente de datos e informaci\u00f3n en el sector el\u00e9ctrico colombiano, abordando aspectos como la interoperabilidad de sistemas, la seguridad de datos y el cumplimiento normativo\" \/>\n<meta property=\"og:url\" content=\"https:\/\/colombiainteligente.org\/es_co\/product\/esquemas-para-la-gestion-de-datos-e-informacion-lineamientos\/\" \/>\n<meta property=\"og:site_name\" content=\"Colombia Inteligente\" \/>\n<meta property=\"article:modified_time\" content=\"2024-12-16T17:59:26+00:00\" \/>\n<meta property=\"og:image\" content=\"https:\/\/colombiainteligente.org\/wp-content\/uploads\/2024\/09\/Esquemas-para-la-gestion-de-datos-e-informacion.png\" \/>\n\t<meta property=\"og:image:width\" content=\"455\" \/>\n\t<meta property=\"og:image:height\" content=\"580\" \/>\n\t<meta property=\"og:image:type\" content=\"image\/png\" \/>\n<meta name=\"twitter:card\" content=\"summary_large_image\" \/>\n<meta name=\"twitter:site\" content=\"@colombiaintelig\" \/>\n<meta name=\"twitter:label1\" content=\"Tiempo estimado de lectura\" \/>\n\t<meta name=\"twitter:data1\" content=\"4 minutes\" \/>\n<script type=\"application\/ld+json\" class=\"yoast-schema-graph\">{\"@context\":\"https:\\\/\\\/schema.org\",\"@graph\":[{\"@type\":\"WebPage\",\"@id\":\"https:\\\/\\\/colombiainteligente.org\\\/producto\\\/esquemas-para-la-gestion-de-datos-e-informacion-lineamientos\\\/\",\"url\":\"https:\\\/\\\/colombiainteligente.org\\\/producto\\\/esquemas-para-la-gestion-de-datos-e-informacion-lineamientos\\\/\",\"name\":\"Esquemas para la Gesti\u00f3n de Datos e Informaci\u00f3n - Lineamientos - Colombia Inteligente\",\"isPartOf\":{\"@id\":\"https:\\\/\\\/colombiainteligente.org\\\/#website\"},\"primaryImageOfPage\":{\"@id\":\"https:\\\/\\\/colombiainteligente.org\\\/producto\\\/esquemas-para-la-gestion-de-datos-e-informacion-lineamientos\\\/#primaryimage\"},\"image\":{\"@id\":\"https:\\\/\\\/colombiainteligente.org\\\/producto\\\/esquemas-para-la-gestion-de-datos-e-informacion-lineamientos\\\/#primaryimage\"},\"thumbnailUrl\":\"https:\\\/\\\/colombiainteligente.org\\\/wp-content\\\/uploads\\\/2024\\\/09\\\/Esquemas-para-la-gestion-de-datos-e-informacion.png\",\"datePublished\":\"2024-09-09T22:21:17+00:00\",\"dateModified\":\"2024-12-16T17:59:26+00:00\",\"description\":\"Directrices y recomendaciones para la gesti\u00f3n eficiente de datos e informaci\u00f3n en el sector el\u00e9ctrico colombiano, abordando aspectos como la interoperabilidad de sistemas, la seguridad de datos y el cumplimiento normativo\",\"breadcrumb\":{\"@id\":\"https:\\\/\\\/colombiainteligente.org\\\/producto\\\/esquemas-para-la-gestion-de-datos-e-informacion-lineamientos\\\/#breadcrumb\"},\"inLanguage\":\"es-CO\",\"potentialAction\":[{\"@type\":\"ReadAction\",\"target\":[\"https:\\\/\\\/colombiainteligente.org\\\/producto\\\/esquemas-para-la-gestion-de-datos-e-informacion-lineamientos\\\/\"]}]},{\"@type\":\"ImageObject\",\"inLanguage\":\"es-CO\",\"@id\":\"https:\\\/\\\/colombiainteligente.org\\\/producto\\\/esquemas-para-la-gestion-de-datos-e-informacion-lineamientos\\\/#primaryimage\",\"url\":\"https:\\\/\\\/colombiainteligente.org\\\/wp-content\\\/uploads\\\/2024\\\/09\\\/Esquemas-para-la-gestion-de-datos-e-informacion.png\",\"contentUrl\":\"https:\\\/\\\/colombiainteligente.org\\\/wp-content\\\/uploads\\\/2024\\\/09\\\/Esquemas-para-la-gestion-de-datos-e-informacion.png\",\"width\":455,\"height\":580},{\"@type\":\"BreadcrumbList\",\"@id\":\"https:\\\/\\\/colombiainteligente.org\\\/producto\\\/esquemas-para-la-gestion-de-datos-e-informacion-lineamientos\\\/#breadcrumb\",\"itemListElement\":[{\"@type\":\"ListItem\",\"position\":1,\"name\":\"Portada\",\"item\":\"https:\\\/\\\/colombiainteligente.org\\\/\"},{\"@type\":\"ListItem\",\"position\":2,\"name\":\"Tienda\",\"item\":\"https:\\\/\\\/colombiainteligente.org\\\/tienda\\\/\"},{\"@type\":\"ListItem\",\"position\":3,\"name\":\"Esquemas para la Gesti\u00f3n de Datos e Informaci\u00f3n &#8211; Lineamientos\"}]},{\"@type\":\"WebSite\",\"@id\":\"https:\\\/\\\/colombiainteligente.org\\\/#website\",\"url\":\"https:\\\/\\\/colombiainteligente.org\\\/\",\"name\":\"Colombia Inteligente\",\"description\":\"Alianza estrat\u00e9gica, conformada por empresas y entidades, para la inserci\u00f3n integral y eficiente de las redes inteligentes a la infraestructura del sector el\u00e9ctrico colombiano\",\"publisher\":{\"@id\":\"https:\\\/\\\/colombiainteligente.org\\\/#organization\"},\"potentialAction\":[{\"@type\":\"SearchAction\",\"target\":{\"@type\":\"EntryPoint\",\"urlTemplate\":\"https:\\\/\\\/colombiainteligente.org\\\/?s={search_term_string}\"},\"query-input\":{\"@type\":\"PropertyValueSpecification\",\"valueRequired\":true,\"valueName\":\"search_term_string\"}}],\"inLanguage\":\"es-CO\"},{\"@type\":\"Organization\",\"@id\":\"https:\\\/\\\/colombiainteligente.org\\\/#organization\",\"name\":\"Colombia Inteligente\",\"url\":\"https:\\\/\\\/colombiainteligente.org\\\/\",\"logo\":{\"@type\":\"ImageObject\",\"inLanguage\":\"es-CO\",\"@id\":\"https:\\\/\\\/colombiainteligente.org\\\/#\\\/schema\\\/logo\\\/image\\\/\",\"url\":\"https:\\\/\\\/colombiainteligente.org\\\/wp-content\\\/uploads\\\/2022\\\/07\\\/Image.png\",\"contentUrl\":\"https:\\\/\\\/colombiainteligente.org\\\/wp-content\\\/uploads\\\/2022\\\/07\\\/Image.png\",\"width\":588,\"height\":274,\"caption\":\"Colombia Inteligente\"},\"image\":{\"@id\":\"https:\\\/\\\/colombiainteligente.org\\\/#\\\/schema\\\/logo\\\/image\\\/\"},\"sameAs\":[\"https:\\\/\\\/x.com\\\/colombiaintelig\",\"https:\\\/\\\/www.linkedin.com\\\/company\\\/colombiainteligente\\\/\"]}]}<\/script>\n<!-- \/ Yoast SEO plugin. -->","yoast_head_json":{"title":"Esquemas para la Gesti\u00f3n de Datos e Informaci\u00f3n - Lineamientos - Colombia Inteligente","description":"Directrices y recomendaciones para la gesti\u00f3n eficiente de datos e informaci\u00f3n en el sector el\u00e9ctrico colombiano, abordando aspectos como la interoperabilidad de sistemas, la seguridad de datos y el cumplimiento normativo","robots":{"index":"index","follow":"follow","max-snippet":"max-snippet:-1","max-image-preview":"max-image-preview:large","max-video-preview":"max-video-preview:-1"},"canonical":"https:\/\/colombiainteligente.org\/es_co\/product\/esquemas-para-la-gestion-de-datos-e-informacion-lineamientos\/","og_locale":"es_ES","og_type":"article","og_title":"Esquemas para la Gesti\u00f3n de Datos e Informaci\u00f3n - Lineamientos - Colombia Inteligente","og_description":"Directrices y recomendaciones para la gesti\u00f3n eficiente de datos e informaci\u00f3n en el sector el\u00e9ctrico colombiano, abordando aspectos como la interoperabilidad de sistemas, la seguridad de datos y el cumplimiento normativo","og_url":"https:\/\/colombiainteligente.org\/es_co\/product\/esquemas-para-la-gestion-de-datos-e-informacion-lineamientos\/","og_site_name":"Colombia Inteligente","article_modified_time":"2024-12-16T17:59:26+00:00","og_image":[{"width":455,"height":580,"url":"https:\/\/colombiainteligente.org\/wp-content\/uploads\/2024\/09\/Esquemas-para-la-gestion-de-datos-e-informacion.png","type":"image\/png"}],"twitter_card":"summary_large_image","twitter_site":"@colombiaintelig","twitter_misc":{"Tiempo estimado de lectura":"4 minutes"},"schema":{"@context":"https:\/\/schema.org","@graph":[{"@type":"WebPage","@id":"https:\/\/colombiainteligente.org\/producto\/esquemas-para-la-gestion-de-datos-e-informacion-lineamientos\/","url":"https:\/\/colombiainteligente.org\/producto\/esquemas-para-la-gestion-de-datos-e-informacion-lineamientos\/","name":"Esquemas para la Gesti\u00f3n de Datos e Informaci\u00f3n - Lineamientos - Colombia Inteligente","isPartOf":{"@id":"https:\/\/colombiainteligente.org\/#website"},"primaryImageOfPage":{"@id":"https:\/\/colombiainteligente.org\/producto\/esquemas-para-la-gestion-de-datos-e-informacion-lineamientos\/#primaryimage"},"image":{"@id":"https:\/\/colombiainteligente.org\/producto\/esquemas-para-la-gestion-de-datos-e-informacion-lineamientos\/#primaryimage"},"thumbnailUrl":"https:\/\/colombiainteligente.org\/wp-content\/uploads\/2024\/09\/Esquemas-para-la-gestion-de-datos-e-informacion.png","datePublished":"2024-09-09T22:21:17+00:00","dateModified":"2024-12-16T17:59:26+00:00","description":"Directrices y recomendaciones para la gesti\u00f3n eficiente de datos e informaci\u00f3n en el sector el\u00e9ctrico colombiano, abordando aspectos como la interoperabilidad de sistemas, la seguridad de datos y el cumplimiento normativo","breadcrumb":{"@id":"https:\/\/colombiainteligente.org\/producto\/esquemas-para-la-gestion-de-datos-e-informacion-lineamientos\/#breadcrumb"},"inLanguage":"es-CO","potentialAction":[{"@type":"ReadAction","target":["https:\/\/colombiainteligente.org\/producto\/esquemas-para-la-gestion-de-datos-e-informacion-lineamientos\/"]}]},{"@type":"ImageObject","inLanguage":"es-CO","@id":"https:\/\/colombiainteligente.org\/producto\/esquemas-para-la-gestion-de-datos-e-informacion-lineamientos\/#primaryimage","url":"https:\/\/colombiainteligente.org\/wp-content\/uploads\/2024\/09\/Esquemas-para-la-gestion-de-datos-e-informacion.png","contentUrl":"https:\/\/colombiainteligente.org\/wp-content\/uploads\/2024\/09\/Esquemas-para-la-gestion-de-datos-e-informacion.png","width":455,"height":580},{"@type":"BreadcrumbList","@id":"https:\/\/colombiainteligente.org\/producto\/esquemas-para-la-gestion-de-datos-e-informacion-lineamientos\/#breadcrumb","itemListElement":[{"@type":"ListItem","position":1,"name":"Portada","item":"https:\/\/colombiainteligente.org\/"},{"@type":"ListItem","position":2,"name":"Tienda","item":"https:\/\/colombiainteligente.org\/tienda\/"},{"@type":"ListItem","position":3,"name":"Esquemas para la Gesti\u00f3n de Datos e Informaci\u00f3n &#8211; Lineamientos"}]},{"@type":"WebSite","@id":"https:\/\/colombiainteligente.org\/#website","url":"https:\/\/colombiainteligente.org\/","name":"Colombia Inteligente","description":"Alianza estrat\u00e9gica, conformada por empresas y entidades, para la inserci\u00f3n integral y eficiente de las redes inteligentes a la infraestructura del sector el\u00e9ctrico colombiano","publisher":{"@id":"https:\/\/colombiainteligente.org\/#organization"},"potentialAction":[{"@type":"SearchAction","target":{"@type":"EntryPoint","urlTemplate":"https:\/\/colombiainteligente.org\/?s={search_term_string}"},"query-input":{"@type":"PropertyValueSpecification","valueRequired":true,"valueName":"search_term_string"}}],"inLanguage":"es-CO"},{"@type":"Organization","@id":"https:\/\/colombiainteligente.org\/#organization","name":"Colombia Inteligente","url":"https:\/\/colombiainteligente.org\/","logo":{"@type":"ImageObject","inLanguage":"es-CO","@id":"https:\/\/colombiainteligente.org\/#\/schema\/logo\/image\/","url":"https:\/\/colombiainteligente.org\/wp-content\/uploads\/2022\/07\/Image.png","contentUrl":"https:\/\/colombiainteligente.org\/wp-content\/uploads\/2022\/07\/Image.png","width":588,"height":274,"caption":"Colombia Inteligente"},"image":{"@id":"https:\/\/colombiainteligente.org\/#\/schema\/logo\/image\/"},"sameAs":["https:\/\/x.com\/colombiaintelig","https:\/\/www.linkedin.com\/company\/colombiainteligente\/"]}]}},"_links":{"self":[{"href":"https:\/\/colombiainteligente.org\/es_co\/wp-json\/wp\/v2\/product\/47817","targetHints":{"allow":["GET"]}}],"collection":[{"href":"https:\/\/colombiainteligente.org\/es_co\/wp-json\/wp\/v2\/product"}],"about":[{"href":"https:\/\/colombiainteligente.org\/es_co\/wp-json\/wp\/v2\/types\/product"}],"replies":[{"embeddable":true,"href":"https:\/\/colombiainteligente.org\/es_co\/wp-json\/wp\/v2\/comments?post=47817"}],"wp:featuredmedia":[{"embeddable":true,"href":"https:\/\/colombiainteligente.org\/es_co\/wp-json\/wp\/v2\/media\/48171"}],"wp:attachment":[{"href":"https:\/\/colombiainteligente.org\/es_co\/wp-json\/wp\/v2\/media?parent=47817"}],"wp:term":[{"taxonomy":"product_cat","embeddable":true,"href":"https:\/\/colombiainteligente.org\/es_co\/wp-json\/wp\/v2\/product_cat?post=47817"},{"taxonomy":"product_tag","embeddable":true,"href":"https:\/\/colombiainteligente.org\/es_co\/wp-json\/wp\/v2\/product_tag?post=47817"}],"curies":[{"name":"wp","href":"https:\/\/api.w.org\/{rel}","templated":true}]}}