{"id":48622,"date":"2024-09-30T14:00:04","date_gmt":"2024-09-30T19:00:04","guid":{"rendered":"https:\/\/colombiainteligente.org\/?post_type=product&#038;p=48622"},"modified":"2024-12-16T12:37:35","modified_gmt":"2024-12-16T17:37:35","slug":"tecnologias-para-la-mejora-de-la-red-grid-enhancing-technologies-get-referenciamiento","status":"publish","type":"product","link":"https:\/\/colombiainteligente.org\/es_co\/product\/tecnologias-para-la-mejora-de-la-red-grid-enhancing-technologies-get-referenciamiento\/","title":{"rendered":"Tecnolog\u00edas para la mejora de la red Grid-Enhancing Technologies &#8211; GET Referenciamiento"},"content":{"rendered":"<p>El objetivo de este documento es ofrecer una visi\u00f3n sobre las Tecnolog\u00edas de Mejora de la Red (GETs) y su impacto en el sector el\u00e9ctrico, proporcionando un an\u00e1lisis detallado de estrategias, pol\u00edticas y experiencias internacionales y nacionales. A trav\u00e9s de esta revisi\u00f3n, se busca destacar tanto los beneficios como los desaf\u00edos inherentes al proceso de transformaci\u00f3n tecnol\u00f3gica de la infraestructura el\u00e9ctrica mediante la implementaci\u00f3n de GETs. Estas tecnolog\u00edas emergentes tienen el potencial de optimizar la capacidad de transmisi\u00f3n, integrar energ\u00edas renovables y mejorar la eficiencia operativa de las redes el\u00e9ctricas.<br \/>\nEl documento est\u00e1 estructurado en 4 cap\u00edtulos. El primer cap\u00edtulo ofrece una conceptualizaci\u00f3n detallada de la definici\u00f3n del concepto de GETs por diferentes entidades alrededor del mundo y proporciona una base te\u00f3rica s\u00f3lida sobre las tecnolog\u00edas de mejora de la red como, Calificaci\u00f3n Din\u00e1mica de la Capacidad de la L\u00ednea (DLR), Optimizaci\u00f3n de la topolog\u00eda, Control avanzado del flujo de potencia, Almacenamiento de energ\u00eda, Transformadores flexibles avanzados, Redes de corriente continua de alto voltaje (HVDC), Plantas de energ\u00eda virtuales (VPP), L\u00edneas de energ\u00eda virtuales (VPL), Gemelos digitales, Conductores y superconductores avanzados y Medici\u00f3n de la inercia de la red. En el segundo cap\u00edtulo, se realiza un an\u00e1lisis internacional de los mecanismos existentes para la implementaci\u00f3n de GETs. Se destaca Estados Unidos con las \u00d3rdenes 841, 881,1000, 2023 y 1920, la propuesta de la WATT Coalition, la Ley S.3918, la Ley de Infraestructura Bipartidista (IIJA) y la Ley de Reducci\u00f3n de la Inflaci\u00f3n (IRA), y las naciones europeas, categorizando las Tecnolog\u00edas de red innovadoras IGTS por su grado de madurez, con la Inclusi\u00f3n de tecnolog\u00edas \u201cInnovadoras\u201d en los Planes Energ\u00e9ticos y el principio NOVA, estos territorios se destacan, dado que han desarrollado y gestionado regulaciones e incentivos para fomentar la adopci\u00f3n de estas tecnolog\u00edas y a pesar de sus avances significativos, estos territorios tambi\u00e9n han enfrentado una serie de barreras, como desaf\u00edos regulatorios y problemas de integraci\u00f3n tecnol\u00f3gica, Falta de Incentivos para Soluciones No CAPEX Intensivas, Insuficientes incentivos a la actividad y la innovaci\u00f3n, Doctrina de inversi\u00f3n de los operadores de red, Riesgo de \u201cmuerte\u201d por el alcance del piloto debido a la aversi\u00f3n al riesgo T\/DSO, Elegibilidad de los IGT en la lista de tecnolog\u00edas apoyadas por esquemas de financiaci\u00f3n. El tercer cap\u00edtulo del documento examina 18 casos de estudio internacionales que demuestran la adopci\u00f3n de Tecnolog\u00edas de Mejora de la Red (GETs), estos casos ilustran c\u00f3mo la implementaci\u00f3n de GETs ha permitido a diversas regiones optimizar la eficiencia de sus redes el\u00e9ctricas, reducir costos operativos y fomentar la integraci\u00f3n de energ\u00edas renovables. Los estudios se dividen en 2 grupos: los primeros 12 casos se enfocan en la aplicaci\u00f3n de una sola tecnolog\u00eda, mientras que los \u00faltimos 6 casos (casos 13-18) destacan la implementaci\u00f3n combinada de m\u00faltiples tecnolog\u00edas, de igual forma se abordan las lecciones aprendidas y mejores pr\u00e1cticas extra\u00eddas de estos casos, que subrayan la necesidad de integrar las GETs en la planificaci\u00f3n de la infraestructura desde etapas tempranas, utilizando simulaciones horarias detalladas que permitan evaluar con precisi\u00f3n su impacto. La combinaci\u00f3n de datos meteorol\u00f3gicos y de monitorizaci\u00f3n en tiempo real es clave para maximizar la eficiencia de la red, facilitando una mayor integraci\u00f3n de energ\u00edas renovables sin necesidad de grandes actualizaciones en la infraestructura existente. Adem\u00e1s, la comparaci\u00f3n de costos resalta que las GETs no solo son econ\u00f3micamente viables, sino que tambi\u00e9n ofrecen beneficios significativos tanto a nivel ambiental como econ\u00f3mico. La colaboraci\u00f3n entre operadores de redes, reguladores y comunidades locales, junto con la validaci\u00f3n de tecnolog\u00edas a trav\u00e9s de proyectos piloto y un enfoque adaptable, son fundamentales para asegurar el \u00e9xito de estas tecnolog\u00edas a largo plazo.<br \/>\nFinalmente, en el cuarto cap\u00edtulo, se exploran los avances realizados en Colombia en el \u00e1mbito de las GETs, con un enfoque en la participaci\u00f3n de compa\u00f1\u00edas clave con los proyectos, EPM \u2013 SmartValves &#8211; Antioquia (2020), Enlaza -SmartValves -Cartagena (2022), ISA Transelca -SmartValve &#8211; L\u00edneas Ternera \u2013 Termocandelaria 1 y 2 (2023), ISA Transelca, SmartValve- l\u00edneas 824, 825, 801, 802 y 836 (2024) y Enel 4 l\u00edneas de 115 kV de 800 a 1.200 amperios (2024). En Colombia, aunque no se identificaron publicaciones acad\u00e9micas espec\u00edficas bajo el concepto GET, en actividades del CIGRE se identificaron experiencias en la implementaci\u00f3n de tecnolog\u00edas de control de flujo de potencia (EPM, ISA Intercolombia, ISA Transelca).<\/p>\n<div style=\"text-align:center\" class=\"yasr-auto-insert-visitor\"><\/div>","protected":false},"excerpt":{"rendered":"<p>Tecnolog\u00edas para la mejora de la red Grid-Enhancing Technologies &#8211; GET Referenciamiento<\/p>","protected":false},"featured_media":48624,"comment_status":"open","ping_status":"closed","template":"","meta":{"yasr_overall_rating":0,"yasr_post_is_review":"","yasr_auto_insert_disabled":"","yasr_review_type":""},"product_cat":[29,37,36],"product_tag":[25],"class_list":["post-48622","product","type-product","status-publish","has-post-thumbnail","hentry","product_cat-eficiencia-operacional-y-convergencia-tecnologica","product_cat-operacion-flexible","product_cat-red-flexible-automatizada-y-digital","product_tag-aplicaciones-focales"],"yasr_visitor_votes":{"number_of_votes":0,"sum_votes":0,"stars_attributes":{"read_only":false,"span_bottom":false}},"yoast_head":"<!-- This site is optimized with the Yoast SEO plugin v27.3 - https:\/\/yoast.com\/product\/yoast-seo-wordpress\/ -->\n<title>Tecnolog\u00edas para la mejora de la red Grid-Enhancing Technologies - GET Referenciamiento - Colombia Inteligente<\/title>\n<meta name=\"description\" content=\"El documento analiza las GETs, destacando su impacto en redes el\u00e9ctricas, casos internacionales, mejores pr\u00e1cticas y avances en Colombia, promoviendo eficiencia, integraci\u00f3n renovable y sostenibilidad.\" \/>\n<meta name=\"robots\" content=\"index, follow, max-snippet:-1, max-image-preview:large, max-video-preview:-1\" \/>\n<link rel=\"canonical\" href=\"https:\/\/colombiainteligente.org\/es_co\/product\/tecnologias-para-la-mejora-de-la-red-grid-enhancing-technologies-get-referenciamiento\/\" \/>\n<meta property=\"og:locale\" content=\"es_ES\" \/>\n<meta property=\"og:type\" content=\"article\" \/>\n<meta property=\"og:title\" content=\"Tecnolog\u00edas para la mejora de la red Grid-Enhancing Technologies - GET Referenciamiento - Colombia Inteligente\" \/>\n<meta property=\"og:description\" content=\"El documento analiza las GETs, destacando su impacto en redes el\u00e9ctricas, casos internacionales, mejores pr\u00e1cticas y avances en Colombia, promoviendo eficiencia, integraci\u00f3n renovable y sostenibilidad.\" \/>\n<meta property=\"og:url\" content=\"https:\/\/colombiainteligente.org\/es_co\/product\/tecnologias-para-la-mejora-de-la-red-grid-enhancing-technologies-get-referenciamiento\/\" \/>\n<meta property=\"og:site_name\" content=\"Colombia Inteligente\" \/>\n<meta property=\"article:modified_time\" content=\"2024-12-16T17:37:35+00:00\" \/>\n<meta property=\"og:image\" content=\"https:\/\/colombiainteligente.org\/wp-content\/uploads\/2024\/09\/Tecnologias-para-la-mejora-de-la-red-Grid-Enhancing-Technologies-GET-Referenciamiento.png\" \/>\n\t<meta property=\"og:image:width\" content=\"453\" \/>\n\t<meta property=\"og:image:height\" content=\"588\" \/>\n\t<meta property=\"og:image:type\" content=\"image\/png\" \/>\n<meta name=\"twitter:card\" content=\"summary_large_image\" \/>\n<meta name=\"twitter:site\" content=\"@colombiaintelig\" \/>\n<meta name=\"twitter:label1\" content=\"Tiempo estimado de lectura\" \/>\n\t<meta name=\"twitter:data1\" content=\"4 minutes\" \/>\n<script type=\"application\/ld+json\" class=\"yoast-schema-graph\">{\"@context\":\"https:\\\/\\\/schema.org\",\"@graph\":[{\"@type\":\"WebPage\",\"@id\":\"https:\\\/\\\/colombiainteligente.org\\\/producto\\\/tecnologias-para-la-mejora-de-la-red-grid-enhancing-technologies-get-referenciamiento\\\/\",\"url\":\"https:\\\/\\\/colombiainteligente.org\\\/producto\\\/tecnologias-para-la-mejora-de-la-red-grid-enhancing-technologies-get-referenciamiento\\\/\",\"name\":\"Tecnolog\u00edas para la mejora de la red Grid-Enhancing Technologies - GET Referenciamiento - Colombia Inteligente\",\"isPartOf\":{\"@id\":\"https:\\\/\\\/colombiainteligente.org\\\/#website\"},\"primaryImageOfPage\":{\"@id\":\"https:\\\/\\\/colombiainteligente.org\\\/producto\\\/tecnologias-para-la-mejora-de-la-red-grid-enhancing-technologies-get-referenciamiento\\\/#primaryimage\"},\"image\":{\"@id\":\"https:\\\/\\\/colombiainteligente.org\\\/producto\\\/tecnologias-para-la-mejora-de-la-red-grid-enhancing-technologies-get-referenciamiento\\\/#primaryimage\"},\"thumbnailUrl\":\"https:\\\/\\\/colombiainteligente.org\\\/wp-content\\\/uploads\\\/2024\\\/09\\\/Tecnologias-para-la-mejora-de-la-red-Grid-Enhancing-Technologies-GET-Referenciamiento.png\",\"datePublished\":\"2024-09-30T19:00:04+00:00\",\"dateModified\":\"2024-12-16T17:37:35+00:00\",\"description\":\"El documento analiza las GETs, destacando su impacto en redes el\u00e9ctricas, casos internacionales, mejores pr\u00e1cticas y avances en Colombia, promoviendo eficiencia, integraci\u00f3n renovable y sostenibilidad.\",\"breadcrumb\":{\"@id\":\"https:\\\/\\\/colombiainteligente.org\\\/producto\\\/tecnologias-para-la-mejora-de-la-red-grid-enhancing-technologies-get-referenciamiento\\\/#breadcrumb\"},\"inLanguage\":\"es-CO\",\"potentialAction\":[{\"@type\":\"ReadAction\",\"target\":[\"https:\\\/\\\/colombiainteligente.org\\\/producto\\\/tecnologias-para-la-mejora-de-la-red-grid-enhancing-technologies-get-referenciamiento\\\/\"]}]},{\"@type\":\"ImageObject\",\"inLanguage\":\"es-CO\",\"@id\":\"https:\\\/\\\/colombiainteligente.org\\\/producto\\\/tecnologias-para-la-mejora-de-la-red-grid-enhancing-technologies-get-referenciamiento\\\/#primaryimage\",\"url\":\"https:\\\/\\\/colombiainteligente.org\\\/wp-content\\\/uploads\\\/2024\\\/09\\\/Tecnologias-para-la-mejora-de-la-red-Grid-Enhancing-Technologies-GET-Referenciamiento.png\",\"contentUrl\":\"https:\\\/\\\/colombiainteligente.org\\\/wp-content\\\/uploads\\\/2024\\\/09\\\/Tecnologias-para-la-mejora-de-la-red-Grid-Enhancing-Technologies-GET-Referenciamiento.png\",\"width\":453,\"height\":588},{\"@type\":\"BreadcrumbList\",\"@id\":\"https:\\\/\\\/colombiainteligente.org\\\/producto\\\/tecnologias-para-la-mejora-de-la-red-grid-enhancing-technologies-get-referenciamiento\\\/#breadcrumb\",\"itemListElement\":[{\"@type\":\"ListItem\",\"position\":1,\"name\":\"Portada\",\"item\":\"https:\\\/\\\/colombiainteligente.org\\\/\"},{\"@type\":\"ListItem\",\"position\":2,\"name\":\"Tienda\",\"item\":\"https:\\\/\\\/colombiainteligente.org\\\/tienda\\\/\"},{\"@type\":\"ListItem\",\"position\":3,\"name\":\"Tecnolog\u00edas para la mejora de la red Grid-Enhancing Technologies &#8211; GET Referenciamiento\"}]},{\"@type\":\"WebSite\",\"@id\":\"https:\\\/\\\/colombiainteligente.org\\\/#website\",\"url\":\"https:\\\/\\\/colombiainteligente.org\\\/\",\"name\":\"Colombia Inteligente\",\"description\":\"Alianza estrat\u00e9gica, conformada por empresas y entidades, para la inserci\u00f3n integral y eficiente de las redes inteligentes a la infraestructura del sector el\u00e9ctrico colombiano\",\"publisher\":{\"@id\":\"https:\\\/\\\/colombiainteligente.org\\\/#organization\"},\"potentialAction\":[{\"@type\":\"SearchAction\",\"target\":{\"@type\":\"EntryPoint\",\"urlTemplate\":\"https:\\\/\\\/colombiainteligente.org\\\/?s={search_term_string}\"},\"query-input\":{\"@type\":\"PropertyValueSpecification\",\"valueRequired\":true,\"valueName\":\"search_term_string\"}}],\"inLanguage\":\"es-CO\"},{\"@type\":\"Organization\",\"@id\":\"https:\\\/\\\/colombiainteligente.org\\\/#organization\",\"name\":\"Colombia Inteligente\",\"url\":\"https:\\\/\\\/colombiainteligente.org\\\/\",\"logo\":{\"@type\":\"ImageObject\",\"inLanguage\":\"es-CO\",\"@id\":\"https:\\\/\\\/colombiainteligente.org\\\/#\\\/schema\\\/logo\\\/image\\\/\",\"url\":\"https:\\\/\\\/colombiainteligente.org\\\/wp-content\\\/uploads\\\/2022\\\/07\\\/Image.png\",\"contentUrl\":\"https:\\\/\\\/colombiainteligente.org\\\/wp-content\\\/uploads\\\/2022\\\/07\\\/Image.png\",\"width\":588,\"height\":274,\"caption\":\"Colombia Inteligente\"},\"image\":{\"@id\":\"https:\\\/\\\/colombiainteligente.org\\\/#\\\/schema\\\/logo\\\/image\\\/\"},\"sameAs\":[\"https:\\\/\\\/x.com\\\/colombiaintelig\",\"https:\\\/\\\/www.linkedin.com\\\/company\\\/colombiainteligente\\\/\"]}]}<\/script>\n<!-- \/ Yoast SEO plugin. -->","yoast_head_json":{"title":"Tecnolog\u00edas para la mejora de la red Grid-Enhancing Technologies - GET Referenciamiento - Colombia Inteligente","description":"El documento analiza las GETs, destacando su impacto en redes el\u00e9ctricas, casos internacionales, mejores pr\u00e1cticas y avances en Colombia, promoviendo eficiencia, integraci\u00f3n renovable y sostenibilidad.","robots":{"index":"index","follow":"follow","max-snippet":"max-snippet:-1","max-image-preview":"max-image-preview:large","max-video-preview":"max-video-preview:-1"},"canonical":"https:\/\/colombiainteligente.org\/es_co\/product\/tecnologias-para-la-mejora-de-la-red-grid-enhancing-technologies-get-referenciamiento\/","og_locale":"es_ES","og_type":"article","og_title":"Tecnolog\u00edas para la mejora de la red Grid-Enhancing Technologies - GET Referenciamiento - Colombia Inteligente","og_description":"El documento analiza las GETs, destacando su impacto en redes el\u00e9ctricas, casos internacionales, mejores pr\u00e1cticas y avances en Colombia, promoviendo eficiencia, integraci\u00f3n renovable y sostenibilidad.","og_url":"https:\/\/colombiainteligente.org\/es_co\/product\/tecnologias-para-la-mejora-de-la-red-grid-enhancing-technologies-get-referenciamiento\/","og_site_name":"Colombia Inteligente","article_modified_time":"2024-12-16T17:37:35+00:00","og_image":[{"width":453,"height":588,"url":"https:\/\/colombiainteligente.org\/wp-content\/uploads\/2024\/09\/Tecnologias-para-la-mejora-de-la-red-Grid-Enhancing-Technologies-GET-Referenciamiento.png","type":"image\/png"}],"twitter_card":"summary_large_image","twitter_site":"@colombiaintelig","twitter_misc":{"Tiempo estimado de lectura":"4 minutes"},"schema":{"@context":"https:\/\/schema.org","@graph":[{"@type":"WebPage","@id":"https:\/\/colombiainteligente.org\/producto\/tecnologias-para-la-mejora-de-la-red-grid-enhancing-technologies-get-referenciamiento\/","url":"https:\/\/colombiainteligente.org\/producto\/tecnologias-para-la-mejora-de-la-red-grid-enhancing-technologies-get-referenciamiento\/","name":"Tecnolog\u00edas para la mejora de la red Grid-Enhancing Technologies - GET Referenciamiento - Colombia Inteligente","isPartOf":{"@id":"https:\/\/colombiainteligente.org\/#website"},"primaryImageOfPage":{"@id":"https:\/\/colombiainteligente.org\/producto\/tecnologias-para-la-mejora-de-la-red-grid-enhancing-technologies-get-referenciamiento\/#primaryimage"},"image":{"@id":"https:\/\/colombiainteligente.org\/producto\/tecnologias-para-la-mejora-de-la-red-grid-enhancing-technologies-get-referenciamiento\/#primaryimage"},"thumbnailUrl":"https:\/\/colombiainteligente.org\/wp-content\/uploads\/2024\/09\/Tecnologias-para-la-mejora-de-la-red-Grid-Enhancing-Technologies-GET-Referenciamiento.png","datePublished":"2024-09-30T19:00:04+00:00","dateModified":"2024-12-16T17:37:35+00:00","description":"El documento analiza las GETs, destacando su impacto en redes el\u00e9ctricas, casos internacionales, mejores pr\u00e1cticas y avances en Colombia, promoviendo eficiencia, integraci\u00f3n renovable y sostenibilidad.","breadcrumb":{"@id":"https:\/\/colombiainteligente.org\/producto\/tecnologias-para-la-mejora-de-la-red-grid-enhancing-technologies-get-referenciamiento\/#breadcrumb"},"inLanguage":"es-CO","potentialAction":[{"@type":"ReadAction","target":["https:\/\/colombiainteligente.org\/producto\/tecnologias-para-la-mejora-de-la-red-grid-enhancing-technologies-get-referenciamiento\/"]}]},{"@type":"ImageObject","inLanguage":"es-CO","@id":"https:\/\/colombiainteligente.org\/producto\/tecnologias-para-la-mejora-de-la-red-grid-enhancing-technologies-get-referenciamiento\/#primaryimage","url":"https:\/\/colombiainteligente.org\/wp-content\/uploads\/2024\/09\/Tecnologias-para-la-mejora-de-la-red-Grid-Enhancing-Technologies-GET-Referenciamiento.png","contentUrl":"https:\/\/colombiainteligente.org\/wp-content\/uploads\/2024\/09\/Tecnologias-para-la-mejora-de-la-red-Grid-Enhancing-Technologies-GET-Referenciamiento.png","width":453,"height":588},{"@type":"BreadcrumbList","@id":"https:\/\/colombiainteligente.org\/producto\/tecnologias-para-la-mejora-de-la-red-grid-enhancing-technologies-get-referenciamiento\/#breadcrumb","itemListElement":[{"@type":"ListItem","position":1,"name":"Portada","item":"https:\/\/colombiainteligente.org\/"},{"@type":"ListItem","position":2,"name":"Tienda","item":"https:\/\/colombiainteligente.org\/tienda\/"},{"@type":"ListItem","position":3,"name":"Tecnolog\u00edas para la mejora de la red Grid-Enhancing Technologies &#8211; GET Referenciamiento"}]},{"@type":"WebSite","@id":"https:\/\/colombiainteligente.org\/#website","url":"https:\/\/colombiainteligente.org\/","name":"Colombia Inteligente","description":"Alianza estrat\u00e9gica, conformada por empresas y entidades, para la inserci\u00f3n integral y eficiente de las redes inteligentes a la infraestructura del sector el\u00e9ctrico colombiano","publisher":{"@id":"https:\/\/colombiainteligente.org\/#organization"},"potentialAction":[{"@type":"SearchAction","target":{"@type":"EntryPoint","urlTemplate":"https:\/\/colombiainteligente.org\/?s={search_term_string}"},"query-input":{"@type":"PropertyValueSpecification","valueRequired":true,"valueName":"search_term_string"}}],"inLanguage":"es-CO"},{"@type":"Organization","@id":"https:\/\/colombiainteligente.org\/#organization","name":"Colombia Inteligente","url":"https:\/\/colombiainteligente.org\/","logo":{"@type":"ImageObject","inLanguage":"es-CO","@id":"https:\/\/colombiainteligente.org\/#\/schema\/logo\/image\/","url":"https:\/\/colombiainteligente.org\/wp-content\/uploads\/2022\/07\/Image.png","contentUrl":"https:\/\/colombiainteligente.org\/wp-content\/uploads\/2022\/07\/Image.png","width":588,"height":274,"caption":"Colombia Inteligente"},"image":{"@id":"https:\/\/colombiainteligente.org\/#\/schema\/logo\/image\/"},"sameAs":["https:\/\/x.com\/colombiaintelig","https:\/\/www.linkedin.com\/company\/colombiainteligente\/"]}]}},"_links":{"self":[{"href":"https:\/\/colombiainteligente.org\/es_co\/wp-json\/wp\/v2\/product\/48622","targetHints":{"allow":["GET"]}}],"collection":[{"href":"https:\/\/colombiainteligente.org\/es_co\/wp-json\/wp\/v2\/product"}],"about":[{"href":"https:\/\/colombiainteligente.org\/es_co\/wp-json\/wp\/v2\/types\/product"}],"replies":[{"embeddable":true,"href":"https:\/\/colombiainteligente.org\/es_co\/wp-json\/wp\/v2\/comments?post=48622"}],"wp:featuredmedia":[{"embeddable":true,"href":"https:\/\/colombiainteligente.org\/es_co\/wp-json\/wp\/v2\/media\/48624"}],"wp:attachment":[{"href":"https:\/\/colombiainteligente.org\/es_co\/wp-json\/wp\/v2\/media?parent=48622"}],"wp:term":[{"taxonomy":"product_cat","embeddable":true,"href":"https:\/\/colombiainteligente.org\/es_co\/wp-json\/wp\/v2\/product_cat?post=48622"},{"taxonomy":"product_tag","embeddable":true,"href":"https:\/\/colombiainteligente.org\/es_co\/wp-json\/wp\/v2\/product_tag?post=48622"}],"curies":[{"name":"wp","href":"https:\/\/api.w.org\/{rel}","templated":true}]}}