{"id":51265,"date":"2024-12-16T12:20:07","date_gmt":"2024-12-16T17:20:07","guid":{"rendered":"https:\/\/colombiainteligente.org\/?post_type=product&#038;p=51265"},"modified":"2024-12-16T12:34:55","modified_gmt":"2024-12-16T17:34:55","slug":"tecnologias-para-la-mejora-de-la-red-grid-enhancing-technologies-get-lineamientos","status":"publish","type":"product","link":"https:\/\/colombiainteligente.org\/es_co\/product\/tecnologias-para-la-mejora-de-la-red-grid-enhancing-technologies-get-lineamientos\/","title":{"rendered":"Tecnolog\u00edas para la mejora de la red Grid-Enhancing Technologies &#8211; GET Lineamientos"},"content":{"rendered":"<p>El objetivo de este documento es ofrecer una visi\u00f3n integral sobre las Tecnolog\u00edas de Mejora de la Red (GETs) y su impacto en el sector el\u00e9ctrico, enfoc\u00e1ndose principalmente en los lineamientos que surgen de las brechas existentes para su adopci\u00f3n. A trav\u00e9s de un an\u00e1lisis de estrategias, pol\u00edticas y experiencias tanto internacionales como nacionales<a href=\"#_ftn1\" name=\"_ftnref1\">[1]<\/a>, se destacan los beneficios y desaf\u00edos inherentes al proceso de transformaci\u00f3n tecnol\u00f3gica de la infraestructura el\u00e9ctrica.<\/p>\n<p>El documento se estructura en tres cap\u00edtulos. El primer cap\u00edtulo se centra en la conceptualizaci\u00f3n de las GETs (realizado con base en el referenciamiento), estableciendo una base te\u00f3rica que abarca tecnolog\u00edas como la Calificaci\u00f3n Din\u00e1mica de la Capacidad de la L\u00ednea (DLR), la optimizaci\u00f3n de la topolog\u00eda y el almacenamiento de energ\u00eda como activo de red, entre otras. A su vez, se realiza un an\u00e1lisis internacional de los mecanismos para la implementaci\u00f3n de GETs, resaltando las regulaciones y desaf\u00edos en Estados Unidos y Europa. A pesar de sus significativos avances, estos territorios enfrentan barreras regulatorias y problemas de integraci\u00f3n tecnol\u00f3gica que limitan el progreso. Adem\u00e1s, se presentan 18 casos de estudio internacionales que ilustran c\u00f3mo la adopci\u00f3n de GETs ha permitido optimizar la eficiencia de las redes el\u00e9ctricas y reducir costos operativos. Se describen las lecciones aprendidas y las mejores pr\u00e1cticas extra\u00eddas de los casos internacionales analizados. Se enfatiza la importancia de integrar las GETs en la planificaci\u00f3n de infraestructuras desde etapas tempranas, utilizando datos meteorol\u00f3gicos y de monitorizaci\u00f3n en tiempo real para maximizar la eficiencia de la red y facilitar la integraci\u00f3n de energ\u00edas renovables. Al final del cap\u00edtulo, se examinan los avances realizados en Colombia en el \u00e1mbito de las GETs, centr\u00e1ndose en proyectos implementados por empresas del sector.<\/p>\n<p>En el segundo cap\u00edtulo se identifican 14 brechas que enfrenta Colombia, en los \u00e1mbitos de apropiaci\u00f3n tecnol\u00f3gica, gesti\u00f3n reglamentaria y empresarial. A nivel tecnol\u00f3gico, se identifica la falta de infraestructura para integrar datos en tiempo real y de tecnolog\u00edas de almacenamiento limita la gesti\u00f3n eficiente de la red y la integraci\u00f3n de las energ\u00edas variables, afectando la estabilidad y sostenibilidad de la red. En el aspecto reglamentario, las normativas actuales son r\u00edgidas, dificultando la incorporaci\u00f3n de soluciones avanzadas y la adaptaci\u00f3n \u00e1gil de tecnolog\u00edas para la flexibilidad de la red. Desde el \u00e1mbito empresarial, restricciones para \u00a0la planificaci\u00f3n estrat\u00e9gica a largo plazo y la baja capacitaci\u00f3n t\u00e9cnica del personal dificultan la adopci\u00f3n y el mantenimiento de estas tecnolog\u00edas. Adem\u00e1s, la falta de herramientas o m\u00e9todos comparables para evaluar el retorno de inversi\u00f3n genera incertidumbre, obstaculizando decisiones estrat\u00e9gicas de inversi\u00f3n. Superar estas barreras es esencial para alcanzar una red el\u00e9ctrica resiliente, eficiente y alineada con los retos de sostenibilidad del pa\u00eds.<\/p>\n<p>Finalmente, el tercer cap\u00edtulo propone 10 lineamientos estrat\u00e9gicos para abordar las brechas, se recomienda crear proyectos piloto modulares y opciones de financiamiento flexible para fomentar el crecimiento gradual de la infraestructura GET, mejorando as\u00ed la capacidad de transporte y estabilidad de la red con tecnolog\u00edas avanzadas y resilientes. Asimismo, establecer marcos regulatorios adaptativos que incentiven el uso de tecnolog\u00edas flexibles para mitigar limitaciones en la integraci\u00f3n de energ\u00edas renovables. A su vez, una pol\u00edtica p\u00fablica integral que elimine barreras y favorezca la inversi\u00f3n ser\u00e1 crucial para lograr un sistema el\u00e9ctrico moderno y sostenible. Para lograr una mejor respuesta a cambios ambientales y clim\u00e1ticos, se requiere ajustar los procesos de operaci\u00f3n a nivel local y planificar la infraestructura a largo plazo mediante colaboraci\u00f3n entre los diferentes actores de inter\u00e9s. La capacitaci\u00f3n continua del personal y la participaci\u00f3n de actores en mesas de di\u00e1logo fortalecer\u00e1n la toma de decisiones informadas. Finalmente, estas acciones buscan maximizar el uso de la infraestructura existente, facilitar la innovaci\u00f3n y asegurar la sostenibilidad del sistema el\u00e9ctrico en Colombia<\/p>\n<p><a href=\"#_ftnref1\" name=\"_ftn1\">[1]<\/a> Para mas informaci\u00f3n revisar el documento Colombia Inteligente (2024). Tecnolog\u00edas para la mejora de la red \u2013 Referenciamiento, GTC Flexibilidad de la Red. <a href=\"https:\/\/colombiainteligente.org\/tienda\/\">https:\/\/colombiainteligente.org\/tienda\/<\/a><\/p>\n<div style=\"text-align:center\" class=\"yasr-auto-insert-visitor\"><\/div>","protected":false},"excerpt":{"rendered":"<p>Tecnolog\u00edas para la mejora de la red Grid-Enhancing Technologies &#8211; GET Lineamientos<\/p>","protected":false},"featured_media":51267,"comment_status":"open","ping_status":"closed","template":"","meta":{"yasr_overall_rating":0,"yasr_post_is_review":"","yasr_auto_insert_disabled":"","yasr_review_type":""},"product_cat":[29,37,36],"product_tag":[25],"class_list":["post-51265","product","type-product","status-publish","has-post-thumbnail","hentry","product_cat-eficiencia-operacional-y-convergencia-tecnologica","product_cat-operacion-flexible","product_cat-red-flexible-automatizada-y-digital","product_tag-aplicaciones-focales"],"yasr_visitor_votes":{"number_of_votes":0,"sum_votes":0,"stars_attributes":{"read_only":false,"span_bottom":false}},"yoast_head":"<!-- This site is optimized with the Yoast SEO plugin v27.3 - https:\/\/yoast.com\/product\/yoast-seo-wordpress\/ -->\n<title>Tecnolog\u00edas para la mejora de la red Grid-Enhancing Technologies - GET Lineamientos - Colombia Inteligente<\/title>\n<meta name=\"description\" content=\"El an\u00e1lisis de GETs resalta brechas en Colombia y propone lineamientos para modernizar el sistema el\u00e9ctrico, impulsando eficiencia, resiliencia y sostenibilidad.\" \/>\n<meta name=\"robots\" content=\"index, follow, max-snippet:-1, max-image-preview:large, max-video-preview:-1\" \/>\n<link rel=\"canonical\" href=\"https:\/\/colombiainteligente.org\/es_co\/product\/tecnologias-para-la-mejora-de-la-red-grid-enhancing-technologies-get-lineamientos\/\" \/>\n<meta property=\"og:locale\" content=\"es_ES\" \/>\n<meta property=\"og:type\" content=\"article\" \/>\n<meta property=\"og:title\" content=\"Tecnolog\u00edas para la mejora de la red Grid-Enhancing Technologies - GET Lineamientos - Colombia Inteligente\" \/>\n<meta property=\"og:description\" content=\"El an\u00e1lisis de GETs resalta brechas en Colombia y propone lineamientos para modernizar el sistema el\u00e9ctrico, impulsando eficiencia, resiliencia y sostenibilidad.\" \/>\n<meta property=\"og:url\" content=\"https:\/\/colombiainteligente.org\/es_co\/product\/tecnologias-para-la-mejora-de-la-red-grid-enhancing-technologies-get-lineamientos\/\" \/>\n<meta property=\"og:site_name\" content=\"Colombia Inteligente\" \/>\n<meta property=\"article:modified_time\" content=\"2024-12-16T17:34:55+00:00\" \/>\n<meta property=\"og:image\" content=\"https:\/\/colombiainteligente.org\/wp-content\/uploads\/2024\/12\/GET-Linpor-1.png\" \/>\n\t<meta property=\"og:image:width\" content=\"985\" \/>\n\t<meta property=\"og:image:height\" content=\"1272\" \/>\n\t<meta property=\"og:image:type\" content=\"image\/png\" \/>\n<meta name=\"twitter:card\" content=\"summary_large_image\" \/>\n<meta name=\"twitter:site\" content=\"@colombiaintelig\" \/>\n<meta name=\"twitter:label1\" content=\"Tiempo estimado de lectura\" \/>\n\t<meta name=\"twitter:data1\" content=\"3 minutes\" \/>\n<script type=\"application\/ld+json\" class=\"yoast-schema-graph\">{\"@context\":\"https:\\\/\\\/schema.org\",\"@graph\":[{\"@type\":\"WebPage\",\"@id\":\"https:\\\/\\\/colombiainteligente.org\\\/producto\\\/tecnologias-para-la-mejora-de-la-red-grid-enhancing-technologies-get-lineamientos\\\/\",\"url\":\"https:\\\/\\\/colombiainteligente.org\\\/producto\\\/tecnologias-para-la-mejora-de-la-red-grid-enhancing-technologies-get-lineamientos\\\/\",\"name\":\"Tecnolog\u00edas para la mejora de la red Grid-Enhancing Technologies - GET Lineamientos - Colombia Inteligente\",\"isPartOf\":{\"@id\":\"https:\\\/\\\/colombiainteligente.org\\\/#website\"},\"primaryImageOfPage\":{\"@id\":\"https:\\\/\\\/colombiainteligente.org\\\/producto\\\/tecnologias-para-la-mejora-de-la-red-grid-enhancing-technologies-get-lineamientos\\\/#primaryimage\"},\"image\":{\"@id\":\"https:\\\/\\\/colombiainteligente.org\\\/producto\\\/tecnologias-para-la-mejora-de-la-red-grid-enhancing-technologies-get-lineamientos\\\/#primaryimage\"},\"thumbnailUrl\":\"https:\\\/\\\/colombiainteligente.org\\\/wp-content\\\/uploads\\\/2024\\\/12\\\/GET-Linpor-1.png\",\"datePublished\":\"2024-12-16T17:20:07+00:00\",\"dateModified\":\"2024-12-16T17:34:55+00:00\",\"description\":\"El an\u00e1lisis de GETs resalta brechas en Colombia y propone lineamientos para modernizar el sistema el\u00e9ctrico, impulsando eficiencia, resiliencia y sostenibilidad.\",\"breadcrumb\":{\"@id\":\"https:\\\/\\\/colombiainteligente.org\\\/producto\\\/tecnologias-para-la-mejora-de-la-red-grid-enhancing-technologies-get-lineamientos\\\/#breadcrumb\"},\"inLanguage\":\"es-CO\",\"potentialAction\":[{\"@type\":\"ReadAction\",\"target\":[\"https:\\\/\\\/colombiainteligente.org\\\/producto\\\/tecnologias-para-la-mejora-de-la-red-grid-enhancing-technologies-get-lineamientos\\\/\"]}]},{\"@type\":\"ImageObject\",\"inLanguage\":\"es-CO\",\"@id\":\"https:\\\/\\\/colombiainteligente.org\\\/producto\\\/tecnologias-para-la-mejora-de-la-red-grid-enhancing-technologies-get-lineamientos\\\/#primaryimage\",\"url\":\"https:\\\/\\\/colombiainteligente.org\\\/wp-content\\\/uploads\\\/2024\\\/12\\\/GET-Linpor-1.png\",\"contentUrl\":\"https:\\\/\\\/colombiainteligente.org\\\/wp-content\\\/uploads\\\/2024\\\/12\\\/GET-Linpor-1.png\",\"width\":985,\"height\":1272,\"caption\":\"El an\u00e1lisis de GETs resalta brechas en Colombia y propone lineamientos para modernizar el sistema el\u00e9ctrico, impulsando eficiencia, resiliencia y sostenibilidad.\"},{\"@type\":\"BreadcrumbList\",\"@id\":\"https:\\\/\\\/colombiainteligente.org\\\/producto\\\/tecnologias-para-la-mejora-de-la-red-grid-enhancing-technologies-get-lineamientos\\\/#breadcrumb\",\"itemListElement\":[{\"@type\":\"ListItem\",\"position\":1,\"name\":\"Portada\",\"item\":\"https:\\\/\\\/colombiainteligente.org\\\/\"},{\"@type\":\"ListItem\",\"position\":2,\"name\":\"Tienda\",\"item\":\"https:\\\/\\\/colombiainteligente.org\\\/tienda\\\/\"},{\"@type\":\"ListItem\",\"position\":3,\"name\":\"Tecnolog\u00edas para la mejora de la red Grid-Enhancing Technologies &#8211; GET Lineamientos\"}]},{\"@type\":\"WebSite\",\"@id\":\"https:\\\/\\\/colombiainteligente.org\\\/#website\",\"url\":\"https:\\\/\\\/colombiainteligente.org\\\/\",\"name\":\"Colombia Inteligente\",\"description\":\"Alianza estrat\u00e9gica, conformada por empresas y entidades, para la inserci\u00f3n integral y eficiente de las redes inteligentes a la infraestructura del sector el\u00e9ctrico colombiano\",\"publisher\":{\"@id\":\"https:\\\/\\\/colombiainteligente.org\\\/#organization\"},\"potentialAction\":[{\"@type\":\"SearchAction\",\"target\":{\"@type\":\"EntryPoint\",\"urlTemplate\":\"https:\\\/\\\/colombiainteligente.org\\\/?s={search_term_string}\"},\"query-input\":{\"@type\":\"PropertyValueSpecification\",\"valueRequired\":true,\"valueName\":\"search_term_string\"}}],\"inLanguage\":\"es-CO\"},{\"@type\":\"Organization\",\"@id\":\"https:\\\/\\\/colombiainteligente.org\\\/#organization\",\"name\":\"Colombia Inteligente\",\"url\":\"https:\\\/\\\/colombiainteligente.org\\\/\",\"logo\":{\"@type\":\"ImageObject\",\"inLanguage\":\"es-CO\",\"@id\":\"https:\\\/\\\/colombiainteligente.org\\\/#\\\/schema\\\/logo\\\/image\\\/\",\"url\":\"https:\\\/\\\/colombiainteligente.org\\\/wp-content\\\/uploads\\\/2022\\\/07\\\/Image.png\",\"contentUrl\":\"https:\\\/\\\/colombiainteligente.org\\\/wp-content\\\/uploads\\\/2022\\\/07\\\/Image.png\",\"width\":588,\"height\":274,\"caption\":\"Colombia Inteligente\"},\"image\":{\"@id\":\"https:\\\/\\\/colombiainteligente.org\\\/#\\\/schema\\\/logo\\\/image\\\/\"},\"sameAs\":[\"https:\\\/\\\/x.com\\\/colombiaintelig\",\"https:\\\/\\\/www.linkedin.com\\\/company\\\/colombiainteligente\\\/\"]}]}<\/script>\n<!-- \/ Yoast SEO plugin. -->","yoast_head_json":{"title":"Tecnolog\u00edas para la mejora de la red Grid-Enhancing Technologies - GET Lineamientos - Colombia Inteligente","description":"El an\u00e1lisis de GETs resalta brechas en Colombia y propone lineamientos para modernizar el sistema el\u00e9ctrico, impulsando eficiencia, resiliencia y sostenibilidad.","robots":{"index":"index","follow":"follow","max-snippet":"max-snippet:-1","max-image-preview":"max-image-preview:large","max-video-preview":"max-video-preview:-1"},"canonical":"https:\/\/colombiainteligente.org\/es_co\/product\/tecnologias-para-la-mejora-de-la-red-grid-enhancing-technologies-get-lineamientos\/","og_locale":"es_ES","og_type":"article","og_title":"Tecnolog\u00edas para la mejora de la red Grid-Enhancing Technologies - GET Lineamientos - Colombia Inteligente","og_description":"El an\u00e1lisis de GETs resalta brechas en Colombia y propone lineamientos para modernizar el sistema el\u00e9ctrico, impulsando eficiencia, resiliencia y sostenibilidad.","og_url":"https:\/\/colombiainteligente.org\/es_co\/product\/tecnologias-para-la-mejora-de-la-red-grid-enhancing-technologies-get-lineamientos\/","og_site_name":"Colombia Inteligente","article_modified_time":"2024-12-16T17:34:55+00:00","og_image":[{"width":985,"height":1272,"url":"https:\/\/colombiainteligente.org\/wp-content\/uploads\/2024\/12\/GET-Linpor-1.png","type":"image\/png"}],"twitter_card":"summary_large_image","twitter_site":"@colombiaintelig","twitter_misc":{"Tiempo estimado de lectura":"3 minutes"},"schema":{"@context":"https:\/\/schema.org","@graph":[{"@type":"WebPage","@id":"https:\/\/colombiainteligente.org\/producto\/tecnologias-para-la-mejora-de-la-red-grid-enhancing-technologies-get-lineamientos\/","url":"https:\/\/colombiainteligente.org\/producto\/tecnologias-para-la-mejora-de-la-red-grid-enhancing-technologies-get-lineamientos\/","name":"Tecnolog\u00edas para la mejora de la red Grid-Enhancing Technologies - GET Lineamientos - Colombia Inteligente","isPartOf":{"@id":"https:\/\/colombiainteligente.org\/#website"},"primaryImageOfPage":{"@id":"https:\/\/colombiainteligente.org\/producto\/tecnologias-para-la-mejora-de-la-red-grid-enhancing-technologies-get-lineamientos\/#primaryimage"},"image":{"@id":"https:\/\/colombiainteligente.org\/producto\/tecnologias-para-la-mejora-de-la-red-grid-enhancing-technologies-get-lineamientos\/#primaryimage"},"thumbnailUrl":"https:\/\/colombiainteligente.org\/wp-content\/uploads\/2024\/12\/GET-Linpor-1.png","datePublished":"2024-12-16T17:20:07+00:00","dateModified":"2024-12-16T17:34:55+00:00","description":"El an\u00e1lisis de GETs resalta brechas en Colombia y propone lineamientos para modernizar el sistema el\u00e9ctrico, impulsando eficiencia, resiliencia y sostenibilidad.","breadcrumb":{"@id":"https:\/\/colombiainteligente.org\/producto\/tecnologias-para-la-mejora-de-la-red-grid-enhancing-technologies-get-lineamientos\/#breadcrumb"},"inLanguage":"es-CO","potentialAction":[{"@type":"ReadAction","target":["https:\/\/colombiainteligente.org\/producto\/tecnologias-para-la-mejora-de-la-red-grid-enhancing-technologies-get-lineamientos\/"]}]},{"@type":"ImageObject","inLanguage":"es-CO","@id":"https:\/\/colombiainteligente.org\/producto\/tecnologias-para-la-mejora-de-la-red-grid-enhancing-technologies-get-lineamientos\/#primaryimage","url":"https:\/\/colombiainteligente.org\/wp-content\/uploads\/2024\/12\/GET-Linpor-1.png","contentUrl":"https:\/\/colombiainteligente.org\/wp-content\/uploads\/2024\/12\/GET-Linpor-1.png","width":985,"height":1272,"caption":"El an\u00e1lisis de GETs resalta brechas en Colombia y propone lineamientos para modernizar el sistema el\u00e9ctrico, impulsando eficiencia, resiliencia y sostenibilidad."},{"@type":"BreadcrumbList","@id":"https:\/\/colombiainteligente.org\/producto\/tecnologias-para-la-mejora-de-la-red-grid-enhancing-technologies-get-lineamientos\/#breadcrumb","itemListElement":[{"@type":"ListItem","position":1,"name":"Portada","item":"https:\/\/colombiainteligente.org\/"},{"@type":"ListItem","position":2,"name":"Tienda","item":"https:\/\/colombiainteligente.org\/tienda\/"},{"@type":"ListItem","position":3,"name":"Tecnolog\u00edas para la mejora de la red Grid-Enhancing Technologies &#8211; GET Lineamientos"}]},{"@type":"WebSite","@id":"https:\/\/colombiainteligente.org\/#website","url":"https:\/\/colombiainteligente.org\/","name":"Colombia Inteligente","description":"Alianza estrat\u00e9gica, conformada por empresas y entidades, para la inserci\u00f3n integral y eficiente de las redes inteligentes a la infraestructura del sector el\u00e9ctrico colombiano","publisher":{"@id":"https:\/\/colombiainteligente.org\/#organization"},"potentialAction":[{"@type":"SearchAction","target":{"@type":"EntryPoint","urlTemplate":"https:\/\/colombiainteligente.org\/?s={search_term_string}"},"query-input":{"@type":"PropertyValueSpecification","valueRequired":true,"valueName":"search_term_string"}}],"inLanguage":"es-CO"},{"@type":"Organization","@id":"https:\/\/colombiainteligente.org\/#organization","name":"Colombia Inteligente","url":"https:\/\/colombiainteligente.org\/","logo":{"@type":"ImageObject","inLanguage":"es-CO","@id":"https:\/\/colombiainteligente.org\/#\/schema\/logo\/image\/","url":"https:\/\/colombiainteligente.org\/wp-content\/uploads\/2022\/07\/Image.png","contentUrl":"https:\/\/colombiainteligente.org\/wp-content\/uploads\/2022\/07\/Image.png","width":588,"height":274,"caption":"Colombia Inteligente"},"image":{"@id":"https:\/\/colombiainteligente.org\/#\/schema\/logo\/image\/"},"sameAs":["https:\/\/x.com\/colombiaintelig","https:\/\/www.linkedin.com\/company\/colombiainteligente\/"]}]}},"_links":{"self":[{"href":"https:\/\/colombiainteligente.org\/es_co\/wp-json\/wp\/v2\/product\/51265","targetHints":{"allow":["GET"]}}],"collection":[{"href":"https:\/\/colombiainteligente.org\/es_co\/wp-json\/wp\/v2\/product"}],"about":[{"href":"https:\/\/colombiainteligente.org\/es_co\/wp-json\/wp\/v2\/types\/product"}],"replies":[{"embeddable":true,"href":"https:\/\/colombiainteligente.org\/es_co\/wp-json\/wp\/v2\/comments?post=51265"}],"wp:featuredmedia":[{"embeddable":true,"href":"https:\/\/colombiainteligente.org\/es_co\/wp-json\/wp\/v2\/media\/51267"}],"wp:attachment":[{"href":"https:\/\/colombiainteligente.org\/es_co\/wp-json\/wp\/v2\/media?parent=51265"}],"wp:term":[{"taxonomy":"product_cat","embeddable":true,"href":"https:\/\/colombiainteligente.org\/es_co\/wp-json\/wp\/v2\/product_cat?post=51265"},{"taxonomy":"product_tag","embeddable":true,"href":"https:\/\/colombiainteligente.org\/es_co\/wp-json\/wp\/v2\/product_tag?post=51265"}],"curies":[{"name":"wp","href":"https:\/\/api.w.org\/{rel}","templated":true}]}}