{"id":56629,"date":"2025-05-08T14:51:12","date_gmt":"2025-05-08T19:51:12","guid":{"rendered":"https:\/\/colombiainteligente.org\/?post_type=product&#038;p=56629"},"modified":"2025-09-11T12:30:19","modified_gmt":"2025-09-11T17:30:19","slug":"red-inteligente-datos-y-vida-util-lineamientos-estrategicos","status":"publish","type":"product","link":"https:\/\/colombiainteligente.org\/es_co\/product\/red-inteligente-datos-y-vida-util-lineamientos-estrategicos\/","title":{"rendered":"Red Inteligente Datos y vida \u00fatil: Lineamientos Estrat\u00e9gicos"},"content":{"rendered":"<p>El objetivo del documento es analizar los avances, retos y estrategias relacionados con el uso de datos y el reconocimiento de la vida \u00fatil de los activos digitales para el desarrollo de redes inteligentes. Esto incluye explorar aspectos como la calidad de los datos, los modelos necesarios para su manejo, las aplicaciones pr\u00e1cticas en redes y su integraci\u00f3n con la visi\u00f3n de ciudades inteligentes, los desaf\u00edos t\u00e9cnicos, regulatorios y empresariales que limitan su implementaci\u00f3n. Asimismo, proponer lineamientos basados en un marco tecnol\u00f3gico y acciones que permitan superar estas barreras y avanzar hacia una transformaci\u00f3n digital eficiente y sostenible en el sector el\u00e9ctrico.<\/p>\n<p>El primer cap\u00edtulo aborda el papel fundamental de los datos en las redes inteligentes, resaltando la importancia de la calidad de los datos para una gesti\u00f3n eficiente. Se exploran los modelos de datos como herramientas para estructurar la informaci\u00f3n y garantizar su interoperabilidad, destacando est\u00e1ndares desarrollados. Adem\u00e1s, se presentan aplicaciones pr\u00e1cticas de los datos en redes y ciudades inteligentes. Tambi\u00e9n, se identifican los principales retos asociados con la generaci\u00f3n y uso de datos.<\/p>\n<p>El segundo cap\u00edtulo se centra en la identificaci\u00f3n de activos digitales y su vida \u00fatil en el contexto de redes inteligentes. Se presenta una conceptualizaci\u00f3n detallada, incluyendo definiciones, tipos y factores que afectan la durabilidad de estos activos. Adem\u00e1s, se identificaron mecanismos regulatorios sobre el reconocimiento de la vida \u00fatil de los activos, con ejemplos de enfoques adoptados en pa\u00edses como Estados Unidos, Australia, Gran Breta\u00f1a y Nueva Zelanda. Este cap\u00edtulo tambi\u00e9n incluye casos de estudio internacionales, como el programa Energy System Digitalisation y las propuestas de TransGrid, Transpower y Ergon &amp; Energex, que ilustran mejores pr\u00e1cticas y lecciones aprendidas para maximizar la eficiencia operativa y la sostenibilidad.<\/p>\n<p>El tercer cap\u00edtulo analiza brechas en la adopci\u00f3n de tecnolog\u00edas digitales en redes el\u00e9ctricas. Estas se agrupan en tres categor\u00edas: t\u00e9cnicas, relacionadas con la falta de est\u00e1ndares interoperables y sistemas de monitoreo avanzados; regulatorias, por la ausencia de incentivos financieros y normativas claras para activos digitales; y empresariales, reflejando la limitada capacidad anal\u00edtica y la desalineaci\u00f3n entre \u00e1reas t\u00e9cnicas y estrat\u00e9gicas.<\/p>\n<p>El cuarto cap\u00edtulo ofrece un conjunto de acciones para superar las brechas identificadas y avanzar hacia la digitalizaci\u00f3n de las redes inteligentes. Se destaca la necesidad de fomentar la apropiaci\u00f3n tecnol\u00f3gica mediante la implementaci\u00f3n de plataformas digitales avanzadas y el fortalecimiento de capacidades t\u00e9cnicas. Tambi\u00e9n se enfatiza la importancia de establecer un marco regulatorio adaptado a los activos digitales necesarios para la mejora en la prestaci\u00f3n del servicio de la energ\u00eda el\u00e9ctrica y fomentar la colaboraci\u00f3n p\u00fablico-privada para garantizar la interoperabilidad y la sostenibilidad. Finalmente, se proponen estrategias empresariales que integren el uso eficiente de los datos en la planificaci\u00f3n y operaci\u00f3n de las redes inteligentes. Este cap\u00edtulo concluye subrayando que una gobernanza eficaz y una planificaci\u00f3n estrat\u00e9gica son fundamentales para garantizar una transformaci\u00f3n digital exitosa en el sector el\u00e9ctrico.<br \/>\nLa vida \u00fatil en el sector el\u00e9ctrico permite evaluar y comparar metodolog\u00edas para gestionar la longevidad de los activos digitales y f\u00edsicos, considerando regulaciones y estrategias aplicadas en distintos pa\u00edses. La digitalizaci\u00f3n ha impulsado el uso de tecnolog\u00edas avanzadas, pero su r\u00e1pida obsolescencia requiere marcos regulatorios flexibles y estrategias de gesti\u00f3n predictivo para optimizar su desempe\u00f1o. Experiencias internacionales demuestran que la interoperabilidad, la planificaci\u00f3n adaptativa y la inversi\u00f3n en innovaci\u00f3n son fundamentales para extender la vida \u00fatil de los activos, reducir costos y garantizar la sostenibilidad.<\/p>\n<div style=\"text-align:center\" class=\"yasr-auto-insert-visitor\"><\/div>","protected":false},"excerpt":{"rendered":"<p><strong>Datos para una Red Inteligente: Referenciamiento<\/strong><\/p>","protected":false},"featured_media":56632,"comment_status":"open","ping_status":"closed","template":"","meta":{"yasr_overall_rating":0,"yasr_post_is_review":"","yasr_auto_insert_disabled":"","yasr_review_type":""},"product_cat":[34,30,33],"product_tag":[25],"class_list":["post-56629","product","type-product","status-publish","has-post-thumbnail","hentry","product_cat-informacion-avanzada","product_cat-mejoramiento-de-la-calidad-del-servicio-al-usuario","product_cat-servicios-digitales","product_tag-aplicaciones-focales"],"yasr_visitor_votes":{"number_of_votes":0,"sum_votes":0,"stars_attributes":{"read_only":false,"span_bottom":false}},"yoast_head":"<!-- This site is optimized with the Yoast SEO plugin v27.3 - https:\/\/yoast.com\/product\/yoast-seo-wordpress\/ -->\n<title>Red Inteligente Datos y vida \u00fatil: Lineamientos Estrat\u00e9gicos - Colombia Inteligente<\/title>\n<meta name=\"description\" content=\"El documento describe avances y retos del uso de datos en redes inteligentes, abordando calidad, seguridad, privacidad e interoperabilidad. Se estructura en seis cap\u00edtulos: antecedentes y pol\u00edticas en Colombia, conceptos de redes y ciudades inteligentes, calidad y modelado de datos, casos de estudio internacionales y desaf\u00edos en la transformaci\u00f3n digital.\" \/>\n<meta name=\"robots\" content=\"index, follow, max-snippet:-1, max-image-preview:large, max-video-preview:-1\" \/>\n<link rel=\"canonical\" href=\"https:\/\/colombiainteligente.org\/es_co\/product\/red-inteligente-datos-y-vida-util-lineamientos-estrategicos\/\" \/>\n<meta property=\"og:locale\" content=\"es_ES\" \/>\n<meta property=\"og:type\" content=\"article\" \/>\n<meta property=\"og:title\" content=\"Red Inteligente Datos y vida \u00fatil: Lineamientos Estrat\u00e9gicos - Colombia Inteligente\" \/>\n<meta property=\"og:description\" content=\"El documento describe avances y retos del uso de datos en redes inteligentes, abordando calidad, seguridad, privacidad e interoperabilidad. Se estructura en seis cap\u00edtulos: antecedentes y pol\u00edticas en Colombia, conceptos de redes y ciudades inteligentes, calidad y modelado de datos, casos de estudio internacionales y desaf\u00edos en la transformaci\u00f3n digital.\" \/>\n<meta property=\"og:url\" content=\"https:\/\/colombiainteligente.org\/es_co\/product\/red-inteligente-datos-y-vida-util-lineamientos-estrategicos\/\" \/>\n<meta property=\"og:site_name\" content=\"Colombia Inteligente\" \/>\n<meta property=\"article:modified_time\" content=\"2025-09-11T17:30:19+00:00\" \/>\n<meta property=\"og:image\" content=\"https:\/\/colombiainteligente.org\/wp-content\/uploads\/2025\/05\/Red-inteligente-datos-y-vida-util-1.png\" \/>\n\t<meta property=\"og:image:width\" content=\"455\" \/>\n\t<meta property=\"og:image:height\" content=\"572\" \/>\n\t<meta property=\"og:image:type\" content=\"image\/png\" \/>\n<meta name=\"twitter:card\" content=\"summary_large_image\" \/>\n<meta name=\"twitter:site\" content=\"@colombiaintelig\" \/>\n<meta name=\"twitter:label1\" content=\"Tiempo estimado de lectura\" \/>\n\t<meta name=\"twitter:data1\" content=\"3 minutes\" \/>\n<script type=\"application\/ld+json\" class=\"yoast-schema-graph\">{\"@context\":\"https:\\\/\\\/schema.org\",\"@graph\":[{\"@type\":\"WebPage\",\"@id\":\"https:\\\/\\\/colombiainteligente.org\\\/producto\\\/red-inteligente-datos-y-vida-util-lineamientos-estrategicos\\\/\",\"url\":\"https:\\\/\\\/colombiainteligente.org\\\/producto\\\/red-inteligente-datos-y-vida-util-lineamientos-estrategicos\\\/\",\"name\":\"Red Inteligente Datos y vida \u00fatil: Lineamientos Estrat\u00e9gicos - Colombia Inteligente\",\"isPartOf\":{\"@id\":\"https:\\\/\\\/colombiainteligente.org\\\/#website\"},\"primaryImageOfPage\":{\"@id\":\"https:\\\/\\\/colombiainteligente.org\\\/producto\\\/red-inteligente-datos-y-vida-util-lineamientos-estrategicos\\\/#primaryimage\"},\"image\":{\"@id\":\"https:\\\/\\\/colombiainteligente.org\\\/producto\\\/red-inteligente-datos-y-vida-util-lineamientos-estrategicos\\\/#primaryimage\"},\"thumbnailUrl\":\"https:\\\/\\\/colombiainteligente.org\\\/wp-content\\\/uploads\\\/2025\\\/05\\\/Red-inteligente-datos-y-vida-util-1.png\",\"datePublished\":\"2025-05-08T19:51:12+00:00\",\"dateModified\":\"2025-09-11T17:30:19+00:00\",\"description\":\"El documento describe avances y retos del uso de datos en redes inteligentes, abordando calidad, seguridad, privacidad e interoperabilidad. Se estructura en seis cap\u00edtulos: antecedentes y pol\u00edticas en Colombia, conceptos de redes y ciudades inteligentes, calidad y modelado de datos, casos de estudio internacionales y desaf\u00edos en la transformaci\u00f3n digital.\",\"breadcrumb\":{\"@id\":\"https:\\\/\\\/colombiainteligente.org\\\/producto\\\/red-inteligente-datos-y-vida-util-lineamientos-estrategicos\\\/#breadcrumb\"},\"inLanguage\":\"es-CO\",\"potentialAction\":[{\"@type\":\"ReadAction\",\"target\":[\"https:\\\/\\\/colombiainteligente.org\\\/producto\\\/red-inteligente-datos-y-vida-util-lineamientos-estrategicos\\\/\"]}]},{\"@type\":\"ImageObject\",\"inLanguage\":\"es-CO\",\"@id\":\"https:\\\/\\\/colombiainteligente.org\\\/producto\\\/red-inteligente-datos-y-vida-util-lineamientos-estrategicos\\\/#primaryimage\",\"url\":\"https:\\\/\\\/colombiainteligente.org\\\/wp-content\\\/uploads\\\/2025\\\/05\\\/Red-inteligente-datos-y-vida-util-1.png\",\"contentUrl\":\"https:\\\/\\\/colombiainteligente.org\\\/wp-content\\\/uploads\\\/2025\\\/05\\\/Red-inteligente-datos-y-vida-util-1.png\",\"width\":455,\"height\":572},{\"@type\":\"BreadcrumbList\",\"@id\":\"https:\\\/\\\/colombiainteligente.org\\\/producto\\\/red-inteligente-datos-y-vida-util-lineamientos-estrategicos\\\/#breadcrumb\",\"itemListElement\":[{\"@type\":\"ListItem\",\"position\":1,\"name\":\"Portada\",\"item\":\"https:\\\/\\\/colombiainteligente.org\\\/\"},{\"@type\":\"ListItem\",\"position\":2,\"name\":\"Tienda\",\"item\":\"https:\\\/\\\/colombiainteligente.org\\\/tienda\\\/\"},{\"@type\":\"ListItem\",\"position\":3,\"name\":\"Red Inteligente Datos y vida \u00fatil: Lineamientos Estrat\u00e9gicos\"}]},{\"@type\":\"WebSite\",\"@id\":\"https:\\\/\\\/colombiainteligente.org\\\/#website\",\"url\":\"https:\\\/\\\/colombiainteligente.org\\\/\",\"name\":\"Colombia Inteligente\",\"description\":\"Alianza estrat\u00e9gica, conformada por empresas y entidades, para la inserci\u00f3n integral y eficiente de las redes inteligentes a la infraestructura del sector el\u00e9ctrico colombiano\",\"publisher\":{\"@id\":\"https:\\\/\\\/colombiainteligente.org\\\/#organization\"},\"potentialAction\":[{\"@type\":\"SearchAction\",\"target\":{\"@type\":\"EntryPoint\",\"urlTemplate\":\"https:\\\/\\\/colombiainteligente.org\\\/?s={search_term_string}\"},\"query-input\":{\"@type\":\"PropertyValueSpecification\",\"valueRequired\":true,\"valueName\":\"search_term_string\"}}],\"inLanguage\":\"es-CO\"},{\"@type\":\"Organization\",\"@id\":\"https:\\\/\\\/colombiainteligente.org\\\/#organization\",\"name\":\"Colombia Inteligente\",\"url\":\"https:\\\/\\\/colombiainteligente.org\\\/\",\"logo\":{\"@type\":\"ImageObject\",\"inLanguage\":\"es-CO\",\"@id\":\"https:\\\/\\\/colombiainteligente.org\\\/#\\\/schema\\\/logo\\\/image\\\/\",\"url\":\"https:\\\/\\\/colombiainteligente.org\\\/wp-content\\\/uploads\\\/2022\\\/07\\\/Image.png\",\"contentUrl\":\"https:\\\/\\\/colombiainteligente.org\\\/wp-content\\\/uploads\\\/2022\\\/07\\\/Image.png\",\"width\":588,\"height\":274,\"caption\":\"Colombia Inteligente\"},\"image\":{\"@id\":\"https:\\\/\\\/colombiainteligente.org\\\/#\\\/schema\\\/logo\\\/image\\\/\"},\"sameAs\":[\"https:\\\/\\\/x.com\\\/colombiaintelig\",\"https:\\\/\\\/www.linkedin.com\\\/company\\\/colombiainteligente\\\/\"]}]}<\/script>\n<!-- \/ Yoast SEO plugin. -->","yoast_head_json":{"title":"Red Inteligente Datos y vida \u00fatil: Lineamientos Estrat\u00e9gicos - Colombia Inteligente","description":"El documento describe avances y retos del uso de datos en redes inteligentes, abordando calidad, seguridad, privacidad e interoperabilidad. Se estructura en seis cap\u00edtulos: antecedentes y pol\u00edticas en Colombia, conceptos de redes y ciudades inteligentes, calidad y modelado de datos, casos de estudio internacionales y desaf\u00edos en la transformaci\u00f3n digital.","robots":{"index":"index","follow":"follow","max-snippet":"max-snippet:-1","max-image-preview":"max-image-preview:large","max-video-preview":"max-video-preview:-1"},"canonical":"https:\/\/colombiainteligente.org\/es_co\/product\/red-inteligente-datos-y-vida-util-lineamientos-estrategicos\/","og_locale":"es_ES","og_type":"article","og_title":"Red Inteligente Datos y vida \u00fatil: Lineamientos Estrat\u00e9gicos - Colombia Inteligente","og_description":"El documento describe avances y retos del uso de datos en redes inteligentes, abordando calidad, seguridad, privacidad e interoperabilidad. Se estructura en seis cap\u00edtulos: antecedentes y pol\u00edticas en Colombia, conceptos de redes y ciudades inteligentes, calidad y modelado de datos, casos de estudio internacionales y desaf\u00edos en la transformaci\u00f3n digital.","og_url":"https:\/\/colombiainteligente.org\/es_co\/product\/red-inteligente-datos-y-vida-util-lineamientos-estrategicos\/","og_site_name":"Colombia Inteligente","article_modified_time":"2025-09-11T17:30:19+00:00","og_image":[{"width":455,"height":572,"url":"https:\/\/colombiainteligente.org\/wp-content\/uploads\/2025\/05\/Red-inteligente-datos-y-vida-util-1.png","type":"image\/png"}],"twitter_card":"summary_large_image","twitter_site":"@colombiaintelig","twitter_misc":{"Tiempo estimado de lectura":"3 minutes"},"schema":{"@context":"https:\/\/schema.org","@graph":[{"@type":"WebPage","@id":"https:\/\/colombiainteligente.org\/producto\/red-inteligente-datos-y-vida-util-lineamientos-estrategicos\/","url":"https:\/\/colombiainteligente.org\/producto\/red-inteligente-datos-y-vida-util-lineamientos-estrategicos\/","name":"Red Inteligente Datos y vida \u00fatil: Lineamientos Estrat\u00e9gicos - Colombia Inteligente","isPartOf":{"@id":"https:\/\/colombiainteligente.org\/#website"},"primaryImageOfPage":{"@id":"https:\/\/colombiainteligente.org\/producto\/red-inteligente-datos-y-vida-util-lineamientos-estrategicos\/#primaryimage"},"image":{"@id":"https:\/\/colombiainteligente.org\/producto\/red-inteligente-datos-y-vida-util-lineamientos-estrategicos\/#primaryimage"},"thumbnailUrl":"https:\/\/colombiainteligente.org\/wp-content\/uploads\/2025\/05\/Red-inteligente-datos-y-vida-util-1.png","datePublished":"2025-05-08T19:51:12+00:00","dateModified":"2025-09-11T17:30:19+00:00","description":"El documento describe avances y retos del uso de datos en redes inteligentes, abordando calidad, seguridad, privacidad e interoperabilidad. Se estructura en seis cap\u00edtulos: antecedentes y pol\u00edticas en Colombia, conceptos de redes y ciudades inteligentes, calidad y modelado de datos, casos de estudio internacionales y desaf\u00edos en la transformaci\u00f3n digital.","breadcrumb":{"@id":"https:\/\/colombiainteligente.org\/producto\/red-inteligente-datos-y-vida-util-lineamientos-estrategicos\/#breadcrumb"},"inLanguage":"es-CO","potentialAction":[{"@type":"ReadAction","target":["https:\/\/colombiainteligente.org\/producto\/red-inteligente-datos-y-vida-util-lineamientos-estrategicos\/"]}]},{"@type":"ImageObject","inLanguage":"es-CO","@id":"https:\/\/colombiainteligente.org\/producto\/red-inteligente-datos-y-vida-util-lineamientos-estrategicos\/#primaryimage","url":"https:\/\/colombiainteligente.org\/wp-content\/uploads\/2025\/05\/Red-inteligente-datos-y-vida-util-1.png","contentUrl":"https:\/\/colombiainteligente.org\/wp-content\/uploads\/2025\/05\/Red-inteligente-datos-y-vida-util-1.png","width":455,"height":572},{"@type":"BreadcrumbList","@id":"https:\/\/colombiainteligente.org\/producto\/red-inteligente-datos-y-vida-util-lineamientos-estrategicos\/#breadcrumb","itemListElement":[{"@type":"ListItem","position":1,"name":"Portada","item":"https:\/\/colombiainteligente.org\/"},{"@type":"ListItem","position":2,"name":"Tienda","item":"https:\/\/colombiainteligente.org\/tienda\/"},{"@type":"ListItem","position":3,"name":"Red Inteligente Datos y vida \u00fatil: Lineamientos Estrat\u00e9gicos"}]},{"@type":"WebSite","@id":"https:\/\/colombiainteligente.org\/#website","url":"https:\/\/colombiainteligente.org\/","name":"Colombia Inteligente","description":"Alianza estrat\u00e9gica, conformada por empresas y entidades, para la inserci\u00f3n integral y eficiente de las redes inteligentes a la infraestructura del sector el\u00e9ctrico colombiano","publisher":{"@id":"https:\/\/colombiainteligente.org\/#organization"},"potentialAction":[{"@type":"SearchAction","target":{"@type":"EntryPoint","urlTemplate":"https:\/\/colombiainteligente.org\/?s={search_term_string}"},"query-input":{"@type":"PropertyValueSpecification","valueRequired":true,"valueName":"search_term_string"}}],"inLanguage":"es-CO"},{"@type":"Organization","@id":"https:\/\/colombiainteligente.org\/#organization","name":"Colombia Inteligente","url":"https:\/\/colombiainteligente.org\/","logo":{"@type":"ImageObject","inLanguage":"es-CO","@id":"https:\/\/colombiainteligente.org\/#\/schema\/logo\/image\/","url":"https:\/\/colombiainteligente.org\/wp-content\/uploads\/2022\/07\/Image.png","contentUrl":"https:\/\/colombiainteligente.org\/wp-content\/uploads\/2022\/07\/Image.png","width":588,"height":274,"caption":"Colombia Inteligente"},"image":{"@id":"https:\/\/colombiainteligente.org\/#\/schema\/logo\/image\/"},"sameAs":["https:\/\/x.com\/colombiaintelig","https:\/\/www.linkedin.com\/company\/colombiainteligente\/"]}]}},"_links":{"self":[{"href":"https:\/\/colombiainteligente.org\/es_co\/wp-json\/wp\/v2\/product\/56629","targetHints":{"allow":["GET"]}}],"collection":[{"href":"https:\/\/colombiainteligente.org\/es_co\/wp-json\/wp\/v2\/product"}],"about":[{"href":"https:\/\/colombiainteligente.org\/es_co\/wp-json\/wp\/v2\/types\/product"}],"replies":[{"embeddable":true,"href":"https:\/\/colombiainteligente.org\/es_co\/wp-json\/wp\/v2\/comments?post=56629"}],"wp:featuredmedia":[{"embeddable":true,"href":"https:\/\/colombiainteligente.org\/es_co\/wp-json\/wp\/v2\/media\/56632"}],"wp:attachment":[{"href":"https:\/\/colombiainteligente.org\/es_co\/wp-json\/wp\/v2\/media?parent=56629"}],"wp:term":[{"taxonomy":"product_cat","embeddable":true,"href":"https:\/\/colombiainteligente.org\/es_co\/wp-json\/wp\/v2\/product_cat?post=56629"},{"taxonomy":"product_tag","embeddable":true,"href":"https:\/\/colombiainteligente.org\/es_co\/wp-json\/wp\/v2\/product_tag?post=56629"}],"curies":[{"name":"wp","href":"https:\/\/api.w.org\/{rel}","templated":true}]}}