{"id":57213,"date":"2025-05-22T14:34:36","date_gmt":"2025-05-22T19:34:36","guid":{"rendered":"https:\/\/colombiainteligente.org\/?post_type=product&#038;p=57213"},"modified":"2025-09-11T12:29:22","modified_gmt":"2025-09-11T17:29:22","slug":"tendencias-y-retos-grid-forming-bess","status":"publish","type":"product","link":"https:\/\/colombiainteligente.org\/es_co\/product\/tendencias-y-retos-grid-forming-bess\/","title":{"rendered":"Tendencias y Retos Grid-Forming BESS"},"content":{"rendered":"<p>El objetivo del documento es ofrecer una visi\u00f3n de los conceptos y tecnolog\u00edas asociadas a \u201cGrid-Forming BESS o GFM-BESS\u201d para proveer el servicio de formaci\u00f3n de red a trav\u00e9s de sistemas de almacenamiento de energ\u00eda tipo bater\u00edas (BESS).<\/p>\n<ol>\n<li><strong>Tecnolog\u00eda:<\/strong> Principalmente BESS, pero existen aplicaciones HVDC, E-STATCOM y e\u00f3lico, y en menor medida PV.<\/li>\n<li><strong>Madurez tecnol\u00f3gica:<\/strong> Alta madurez (TRL9), aunque se requiere un mayor despliegue comercial (aplicaciones principales en sistemas en islas, en sistemas con capacidad de operaci\u00f3n en isla y sistema radiales. Un aumento significativo en sistema de gran tama\u00f1o que presentan retos para robustez de la red -redes d\u00e9biles-.<\/li>\n<li><strong>Costos:<\/strong> Si bien la inclusi\u00f3n de capacidades adicionales para ser un inversor GFM genera un costo adicional respecto a un inversor GFL, estos no ser\u00edan significativos respecto a los beneficios (mitigaci\u00f3n de riesgos en el sistema) y mucho menores en comparaci\u00f3n con otras tecnolog\u00edas tradicionales para resolver los retos de robustez de la red.<\/li>\n<li><strong>Despliegue:<\/strong> No hay un \u00fanico mecanismo para el uso de los servicios que provean los recursos basados inversores GFM. Se identificaron mecanismos de mercado (estabilidad), ingreso regulado -plan de inversi\u00f3n de activos regulados- y la definici\u00f3n de funcionalidades mandatorias para los recursos con inversores GFM.<\/li>\n<li><strong>Retos:<\/strong> Estandarizaci\u00f3n en el proceso de conexi\u00f3n, modelo del inversor GFM para la simulaci\u00f3n, requisitos para la prueba de los inversores GFM y su impacto en el esquema de protecciones, y el mecanismo para la comparaci\u00f3n neutral entre tecnolog\u00edas que provean los servicios robustez\/estabilidad al sistema.<\/li>\n<\/ol>\n<div style=\"text-align:center\" class=\"yasr-auto-insert-visitor\"><\/div>","protected":false},"excerpt":{"rendered":"<p>Tendencias y Retos Grid-Forming BESS<\/p>","protected":false},"featured_media":57214,"comment_status":"open","ping_status":"closed","template":"","meta":{"yasr_overall_rating":0,"yasr_post_is_review":"","yasr_auto_insert_disabled":"","yasr_review_type":""},"product_cat":[37,39,36],"product_tag":[24],"class_list":["post-57213","product","type-product","status-publish","has-post-thumbnail","hentry","product_cat-operacion-flexible","product_cat-recursos-distribuidos","product_cat-red-flexible-automatizada-y-digital","product_tag-en-investigacion"],"yasr_visitor_votes":{"number_of_votes":0,"sum_votes":0,"stars_attributes":{"read_only":false,"span_bottom":false}},"yoast_head":"<!-- This site is optimized with the Yoast SEO plugin v27.5 - https:\/\/yoast.com\/product\/yoast-seo-wordpress\/ -->\n<title>Tendencias y Retos Grid-Forming BESS - Colombia Inteligente<\/title>\n<meta name=\"description\" content=\"El documento describe avances y retos del uso de datos en redes inteligentes, abordando calidad, seguridad, privacidad e interoperabilidad. Se estructura en seis cap\u00edtulos: antecedentes y pol\u00edticas en Colombia, conceptos de redes y ciudades inteligentes, calidad y modelado de datos, casos de estudio internacionales y desaf\u00edos en la transformaci\u00f3n digital.\" \/>\n<meta name=\"robots\" content=\"index, follow, max-snippet:-1, max-image-preview:large, max-video-preview:-1\" \/>\n<link rel=\"canonical\" href=\"https:\/\/colombiainteligente.org\/es_co\/product\/tendencias-y-retos-grid-forming-bess\/\" \/>\n<meta property=\"og:locale\" content=\"es_ES\" \/>\n<meta property=\"og:type\" content=\"article\" \/>\n<meta property=\"og:title\" content=\"Tendencias y Retos Grid-Forming BESS - Colombia Inteligente\" \/>\n<meta property=\"og:description\" content=\"El documento describe avances y retos del uso de datos en redes inteligentes, abordando calidad, seguridad, privacidad e interoperabilidad. Se estructura en seis cap\u00edtulos: antecedentes y pol\u00edticas en Colombia, conceptos de redes y ciudades inteligentes, calidad y modelado de datos, casos de estudio internacionales y desaf\u00edos en la transformaci\u00f3n digital.\" \/>\n<meta property=\"og:url\" content=\"https:\/\/colombiainteligente.org\/es_co\/product\/tendencias-y-retos-grid-forming-bess\/\" \/>\n<meta property=\"og:site_name\" content=\"Colombia Inteligente\" \/>\n<meta property=\"article:modified_time\" content=\"2025-09-11T17:29:22+00:00\" \/>\n<meta property=\"og:image\" content=\"https:\/\/colombiainteligente.org\/wp-content\/uploads\/2025\/05\/tendencia-y-retos.png\" \/>\n\t<meta property=\"og:image:width\" content=\"1048\" \/>\n\t<meta property=\"og:image:height\" content=\"585\" \/>\n\t<meta property=\"og:image:type\" content=\"image\/png\" \/>\n<meta name=\"twitter:card\" content=\"summary_large_image\" \/>\n<meta name=\"twitter:site\" content=\"@colombiaintelig\" \/>\n<meta name=\"twitter:label1\" content=\"Tiempo estimado de lectura\" \/>\n\t<meta name=\"twitter:data1\" content=\"2 minutes\" \/>\n<script type=\"application\/ld+json\" class=\"yoast-schema-graph\">{\"@context\":\"https:\\\/\\\/schema.org\",\"@graph\":[{\"@type\":\"WebPage\",\"@id\":\"https:\\\/\\\/colombiainteligente.org\\\/producto\\\/tendencias-y-retos-grid-forming-bess\\\/\",\"url\":\"https:\\\/\\\/colombiainteligente.org\\\/producto\\\/tendencias-y-retos-grid-forming-bess\\\/\",\"name\":\"Tendencias y Retos Grid-Forming BESS - Colombia Inteligente\",\"isPartOf\":{\"@id\":\"https:\\\/\\\/colombiainteligente.org\\\/#website\"},\"primaryImageOfPage\":{\"@id\":\"https:\\\/\\\/colombiainteligente.org\\\/producto\\\/tendencias-y-retos-grid-forming-bess\\\/#primaryimage\"},\"image\":{\"@id\":\"https:\\\/\\\/colombiainteligente.org\\\/producto\\\/tendencias-y-retos-grid-forming-bess\\\/#primaryimage\"},\"thumbnailUrl\":\"https:\\\/\\\/colombiainteligente.org\\\/wp-content\\\/uploads\\\/2025\\\/05\\\/tendencia-y-retos.png\",\"datePublished\":\"2025-05-22T19:34:36+00:00\",\"dateModified\":\"2025-09-11T17:29:22+00:00\",\"description\":\"El documento describe avances y retos del uso de datos en redes inteligentes, abordando calidad, seguridad, privacidad e interoperabilidad. Se estructura en seis cap\u00edtulos: antecedentes y pol\u00edticas en Colombia, conceptos de redes y ciudades inteligentes, calidad y modelado de datos, casos de estudio internacionales y desaf\u00edos en la transformaci\u00f3n digital.\",\"breadcrumb\":{\"@id\":\"https:\\\/\\\/colombiainteligente.org\\\/producto\\\/tendencias-y-retos-grid-forming-bess\\\/#breadcrumb\"},\"inLanguage\":\"es-CO\",\"potentialAction\":[{\"@type\":\"ReadAction\",\"target\":[\"https:\\\/\\\/colombiainteligente.org\\\/producto\\\/tendencias-y-retos-grid-forming-bess\\\/\"]}]},{\"@type\":\"ImageObject\",\"inLanguage\":\"es-CO\",\"@id\":\"https:\\\/\\\/colombiainteligente.org\\\/producto\\\/tendencias-y-retos-grid-forming-bess\\\/#primaryimage\",\"url\":\"https:\\\/\\\/colombiainteligente.org\\\/wp-content\\\/uploads\\\/2025\\\/05\\\/tendencia-y-retos.png\",\"contentUrl\":\"https:\\\/\\\/colombiainteligente.org\\\/wp-content\\\/uploads\\\/2025\\\/05\\\/tendencia-y-retos.png\",\"width\":1048,\"height\":585},{\"@type\":\"BreadcrumbList\",\"@id\":\"https:\\\/\\\/colombiainteligente.org\\\/producto\\\/tendencias-y-retos-grid-forming-bess\\\/#breadcrumb\",\"itemListElement\":[{\"@type\":\"ListItem\",\"position\":1,\"name\":\"Portada\",\"item\":\"https:\\\/\\\/colombiainteligente.org\\\/\"},{\"@type\":\"ListItem\",\"position\":2,\"name\":\"Tienda\",\"item\":\"https:\\\/\\\/colombiainteligente.org\\\/tienda\\\/\"},{\"@type\":\"ListItem\",\"position\":3,\"name\":\"Tendencias y Retos Grid-Forming BESS\"}]},{\"@type\":\"WebSite\",\"@id\":\"https:\\\/\\\/colombiainteligente.org\\\/#website\",\"url\":\"https:\\\/\\\/colombiainteligente.org\\\/\",\"name\":\"Colombia Inteligente\",\"description\":\"Alianza estrat\u00e9gica, conformada por empresas y entidades, para la inserci\u00f3n integral y eficiente de las redes inteligentes a la infraestructura del sector el\u00e9ctrico colombiano\",\"publisher\":{\"@id\":\"https:\\\/\\\/colombiainteligente.org\\\/#organization\"},\"potentialAction\":[{\"@type\":\"SearchAction\",\"target\":{\"@type\":\"EntryPoint\",\"urlTemplate\":\"https:\\\/\\\/colombiainteligente.org\\\/?s={search_term_string}\"},\"query-input\":{\"@type\":\"PropertyValueSpecification\",\"valueRequired\":true,\"valueName\":\"search_term_string\"}}],\"inLanguage\":\"es-CO\"},{\"@type\":\"Organization\",\"@id\":\"https:\\\/\\\/colombiainteligente.org\\\/#organization\",\"name\":\"Colombia Inteligente\",\"url\":\"https:\\\/\\\/colombiainteligente.org\\\/\",\"logo\":{\"@type\":\"ImageObject\",\"inLanguage\":\"es-CO\",\"@id\":\"https:\\\/\\\/colombiainteligente.org\\\/#\\\/schema\\\/logo\\\/image\\\/\",\"url\":\"https:\\\/\\\/colombiainteligente.org\\\/wp-content\\\/uploads\\\/2022\\\/07\\\/Image.png\",\"contentUrl\":\"https:\\\/\\\/colombiainteligente.org\\\/wp-content\\\/uploads\\\/2022\\\/07\\\/Image.png\",\"width\":588,\"height\":274,\"caption\":\"Colombia Inteligente\"},\"image\":{\"@id\":\"https:\\\/\\\/colombiainteligente.org\\\/#\\\/schema\\\/logo\\\/image\\\/\"},\"sameAs\":[\"https:\\\/\\\/x.com\\\/colombiaintelig\",\"https:\\\/\\\/www.linkedin.com\\\/company\\\/colombiainteligente\\\/\"]}]}<\/script>\n<!-- \/ Yoast SEO plugin. -->","yoast_head_json":{"title":"Tendencias y Retos Grid-Forming BESS - Colombia Inteligente","description":"El documento describe avances y retos del uso de datos en redes inteligentes, abordando calidad, seguridad, privacidad e interoperabilidad. Se estructura en seis cap\u00edtulos: antecedentes y pol\u00edticas en Colombia, conceptos de redes y ciudades inteligentes, calidad y modelado de datos, casos de estudio internacionales y desaf\u00edos en la transformaci\u00f3n digital.","robots":{"index":"index","follow":"follow","max-snippet":"max-snippet:-1","max-image-preview":"max-image-preview:large","max-video-preview":"max-video-preview:-1"},"canonical":"https:\/\/colombiainteligente.org\/es_co\/product\/tendencias-y-retos-grid-forming-bess\/","og_locale":"es_ES","og_type":"article","og_title":"Tendencias y Retos Grid-Forming BESS - Colombia Inteligente","og_description":"El documento describe avances y retos del uso de datos en redes inteligentes, abordando calidad, seguridad, privacidad e interoperabilidad. Se estructura en seis cap\u00edtulos: antecedentes y pol\u00edticas en Colombia, conceptos de redes y ciudades inteligentes, calidad y modelado de datos, casos de estudio internacionales y desaf\u00edos en la transformaci\u00f3n digital.","og_url":"https:\/\/colombiainteligente.org\/es_co\/product\/tendencias-y-retos-grid-forming-bess\/","og_site_name":"Colombia Inteligente","article_modified_time":"2025-09-11T17:29:22+00:00","og_image":[{"width":1048,"height":585,"url":"https:\/\/colombiainteligente.org\/wp-content\/uploads\/2025\/05\/tendencia-y-retos.png","type":"image\/png"}],"twitter_card":"summary_large_image","twitter_site":"@colombiaintelig","twitter_misc":{"Tiempo estimado de lectura":"2 minutes"},"schema":{"@context":"https:\/\/schema.org","@graph":[{"@type":"WebPage","@id":"https:\/\/colombiainteligente.org\/producto\/tendencias-y-retos-grid-forming-bess\/","url":"https:\/\/colombiainteligente.org\/producto\/tendencias-y-retos-grid-forming-bess\/","name":"Tendencias y Retos Grid-Forming BESS - Colombia Inteligente","isPartOf":{"@id":"https:\/\/colombiainteligente.org\/#website"},"primaryImageOfPage":{"@id":"https:\/\/colombiainteligente.org\/producto\/tendencias-y-retos-grid-forming-bess\/#primaryimage"},"image":{"@id":"https:\/\/colombiainteligente.org\/producto\/tendencias-y-retos-grid-forming-bess\/#primaryimage"},"thumbnailUrl":"https:\/\/colombiainteligente.org\/wp-content\/uploads\/2025\/05\/tendencia-y-retos.png","datePublished":"2025-05-22T19:34:36+00:00","dateModified":"2025-09-11T17:29:22+00:00","description":"El documento describe avances y retos del uso de datos en redes inteligentes, abordando calidad, seguridad, privacidad e interoperabilidad. Se estructura en seis cap\u00edtulos: antecedentes y pol\u00edticas en Colombia, conceptos de redes y ciudades inteligentes, calidad y modelado de datos, casos de estudio internacionales y desaf\u00edos en la transformaci\u00f3n digital.","breadcrumb":{"@id":"https:\/\/colombiainteligente.org\/producto\/tendencias-y-retos-grid-forming-bess\/#breadcrumb"},"inLanguage":"es-CO","potentialAction":[{"@type":"ReadAction","target":["https:\/\/colombiainteligente.org\/producto\/tendencias-y-retos-grid-forming-bess\/"]}]},{"@type":"ImageObject","inLanguage":"es-CO","@id":"https:\/\/colombiainteligente.org\/producto\/tendencias-y-retos-grid-forming-bess\/#primaryimage","url":"https:\/\/colombiainteligente.org\/wp-content\/uploads\/2025\/05\/tendencia-y-retos.png","contentUrl":"https:\/\/colombiainteligente.org\/wp-content\/uploads\/2025\/05\/tendencia-y-retos.png","width":1048,"height":585},{"@type":"BreadcrumbList","@id":"https:\/\/colombiainteligente.org\/producto\/tendencias-y-retos-grid-forming-bess\/#breadcrumb","itemListElement":[{"@type":"ListItem","position":1,"name":"Portada","item":"https:\/\/colombiainteligente.org\/"},{"@type":"ListItem","position":2,"name":"Tienda","item":"https:\/\/colombiainteligente.org\/tienda\/"},{"@type":"ListItem","position":3,"name":"Tendencias y Retos Grid-Forming BESS"}]},{"@type":"WebSite","@id":"https:\/\/colombiainteligente.org\/#website","url":"https:\/\/colombiainteligente.org\/","name":"Colombia Inteligente","description":"Alianza estrat\u00e9gica, conformada por empresas y entidades, para la inserci\u00f3n integral y eficiente de las redes inteligentes a la infraestructura del sector el\u00e9ctrico colombiano","publisher":{"@id":"https:\/\/colombiainteligente.org\/#organization"},"potentialAction":[{"@type":"SearchAction","target":{"@type":"EntryPoint","urlTemplate":"https:\/\/colombiainteligente.org\/?s={search_term_string}"},"query-input":{"@type":"PropertyValueSpecification","valueRequired":true,"valueName":"search_term_string"}}],"inLanguage":"es-CO"},{"@type":"Organization","@id":"https:\/\/colombiainteligente.org\/#organization","name":"Colombia Inteligente","url":"https:\/\/colombiainteligente.org\/","logo":{"@type":"ImageObject","inLanguage":"es-CO","@id":"https:\/\/colombiainteligente.org\/#\/schema\/logo\/image\/","url":"https:\/\/colombiainteligente.org\/wp-content\/uploads\/2022\/07\/Image.png","contentUrl":"https:\/\/colombiainteligente.org\/wp-content\/uploads\/2022\/07\/Image.png","width":588,"height":274,"caption":"Colombia Inteligente"},"image":{"@id":"https:\/\/colombiainteligente.org\/#\/schema\/logo\/image\/"},"sameAs":["https:\/\/x.com\/colombiaintelig","https:\/\/www.linkedin.com\/company\/colombiainteligente\/"]}]}},"_links":{"self":[{"href":"https:\/\/colombiainteligente.org\/es_co\/wp-json\/wp\/v2\/product\/57213","targetHints":{"allow":["GET"]}}],"collection":[{"href":"https:\/\/colombiainteligente.org\/es_co\/wp-json\/wp\/v2\/product"}],"about":[{"href":"https:\/\/colombiainteligente.org\/es_co\/wp-json\/wp\/v2\/types\/product"}],"replies":[{"embeddable":true,"href":"https:\/\/colombiainteligente.org\/es_co\/wp-json\/wp\/v2\/comments?post=57213"}],"wp:featuredmedia":[{"embeddable":true,"href":"https:\/\/colombiainteligente.org\/es_co\/wp-json\/wp\/v2\/media\/57214"}],"wp:attachment":[{"href":"https:\/\/colombiainteligente.org\/es_co\/wp-json\/wp\/v2\/media?parent=57213"}],"wp:term":[{"taxonomy":"product_cat","embeddable":true,"href":"https:\/\/colombiainteligente.org\/es_co\/wp-json\/wp\/v2\/product_cat?post=57213"},{"taxonomy":"product_tag","embeddable":true,"href":"https:\/\/colombiainteligente.org\/es_co\/wp-json\/wp\/v2\/product_tag?post=57213"}],"curies":[{"name":"wp","href":"https:\/\/api.w.org\/{rel}","templated":true}]}}