{"id":57219,"date":"2025-05-26T16:18:22","date_gmt":"2025-05-26T21:18:22","guid":{"rendered":"https:\/\/colombiainteligente.org\/?post_type=product&#038;p=57219"},"modified":"2025-09-11T12:28:29","modified_gmt":"2025-09-11T17:28:29","slug":"recursos-virtuales-referenciamiento","status":"publish","type":"product","link":"https:\/\/colombiainteligente.org\/es_co\/product\/recursos-virtuales-referenciamiento\/","title":{"rendered":"Recursos Virtuales &#8211; Referenciamiento"},"content":{"rendered":"<p>El objetivo de este documento es proporcionar una visi\u00f3n integral del concepto de recursos virtuales y su potencial para transformar el sector el\u00e9ctrico, destacando tanto las oportunidades como los desaf\u00edos que enfrenta su implementaci\u00f3n. A trav\u00e9s de la revisi\u00f3n de casos de estudio y mecanismos tecnol\u00f3gicos, se evidencia que con la adopci\u00f3n de estos recursos se puede lograr una transici\u00f3n energ\u00e9tica m\u00e1s descentralizada, eficiente y resiliente. Adem\u00e1s, se busca destacar tanto los beneficios como los desaf\u00edos inherentes al proceso de transformaci\u00f3n tecnol\u00f3gica de la infraestructura el\u00e9ctrica mediante la implementaci\u00f3n de recursos virtuales. Estas tecnolog\u00edas emergentes tienen el potencial de optimizar la capacidad de transporte de energ\u00eda, integrar recursos energ\u00e9ticos distribuidos (Distributed Energy Resources &#8211; DER), incrementar la resiliencia y proveer servicios a la red el\u00e9ctrica.<br \/>\nEl documento se estructur\u00f3 en tres cap\u00edtulos principales, el primer cap\u00edtulo introduce el concepto de recurso virtual, definido como la agregaci\u00f3n digital y f\u00edsica de diversos activos energ\u00e9ticos, como generaci\u00f3n distribuida, sistemas de almacenamiento y dispositivos de respuesta de la demanda. Se exploran los tipos de plantas de energ\u00eda virtual (Virtual Power Planta &#8211; VPPs), clasificadas en VPPs participantes del mercado y VPPs minoristas, y se analizan las tecnolog\u00edas emergentes que est\u00e1n transformando el sector el\u00e9ctrico. Adem\u00e1s, se describen los esquemas para el uso de VPPs, incluyendo modelos residenciales, comunitarios, industriales y aquellos gestionados por empresas de energ\u00eda. En el cap\u00edtulo 2, se detallan los requisitos y est\u00e1ndares t\u00e9cnicos necesarios para la interoperabilidad y seguridad de los recursos virtuales, destacando el papel del sistema de gesti\u00f3n de los recursos energ\u00e9ticos distribuidos (DERMS) y los est\u00e1ndares como IEEE 2030 y IEC 61850. Se examinan los mecanismos tecnol\u00f3gicos que facilitan la conexi\u00f3n y coordinaci\u00f3n de dispositivos heterog\u00e9neos, incluyendo el uso de blockchain, computaci\u00f3n en la nube y aprendizaje autom\u00e1tico. Tambi\u00e9n se abordan los mecanismos para la prestaci\u00f3n de servicios, como la participaci\u00f3n en mercados de energ\u00eda, o el uso de la tecnolog\u00eda Grid Forming-BESS y servicios complementarios, adem\u00e1s se identifica los mecanismos previos necesarios para habilitar la integraci\u00f3n de los recursos virtuales, como los modelos de operaci\u00f3n de VPPs y las tecnolog\u00edas habilitadoras. El tercer cap\u00edtulo presenta una recopilaci\u00f3n exhaustiva de 41 casos internacionales, mostrando c\u00f3mo diversas iniciativas en Estados Unidos, Europa, Asia y Ocean\u00eda han logrado integrar DER mediante tecnolog\u00edas avanzadas como inteligencia artificial, automatizaci\u00f3n y plataformas digitales. A trav\u00e9s del an\u00e1lisis de estos casos, se identifican pr\u00e1cticas exitosas, aprendizajes y modelos replicables que permiten mejorar la eficiencia operacional, la activa participaci\u00f3n del consumidor, la resiliencia del sistema y la integraci\u00f3n de energ\u00edas variables. Estos casos ilustran c\u00f3mo la regulaci\u00f3n, los incentivos financieros y las alianzas estrat\u00e9gicas han sido factores determinantes para el desarrollo de las VPP, y, en el \u00e1mbito nacional, se identific\u00f3 un proyecto piloto de VPPs en Colombia. En general, los casos buscan optimizar el uso del sistema mediante la integraci\u00f3n de DERs, adem\u00e1s, desde el an\u00e1lisis comparativo de todos los casos se identificaron lecciones aprendidas y mejores pr\u00e1cticas, resaltando la importancia de combinar normativas, est\u00e1ndares de interoperabilidad y plataformas digitales para avanzar hacia redes el\u00e9ctricas m\u00e1s robustas y sostenibles.<br \/>\nLas experiencias recientes en programas de respuesta de la demanda y modernizaci\u00f3n del sistema el\u00e9ctrico han evidenciado la necesidad de posicionar al consumidor como un agente activo y colaborador principal, lo cual exige el dise\u00f1o de reglas que facilite su participaci\u00f3n efectiva. La automatizaci\u00f3n, digitalizaci\u00f3n y visibilidad en la red de baja tensi\u00f3n emergen como elementos estrat\u00e9gicos para gestionar la flexibilidad del sistema, especialmente cuando se integran recursos como el almacenamiento distribuido y la movilidad el\u00e9ctrica. Los pilotos demostrativos han sido esenciales para evaluar el potencial de respuesta, permitiendo escalar soluciones mediante dise\u00f1os modulares y arquitecturas distribuidas basadas en la nube. La planificaci\u00f3n integral de redes inteligentes, junto con incentivos, modelos de propiedad inclusivos e interoperabilidad t\u00e9cnica, ha fortalecido alianzas intersectoriales y ha promovido mercados locales de flexibilidad. Las mejores pr\u00e1cticas destacan la simplicidad desde el dise\u00f1o, el uso de tecnolog\u00edas abiertas \u2014como termostatos inteligentes\u2014 y la gesti\u00f3n avanzada del almacenamiento, todo ello bajo un enfoque de monitoreo, evaluaci\u00f3n y mejora continua. Finalmente, el apoyo institucional y las pol\u00edticas p\u00fablicas han sido catalizadores para priorizar y fomentar un ecosistema energ\u00e9tico resiliente, adaptativo e inclusivo.<\/p>\n<div style=\"text-align:center\" class=\"yasr-auto-insert-visitor\"><\/div>","protected":false},"excerpt":{"rendered":"<p>Recursos Virtuales &#8211; Referenciamiento<\/p>","protected":false},"featured_media":57220,"comment_status":"open","ping_status":"closed","template":"","meta":{"yasr_overall_rating":0,"yasr_post_is_review":"","yasr_auto_insert_disabled":"","yasr_review_type":""},"product_cat":[37,39,36],"product_tag":[24],"class_list":["post-57219","product","type-product","status-publish","has-post-thumbnail","hentry","product_cat-operacion-flexible","product_cat-recursos-distribuidos","product_cat-red-flexible-automatizada-y-digital","product_tag-en-investigacion"],"yasr_visitor_votes":{"number_of_votes":0,"sum_votes":0,"stars_attributes":{"read_only":false,"span_bottom":false}},"yoast_head":"<!-- This site is optimized with the Yoast SEO plugin v27.3 - https:\/\/yoast.com\/product\/yoast-seo-wordpress\/ -->\n<title>Recursos Virtuales - Referenciamiento - Colombia Inteligente<\/title>\n<meta name=\"description\" content=\"El documento describe avances y retos del uso de datos en redes inteligentes, abordando calidad, seguridad, privacidad e interoperabilidad. Se estructura en seis cap\u00edtulos: antecedentes y pol\u00edticas en Colombia, conceptos de redes y ciudades inteligentes, calidad y modelado de datos, casos de estudio internacionales y desaf\u00edos en la transformaci\u00f3n digital.\" \/>\n<meta name=\"robots\" content=\"index, follow, max-snippet:-1, max-image-preview:large, max-video-preview:-1\" \/>\n<link rel=\"canonical\" href=\"https:\/\/colombiainteligente.org\/es_co\/product\/recursos-virtuales-referenciamiento\/\" \/>\n<meta property=\"og:locale\" content=\"es_ES\" \/>\n<meta property=\"og:type\" content=\"article\" \/>\n<meta property=\"og:title\" content=\"Recursos Virtuales - Referenciamiento - Colombia Inteligente\" \/>\n<meta property=\"og:description\" content=\"El documento describe avances y retos del uso de datos en redes inteligentes, abordando calidad, seguridad, privacidad e interoperabilidad. Se estructura en seis cap\u00edtulos: antecedentes y pol\u00edticas en Colombia, conceptos de redes y ciudades inteligentes, calidad y modelado de datos, casos de estudio internacionales y desaf\u00edos en la transformaci\u00f3n digital.\" \/>\n<meta property=\"og:url\" content=\"https:\/\/colombiainteligente.org\/es_co\/product\/recursos-virtuales-referenciamiento\/\" \/>\n<meta property=\"og:site_name\" content=\"Colombia Inteligente\" \/>\n<meta property=\"article:modified_time\" content=\"2025-09-11T17:28:29+00:00\" \/>\n<meta property=\"og:image\" content=\"https:\/\/colombiainteligente.org\/wp-content\/uploads\/2025\/05\/Recursos-virtuales.png\" \/>\n\t<meta property=\"og:image:width\" content=\"303\" \/>\n\t<meta property=\"og:image:height\" content=\"398\" \/>\n\t<meta property=\"og:image:type\" content=\"image\/png\" \/>\n<meta name=\"twitter:card\" content=\"summary_large_image\" \/>\n<meta name=\"twitter:site\" content=\"@colombiaintelig\" \/>\n<meta name=\"twitter:label1\" content=\"Tiempo estimado de lectura\" \/>\n\t<meta name=\"twitter:data1\" content=\"4 minutes\" \/>\n<script type=\"application\/ld+json\" class=\"yoast-schema-graph\">{\"@context\":\"https:\\\/\\\/schema.org\",\"@graph\":[{\"@type\":\"WebPage\",\"@id\":\"https:\\\/\\\/colombiainteligente.org\\\/producto\\\/recursos-virtuales-referenciamiento\\\/\",\"url\":\"https:\\\/\\\/colombiainteligente.org\\\/producto\\\/recursos-virtuales-referenciamiento\\\/\",\"name\":\"Recursos Virtuales - Referenciamiento - Colombia Inteligente\",\"isPartOf\":{\"@id\":\"https:\\\/\\\/colombiainteligente.org\\\/#website\"},\"primaryImageOfPage\":{\"@id\":\"https:\\\/\\\/colombiainteligente.org\\\/producto\\\/recursos-virtuales-referenciamiento\\\/#primaryimage\"},\"image\":{\"@id\":\"https:\\\/\\\/colombiainteligente.org\\\/producto\\\/recursos-virtuales-referenciamiento\\\/#primaryimage\"},\"thumbnailUrl\":\"https:\\\/\\\/colombiainteligente.org\\\/wp-content\\\/uploads\\\/2025\\\/05\\\/Recursos-virtuales.png\",\"datePublished\":\"2025-05-26T21:18:22+00:00\",\"dateModified\":\"2025-09-11T17:28:29+00:00\",\"description\":\"El documento describe avances y retos del uso de datos en redes inteligentes, abordando calidad, seguridad, privacidad e interoperabilidad. Se estructura en seis cap\u00edtulos: antecedentes y pol\u00edticas en Colombia, conceptos de redes y ciudades inteligentes, calidad y modelado de datos, casos de estudio internacionales y desaf\u00edos en la transformaci\u00f3n digital.\",\"breadcrumb\":{\"@id\":\"https:\\\/\\\/colombiainteligente.org\\\/producto\\\/recursos-virtuales-referenciamiento\\\/#breadcrumb\"},\"inLanguage\":\"es-CO\",\"potentialAction\":[{\"@type\":\"ReadAction\",\"target\":[\"https:\\\/\\\/colombiainteligente.org\\\/producto\\\/recursos-virtuales-referenciamiento\\\/\"]}]},{\"@type\":\"ImageObject\",\"inLanguage\":\"es-CO\",\"@id\":\"https:\\\/\\\/colombiainteligente.org\\\/producto\\\/recursos-virtuales-referenciamiento\\\/#primaryimage\",\"url\":\"https:\\\/\\\/colombiainteligente.org\\\/wp-content\\\/uploads\\\/2025\\\/05\\\/Recursos-virtuales.png\",\"contentUrl\":\"https:\\\/\\\/colombiainteligente.org\\\/wp-content\\\/uploads\\\/2025\\\/05\\\/Recursos-virtuales.png\",\"width\":303,\"height\":398},{\"@type\":\"BreadcrumbList\",\"@id\":\"https:\\\/\\\/colombiainteligente.org\\\/producto\\\/recursos-virtuales-referenciamiento\\\/#breadcrumb\",\"itemListElement\":[{\"@type\":\"ListItem\",\"position\":1,\"name\":\"Portada\",\"item\":\"https:\\\/\\\/colombiainteligente.org\\\/\"},{\"@type\":\"ListItem\",\"position\":2,\"name\":\"Tienda\",\"item\":\"https:\\\/\\\/colombiainteligente.org\\\/tienda\\\/\"},{\"@type\":\"ListItem\",\"position\":3,\"name\":\"Recursos Virtuales &#8211; Referenciamiento\"}]},{\"@type\":\"WebSite\",\"@id\":\"https:\\\/\\\/colombiainteligente.org\\\/#website\",\"url\":\"https:\\\/\\\/colombiainteligente.org\\\/\",\"name\":\"Colombia Inteligente\",\"description\":\"Alianza estrat\u00e9gica, conformada por empresas y entidades, para la inserci\u00f3n integral y eficiente de las redes inteligentes a la infraestructura del sector el\u00e9ctrico colombiano\",\"publisher\":{\"@id\":\"https:\\\/\\\/colombiainteligente.org\\\/#organization\"},\"potentialAction\":[{\"@type\":\"SearchAction\",\"target\":{\"@type\":\"EntryPoint\",\"urlTemplate\":\"https:\\\/\\\/colombiainteligente.org\\\/?s={search_term_string}\"},\"query-input\":{\"@type\":\"PropertyValueSpecification\",\"valueRequired\":true,\"valueName\":\"search_term_string\"}}],\"inLanguage\":\"es-CO\"},{\"@type\":\"Organization\",\"@id\":\"https:\\\/\\\/colombiainteligente.org\\\/#organization\",\"name\":\"Colombia Inteligente\",\"url\":\"https:\\\/\\\/colombiainteligente.org\\\/\",\"logo\":{\"@type\":\"ImageObject\",\"inLanguage\":\"es-CO\",\"@id\":\"https:\\\/\\\/colombiainteligente.org\\\/#\\\/schema\\\/logo\\\/image\\\/\",\"url\":\"https:\\\/\\\/colombiainteligente.org\\\/wp-content\\\/uploads\\\/2022\\\/07\\\/Image.png\",\"contentUrl\":\"https:\\\/\\\/colombiainteligente.org\\\/wp-content\\\/uploads\\\/2022\\\/07\\\/Image.png\",\"width\":588,\"height\":274,\"caption\":\"Colombia Inteligente\"},\"image\":{\"@id\":\"https:\\\/\\\/colombiainteligente.org\\\/#\\\/schema\\\/logo\\\/image\\\/\"},\"sameAs\":[\"https:\\\/\\\/x.com\\\/colombiaintelig\",\"https:\\\/\\\/www.linkedin.com\\\/company\\\/colombiainteligente\\\/\"]}]}<\/script>\n<!-- \/ Yoast SEO plugin. -->","yoast_head_json":{"title":"Recursos Virtuales - Referenciamiento - Colombia Inteligente","description":"El documento describe avances y retos del uso de datos en redes inteligentes, abordando calidad, seguridad, privacidad e interoperabilidad. Se estructura en seis cap\u00edtulos: antecedentes y pol\u00edticas en Colombia, conceptos de redes y ciudades inteligentes, calidad y modelado de datos, casos de estudio internacionales y desaf\u00edos en la transformaci\u00f3n digital.","robots":{"index":"index","follow":"follow","max-snippet":"max-snippet:-1","max-image-preview":"max-image-preview:large","max-video-preview":"max-video-preview:-1"},"canonical":"https:\/\/colombiainteligente.org\/es_co\/product\/recursos-virtuales-referenciamiento\/","og_locale":"es_ES","og_type":"article","og_title":"Recursos Virtuales - Referenciamiento - Colombia Inteligente","og_description":"El documento describe avances y retos del uso de datos en redes inteligentes, abordando calidad, seguridad, privacidad e interoperabilidad. Se estructura en seis cap\u00edtulos: antecedentes y pol\u00edticas en Colombia, conceptos de redes y ciudades inteligentes, calidad y modelado de datos, casos de estudio internacionales y desaf\u00edos en la transformaci\u00f3n digital.","og_url":"https:\/\/colombiainteligente.org\/es_co\/product\/recursos-virtuales-referenciamiento\/","og_site_name":"Colombia Inteligente","article_modified_time":"2025-09-11T17:28:29+00:00","og_image":[{"width":303,"height":398,"url":"https:\/\/colombiainteligente.org\/wp-content\/uploads\/2025\/05\/Recursos-virtuales.png","type":"image\/png"}],"twitter_card":"summary_large_image","twitter_site":"@colombiaintelig","twitter_misc":{"Tiempo estimado de lectura":"4 minutes"},"schema":{"@context":"https:\/\/schema.org","@graph":[{"@type":"WebPage","@id":"https:\/\/colombiainteligente.org\/producto\/recursos-virtuales-referenciamiento\/","url":"https:\/\/colombiainteligente.org\/producto\/recursos-virtuales-referenciamiento\/","name":"Recursos Virtuales - Referenciamiento - Colombia Inteligente","isPartOf":{"@id":"https:\/\/colombiainteligente.org\/#website"},"primaryImageOfPage":{"@id":"https:\/\/colombiainteligente.org\/producto\/recursos-virtuales-referenciamiento\/#primaryimage"},"image":{"@id":"https:\/\/colombiainteligente.org\/producto\/recursos-virtuales-referenciamiento\/#primaryimage"},"thumbnailUrl":"https:\/\/colombiainteligente.org\/wp-content\/uploads\/2025\/05\/Recursos-virtuales.png","datePublished":"2025-05-26T21:18:22+00:00","dateModified":"2025-09-11T17:28:29+00:00","description":"El documento describe avances y retos del uso de datos en redes inteligentes, abordando calidad, seguridad, privacidad e interoperabilidad. Se estructura en seis cap\u00edtulos: antecedentes y pol\u00edticas en Colombia, conceptos de redes y ciudades inteligentes, calidad y modelado de datos, casos de estudio internacionales y desaf\u00edos en la transformaci\u00f3n digital.","breadcrumb":{"@id":"https:\/\/colombiainteligente.org\/producto\/recursos-virtuales-referenciamiento\/#breadcrumb"},"inLanguage":"es-CO","potentialAction":[{"@type":"ReadAction","target":["https:\/\/colombiainteligente.org\/producto\/recursos-virtuales-referenciamiento\/"]}]},{"@type":"ImageObject","inLanguage":"es-CO","@id":"https:\/\/colombiainteligente.org\/producto\/recursos-virtuales-referenciamiento\/#primaryimage","url":"https:\/\/colombiainteligente.org\/wp-content\/uploads\/2025\/05\/Recursos-virtuales.png","contentUrl":"https:\/\/colombiainteligente.org\/wp-content\/uploads\/2025\/05\/Recursos-virtuales.png","width":303,"height":398},{"@type":"BreadcrumbList","@id":"https:\/\/colombiainteligente.org\/producto\/recursos-virtuales-referenciamiento\/#breadcrumb","itemListElement":[{"@type":"ListItem","position":1,"name":"Portada","item":"https:\/\/colombiainteligente.org\/"},{"@type":"ListItem","position":2,"name":"Tienda","item":"https:\/\/colombiainteligente.org\/tienda\/"},{"@type":"ListItem","position":3,"name":"Recursos Virtuales &#8211; Referenciamiento"}]},{"@type":"WebSite","@id":"https:\/\/colombiainteligente.org\/#website","url":"https:\/\/colombiainteligente.org\/","name":"Colombia Inteligente","description":"Alianza estrat\u00e9gica, conformada por empresas y entidades, para la inserci\u00f3n integral y eficiente de las redes inteligentes a la infraestructura del sector el\u00e9ctrico colombiano","publisher":{"@id":"https:\/\/colombiainteligente.org\/#organization"},"potentialAction":[{"@type":"SearchAction","target":{"@type":"EntryPoint","urlTemplate":"https:\/\/colombiainteligente.org\/?s={search_term_string}"},"query-input":{"@type":"PropertyValueSpecification","valueRequired":true,"valueName":"search_term_string"}}],"inLanguage":"es-CO"},{"@type":"Organization","@id":"https:\/\/colombiainteligente.org\/#organization","name":"Colombia Inteligente","url":"https:\/\/colombiainteligente.org\/","logo":{"@type":"ImageObject","inLanguage":"es-CO","@id":"https:\/\/colombiainteligente.org\/#\/schema\/logo\/image\/","url":"https:\/\/colombiainteligente.org\/wp-content\/uploads\/2022\/07\/Image.png","contentUrl":"https:\/\/colombiainteligente.org\/wp-content\/uploads\/2022\/07\/Image.png","width":588,"height":274,"caption":"Colombia Inteligente"},"image":{"@id":"https:\/\/colombiainteligente.org\/#\/schema\/logo\/image\/"},"sameAs":["https:\/\/x.com\/colombiaintelig","https:\/\/www.linkedin.com\/company\/colombiainteligente\/"]}]}},"_links":{"self":[{"href":"https:\/\/colombiainteligente.org\/es_co\/wp-json\/wp\/v2\/product\/57219","targetHints":{"allow":["GET"]}}],"collection":[{"href":"https:\/\/colombiainteligente.org\/es_co\/wp-json\/wp\/v2\/product"}],"about":[{"href":"https:\/\/colombiainteligente.org\/es_co\/wp-json\/wp\/v2\/types\/product"}],"replies":[{"embeddable":true,"href":"https:\/\/colombiainteligente.org\/es_co\/wp-json\/wp\/v2\/comments?post=57219"}],"wp:featuredmedia":[{"embeddable":true,"href":"https:\/\/colombiainteligente.org\/es_co\/wp-json\/wp\/v2\/media\/57220"}],"wp:attachment":[{"href":"https:\/\/colombiainteligente.org\/es_co\/wp-json\/wp\/v2\/media?parent=57219"}],"wp:term":[{"taxonomy":"product_cat","embeddable":true,"href":"https:\/\/colombiainteligente.org\/es_co\/wp-json\/wp\/v2\/product_cat?post=57219"},{"taxonomy":"product_tag","embeddable":true,"href":"https:\/\/colombiainteligente.org\/es_co\/wp-json\/wp\/v2\/product_tag?post=57219"}],"curies":[{"name":"wp","href":"https:\/\/api.w.org\/{rel}","templated":true}]}}