{"id":61014,"date":"2025-09-09T14:01:44","date_gmt":"2025-09-09T19:01:44","guid":{"rendered":"https:\/\/colombiainteligente.org\/?post_type=product&#038;p=61014"},"modified":"2025-09-11T12:26:26","modified_gmt":"2025-09-11T17:26:26","slug":"recursos-virtuales-lineamientos-estrategicos","status":"publish","type":"product","link":"https:\/\/colombiainteligente.org\/es_co\/product\/recursos-virtuales-lineamientos-estrategicos\/","title":{"rendered":"Recursos Virtuales &#8211; Lineamientos Estrat\u00e9gicos"},"content":{"rendered":"<p>El objetivo de este documento es analizar los retos y acciones requeridas para el despliegue de los recursos virtuales en Colombia, entendidos como la articulaci\u00f3n digital de recursos energ\u00e9ticos distribuidos (generaci\u00f3n local, sistemas de almacenamiento, programas de respuesta a la demanda y cargas controlables) que, al agregarse mediante plataformas de software, como por ejemplo DERMS, se transforman en actores activos del sistema el\u00e9ctrico y aportan flexibilidad, resiliencia y eficiencia. En la primera secci\u00f3n se describen los fundamentos de los recursos virtuales. Se parte de una conceptualizaci\u00f3n que reconoce la naturaleza de las Plantas de Energ\u00eda Virtual (VPP) y se describe c\u00f3mo distintos mecanismos, desde la agregaci\u00f3n comunitaria hasta los programas de respuesta a la demanda, permiten operar de forma coordinada diferentes dispositivos distribuidos con la misma confiabilidad de una central centralizada y convencional. Asimismo, se identifican los elementos habilitadores: plataformas de gesti\u00f3n DERMS y ADMS basadas en est\u00e1ndares abiertos, infraestructura de<br \/>\ncomunicaciones de baja latencia con ciberseguridad multinivel alineada al marco NIST y programas regulatorios de experimentaci\u00f3n (sandboxes) que otorguen certidumbre a la inversi\u00f3n con base en el an\u00e1lisis de experiencias internacionales de pa\u00edses como Alemania, Australia, Estados Unidos y Jap\u00f3n, de donde se desprenden lecciones sobre remuneraci\u00f3n por desempe\u00f1o, integraci\u00f3n de almacenamiento Grid-forming y participaci\u00f3n ciudadana a trav\u00e9s de modelos cooperativos.<br \/>\nEn el segundo cap\u00edtulo, se identificaron y analizaron brechas en el contexto colombiano, y se describen 17 brechas estructurales que limitan la implementaci\u00f3n de los recursos virtuales. En la dimensi\u00f3n tecnol\u00f3gica destacan la escasa interoperabilidad entre plataformas, la insuficiencia de redes de telecomunicaciones confiables en zonas rurales, la falta de sensores en baja tensi\u00f3n y la baja implantaci\u00f3n de gemelos digitales que permitan simular la operaci\u00f3n de la red con alto detalle y granularidad. En el \u00e1mbito regulatorio se evidencia la ausencia de un marco que reconozca al agregador como actor que provea diferentes servicios al sistema, la inexistencia de tarifas que remuneren servicios de flexibilidad y la necesidad de espacios regulatorios de prueba que reduzcan los riesgos de innovaci\u00f3n. Finalmente, desde la perspectiva empresarial se subraya la baja capacidad anal\u00edtica para explotar los datos generados, la poca articulaci\u00f3n entre las \u00e1reas TIC y las de operaci\u00f3n de red, y la insuficiente visi\u00f3n estrat\u00e9gica sobre la monetizaci\u00f3n de activos digitales. Estas brechas no s\u00f3lo limitan la integraci\u00f3n de generaci\u00f3n local y la electrificaci\u00f3n de la demanda, sino que tambi\u00e9n generan ineficiencias en la prestaci\u00f3n del servicio y comprometen la resiliencia del sistema.<br \/>\nA partir de las brechas identificadas, se proponen 9 acciones, agrupadas en tres frentes. En apropiaci\u00f3n tecnol\u00f3gica: (1) modernizar la red con plataformas DERMS interoperables basadas en est\u00e1ndares internacionales, como, por ejemplo, el IEEE 2030.5 e IEC 61850 en el corto plazo; (2) implementar sistemas de almacenamiento grid-forming en zonas clim\u00e1ticamente vulnerables; y (3) constituir una red de laboratorios de gemelos digitales para probar y validar esquemas VPP antes de su entrada en operaci\u00f3n comercial, ambas a mediano plazo. En gesti\u00f3n reglamentaria, las prioridades inmediatas son: (4) emitir un marco que reglamente la agregaci\u00f3n de los recursos distribuidos, especialmente impulsar a\u00fan m\u00e1s la agregaci\u00f3n de la demanda; (5) definir un esquema tarifario que remunere servicios de flexibilidad (balance, control de tensi\u00f3n, reservas y respuesta r\u00e1pida); y (6) habilitar un arenero regulatorio que permita probar servicios o modelos de negocio de VPP con exenciones temporales. Finalmente, el pilar de gesti\u00f3n empresarial comprende: (7) un programa nacional de capacitaci\u00f3n avanzada en operaci\u00f3n de DERMS y anal\u00edtica predictiva de flexibilidad; (8) la elaboraci\u00f3n de hojas de ruta corporativas de transformaci\u00f3n digital que integren metas de adopci\u00f3n de recursos virtuales alineadas con los objetivos de descarbonizaci\u00f3n en el pa\u00eds; y (9) la creaci\u00f3n de laboratorios participativos que implementen VPP piloto en territorios energ\u00e9ticos en transici\u00f3n, fomentando gobernanza local y aprendizaje colectivo. Estas iniciativas, distribuidas entre horizontes de corto y mediano plazo, proporcionan la base t\u00e9cnica, reglamentaria y organizativa para aumentar la flexibilidad operativa y asegurar la integraci\u00f3n de los recursos virtuales en el sistema el\u00e9ctrico colombiano.<\/p>\n<div style=\"text-align:center\" class=\"yasr-auto-insert-visitor\"><\/div>","protected":false},"excerpt":{"rendered":"<p>Recursos Virtuales<br \/>\nLineamientos Estrat\u00e9gicos<\/p>","protected":false},"featured_media":61015,"comment_status":"open","ping_status":"closed","template":"","meta":{"yasr_overall_rating":0,"yasr_post_is_review":"","yasr_auto_insert_disabled":"","yasr_review_type":""},"product_cat":[35,38,37,39],"product_tag":[25],"class_list":["post-61014","product","type-product","status-publish","has-post-thumbnail","hentry","product_cat-garantizar-confiabilidad-resiliencia-e-interoperabilidad-en-el-servicio","product_cat-habilitar-servicios-descentralizados-flexibles-y-multi-producto","product_cat-operacion-flexible","product_cat-recursos-distribuidos","product_tag-aplicaciones-focales"],"yasr_visitor_votes":{"number_of_votes":0,"sum_votes":0,"stars_attributes":{"read_only":false,"span_bottom":false}},"yoast_head":"<!-- This site is optimized with the Yoast SEO plugin v27.3 - https:\/\/yoast.com\/product\/yoast-seo-wordpress\/ -->\n<title>Recursos Virtuales - Lineamientos Estrat\u00e9gicos - Colombia Inteligente<\/title>\n<meta name=\"description\" content=\"El documento describe avances y retos del uso de datos en redes inteligentes, abordando calidad, seguridad, privacidad e interoperabilidad. Se estructura en seis cap\u00edtulos: antecedentes y pol\u00edticas en Colombia, conceptos de redes y ciudades inteligentes, calidad y modelado de datos, casos de estudio internacionales y desaf\u00edos en la transformaci\u00f3n digital.\" \/>\n<meta name=\"robots\" content=\"index, follow, max-snippet:-1, max-image-preview:large, max-video-preview:-1\" \/>\n<link rel=\"canonical\" href=\"https:\/\/colombiainteligente.org\/es_co\/product\/recursos-virtuales-lineamientos-estrategicos\/\" \/>\n<meta property=\"og:locale\" content=\"es_ES\" \/>\n<meta property=\"og:type\" content=\"article\" \/>\n<meta property=\"og:title\" content=\"Recursos Virtuales - Lineamientos Estrat\u00e9gicos - Colombia Inteligente\" \/>\n<meta property=\"og:description\" content=\"El documento describe avances y retos del uso de datos en redes inteligentes, abordando calidad, seguridad, privacidad e interoperabilidad. Se estructura en seis cap\u00edtulos: antecedentes y pol\u00edticas en Colombia, conceptos de redes y ciudades inteligentes, calidad y modelado de datos, casos de estudio internacionales y desaf\u00edos en la transformaci\u00f3n digital.\" \/>\n<meta property=\"og:url\" content=\"https:\/\/colombiainteligente.org\/es_co\/product\/recursos-virtuales-lineamientos-estrategicos\/\" \/>\n<meta property=\"og:site_name\" content=\"Colombia Inteligente\" \/>\n<meta property=\"article:modified_time\" content=\"2025-09-11T17:26:26+00:00\" \/>\n<meta property=\"og:image\" content=\"https:\/\/colombiainteligente.org\/wp-content\/uploads\/2025\/09\/Captura-de-pantalla-2025-09-09-140352.png\" \/>\n\t<meta property=\"og:image:width\" content=\"452\" \/>\n\t<meta property=\"og:image:height\" content=\"586\" \/>\n\t<meta property=\"og:image:type\" content=\"image\/png\" \/>\n<meta name=\"twitter:card\" content=\"summary_large_image\" \/>\n<meta name=\"twitter:site\" content=\"@colombiaintelig\" \/>\n<meta name=\"twitter:label1\" content=\"Tiempo estimado de lectura\" \/>\n\t<meta name=\"twitter:data1\" content=\"4 minutes\" \/>\n<script type=\"application\/ld+json\" class=\"yoast-schema-graph\">{\"@context\":\"https:\\\/\\\/schema.org\",\"@graph\":[{\"@type\":\"WebPage\",\"@id\":\"https:\\\/\\\/colombiainteligente.org\\\/producto\\\/recursos-virtuales-lineamientos-estrategicos\\\/\",\"url\":\"https:\\\/\\\/colombiainteligente.org\\\/producto\\\/recursos-virtuales-lineamientos-estrategicos\\\/\",\"name\":\"Recursos Virtuales - Lineamientos Estrat\u00e9gicos - Colombia Inteligente\",\"isPartOf\":{\"@id\":\"https:\\\/\\\/colombiainteligente.org\\\/#website\"},\"primaryImageOfPage\":{\"@id\":\"https:\\\/\\\/colombiainteligente.org\\\/producto\\\/recursos-virtuales-lineamientos-estrategicos\\\/#primaryimage\"},\"image\":{\"@id\":\"https:\\\/\\\/colombiainteligente.org\\\/producto\\\/recursos-virtuales-lineamientos-estrategicos\\\/#primaryimage\"},\"thumbnailUrl\":\"https:\\\/\\\/colombiainteligente.org\\\/wp-content\\\/uploads\\\/2025\\\/09\\\/Captura-de-pantalla-2025-09-09-140352.png\",\"datePublished\":\"2025-09-09T19:01:44+00:00\",\"dateModified\":\"2025-09-11T17:26:26+00:00\",\"description\":\"El documento describe avances y retos del uso de datos en redes inteligentes, abordando calidad, seguridad, privacidad e interoperabilidad. Se estructura en seis cap\u00edtulos: antecedentes y pol\u00edticas en Colombia, conceptos de redes y ciudades inteligentes, calidad y modelado de datos, casos de estudio internacionales y desaf\u00edos en la transformaci\u00f3n digital.\",\"breadcrumb\":{\"@id\":\"https:\\\/\\\/colombiainteligente.org\\\/producto\\\/recursos-virtuales-lineamientos-estrategicos\\\/#breadcrumb\"},\"inLanguage\":\"es-CO\",\"potentialAction\":[{\"@type\":\"ReadAction\",\"target\":[\"https:\\\/\\\/colombiainteligente.org\\\/producto\\\/recursos-virtuales-lineamientos-estrategicos\\\/\"]}]},{\"@type\":\"ImageObject\",\"inLanguage\":\"es-CO\",\"@id\":\"https:\\\/\\\/colombiainteligente.org\\\/producto\\\/recursos-virtuales-lineamientos-estrategicos\\\/#primaryimage\",\"url\":\"https:\\\/\\\/colombiainteligente.org\\\/wp-content\\\/uploads\\\/2025\\\/09\\\/Captura-de-pantalla-2025-09-09-140352.png\",\"contentUrl\":\"https:\\\/\\\/colombiainteligente.org\\\/wp-content\\\/uploads\\\/2025\\\/09\\\/Captura-de-pantalla-2025-09-09-140352.png\",\"width\":452,\"height\":586},{\"@type\":\"BreadcrumbList\",\"@id\":\"https:\\\/\\\/colombiainteligente.org\\\/producto\\\/recursos-virtuales-lineamientos-estrategicos\\\/#breadcrumb\",\"itemListElement\":[{\"@type\":\"ListItem\",\"position\":1,\"name\":\"Portada\",\"item\":\"https:\\\/\\\/colombiainteligente.org\\\/\"},{\"@type\":\"ListItem\",\"position\":2,\"name\":\"Tienda\",\"item\":\"https:\\\/\\\/colombiainteligente.org\\\/tienda\\\/\"},{\"@type\":\"ListItem\",\"position\":3,\"name\":\"Recursos Virtuales &#8211; Lineamientos Estrat\u00e9gicos\"}]},{\"@type\":\"WebSite\",\"@id\":\"https:\\\/\\\/colombiainteligente.org\\\/#website\",\"url\":\"https:\\\/\\\/colombiainteligente.org\\\/\",\"name\":\"Colombia Inteligente\",\"description\":\"Alianza estrat\u00e9gica, conformada por empresas y entidades, para la inserci\u00f3n integral y eficiente de las redes inteligentes a la infraestructura del sector el\u00e9ctrico colombiano\",\"publisher\":{\"@id\":\"https:\\\/\\\/colombiainteligente.org\\\/#organization\"},\"potentialAction\":[{\"@type\":\"SearchAction\",\"target\":{\"@type\":\"EntryPoint\",\"urlTemplate\":\"https:\\\/\\\/colombiainteligente.org\\\/?s={search_term_string}\"},\"query-input\":{\"@type\":\"PropertyValueSpecification\",\"valueRequired\":true,\"valueName\":\"search_term_string\"}}],\"inLanguage\":\"es-CO\"},{\"@type\":\"Organization\",\"@id\":\"https:\\\/\\\/colombiainteligente.org\\\/#organization\",\"name\":\"Colombia Inteligente\",\"url\":\"https:\\\/\\\/colombiainteligente.org\\\/\",\"logo\":{\"@type\":\"ImageObject\",\"inLanguage\":\"es-CO\",\"@id\":\"https:\\\/\\\/colombiainteligente.org\\\/#\\\/schema\\\/logo\\\/image\\\/\",\"url\":\"https:\\\/\\\/colombiainteligente.org\\\/wp-content\\\/uploads\\\/2022\\\/07\\\/Image.png\",\"contentUrl\":\"https:\\\/\\\/colombiainteligente.org\\\/wp-content\\\/uploads\\\/2022\\\/07\\\/Image.png\",\"width\":588,\"height\":274,\"caption\":\"Colombia Inteligente\"},\"image\":{\"@id\":\"https:\\\/\\\/colombiainteligente.org\\\/#\\\/schema\\\/logo\\\/image\\\/\"},\"sameAs\":[\"https:\\\/\\\/x.com\\\/colombiaintelig\",\"https:\\\/\\\/www.linkedin.com\\\/company\\\/colombiainteligente\\\/\"]}]}<\/script>\n<!-- \/ Yoast SEO plugin. -->","yoast_head_json":{"title":"Recursos Virtuales - Lineamientos Estrat\u00e9gicos - Colombia Inteligente","description":"El documento describe avances y retos del uso de datos en redes inteligentes, abordando calidad, seguridad, privacidad e interoperabilidad. Se estructura en seis cap\u00edtulos: antecedentes y pol\u00edticas en Colombia, conceptos de redes y ciudades inteligentes, calidad y modelado de datos, casos de estudio internacionales y desaf\u00edos en la transformaci\u00f3n digital.","robots":{"index":"index","follow":"follow","max-snippet":"max-snippet:-1","max-image-preview":"max-image-preview:large","max-video-preview":"max-video-preview:-1"},"canonical":"https:\/\/colombiainteligente.org\/es_co\/product\/recursos-virtuales-lineamientos-estrategicos\/","og_locale":"es_ES","og_type":"article","og_title":"Recursos Virtuales - Lineamientos Estrat\u00e9gicos - Colombia Inteligente","og_description":"El documento describe avances y retos del uso de datos en redes inteligentes, abordando calidad, seguridad, privacidad e interoperabilidad. Se estructura en seis cap\u00edtulos: antecedentes y pol\u00edticas en Colombia, conceptos de redes y ciudades inteligentes, calidad y modelado de datos, casos de estudio internacionales y desaf\u00edos en la transformaci\u00f3n digital.","og_url":"https:\/\/colombiainteligente.org\/es_co\/product\/recursos-virtuales-lineamientos-estrategicos\/","og_site_name":"Colombia Inteligente","article_modified_time":"2025-09-11T17:26:26+00:00","og_image":[{"width":452,"height":586,"url":"https:\/\/colombiainteligente.org\/wp-content\/uploads\/2025\/09\/Captura-de-pantalla-2025-09-09-140352.png","type":"image\/png"}],"twitter_card":"summary_large_image","twitter_site":"@colombiaintelig","twitter_misc":{"Tiempo estimado de lectura":"4 minutes"},"schema":{"@context":"https:\/\/schema.org","@graph":[{"@type":"WebPage","@id":"https:\/\/colombiainteligente.org\/producto\/recursos-virtuales-lineamientos-estrategicos\/","url":"https:\/\/colombiainteligente.org\/producto\/recursos-virtuales-lineamientos-estrategicos\/","name":"Recursos Virtuales - Lineamientos Estrat\u00e9gicos - Colombia Inteligente","isPartOf":{"@id":"https:\/\/colombiainteligente.org\/#website"},"primaryImageOfPage":{"@id":"https:\/\/colombiainteligente.org\/producto\/recursos-virtuales-lineamientos-estrategicos\/#primaryimage"},"image":{"@id":"https:\/\/colombiainteligente.org\/producto\/recursos-virtuales-lineamientos-estrategicos\/#primaryimage"},"thumbnailUrl":"https:\/\/colombiainteligente.org\/wp-content\/uploads\/2025\/09\/Captura-de-pantalla-2025-09-09-140352.png","datePublished":"2025-09-09T19:01:44+00:00","dateModified":"2025-09-11T17:26:26+00:00","description":"El documento describe avances y retos del uso de datos en redes inteligentes, abordando calidad, seguridad, privacidad e interoperabilidad. Se estructura en seis cap\u00edtulos: antecedentes y pol\u00edticas en Colombia, conceptos de redes y ciudades inteligentes, calidad y modelado de datos, casos de estudio internacionales y desaf\u00edos en la transformaci\u00f3n digital.","breadcrumb":{"@id":"https:\/\/colombiainteligente.org\/producto\/recursos-virtuales-lineamientos-estrategicos\/#breadcrumb"},"inLanguage":"es-CO","potentialAction":[{"@type":"ReadAction","target":["https:\/\/colombiainteligente.org\/producto\/recursos-virtuales-lineamientos-estrategicos\/"]}]},{"@type":"ImageObject","inLanguage":"es-CO","@id":"https:\/\/colombiainteligente.org\/producto\/recursos-virtuales-lineamientos-estrategicos\/#primaryimage","url":"https:\/\/colombiainteligente.org\/wp-content\/uploads\/2025\/09\/Captura-de-pantalla-2025-09-09-140352.png","contentUrl":"https:\/\/colombiainteligente.org\/wp-content\/uploads\/2025\/09\/Captura-de-pantalla-2025-09-09-140352.png","width":452,"height":586},{"@type":"BreadcrumbList","@id":"https:\/\/colombiainteligente.org\/producto\/recursos-virtuales-lineamientos-estrategicos\/#breadcrumb","itemListElement":[{"@type":"ListItem","position":1,"name":"Portada","item":"https:\/\/colombiainteligente.org\/"},{"@type":"ListItem","position":2,"name":"Tienda","item":"https:\/\/colombiainteligente.org\/tienda\/"},{"@type":"ListItem","position":3,"name":"Recursos Virtuales &#8211; Lineamientos Estrat\u00e9gicos"}]},{"@type":"WebSite","@id":"https:\/\/colombiainteligente.org\/#website","url":"https:\/\/colombiainteligente.org\/","name":"Colombia Inteligente","description":"Alianza estrat\u00e9gica, conformada por empresas y entidades, para la inserci\u00f3n integral y eficiente de las redes inteligentes a la infraestructura del sector el\u00e9ctrico colombiano","publisher":{"@id":"https:\/\/colombiainteligente.org\/#organization"},"potentialAction":[{"@type":"SearchAction","target":{"@type":"EntryPoint","urlTemplate":"https:\/\/colombiainteligente.org\/?s={search_term_string}"},"query-input":{"@type":"PropertyValueSpecification","valueRequired":true,"valueName":"search_term_string"}}],"inLanguage":"es-CO"},{"@type":"Organization","@id":"https:\/\/colombiainteligente.org\/#organization","name":"Colombia Inteligente","url":"https:\/\/colombiainteligente.org\/","logo":{"@type":"ImageObject","inLanguage":"es-CO","@id":"https:\/\/colombiainteligente.org\/#\/schema\/logo\/image\/","url":"https:\/\/colombiainteligente.org\/wp-content\/uploads\/2022\/07\/Image.png","contentUrl":"https:\/\/colombiainteligente.org\/wp-content\/uploads\/2022\/07\/Image.png","width":588,"height":274,"caption":"Colombia Inteligente"},"image":{"@id":"https:\/\/colombiainteligente.org\/#\/schema\/logo\/image\/"},"sameAs":["https:\/\/x.com\/colombiaintelig","https:\/\/www.linkedin.com\/company\/colombiainteligente\/"]}]}},"_links":{"self":[{"href":"https:\/\/colombiainteligente.org\/es_co\/wp-json\/wp\/v2\/product\/61014","targetHints":{"allow":["GET"]}}],"collection":[{"href":"https:\/\/colombiainteligente.org\/es_co\/wp-json\/wp\/v2\/product"}],"about":[{"href":"https:\/\/colombiainteligente.org\/es_co\/wp-json\/wp\/v2\/types\/product"}],"replies":[{"embeddable":true,"href":"https:\/\/colombiainteligente.org\/es_co\/wp-json\/wp\/v2\/comments?post=61014"}],"wp:featuredmedia":[{"embeddable":true,"href":"https:\/\/colombiainteligente.org\/es_co\/wp-json\/wp\/v2\/media\/61015"}],"wp:attachment":[{"href":"https:\/\/colombiainteligente.org\/es_co\/wp-json\/wp\/v2\/media?parent=61014"}],"wp:term":[{"taxonomy":"product_cat","embeddable":true,"href":"https:\/\/colombiainteligente.org\/es_co\/wp-json\/wp\/v2\/product_cat?post=61014"},{"taxonomy":"product_tag","embeddable":true,"href":"https:\/\/colombiainteligente.org\/es_co\/wp-json\/wp\/v2\/product_tag?post=61014"}],"curies":[{"name":"wp","href":"https:\/\/api.w.org\/{rel}","templated":true}]}}