{"id":65308,"date":"2025-12-31T09:52:08","date_gmt":"2025-12-31T14:52:08","guid":{"rendered":"https:\/\/colombiainteligente.org\/?post_type=product&#038;p=65308"},"modified":"2026-01-28T13:38:55","modified_gmt":"2026-01-28T18:38:55","slug":"apropiacion-del-medidor-avanzado-lineamientos-estrategicos","status":"publish","type":"product","link":"https:\/\/colombiainteligente.org\/es_co\/product\/apropiacion-del-medidor-avanzado-lineamientos-estrategicos\/","title":{"rendered":"Apropiaci\u00f3n del Medidor Avanzado &#8211; Lineamientos Estrat\u00e9gicos"},"content":{"rendered":"<p>El presente documento tiene como prop\u00f3sito analizar los retos para la apropiaci\u00f3n del medidor avanzado en Colombia, entendida como un desaf\u00edo estrat\u00e9gico para la modernizaci\u00f3n del sistema el\u00e9ctrico. Es decir, el medidor avanzado no debe concebirse \u00fanicamente como un equipo de medici\u00f3n digital, sino como un instrumento de empoderamiento ciudadano que permite optimizar el consumo, fortalecer la participaci\u00f3n de los usuarios y consolidar la transici\u00f3n hacia un sistema energ\u00e9tico m\u00e1s distribuido y sostenible. La apropiaci\u00f3n implica garantizar que los usuarios comprendan, conf\u00eden y utilicen activamente la tecnolog\u00eda, percibiendo beneficios tangibles en t\u00e9rminos de eficiencia econ\u00f3mica, acceso a informaci\u00f3n, calidad del servicio y participaci\u00f3n activa en los diferentes modelos de negocio.<br \/>\nEn el Cap\u00edtulo 1, se describe lo referente a la aceptaci\u00f3n tecnol\u00f3gica del medidor avanzado como eje de la modernizaci\u00f3n del sistema el\u00e9ctrico colombiano. Parte del marco normativo y de las iniciativas sectoriales que fijan metas de cobertura y responsabilidades institucionales, para luego analizar los principales retos de apropiaci\u00f3n: falta de informaci\u00f3n clara, expectativas no cumplidas sobre funcionalidades, preocupaciones de privacidad y ciberseguridad, fallas t\u00e9cnicas de instalaci\u00f3n y baja interacci\u00f3n con los dispositivos de visualizaci\u00f3n. A partir de las experiencias analizadas (9), se identifican estrategias que trascienden lo t\u00e9cnico y apuntan a la construcci\u00f3n de confianza y empoderamiento ciudadano: retroalimentaci\u00f3n en tiempo definido con el usuario y multicanal, programas de educaci\u00f3n posinstalaci\u00f3n, participaci\u00f3n comunitaria en el dise\u00f1o de soluciones, incentivos econ\u00f3micos directos y marcos regulatorios transparentes.<br \/>\nEn el Cap\u00edtulo 2, se identifican diecisiete (17) brechas que condicionan el \u00e9xito del despliegue en Colombia, agrupadas en tres dimensiones interdependientes. En la apropiaci\u00f3n tecnol\u00f3gica, persisten dificultades de comprensi\u00f3n del usuario, escasa interacci\u00f3n sostenida con los dispositivos de visualizaci\u00f3n, limitaciones en la educaci\u00f3n posinstalaci\u00f3n y preocupaciones sobre privacidad. En la gesti\u00f3n reglamentaria, se evidencian vac\u00edos en el acceso y derechos de los datos, fragmentaci\u00f3n de procesos normativos, ausencia de incentivos que promuevan confianza ciudadana y riesgos de concentraci\u00f3n de informaci\u00f3n. En la gesti\u00f3n empresarial, se requiere fortalecer la falta de visi\u00f3n estrat\u00e9gica, limitada capacidad para convertir datos en valor agregado, d\u00e9bil articulaci\u00f3n entre \u00e1reas t\u00e9cnicas y comerciales, y resistencia cultural a la digitalizaci\u00f3n. Cada brecha se analiza seg\u00fan su nivel de criticidad y se identifican potenciales propuestas de acciones para cierre de brechas.<br \/>\nFinalmente, el cap\u00edtulo 3, se presentan nueve (9) lineamientos estrat\u00e9gicos que articulan una hoja de ruta para superar las brechas y consolidar la apropiaci\u00f3n del medidor avanzado. Inicialmente se desarrolla un marco estrat\u00e9gico sustentado en tres pilares: confianza, conocimiento e incentivos. La experiencia internacional demuestra que la instalaci\u00f3n por s\u00ed sola no garantiza cambios de comportamiento, por lo que es necesario enfrentar situaciones de resistencia, desconocimiento y ausencia de beneficios percibidos mediante estrategias diferenciadas. Participaci\u00f3n ciudadana, retroalimentaci\u00f3n activa, programas de educaci\u00f3n posinstalaci\u00f3n, marcos regulatorios claros y modelos de negocio con incentivos econ\u00f3micos directos conforman un ecosistema integral que asegura que la tecnolog\u00eda trascienda lo t\u00e9cnico y se convierta en un instrumento de empoderamiento ciudadano y transformaci\u00f3n cultural en el uso de la energ\u00eda. Por \u00faltimo, se estructuran los lineamientos estrat\u00e9gicos en tres bloques: Apropiaci\u00f3n tecnol\u00f3gica, que plantea mecanismos de retroalimentaci\u00f3n multicanal, programas de educaci\u00f3n posinstalaci\u00f3n y capacitaci\u00f3n de t\u00e9cnicos y l\u00edderes comunitarios como generadores de confianza; gesti\u00f3n reglamentaria, que propone la creaci\u00f3n de un manual de instalaci\u00f3n, un marco regulatorio para tarifas din\u00e1micas y de flexibilidad de la demanda, y lineamientos espec\u00edficos de gobernanza de datos; y gesti\u00f3n empresarial, orientada a la promoci\u00f3n de nuevos modelos de negocio centrados en el usuario, la creaci\u00f3n de incentivos financieros para la adopci\u00f3n temprana y la puesta en marcha de un sistema nacional de monitoreo y mejora continua de la apropiaci\u00f3n. Estos lineamientos, basados en las experiencias analizadas y en las particularidades del contexto colombiano, configuran un conjunto de acciones para facilitar el despliegue masivo de los medidores avanzados y materializar los beneficios econ\u00f3micos, sociales y ambientales de largo plazo.<\/p>\n<div style=\"text-align:center\" class=\"yasr-auto-insert-visitor\"><\/div>","protected":false},"excerpt":{"rendered":"<p>Apropiaci\u00f3n del Medidor Avanzado &#8211; Lineamientos Estrat\u00e9gicos<\/p>","protected":false},"featured_media":65310,"comment_status":"open","ping_status":"closed","template":"","meta":{"yasr_overall_rating":0,"yasr_post_is_review":"","yasr_auto_insert_disabled":"","yasr_review_type":""},"product_cat":[34,30],"product_tag":[43],"class_list":["post-65308","product","type-product","status-publish","has-post-thumbnail","hentry","product_cat-informacion-avanzada","product_cat-mejoramiento-de-la-calidad-del-servicio-al-usuario","product_tag-aplicaciones-escalables"],"yasr_visitor_votes":{"number_of_votes":0,"sum_votes":0,"stars_attributes":{"read_only":false,"span_bottom":false}},"yoast_head":"<!-- This site is optimized with the Yoast SEO plugin v27.3 - https:\/\/yoast.com\/product\/yoast-seo-wordpress\/ -->\n<title>Apropiaci\u00f3n del Medidor Avanzado - Lineamientos Estrat\u00e9gicos - Colombia Inteligente<\/title>\n<meta name=\"description\" content=\"El documento describe avances y retos del uso de datos en redes inteligentes, abordando calidad, seguridad, privacidad e interoperabilidad. Se estructura en seis cap\u00edtulos: antecedentes y pol\u00edticas en Colombia, conceptos de redes y ciudades inteligentes, calidad y modelado de datos, casos de estudio internacionales y desaf\u00edos en la transformaci\u00f3n digital aplicada a casos de uso de comunidades energ\u00e9ticas (operaci\u00f3n microrred), respuesta a la demanda, gesti\u00f3n de infraestructura de veh\u00edculos el\u00e9ctricos y agregaci\u00f3n de recursos energ\u00e9ticos distribuidos.\" \/>\n<meta name=\"robots\" content=\"index, follow, max-snippet:-1, max-image-preview:large, max-video-preview:-1\" \/>\n<link rel=\"canonical\" href=\"https:\/\/colombiainteligente.org\/es_co\/product\/apropiacion-del-medidor-avanzado-lineamientos-estrategicos\/\" \/>\n<meta property=\"og:locale\" content=\"es_ES\" \/>\n<meta property=\"og:type\" content=\"article\" \/>\n<meta property=\"og:title\" content=\"Apropiaci\u00f3n del Medidor Avanzado - Lineamientos Estrat\u00e9gicos - Colombia Inteligente\" \/>\n<meta property=\"og:description\" content=\"El documento describe avances y retos del uso de datos en redes inteligentes, abordando calidad, seguridad, privacidad e interoperabilidad. Se estructura en seis cap\u00edtulos: antecedentes y pol\u00edticas en Colombia, conceptos de redes y ciudades inteligentes, calidad y modelado de datos, casos de estudio internacionales y desaf\u00edos en la transformaci\u00f3n digital aplicada a casos de uso de comunidades energ\u00e9ticas (operaci\u00f3n microrred), respuesta a la demanda, gesti\u00f3n de infraestructura de veh\u00edculos el\u00e9ctricos y agregaci\u00f3n de recursos energ\u00e9ticos distribuidos.\" \/>\n<meta property=\"og:url\" content=\"https:\/\/colombiainteligente.org\/es_co\/product\/apropiacion-del-medidor-avanzado-lineamientos-estrategicos\/\" \/>\n<meta property=\"og:site_name\" content=\"Colombia Inteligente\" \/>\n<meta property=\"article:modified_time\" content=\"2026-01-28T18:38:55+00:00\" \/>\n<meta property=\"og:image\" content=\"https:\/\/colombiainteligente.org\/wp-content\/uploads\/2025\/12\/Captura-de-pantalla-2025-12-31-095605.png\" \/>\n\t<meta property=\"og:image:width\" content=\"656\" \/>\n\t<meta property=\"og:image:height\" content=\"848\" \/>\n\t<meta property=\"og:image:type\" content=\"image\/png\" \/>\n<meta name=\"twitter:card\" content=\"summary_large_image\" \/>\n<meta name=\"twitter:site\" content=\"@colombiaintelig\" \/>\n<meta name=\"twitter:label1\" content=\"Tiempo estimado de lectura\" \/>\n\t<meta name=\"twitter:data1\" content=\"4 minutes\" \/>\n<script type=\"application\/ld+json\" class=\"yoast-schema-graph\">{\"@context\":\"https:\\\/\\\/schema.org\",\"@graph\":[{\"@type\":\"WebPage\",\"@id\":\"https:\\\/\\\/colombiainteligente.org\\\/producto\\\/apropiacion-del-medidor-avanzado-lineamientos-estrategicos\\\/\",\"url\":\"https:\\\/\\\/colombiainteligente.org\\\/producto\\\/apropiacion-del-medidor-avanzado-lineamientos-estrategicos\\\/\",\"name\":\"Apropiaci\u00f3n del Medidor Avanzado - Lineamientos Estrat\u00e9gicos - Colombia Inteligente\",\"isPartOf\":{\"@id\":\"https:\\\/\\\/colombiainteligente.org\\\/#website\"},\"primaryImageOfPage\":{\"@id\":\"https:\\\/\\\/colombiainteligente.org\\\/producto\\\/apropiacion-del-medidor-avanzado-lineamientos-estrategicos\\\/#primaryimage\"},\"image\":{\"@id\":\"https:\\\/\\\/colombiainteligente.org\\\/producto\\\/apropiacion-del-medidor-avanzado-lineamientos-estrategicos\\\/#primaryimage\"},\"thumbnailUrl\":\"https:\\\/\\\/colombiainteligente.org\\\/wp-content\\\/uploads\\\/2025\\\/12\\\/Captura-de-pantalla-2025-12-31-095605.png\",\"datePublished\":\"2025-12-31T14:52:08+00:00\",\"dateModified\":\"2026-01-28T18:38:55+00:00\",\"description\":\"El documento describe avances y retos del uso de datos en redes inteligentes, abordando calidad, seguridad, privacidad e interoperabilidad. Se estructura en seis cap\u00edtulos: antecedentes y pol\u00edticas en Colombia, conceptos de redes y ciudades inteligentes, calidad y modelado de datos, casos de estudio internacionales y desaf\u00edos en la transformaci\u00f3n digital aplicada a casos de uso de comunidades energ\u00e9ticas (operaci\u00f3n microrred), respuesta a la demanda, gesti\u00f3n de infraestructura de veh\u00edculos el\u00e9ctricos y agregaci\u00f3n de recursos energ\u00e9ticos distribuidos.\",\"breadcrumb\":{\"@id\":\"https:\\\/\\\/colombiainteligente.org\\\/producto\\\/apropiacion-del-medidor-avanzado-lineamientos-estrategicos\\\/#breadcrumb\"},\"inLanguage\":\"es-CO\",\"potentialAction\":[{\"@type\":\"ReadAction\",\"target\":[\"https:\\\/\\\/colombiainteligente.org\\\/producto\\\/apropiacion-del-medidor-avanzado-lineamientos-estrategicos\\\/\"]}]},{\"@type\":\"ImageObject\",\"inLanguage\":\"es-CO\",\"@id\":\"https:\\\/\\\/colombiainteligente.org\\\/producto\\\/apropiacion-del-medidor-avanzado-lineamientos-estrategicos\\\/#primaryimage\",\"url\":\"https:\\\/\\\/colombiainteligente.org\\\/wp-content\\\/uploads\\\/2025\\\/12\\\/Captura-de-pantalla-2025-12-31-095605.png\",\"contentUrl\":\"https:\\\/\\\/colombiainteligente.org\\\/wp-content\\\/uploads\\\/2025\\\/12\\\/Captura-de-pantalla-2025-12-31-095605.png\",\"width\":656,\"height\":848},{\"@type\":\"BreadcrumbList\",\"@id\":\"https:\\\/\\\/colombiainteligente.org\\\/producto\\\/apropiacion-del-medidor-avanzado-lineamientos-estrategicos\\\/#breadcrumb\",\"itemListElement\":[{\"@type\":\"ListItem\",\"position\":1,\"name\":\"Portada\",\"item\":\"https:\\\/\\\/colombiainteligente.org\\\/\"},{\"@type\":\"ListItem\",\"position\":2,\"name\":\"Tienda\",\"item\":\"https:\\\/\\\/colombiainteligente.org\\\/tienda\\\/\"},{\"@type\":\"ListItem\",\"position\":3,\"name\":\"Apropiaci\u00f3n del Medidor Avanzado &#8211; Lineamientos Estrat\u00e9gicos\"}]},{\"@type\":\"WebSite\",\"@id\":\"https:\\\/\\\/colombiainteligente.org\\\/#website\",\"url\":\"https:\\\/\\\/colombiainteligente.org\\\/\",\"name\":\"Colombia Inteligente\",\"description\":\"Alianza estrat\u00e9gica, conformada por empresas y entidades, para la inserci\u00f3n integral y eficiente de las redes inteligentes a la infraestructura del sector el\u00e9ctrico colombiano\",\"publisher\":{\"@id\":\"https:\\\/\\\/colombiainteligente.org\\\/#organization\"},\"potentialAction\":[{\"@type\":\"SearchAction\",\"target\":{\"@type\":\"EntryPoint\",\"urlTemplate\":\"https:\\\/\\\/colombiainteligente.org\\\/?s={search_term_string}\"},\"query-input\":{\"@type\":\"PropertyValueSpecification\",\"valueRequired\":true,\"valueName\":\"search_term_string\"}}],\"inLanguage\":\"es-CO\"},{\"@type\":\"Organization\",\"@id\":\"https:\\\/\\\/colombiainteligente.org\\\/#organization\",\"name\":\"Colombia Inteligente\",\"url\":\"https:\\\/\\\/colombiainteligente.org\\\/\",\"logo\":{\"@type\":\"ImageObject\",\"inLanguage\":\"es-CO\",\"@id\":\"https:\\\/\\\/colombiainteligente.org\\\/#\\\/schema\\\/logo\\\/image\\\/\",\"url\":\"https:\\\/\\\/colombiainteligente.org\\\/wp-content\\\/uploads\\\/2022\\\/07\\\/Image.png\",\"contentUrl\":\"https:\\\/\\\/colombiainteligente.org\\\/wp-content\\\/uploads\\\/2022\\\/07\\\/Image.png\",\"width\":588,\"height\":274,\"caption\":\"Colombia Inteligente\"},\"image\":{\"@id\":\"https:\\\/\\\/colombiainteligente.org\\\/#\\\/schema\\\/logo\\\/image\\\/\"},\"sameAs\":[\"https:\\\/\\\/x.com\\\/colombiaintelig\",\"https:\\\/\\\/www.linkedin.com\\\/company\\\/colombiainteligente\\\/\"]}]}<\/script>\n<!-- \/ Yoast SEO plugin. -->","yoast_head_json":{"title":"Apropiaci\u00f3n del Medidor Avanzado - Lineamientos Estrat\u00e9gicos - Colombia Inteligente","description":"El documento describe avances y retos del uso de datos en redes inteligentes, abordando calidad, seguridad, privacidad e interoperabilidad. Se estructura en seis cap\u00edtulos: antecedentes y pol\u00edticas en Colombia, conceptos de redes y ciudades inteligentes, calidad y modelado de datos, casos de estudio internacionales y desaf\u00edos en la transformaci\u00f3n digital aplicada a casos de uso de comunidades energ\u00e9ticas (operaci\u00f3n microrred), respuesta a la demanda, gesti\u00f3n de infraestructura de veh\u00edculos el\u00e9ctricos y agregaci\u00f3n de recursos energ\u00e9ticos distribuidos.","robots":{"index":"index","follow":"follow","max-snippet":"max-snippet:-1","max-image-preview":"max-image-preview:large","max-video-preview":"max-video-preview:-1"},"canonical":"https:\/\/colombiainteligente.org\/es_co\/product\/apropiacion-del-medidor-avanzado-lineamientos-estrategicos\/","og_locale":"es_ES","og_type":"article","og_title":"Apropiaci\u00f3n del Medidor Avanzado - Lineamientos Estrat\u00e9gicos - Colombia Inteligente","og_description":"El documento describe avances y retos del uso de datos en redes inteligentes, abordando calidad, seguridad, privacidad e interoperabilidad. Se estructura en seis cap\u00edtulos: antecedentes y pol\u00edticas en Colombia, conceptos de redes y ciudades inteligentes, calidad y modelado de datos, casos de estudio internacionales y desaf\u00edos en la transformaci\u00f3n digital aplicada a casos de uso de comunidades energ\u00e9ticas (operaci\u00f3n microrred), respuesta a la demanda, gesti\u00f3n de infraestructura de veh\u00edculos el\u00e9ctricos y agregaci\u00f3n de recursos energ\u00e9ticos distribuidos.","og_url":"https:\/\/colombiainteligente.org\/es_co\/product\/apropiacion-del-medidor-avanzado-lineamientos-estrategicos\/","og_site_name":"Colombia Inteligente","article_modified_time":"2026-01-28T18:38:55+00:00","og_image":[{"width":656,"height":848,"url":"https:\/\/colombiainteligente.org\/wp-content\/uploads\/2025\/12\/Captura-de-pantalla-2025-12-31-095605.png","type":"image\/png"}],"twitter_card":"summary_large_image","twitter_site":"@colombiaintelig","twitter_misc":{"Tiempo estimado de lectura":"4 minutes"},"schema":{"@context":"https:\/\/schema.org","@graph":[{"@type":"WebPage","@id":"https:\/\/colombiainteligente.org\/producto\/apropiacion-del-medidor-avanzado-lineamientos-estrategicos\/","url":"https:\/\/colombiainteligente.org\/producto\/apropiacion-del-medidor-avanzado-lineamientos-estrategicos\/","name":"Apropiaci\u00f3n del Medidor Avanzado - Lineamientos Estrat\u00e9gicos - Colombia Inteligente","isPartOf":{"@id":"https:\/\/colombiainteligente.org\/#website"},"primaryImageOfPage":{"@id":"https:\/\/colombiainteligente.org\/producto\/apropiacion-del-medidor-avanzado-lineamientos-estrategicos\/#primaryimage"},"image":{"@id":"https:\/\/colombiainteligente.org\/producto\/apropiacion-del-medidor-avanzado-lineamientos-estrategicos\/#primaryimage"},"thumbnailUrl":"https:\/\/colombiainteligente.org\/wp-content\/uploads\/2025\/12\/Captura-de-pantalla-2025-12-31-095605.png","datePublished":"2025-12-31T14:52:08+00:00","dateModified":"2026-01-28T18:38:55+00:00","description":"El documento describe avances y retos del uso de datos en redes inteligentes, abordando calidad, seguridad, privacidad e interoperabilidad. Se estructura en seis cap\u00edtulos: antecedentes y pol\u00edticas en Colombia, conceptos de redes y ciudades inteligentes, calidad y modelado de datos, casos de estudio internacionales y desaf\u00edos en la transformaci\u00f3n digital aplicada a casos de uso de comunidades energ\u00e9ticas (operaci\u00f3n microrred), respuesta a la demanda, gesti\u00f3n de infraestructura de veh\u00edculos el\u00e9ctricos y agregaci\u00f3n de recursos energ\u00e9ticos distribuidos.","breadcrumb":{"@id":"https:\/\/colombiainteligente.org\/producto\/apropiacion-del-medidor-avanzado-lineamientos-estrategicos\/#breadcrumb"},"inLanguage":"es-CO","potentialAction":[{"@type":"ReadAction","target":["https:\/\/colombiainteligente.org\/producto\/apropiacion-del-medidor-avanzado-lineamientos-estrategicos\/"]}]},{"@type":"ImageObject","inLanguage":"es-CO","@id":"https:\/\/colombiainteligente.org\/producto\/apropiacion-del-medidor-avanzado-lineamientos-estrategicos\/#primaryimage","url":"https:\/\/colombiainteligente.org\/wp-content\/uploads\/2025\/12\/Captura-de-pantalla-2025-12-31-095605.png","contentUrl":"https:\/\/colombiainteligente.org\/wp-content\/uploads\/2025\/12\/Captura-de-pantalla-2025-12-31-095605.png","width":656,"height":848},{"@type":"BreadcrumbList","@id":"https:\/\/colombiainteligente.org\/producto\/apropiacion-del-medidor-avanzado-lineamientos-estrategicos\/#breadcrumb","itemListElement":[{"@type":"ListItem","position":1,"name":"Portada","item":"https:\/\/colombiainteligente.org\/"},{"@type":"ListItem","position":2,"name":"Tienda","item":"https:\/\/colombiainteligente.org\/tienda\/"},{"@type":"ListItem","position":3,"name":"Apropiaci\u00f3n del Medidor Avanzado &#8211; Lineamientos Estrat\u00e9gicos"}]},{"@type":"WebSite","@id":"https:\/\/colombiainteligente.org\/#website","url":"https:\/\/colombiainteligente.org\/","name":"Colombia Inteligente","description":"Alianza estrat\u00e9gica, conformada por empresas y entidades, para la inserci\u00f3n integral y eficiente de las redes inteligentes a la infraestructura del sector el\u00e9ctrico colombiano","publisher":{"@id":"https:\/\/colombiainteligente.org\/#organization"},"potentialAction":[{"@type":"SearchAction","target":{"@type":"EntryPoint","urlTemplate":"https:\/\/colombiainteligente.org\/?s={search_term_string}"},"query-input":{"@type":"PropertyValueSpecification","valueRequired":true,"valueName":"search_term_string"}}],"inLanguage":"es-CO"},{"@type":"Organization","@id":"https:\/\/colombiainteligente.org\/#organization","name":"Colombia Inteligente","url":"https:\/\/colombiainteligente.org\/","logo":{"@type":"ImageObject","inLanguage":"es-CO","@id":"https:\/\/colombiainteligente.org\/#\/schema\/logo\/image\/","url":"https:\/\/colombiainteligente.org\/wp-content\/uploads\/2022\/07\/Image.png","contentUrl":"https:\/\/colombiainteligente.org\/wp-content\/uploads\/2022\/07\/Image.png","width":588,"height":274,"caption":"Colombia Inteligente"},"image":{"@id":"https:\/\/colombiainteligente.org\/#\/schema\/logo\/image\/"},"sameAs":["https:\/\/x.com\/colombiaintelig","https:\/\/www.linkedin.com\/company\/colombiainteligente\/"]}]}},"_links":{"self":[{"href":"https:\/\/colombiainteligente.org\/es_co\/wp-json\/wp\/v2\/product\/65308","targetHints":{"allow":["GET"]}}],"collection":[{"href":"https:\/\/colombiainteligente.org\/es_co\/wp-json\/wp\/v2\/product"}],"about":[{"href":"https:\/\/colombiainteligente.org\/es_co\/wp-json\/wp\/v2\/types\/product"}],"replies":[{"embeddable":true,"href":"https:\/\/colombiainteligente.org\/es_co\/wp-json\/wp\/v2\/comments?post=65308"}],"wp:featuredmedia":[{"embeddable":true,"href":"https:\/\/colombiainteligente.org\/es_co\/wp-json\/wp\/v2\/media\/65310"}],"wp:attachment":[{"href":"https:\/\/colombiainteligente.org\/es_co\/wp-json\/wp\/v2\/media?parent=65308"}],"wp:term":[{"taxonomy":"product_cat","embeddable":true,"href":"https:\/\/colombiainteligente.org\/es_co\/wp-json\/wp\/v2\/product_cat?post=65308"},{"taxonomy":"product_tag","embeddable":true,"href":"https:\/\/colombiainteligente.org\/es_co\/wp-json\/wp\/v2\/product_tag?post=65308"}],"curies":[{"name":"wp","href":"https:\/\/api.w.org\/{rel}","templated":true}]}}