{"id":65312,"date":"2025-12-31T09:59:13","date_gmt":"2025-12-31T14:59:13","guid":{"rendered":"https:\/\/colombiainteligente.org\/?post_type=product&#038;p=65312"},"modified":"2025-12-31T10:01:59","modified_gmt":"2025-12-31T15:01:59","slug":"arenero-regulatorio-servicio-almacenamiento-de-energia-lineamientos-estrategicos","status":"publish","type":"product","link":"https:\/\/colombiainteligente.org\/es_co\/product\/arenero-regulatorio-servicio-almacenamiento-de-energia-lineamientos-estrategicos\/","title":{"rendered":"Arenero Regulatorio Servicio Almacenamiento de Energ\u00eda &#8211; Lineamientos Estrat\u00e9gicos"},"content":{"rendered":"<p>El objetivo de este documento es dise\u00f1ar el marco metodol\u00f3gico de areneros regulatorios asociado al servicio de almacenamiento de energ\u00eda el\u00e9ctrica en Colombia, concebido como un entorno de experimentaci\u00f3n supervisada que permita probar innovaciones tecnol\u00f3gicas y modelos de negocio con exenciones temporales. Este documento busca generar evidencia \u00fatil para la regulaci\u00f3n, reducir barreras de entrada y habilitar el despliegue del almacenamiento como recurso multi-servicio para la transici\u00f3n energ\u00e9tica, la confiabilidad, flexibilidad y resiliencia del sistema el\u00e9ctrico nacional.<br \/>\nEl documento se estructura en tres cap\u00edtulos. En el primer cap\u00edtulo, se presenta el marco conceptual y normativo. Se analizaron once (11) casos de estudio, experiencias como el Regulatory Sandbox Toolkit (AEMC, Australia, el Future Regulation Sandbox (Ofgem, Gran Breta\u00f1a), Regulatory Sandbox Proposals (EMA, Singapur), la propuesta del CEER\/JRC (Europa) y la Orden TED\/567\/2023 (Espa\u00f1a), que han permitido probar tecnolog\u00edas de almacenamiento y servicios bajo condiciones regulatorias controladas. En el \u00e1mbito nacional, la Ley 2069 de 2020 y el Decreto 1732 de 2021 habilitaron los areneros regulatorios en sectores regulados, mientras que la Ley 2099 de 2021 reconoce el almacenamiento como parte del sistema el\u00e9ctrico y la Ley 2294 de 2023 fomenta la innovaci\u00f3n tecnol\u00f3gica y la adopci\u00f3n de energ\u00edas limpias. Estos instrumentos constituir\u00edan la base legal para desarrollar un arenero en energ\u00eda el\u00e9ctrica y bajo la consideraci\u00f3n de la reglamentaci\u00f3n descrita en los diferentes instrumentos (vigentes y propuestos) que se han expedido por parte de MINENERG\u00cdA, CREG y CNO.<br \/>\nEl segundo cap\u00edtulo describe las diez (10) brechas que dificultan la adopci\u00f3n de los servicios de almacenamiento, agrupadas en tres categor\u00edas: tecnol\u00f3gicas, regulatorias y empresariales que reflejan no solo retos normativas o tecnol\u00f3gicas, sino tambi\u00e9n desaf\u00edos en la coordinaci\u00f3n interinstitucional, la capacidad de an\u00e1lisis y la madurez del mercado. Adem\u00e1s, la falta de infraestructura robusta de monitoreo, la baja adopci\u00f3n de est\u00e1ndares de interoperabilidad, la ausencia de incentivos espec\u00edficos y la limitada estructuraci\u00f3n de proyectos bancables. Cada brecha fue clasificada seg\u00fan su criticidad y acciones propuestas para su mitigaci\u00f3n, ofreciendo una visi\u00f3n integral de los retos nacionales.<br \/>\nEl tercer cap\u00edtulo desarrolla la propuesta metodol\u00f3gica y estrat\u00e9gica para la implementaci\u00f3n del arenero regulatorio. Se presenta el marco para el dise\u00f1o del arenero regulatorio, el cual contiene las reglas de funcionamiento, la temporalidad de las pruebas, los mecanismos de protecci\u00f3n al usuario y los criterios de evaluaci\u00f3n t\u00e9cnica, econ\u00f3mica, social y regulatoria. Este marco busca asegurar que los areneros generen aprendizajes aplicables, contribuyendo a la construcci\u00f3n de un entorno regulatorio adaptativo y basado en la evidencia. Con base en el dise\u00f1o del arenero, se realizaron dos casos de estudio como aplicaci\u00f3n pr\u00e1ctica de un arenero orientado a dos tipos de servicio: respuesta primaria de frecuencia (RPF) centralizada y gesti\u00f3n de la congesti\u00f3n por pico de la demanda, orientados a validar el aporte del almacenamiento como alternativa no convencional en el sistema. Estos casos se dise\u00f1an para evaluar, por ejemplo, el aporte frente a soluciones tradicionales. Adem\u00e1s, incorporan criterios e indicadores t\u00e9cnicos, econ\u00f3micos y regulatorios para evaluar el arenero que permita la recopilaci\u00f3n de evidencia \u00fatil para la actualizaci\u00f3n o formulaci\u00f3n de nuevas reglas de pol\u00edtica o regulaci\u00f3n. Los ejemplos incluyen m\u00e9tricas de desempe\u00f1o, esquemas de monitoreo continuo, mecanismos de evaluaci\u00f3n ex ante y ex post, y estrategias de replicabilidad que garanticen su escalabilidad y transferencia al sistema el\u00e9ctrico colombiano. Finalmente, se proponen los lineamientos estrat\u00e9gicos, nueve (9) acciones orientadas a consolidar el arenero como un instrumento permanente de innovaci\u00f3n. Se busca impulsar el desarrollo del almacenamiento mediante la formaci\u00f3n institucional, la implementaci\u00f3n de areneros demostrativos multiservicio y la apropiaci\u00f3n de est\u00e1ndares t\u00e9cnicos. Adem\u00e1s, se propone dise\u00f1ar esquemas de remuneraci\u00f3n temporal y crear un registro p\u00fablico que facilite la transferencia de conocimiento. Promover alianzas multisectoriales y la elaboraci\u00f3n de gu\u00edas para proyectos bancables, fortaleciendo la innovaci\u00f3n y la sostenibilidad del ecosistema regulatorio y tecnol\u00f3gico en el pa\u00eds.<\/p>\n<div style=\"text-align:center\" class=\"yasr-auto-insert-visitor\"><\/div>","protected":false},"excerpt":{"rendered":"<p><span data-olk-copy-source=\"MessageBody\">Arenero Regulatorio Servicio Almacenamiento de Energ\u00eda &#8211; Lineamientos Estrat\u00e9gicos<\/span><\/p>","protected":false},"featured_media":65314,"comment_status":"open","ping_status":"closed","template":"","meta":{"yasr_overall_rating":0,"yasr_post_is_review":"","yasr_auto_insert_disabled":"","yasr_review_type":""},"product_cat":[35,37,36],"product_tag":[25],"class_list":["post-65312","product","type-product","status-publish","has-post-thumbnail","hentry","product_cat-garantizar-confiabilidad-resiliencia-e-interoperabilidad-en-el-servicio","product_cat-operacion-flexible","product_cat-red-flexible-automatizada-y-digital","product_tag-aplicaciones-focales"],"yasr_visitor_votes":{"number_of_votes":0,"sum_votes":0,"stars_attributes":{"read_only":false,"span_bottom":false}},"yoast_head":"<!-- This site is optimized with the Yoast SEO plugin v27.3 - https:\/\/yoast.com\/product\/yoast-seo-wordpress\/ -->\n<title>Arenero Regulatorio Servicio Almacenamiento de Energ\u00eda - Lineamientos Estrat\u00e9gicos - Colombia Inteligente<\/title>\n<meta name=\"description\" content=\"El documento describe avances y retos del uso de datos en redes inteligentes, abordando calidad, seguridad, privacidad e interoperabilidad. Se estructura en seis cap\u00edtulos: antecedentes y pol\u00edticas en Colombia, conceptos de redes y ciudades inteligentes, calidad y modelado de datos, casos de estudio internacionales y desaf\u00edos en la transformaci\u00f3n digital aplicada a casos de uso de comunidades energ\u00e9ticas (operaci\u00f3n microrred), respuesta a la demanda, gesti\u00f3n de infraestructura de veh\u00edculos el\u00e9ctricos y agregaci\u00f3n de recursos energ\u00e9ticos distribuidos.\" \/>\n<meta name=\"robots\" content=\"index, follow, max-snippet:-1, max-image-preview:large, max-video-preview:-1\" \/>\n<link rel=\"canonical\" href=\"https:\/\/colombiainteligente.org\/es_co\/product\/arenero-regulatorio-servicio-almacenamiento-de-energia-lineamientos-estrategicos\/\" \/>\n<meta property=\"og:locale\" content=\"es_ES\" \/>\n<meta property=\"og:type\" content=\"article\" \/>\n<meta property=\"og:title\" content=\"Arenero Regulatorio Servicio Almacenamiento de Energ\u00eda - Lineamientos Estrat\u00e9gicos - Colombia Inteligente\" \/>\n<meta property=\"og:description\" content=\"El documento describe avances y retos del uso de datos en redes inteligentes, abordando calidad, seguridad, privacidad e interoperabilidad. Se estructura en seis cap\u00edtulos: antecedentes y pol\u00edticas en Colombia, conceptos de redes y ciudades inteligentes, calidad y modelado de datos, casos de estudio internacionales y desaf\u00edos en la transformaci\u00f3n digital aplicada a casos de uso de comunidades energ\u00e9ticas (operaci\u00f3n microrred), respuesta a la demanda, gesti\u00f3n de infraestructura de veh\u00edculos el\u00e9ctricos y agregaci\u00f3n de recursos energ\u00e9ticos distribuidos.\" \/>\n<meta property=\"og:url\" content=\"https:\/\/colombiainteligente.org\/es_co\/product\/arenero-regulatorio-servicio-almacenamiento-de-energia-lineamientos-estrategicos\/\" \/>\n<meta property=\"og:site_name\" content=\"Colombia Inteligente\" \/>\n<meta property=\"article:modified_time\" content=\"2025-12-31T15:01:59+00:00\" \/>\n<meta property=\"og:image\" content=\"https:\/\/colombiainteligente.org\/wp-content\/uploads\/2025\/12\/Captura-de-pantalla-2025-12-31-100124.png\" \/>\n\t<meta property=\"og:image:width\" content=\"572\" \/>\n\t<meta property=\"og:image:height\" content=\"747\" \/>\n\t<meta property=\"og:image:type\" content=\"image\/png\" \/>\n<meta name=\"twitter:card\" content=\"summary_large_image\" \/>\n<meta name=\"twitter:site\" content=\"@colombiaintelig\" \/>\n<meta name=\"twitter:label1\" content=\"Tiempo estimado de lectura\" \/>\n\t<meta name=\"twitter:data1\" content=\"4 minutes\" \/>\n<script type=\"application\/ld+json\" class=\"yoast-schema-graph\">{\"@context\":\"https:\\\/\\\/schema.org\",\"@graph\":[{\"@type\":\"WebPage\",\"@id\":\"https:\\\/\\\/colombiainteligente.org\\\/producto\\\/arenero-regulatorio-servicio-almacenamiento-de-energia-lineamientos-estrategicos\\\/\",\"url\":\"https:\\\/\\\/colombiainteligente.org\\\/producto\\\/arenero-regulatorio-servicio-almacenamiento-de-energia-lineamientos-estrategicos\\\/\",\"name\":\"Arenero Regulatorio Servicio Almacenamiento de Energ\u00eda - Lineamientos Estrat\u00e9gicos - Colombia Inteligente\",\"isPartOf\":{\"@id\":\"https:\\\/\\\/colombiainteligente.org\\\/#website\"},\"primaryImageOfPage\":{\"@id\":\"https:\\\/\\\/colombiainteligente.org\\\/producto\\\/arenero-regulatorio-servicio-almacenamiento-de-energia-lineamientos-estrategicos\\\/#primaryimage\"},\"image\":{\"@id\":\"https:\\\/\\\/colombiainteligente.org\\\/producto\\\/arenero-regulatorio-servicio-almacenamiento-de-energia-lineamientos-estrategicos\\\/#primaryimage\"},\"thumbnailUrl\":\"https:\\\/\\\/colombiainteligente.org\\\/wp-content\\\/uploads\\\/2025\\\/12\\\/Captura-de-pantalla-2025-12-31-100124.png\",\"datePublished\":\"2025-12-31T14:59:13+00:00\",\"dateModified\":\"2025-12-31T15:01:59+00:00\",\"description\":\"El documento describe avances y retos del uso de datos en redes inteligentes, abordando calidad, seguridad, privacidad e interoperabilidad. Se estructura en seis cap\u00edtulos: antecedentes y pol\u00edticas en Colombia, conceptos de redes y ciudades inteligentes, calidad y modelado de datos, casos de estudio internacionales y desaf\u00edos en la transformaci\u00f3n digital aplicada a casos de uso de comunidades energ\u00e9ticas (operaci\u00f3n microrred), respuesta a la demanda, gesti\u00f3n de infraestructura de veh\u00edculos el\u00e9ctricos y agregaci\u00f3n de recursos energ\u00e9ticos distribuidos.\",\"breadcrumb\":{\"@id\":\"https:\\\/\\\/colombiainteligente.org\\\/producto\\\/arenero-regulatorio-servicio-almacenamiento-de-energia-lineamientos-estrategicos\\\/#breadcrumb\"},\"inLanguage\":\"es-CO\",\"potentialAction\":[{\"@type\":\"ReadAction\",\"target\":[\"https:\\\/\\\/colombiainteligente.org\\\/producto\\\/arenero-regulatorio-servicio-almacenamiento-de-energia-lineamientos-estrategicos\\\/\"]}]},{\"@type\":\"ImageObject\",\"inLanguage\":\"es-CO\",\"@id\":\"https:\\\/\\\/colombiainteligente.org\\\/producto\\\/arenero-regulatorio-servicio-almacenamiento-de-energia-lineamientos-estrategicos\\\/#primaryimage\",\"url\":\"https:\\\/\\\/colombiainteligente.org\\\/wp-content\\\/uploads\\\/2025\\\/12\\\/Captura-de-pantalla-2025-12-31-100124.png\",\"contentUrl\":\"https:\\\/\\\/colombiainteligente.org\\\/wp-content\\\/uploads\\\/2025\\\/12\\\/Captura-de-pantalla-2025-12-31-100124.png\",\"width\":572,\"height\":747},{\"@type\":\"BreadcrumbList\",\"@id\":\"https:\\\/\\\/colombiainteligente.org\\\/producto\\\/arenero-regulatorio-servicio-almacenamiento-de-energia-lineamientos-estrategicos\\\/#breadcrumb\",\"itemListElement\":[{\"@type\":\"ListItem\",\"position\":1,\"name\":\"Portada\",\"item\":\"https:\\\/\\\/colombiainteligente.org\\\/\"},{\"@type\":\"ListItem\",\"position\":2,\"name\":\"Tienda\",\"item\":\"https:\\\/\\\/colombiainteligente.org\\\/tienda\\\/\"},{\"@type\":\"ListItem\",\"position\":3,\"name\":\"Arenero Regulatorio Servicio Almacenamiento de Energ\u00eda &#8211; Lineamientos Estrat\u00e9gicos\"}]},{\"@type\":\"WebSite\",\"@id\":\"https:\\\/\\\/colombiainteligente.org\\\/#website\",\"url\":\"https:\\\/\\\/colombiainteligente.org\\\/\",\"name\":\"Colombia Inteligente\",\"description\":\"Alianza estrat\u00e9gica, conformada por empresas y entidades, para la inserci\u00f3n integral y eficiente de las redes inteligentes a la infraestructura del sector el\u00e9ctrico colombiano\",\"publisher\":{\"@id\":\"https:\\\/\\\/colombiainteligente.org\\\/#organization\"},\"potentialAction\":[{\"@type\":\"SearchAction\",\"target\":{\"@type\":\"EntryPoint\",\"urlTemplate\":\"https:\\\/\\\/colombiainteligente.org\\\/?s={search_term_string}\"},\"query-input\":{\"@type\":\"PropertyValueSpecification\",\"valueRequired\":true,\"valueName\":\"search_term_string\"}}],\"inLanguage\":\"es-CO\"},{\"@type\":\"Organization\",\"@id\":\"https:\\\/\\\/colombiainteligente.org\\\/#organization\",\"name\":\"Colombia Inteligente\",\"url\":\"https:\\\/\\\/colombiainteligente.org\\\/\",\"logo\":{\"@type\":\"ImageObject\",\"inLanguage\":\"es-CO\",\"@id\":\"https:\\\/\\\/colombiainteligente.org\\\/#\\\/schema\\\/logo\\\/image\\\/\",\"url\":\"https:\\\/\\\/colombiainteligente.org\\\/wp-content\\\/uploads\\\/2022\\\/07\\\/Image.png\",\"contentUrl\":\"https:\\\/\\\/colombiainteligente.org\\\/wp-content\\\/uploads\\\/2022\\\/07\\\/Image.png\",\"width\":588,\"height\":274,\"caption\":\"Colombia Inteligente\"},\"image\":{\"@id\":\"https:\\\/\\\/colombiainteligente.org\\\/#\\\/schema\\\/logo\\\/image\\\/\"},\"sameAs\":[\"https:\\\/\\\/x.com\\\/colombiaintelig\",\"https:\\\/\\\/www.linkedin.com\\\/company\\\/colombiainteligente\\\/\"]}]}<\/script>\n<!-- \/ Yoast SEO plugin. -->","yoast_head_json":{"title":"Arenero Regulatorio Servicio Almacenamiento de Energ\u00eda - Lineamientos Estrat\u00e9gicos - Colombia Inteligente","description":"El documento describe avances y retos del uso de datos en redes inteligentes, abordando calidad, seguridad, privacidad e interoperabilidad. Se estructura en seis cap\u00edtulos: antecedentes y pol\u00edticas en Colombia, conceptos de redes y ciudades inteligentes, calidad y modelado de datos, casos de estudio internacionales y desaf\u00edos en la transformaci\u00f3n digital aplicada a casos de uso de comunidades energ\u00e9ticas (operaci\u00f3n microrred), respuesta a la demanda, gesti\u00f3n de infraestructura de veh\u00edculos el\u00e9ctricos y agregaci\u00f3n de recursos energ\u00e9ticos distribuidos.","robots":{"index":"index","follow":"follow","max-snippet":"max-snippet:-1","max-image-preview":"max-image-preview:large","max-video-preview":"max-video-preview:-1"},"canonical":"https:\/\/colombiainteligente.org\/es_co\/product\/arenero-regulatorio-servicio-almacenamiento-de-energia-lineamientos-estrategicos\/","og_locale":"es_ES","og_type":"article","og_title":"Arenero Regulatorio Servicio Almacenamiento de Energ\u00eda - Lineamientos Estrat\u00e9gicos - Colombia Inteligente","og_description":"El documento describe avances y retos del uso de datos en redes inteligentes, abordando calidad, seguridad, privacidad e interoperabilidad. Se estructura en seis cap\u00edtulos: antecedentes y pol\u00edticas en Colombia, conceptos de redes y ciudades inteligentes, calidad y modelado de datos, casos de estudio internacionales y desaf\u00edos en la transformaci\u00f3n digital aplicada a casos de uso de comunidades energ\u00e9ticas (operaci\u00f3n microrred), respuesta a la demanda, gesti\u00f3n de infraestructura de veh\u00edculos el\u00e9ctricos y agregaci\u00f3n de recursos energ\u00e9ticos distribuidos.","og_url":"https:\/\/colombiainteligente.org\/es_co\/product\/arenero-regulatorio-servicio-almacenamiento-de-energia-lineamientos-estrategicos\/","og_site_name":"Colombia Inteligente","article_modified_time":"2025-12-31T15:01:59+00:00","og_image":[{"width":572,"height":747,"url":"https:\/\/colombiainteligente.org\/wp-content\/uploads\/2025\/12\/Captura-de-pantalla-2025-12-31-100124.png","type":"image\/png"}],"twitter_card":"summary_large_image","twitter_site":"@colombiaintelig","twitter_misc":{"Tiempo estimado de lectura":"4 minutes"},"schema":{"@context":"https:\/\/schema.org","@graph":[{"@type":"WebPage","@id":"https:\/\/colombiainteligente.org\/producto\/arenero-regulatorio-servicio-almacenamiento-de-energia-lineamientos-estrategicos\/","url":"https:\/\/colombiainteligente.org\/producto\/arenero-regulatorio-servicio-almacenamiento-de-energia-lineamientos-estrategicos\/","name":"Arenero Regulatorio Servicio Almacenamiento de Energ\u00eda - Lineamientos Estrat\u00e9gicos - Colombia Inteligente","isPartOf":{"@id":"https:\/\/colombiainteligente.org\/#website"},"primaryImageOfPage":{"@id":"https:\/\/colombiainteligente.org\/producto\/arenero-regulatorio-servicio-almacenamiento-de-energia-lineamientos-estrategicos\/#primaryimage"},"image":{"@id":"https:\/\/colombiainteligente.org\/producto\/arenero-regulatorio-servicio-almacenamiento-de-energia-lineamientos-estrategicos\/#primaryimage"},"thumbnailUrl":"https:\/\/colombiainteligente.org\/wp-content\/uploads\/2025\/12\/Captura-de-pantalla-2025-12-31-100124.png","datePublished":"2025-12-31T14:59:13+00:00","dateModified":"2025-12-31T15:01:59+00:00","description":"El documento describe avances y retos del uso de datos en redes inteligentes, abordando calidad, seguridad, privacidad e interoperabilidad. Se estructura en seis cap\u00edtulos: antecedentes y pol\u00edticas en Colombia, conceptos de redes y ciudades inteligentes, calidad y modelado de datos, casos de estudio internacionales y desaf\u00edos en la transformaci\u00f3n digital aplicada a casos de uso de comunidades energ\u00e9ticas (operaci\u00f3n microrred), respuesta a la demanda, gesti\u00f3n de infraestructura de veh\u00edculos el\u00e9ctricos y agregaci\u00f3n de recursos energ\u00e9ticos distribuidos.","breadcrumb":{"@id":"https:\/\/colombiainteligente.org\/producto\/arenero-regulatorio-servicio-almacenamiento-de-energia-lineamientos-estrategicos\/#breadcrumb"},"inLanguage":"es-CO","potentialAction":[{"@type":"ReadAction","target":["https:\/\/colombiainteligente.org\/producto\/arenero-regulatorio-servicio-almacenamiento-de-energia-lineamientos-estrategicos\/"]}]},{"@type":"ImageObject","inLanguage":"es-CO","@id":"https:\/\/colombiainteligente.org\/producto\/arenero-regulatorio-servicio-almacenamiento-de-energia-lineamientos-estrategicos\/#primaryimage","url":"https:\/\/colombiainteligente.org\/wp-content\/uploads\/2025\/12\/Captura-de-pantalla-2025-12-31-100124.png","contentUrl":"https:\/\/colombiainteligente.org\/wp-content\/uploads\/2025\/12\/Captura-de-pantalla-2025-12-31-100124.png","width":572,"height":747},{"@type":"BreadcrumbList","@id":"https:\/\/colombiainteligente.org\/producto\/arenero-regulatorio-servicio-almacenamiento-de-energia-lineamientos-estrategicos\/#breadcrumb","itemListElement":[{"@type":"ListItem","position":1,"name":"Portada","item":"https:\/\/colombiainteligente.org\/"},{"@type":"ListItem","position":2,"name":"Tienda","item":"https:\/\/colombiainteligente.org\/tienda\/"},{"@type":"ListItem","position":3,"name":"Arenero Regulatorio Servicio Almacenamiento de Energ\u00eda &#8211; Lineamientos Estrat\u00e9gicos"}]},{"@type":"WebSite","@id":"https:\/\/colombiainteligente.org\/#website","url":"https:\/\/colombiainteligente.org\/","name":"Colombia Inteligente","description":"Alianza estrat\u00e9gica, conformada por empresas y entidades, para la inserci\u00f3n integral y eficiente de las redes inteligentes a la infraestructura del sector el\u00e9ctrico colombiano","publisher":{"@id":"https:\/\/colombiainteligente.org\/#organization"},"potentialAction":[{"@type":"SearchAction","target":{"@type":"EntryPoint","urlTemplate":"https:\/\/colombiainteligente.org\/?s={search_term_string}"},"query-input":{"@type":"PropertyValueSpecification","valueRequired":true,"valueName":"search_term_string"}}],"inLanguage":"es-CO"},{"@type":"Organization","@id":"https:\/\/colombiainteligente.org\/#organization","name":"Colombia Inteligente","url":"https:\/\/colombiainteligente.org\/","logo":{"@type":"ImageObject","inLanguage":"es-CO","@id":"https:\/\/colombiainteligente.org\/#\/schema\/logo\/image\/","url":"https:\/\/colombiainteligente.org\/wp-content\/uploads\/2022\/07\/Image.png","contentUrl":"https:\/\/colombiainteligente.org\/wp-content\/uploads\/2022\/07\/Image.png","width":588,"height":274,"caption":"Colombia Inteligente"},"image":{"@id":"https:\/\/colombiainteligente.org\/#\/schema\/logo\/image\/"},"sameAs":["https:\/\/x.com\/colombiaintelig","https:\/\/www.linkedin.com\/company\/colombiainteligente\/"]}]}},"_links":{"self":[{"href":"https:\/\/colombiainteligente.org\/es_co\/wp-json\/wp\/v2\/product\/65312","targetHints":{"allow":["GET"]}}],"collection":[{"href":"https:\/\/colombiainteligente.org\/es_co\/wp-json\/wp\/v2\/product"}],"about":[{"href":"https:\/\/colombiainteligente.org\/es_co\/wp-json\/wp\/v2\/types\/product"}],"replies":[{"embeddable":true,"href":"https:\/\/colombiainteligente.org\/es_co\/wp-json\/wp\/v2\/comments?post=65312"}],"wp:featuredmedia":[{"embeddable":true,"href":"https:\/\/colombiainteligente.org\/es_co\/wp-json\/wp\/v2\/media\/65314"}],"wp:attachment":[{"href":"https:\/\/colombiainteligente.org\/es_co\/wp-json\/wp\/v2\/media?parent=65312"}],"wp:term":[{"taxonomy":"product_cat","embeddable":true,"href":"https:\/\/colombiainteligente.org\/es_co\/wp-json\/wp\/v2\/product_cat?post=65312"},{"taxonomy":"product_tag","embeddable":true,"href":"https:\/\/colombiainteligente.org\/es_co\/wp-json\/wp\/v2\/product_tag?post=65312"}],"curies":[{"name":"wp","href":"https:\/\/api.w.org\/{rel}","templated":true}]}}