{"id":66479,"date":"2026-02-06T10:14:52","date_gmt":"2026-02-06T15:14:52","guid":{"rendered":"https:\/\/colombiainteligente.org\/?post_type=product&#038;p=66479"},"modified":"2026-03-15T16:40:34","modified_gmt":"2026-03-15T21:40:34","slug":"retos-y-beneficios-datos-ami","status":"publish","type":"product","link":"https:\/\/colombiainteligente.org\/es_co\/product\/retos-y-beneficios-datos-ami\/","title":{"rendered":"Retos y Beneficios Datos AMI"},"content":{"rendered":"<p>El presente documento, se realiz\u00f3 bajo el marco del Grupo de Trabajo Colaborativo &#8211; GTC de Informaci\u00f3n Avanzada y tiene como objetivo identificar beneficios y retos para el uso de los datos AMI como parte de la implementaci\u00f3n de la infraestructura de medici\u00f3n avanzada en el pa\u00eds.<br \/>\nEl documento esta dividido en tres secciones. En la primera de ellas, se describe la visi\u00f3n de evoluci\u00f3n del proceso de intercambio de datos, el marco normativo que establece los lineamientos y requerimientos necesarios para soportar el despliegue AMI, como la identificaci\u00f3n de actores, la calidad de los datos, los atributos de interoperabilidad y ciberseguridad bajo una arquitectura abierta y escalable bajo est\u00e1ndares internacionales e interoperabilidad con el sistema. As\u00ed como las fases de trabajo realizadas por el GTC y aportes a las diferentes entidades.<br \/>\nLa segunda secci\u00f3n describe los avances en medici\u00f3n avanzada, incluyendo el estado actual, beneficios identificados y las dificultades para materializarlos. Se priorizan los retos desde la perspectiva de usuarios, operadores de red, comercializadores y terceros, as\u00ed como las barreras para implementar proyectos o pilotos AMI en el pa\u00eds. Detalla aspectos t\u00e9cnicos de estos proyectos, incluyendo estrategias, incentivos, acceso y protecci\u00f3n de datos, gesti\u00f3n de fallas y lecciones aprendidas. A su vez, resalta la importancia de est\u00e1ndares, protocolos, indicadores de desempe\u00f1o, ciberseguridad, pruebas de interoperabilidad, telecomunicaciones y modelos de datos, como elementos para garantizar la eficacia y sostenibilidad de los sistemas AMI. Adem\u00e1s, se describen retos asociados a la adaptaci\u00f3n tecnol\u00f3gica, la instalaci\u00f3n del medidor, la protecci\u00f3n de datos, uso de tecnolog\u00edas de comunicaci\u00f3n y la coordinaci\u00f3n de requisitos desde las entidades.<br \/>\nLa tercera secci\u00f3n, se definen aspectos desde la visi\u00f3n de la operaci\u00f3n de la red que resalta la necesidad de armonizar la regulaci\u00f3n con los requerimientos de AMI, establecer beneficios tangibles, fortalecer telecomunicaciones en zonas rurales, modernizar hacia tarifas horarias e incentivar la investigaci\u00f3n tecnol\u00f3gica. Tambi\u00e9n enfatiza la inclusi\u00f3n de tecnolog\u00edas, el esquema de remuneraci\u00f3n por inversi\u00f3n y pol\u00edticas p\u00fablicas que fomenten la adopci\u00f3n de la medici\u00f3n avanzada. Por su parte, desde la visi\u00f3n de la comercializaci\u00f3n, se destaca la importancia de normas claras y estables, protocolos abiertos para la interoperabilidad, incentivos tributarios, acceso a banda ancha, capacitaci\u00f3n gubernamental, remuneraci\u00f3n justa y colaboraci\u00f3n entre reguladores y agentes para superar barreras regulatorias y fomentar el despliegue masivo.<br \/>\nFinalmente, se requiere homologar especificaciones t\u00e9cnicas de equipos y sistemas de comunicaci\u00f3n para fomentar econom\u00edas de escala y pluralidad de proveedores. Es esencial implementar los requisitos de interoperabilidad y ciberseguridad, adoptando perfiles referenciales de datos AMI que garanticen la integraci\u00f3n y eficiencia de los sistemas. La implementaci\u00f3n de areneros regulatorios permitir\u00e1 probar servicios innovadores de AMI, asegurando su funcionalidad y viabilidad. Adem\u00e1s, es fundamental estandarizar procesos, como el cambio de comercializador, e incentivar la adopci\u00f3n mediante beneficios tributarios, acelerando la transici\u00f3n tecnol\u00f3gica y facilitando el desarrollo de mercados maduros y competitivos. Para superar barreras sociales, regulatorias y financieras hacia 2030, se deben priorizar mercados de comercializaci\u00f3n y establecer tiempos espec\u00edficos para procesos regulatorios. La apropiaci\u00f3n de aprendizajes pasados por el ente regulador y la promoci\u00f3n de espacios colaborativos entre actores facilitar\u00e1n un di\u00e1logo m\u00e1s efectivo y decisiones informadas. Socializar los beneficios de la medici\u00f3n avanzada como transformador del consumidor y habilitador de servicios DER ser\u00e1 clave para impulsar su aceptaci\u00f3n. Adem\u00e1s, fomentar incentivos regulatorios y financieros garantizar\u00e1 la participaci\u00f3n de todos los actores relevantes que contribuir\u00e1 a una implementaci\u00f3n integral y sostenible de la medici\u00f3n avanzada en el pa\u00eds.<\/p>\n<div style=\"text-align:center\" class=\"yasr-auto-insert-visitor\"><\/div>","protected":false},"excerpt":{"rendered":"<p>Retos y Beneficios Datos AMI<\/p>","protected":false},"featured_media":66481,"comment_status":"open","ping_status":"closed","template":"","meta":{"yasr_overall_rating":0,"yasr_post_is_review":"","yasr_auto_insert_disabled":"","yasr_review_type":""},"product_cat":[31,29,34,30],"product_tag":[25],"class_list":["post-66479","product","type-product","status-publish","has-post-thumbnail","hentry","product_cat-arquitectura-tecnologica","product_cat-eficiencia-operacional-y-convergencia-tecnologica","product_cat-informacion-avanzada","product_cat-mejoramiento-de-la-calidad-del-servicio-al-usuario","product_tag-aplicaciones-focales"],"yasr_visitor_votes":{"number_of_votes":0,"sum_votes":0,"stars_attributes":{"read_only":false,"span_bottom":false}},"yoast_head":"<!-- This site is optimized with the Yoast SEO plugin v27.3 - https:\/\/yoast.com\/product\/yoast-seo-wordpress\/ -->\n<title>Retos y Beneficios Datos AMI - Colombia Inteligente<\/title>\n<meta name=\"description\" content=\"Se ha desarrollado un perfil de interoperabilidad como el BAIOP, basado en est\u00e1ndares internacionales (IEC 62056), para asegurar una comunicaci\u00f3n eficiente entre sistemas y dispositivos. Tambi\u00e9n se abordan barreras t\u00e9cnicas y se proponen lineamientos para garantizar una interoperabilidad completa, optimizando la gesti\u00f3n de redes y procesos automatizados en el sistema el\u00e9ctrico\" \/>\n<meta name=\"robots\" content=\"index, follow, max-snippet:-1, max-image-preview:large, max-video-preview:-1\" \/>\n<link rel=\"canonical\" href=\"https:\/\/colombiainteligente.org\/es_co\/product\/retos-y-beneficios-datos-ami\/\" \/>\n<meta property=\"og:locale\" content=\"es_ES\" \/>\n<meta property=\"og:type\" content=\"article\" \/>\n<meta property=\"og:title\" content=\"Retos y Beneficios Datos AMI - Colombia Inteligente\" \/>\n<meta property=\"og:description\" content=\"Se ha desarrollado un perfil de interoperabilidad como el BAIOP, basado en est\u00e1ndares internacionales (IEC 62056), para asegurar una comunicaci\u00f3n eficiente entre sistemas y dispositivos. Tambi\u00e9n se abordan barreras t\u00e9cnicas y se proponen lineamientos para garantizar una interoperabilidad completa, optimizando la gesti\u00f3n de redes y procesos automatizados en el sistema el\u00e9ctrico\" \/>\n<meta property=\"og:url\" content=\"https:\/\/colombiainteligente.org\/es_co\/product\/retos-y-beneficios-datos-ami\/\" \/>\n<meta property=\"og:site_name\" content=\"Colombia Inteligente\" \/>\n<meta property=\"article:modified_time\" content=\"2026-03-15T21:40:34+00:00\" \/>\n<meta property=\"og:image\" content=\"https:\/\/colombiainteligente.org\/wp-content\/uploads\/2026\/02\/Captura-de-pantalla-2026-02-06-101636-1024x571.png\" \/>\n\t<meta property=\"og:image:width\" content=\"1024\" \/>\n\t<meta property=\"og:image:height\" content=\"571\" \/>\n\t<meta property=\"og:image:type\" content=\"image\/png\" \/>\n<meta name=\"twitter:card\" content=\"summary_large_image\" \/>\n<meta name=\"twitter:site\" content=\"@colombiaintelig\" \/>\n<meta name=\"twitter:label1\" content=\"Tiempo estimado de lectura\" \/>\n\t<meta name=\"twitter:data1\" content=\"3 minutes\" \/>\n<script type=\"application\/ld+json\" class=\"yoast-schema-graph\">{\"@context\":\"https:\\\/\\\/schema.org\",\"@graph\":[{\"@type\":\"WebPage\",\"@id\":\"https:\\\/\\\/colombiainteligente.org\\\/producto\\\/retos-y-beneficios-datos-ami\\\/\",\"url\":\"https:\\\/\\\/colombiainteligente.org\\\/producto\\\/retos-y-beneficios-datos-ami\\\/\",\"name\":\"Retos y Beneficios Datos AMI - Colombia Inteligente\",\"isPartOf\":{\"@id\":\"https:\\\/\\\/colombiainteligente.org\\\/#website\"},\"primaryImageOfPage\":{\"@id\":\"https:\\\/\\\/colombiainteligente.org\\\/producto\\\/retos-y-beneficios-datos-ami\\\/#primaryimage\"},\"image\":{\"@id\":\"https:\\\/\\\/colombiainteligente.org\\\/producto\\\/retos-y-beneficios-datos-ami\\\/#primaryimage\"},\"thumbnailUrl\":\"https:\\\/\\\/colombiainteligente.org\\\/wp-content\\\/uploads\\\/2026\\\/02\\\/Captura-de-pantalla-2026-02-06-101636.png\",\"datePublished\":\"2026-02-06T15:14:52+00:00\",\"dateModified\":\"2026-03-15T21:40:34+00:00\",\"description\":\"Se ha desarrollado un perfil de interoperabilidad como el BAIOP, basado en est\u00e1ndares internacionales (IEC 62056), para asegurar una comunicaci\u00f3n eficiente entre sistemas y dispositivos. Tambi\u00e9n se abordan barreras t\u00e9cnicas y se proponen lineamientos para garantizar una interoperabilidad completa, optimizando la gesti\u00f3n de redes y procesos automatizados en el sistema el\u00e9ctrico\",\"breadcrumb\":{\"@id\":\"https:\\\/\\\/colombiainteligente.org\\\/producto\\\/retos-y-beneficios-datos-ami\\\/#breadcrumb\"},\"inLanguage\":\"es-CO\",\"potentialAction\":[{\"@type\":\"ReadAction\",\"target\":[\"https:\\\/\\\/colombiainteligente.org\\\/producto\\\/retos-y-beneficios-datos-ami\\\/\"]}]},{\"@type\":\"ImageObject\",\"inLanguage\":\"es-CO\",\"@id\":\"https:\\\/\\\/colombiainteligente.org\\\/producto\\\/retos-y-beneficios-datos-ami\\\/#primaryimage\",\"url\":\"https:\\\/\\\/colombiainteligente.org\\\/wp-content\\\/uploads\\\/2026\\\/02\\\/Captura-de-pantalla-2026-02-06-101636.png\",\"contentUrl\":\"https:\\\/\\\/colombiainteligente.org\\\/wp-content\\\/uploads\\\/2026\\\/02\\\/Captura-de-pantalla-2026-02-06-101636.png\",\"width\":1622,\"height\":905},{\"@type\":\"BreadcrumbList\",\"@id\":\"https:\\\/\\\/colombiainteligente.org\\\/producto\\\/retos-y-beneficios-datos-ami\\\/#breadcrumb\",\"itemListElement\":[{\"@type\":\"ListItem\",\"position\":1,\"name\":\"Portada\",\"item\":\"https:\\\/\\\/colombiainteligente.org\\\/\"},{\"@type\":\"ListItem\",\"position\":2,\"name\":\"Tienda\",\"item\":\"https:\\\/\\\/colombiainteligente.org\\\/tienda\\\/\"},{\"@type\":\"ListItem\",\"position\":3,\"name\":\"Retos y Beneficios Datos AMI\"}]},{\"@type\":\"WebSite\",\"@id\":\"https:\\\/\\\/colombiainteligente.org\\\/#website\",\"url\":\"https:\\\/\\\/colombiainteligente.org\\\/\",\"name\":\"Colombia Inteligente\",\"description\":\"Alianza estrat\u00e9gica, conformada por empresas y entidades, para la inserci\u00f3n integral y eficiente de las redes inteligentes a la infraestructura del sector el\u00e9ctrico colombiano\",\"publisher\":{\"@id\":\"https:\\\/\\\/colombiainteligente.org\\\/#organization\"},\"potentialAction\":[{\"@type\":\"SearchAction\",\"target\":{\"@type\":\"EntryPoint\",\"urlTemplate\":\"https:\\\/\\\/colombiainteligente.org\\\/?s={search_term_string}\"},\"query-input\":{\"@type\":\"PropertyValueSpecification\",\"valueRequired\":true,\"valueName\":\"search_term_string\"}}],\"inLanguage\":\"es-CO\"},{\"@type\":\"Organization\",\"@id\":\"https:\\\/\\\/colombiainteligente.org\\\/#organization\",\"name\":\"Colombia Inteligente\",\"url\":\"https:\\\/\\\/colombiainteligente.org\\\/\",\"logo\":{\"@type\":\"ImageObject\",\"inLanguage\":\"es-CO\",\"@id\":\"https:\\\/\\\/colombiainteligente.org\\\/#\\\/schema\\\/logo\\\/image\\\/\",\"url\":\"https:\\\/\\\/colombiainteligente.org\\\/wp-content\\\/uploads\\\/2022\\\/07\\\/Image.png\",\"contentUrl\":\"https:\\\/\\\/colombiainteligente.org\\\/wp-content\\\/uploads\\\/2022\\\/07\\\/Image.png\",\"width\":588,\"height\":274,\"caption\":\"Colombia Inteligente\"},\"image\":{\"@id\":\"https:\\\/\\\/colombiainteligente.org\\\/#\\\/schema\\\/logo\\\/image\\\/\"},\"sameAs\":[\"https:\\\/\\\/x.com\\\/colombiaintelig\",\"https:\\\/\\\/www.linkedin.com\\\/company\\\/colombiainteligente\\\/\"]}]}<\/script>\n<!-- \/ Yoast SEO plugin. -->","yoast_head_json":{"title":"Retos y Beneficios Datos AMI - Colombia Inteligente","description":"Se ha desarrollado un perfil de interoperabilidad como el BAIOP, basado en est\u00e1ndares internacionales (IEC 62056), para asegurar una comunicaci\u00f3n eficiente entre sistemas y dispositivos. Tambi\u00e9n se abordan barreras t\u00e9cnicas y se proponen lineamientos para garantizar una interoperabilidad completa, optimizando la gesti\u00f3n de redes y procesos automatizados en el sistema el\u00e9ctrico","robots":{"index":"index","follow":"follow","max-snippet":"max-snippet:-1","max-image-preview":"max-image-preview:large","max-video-preview":"max-video-preview:-1"},"canonical":"https:\/\/colombiainteligente.org\/es_co\/product\/retos-y-beneficios-datos-ami\/","og_locale":"es_ES","og_type":"article","og_title":"Retos y Beneficios Datos AMI - Colombia Inteligente","og_description":"Se ha desarrollado un perfil de interoperabilidad como el BAIOP, basado en est\u00e1ndares internacionales (IEC 62056), para asegurar una comunicaci\u00f3n eficiente entre sistemas y dispositivos. Tambi\u00e9n se abordan barreras t\u00e9cnicas y se proponen lineamientos para garantizar una interoperabilidad completa, optimizando la gesti\u00f3n de redes y procesos automatizados en el sistema el\u00e9ctrico","og_url":"https:\/\/colombiainteligente.org\/es_co\/product\/retos-y-beneficios-datos-ami\/","og_site_name":"Colombia Inteligente","article_modified_time":"2026-03-15T21:40:34+00:00","og_image":[{"width":1024,"height":571,"url":"https:\/\/colombiainteligente.org\/wp-content\/uploads\/2026\/02\/Captura-de-pantalla-2026-02-06-101636-1024x571.png","type":"image\/png"}],"twitter_card":"summary_large_image","twitter_site":"@colombiaintelig","twitter_misc":{"Tiempo estimado de lectura":"3 minutes"},"schema":{"@context":"https:\/\/schema.org","@graph":[{"@type":"WebPage","@id":"https:\/\/colombiainteligente.org\/producto\/retos-y-beneficios-datos-ami\/","url":"https:\/\/colombiainteligente.org\/producto\/retos-y-beneficios-datos-ami\/","name":"Retos y Beneficios Datos AMI - Colombia Inteligente","isPartOf":{"@id":"https:\/\/colombiainteligente.org\/#website"},"primaryImageOfPage":{"@id":"https:\/\/colombiainteligente.org\/producto\/retos-y-beneficios-datos-ami\/#primaryimage"},"image":{"@id":"https:\/\/colombiainteligente.org\/producto\/retos-y-beneficios-datos-ami\/#primaryimage"},"thumbnailUrl":"https:\/\/colombiainteligente.org\/wp-content\/uploads\/2026\/02\/Captura-de-pantalla-2026-02-06-101636.png","datePublished":"2026-02-06T15:14:52+00:00","dateModified":"2026-03-15T21:40:34+00:00","description":"Se ha desarrollado un perfil de interoperabilidad como el BAIOP, basado en est\u00e1ndares internacionales (IEC 62056), para asegurar una comunicaci\u00f3n eficiente entre sistemas y dispositivos. Tambi\u00e9n se abordan barreras t\u00e9cnicas y se proponen lineamientos para garantizar una interoperabilidad completa, optimizando la gesti\u00f3n de redes y procesos automatizados en el sistema el\u00e9ctrico","breadcrumb":{"@id":"https:\/\/colombiainteligente.org\/producto\/retos-y-beneficios-datos-ami\/#breadcrumb"},"inLanguage":"es-CO","potentialAction":[{"@type":"ReadAction","target":["https:\/\/colombiainteligente.org\/producto\/retos-y-beneficios-datos-ami\/"]}]},{"@type":"ImageObject","inLanguage":"es-CO","@id":"https:\/\/colombiainteligente.org\/producto\/retos-y-beneficios-datos-ami\/#primaryimage","url":"https:\/\/colombiainteligente.org\/wp-content\/uploads\/2026\/02\/Captura-de-pantalla-2026-02-06-101636.png","contentUrl":"https:\/\/colombiainteligente.org\/wp-content\/uploads\/2026\/02\/Captura-de-pantalla-2026-02-06-101636.png","width":1622,"height":905},{"@type":"BreadcrumbList","@id":"https:\/\/colombiainteligente.org\/producto\/retos-y-beneficios-datos-ami\/#breadcrumb","itemListElement":[{"@type":"ListItem","position":1,"name":"Portada","item":"https:\/\/colombiainteligente.org\/"},{"@type":"ListItem","position":2,"name":"Tienda","item":"https:\/\/colombiainteligente.org\/tienda\/"},{"@type":"ListItem","position":3,"name":"Retos y Beneficios Datos AMI"}]},{"@type":"WebSite","@id":"https:\/\/colombiainteligente.org\/#website","url":"https:\/\/colombiainteligente.org\/","name":"Colombia Inteligente","description":"Alianza estrat\u00e9gica, conformada por empresas y entidades, para la inserci\u00f3n integral y eficiente de las redes inteligentes a la infraestructura del sector el\u00e9ctrico colombiano","publisher":{"@id":"https:\/\/colombiainteligente.org\/#organization"},"potentialAction":[{"@type":"SearchAction","target":{"@type":"EntryPoint","urlTemplate":"https:\/\/colombiainteligente.org\/?s={search_term_string}"},"query-input":{"@type":"PropertyValueSpecification","valueRequired":true,"valueName":"search_term_string"}}],"inLanguage":"es-CO"},{"@type":"Organization","@id":"https:\/\/colombiainteligente.org\/#organization","name":"Colombia Inteligente","url":"https:\/\/colombiainteligente.org\/","logo":{"@type":"ImageObject","inLanguage":"es-CO","@id":"https:\/\/colombiainteligente.org\/#\/schema\/logo\/image\/","url":"https:\/\/colombiainteligente.org\/wp-content\/uploads\/2022\/07\/Image.png","contentUrl":"https:\/\/colombiainteligente.org\/wp-content\/uploads\/2022\/07\/Image.png","width":588,"height":274,"caption":"Colombia Inteligente"},"image":{"@id":"https:\/\/colombiainteligente.org\/#\/schema\/logo\/image\/"},"sameAs":["https:\/\/x.com\/colombiaintelig","https:\/\/www.linkedin.com\/company\/colombiainteligente\/"]}]}},"_links":{"self":[{"href":"https:\/\/colombiainteligente.org\/es_co\/wp-json\/wp\/v2\/product\/66479","targetHints":{"allow":["GET"]}}],"collection":[{"href":"https:\/\/colombiainteligente.org\/es_co\/wp-json\/wp\/v2\/product"}],"about":[{"href":"https:\/\/colombiainteligente.org\/es_co\/wp-json\/wp\/v2\/types\/product"}],"replies":[{"embeddable":true,"href":"https:\/\/colombiainteligente.org\/es_co\/wp-json\/wp\/v2\/comments?post=66479"}],"wp:featuredmedia":[{"embeddable":true,"href":"https:\/\/colombiainteligente.org\/es_co\/wp-json\/wp\/v2\/media\/66481"}],"wp:attachment":[{"href":"https:\/\/colombiainteligente.org\/es_co\/wp-json\/wp\/v2\/media?parent=66479"}],"wp:term":[{"taxonomy":"product_cat","embeddable":true,"href":"https:\/\/colombiainteligente.org\/es_co\/wp-json\/wp\/v2\/product_cat?post=66479"},{"taxonomy":"product_tag","embeddable":true,"href":"https:\/\/colombiainteligente.org\/es_co\/wp-json\/wp\/v2\/product_tag?post=66479"}],"curies":[{"name":"wp","href":"https:\/\/api.w.org\/{rel}","templated":true}]}}